{"id":6868,"date":"2020-11-17T07:31:00","date_gmt":"2020-11-17T06:31:00","guid":{"rendered":"https:\/\/www.camping-hautsderosans.com\/camping-baronnies\/"},"modified":"2021-02-01T10:05:18","modified_gmt":"2021-02-01T09:05:18","slug":"campingplatz-baronnies","status":"publish","type":"page","link":"https:\/\/www.camping-hautsderosans.com\/de\/campingplatz-baronnies\/","title":{"rendered":"Umgebungen : Baronnies"},"content":{"rendered":"<section id=\"section-5fbce69341afa\"\" class=\"section bg-white\" \/><div class=\"container extralarge\"><h1 class=\"element section-title center color2\"> Zoom auf Rosans und den Naturpark der Baronnies Proven\u00e7ales<\/h1><\/div><\/section>\n\n<section id=\"section-5fbce6934225f\"\" class=\"section bg-white p-t-0 p-b-0\" \/><div class=\"container full\"><div class=\"colonnes-wrap valign-middle \"><div class=\"element colonne \"><div class=\"element bloc-text justify \">\n\t<p>Tr\u00e4umen Sie von einer <strong class=\"bold color1\">Eskapade in der Wildnis<\/strong> ? Ein Aufenthalt, der auf Wohlbefinden, Spazierg\u00e4nge und Entdeckungen ausgerichtet ist?  <\/p>\n<p>Der regionale Naturpark Baronnies Proven\u00e7ales ist die Wahl einer Region voller Versprechen. <strong class=\"bold color1\">Sch\u00f6n gelegene D\u00f6rfer<\/strong>, erhaltene Natur, mildes und sonniges Klima, reiche und vielf\u00e4ltige B\u00f6den, hier ist ein Reiseziel, das alle Urlauber begeistern wird!  <\/p>\n<\/div><h2 class=\"element section-title justify m-t-6 color2\">Die provenzalischen Baronnies, der letzte der franz\u00f6sischen Naturparks<\/h2><div class=\"element bloc-text justify \">\n\t<p>Der Park Baronnies Proven\u00e7ales wurde 2015 als regionaler Naturpark klassifiziert und ist der 51. und letzte in Frankreich geschaffene Park. <\/p>\n<p>Es ist eine Region mit <strong class=\"bold color1\">Mittelgebirge<\/strong>, die zwischen der Dr\u00f4me und den Hautes-Alpes liegt. Es versammelt <strong class=\"bold color1\">pittoreske D\u00f6rfer<\/strong> mit mittelalterlichem Stil, die die Erinnerung an das Land mit sich tragen. Schl\u00f6sser, Terrassen und D\u00f6rfer bilden das historische Erbe dieser sch\u00f6nen Region.  <\/p>\n<p>Der Park der Baronnies Proven\u00e7ales beherbergt auch viele <strong class=\"bold color1\">lokale Produzenten<\/strong>, die sowohl feine Nasen als auch Gourmet-Gaumen erfreuen werden: \u00e4therische \u00d6le, Oliven\u00f6l, Honig aus der Provence, etc. Ohne seine Weinproduktion mit den C\u00f4tes du Rh\u00f4ne, den Cru Vinsobres oder den IGP C\u00f4teaux des Baronnies zu vergessen. Die <strong class=\"bold color1\">Kulturliebhaber<\/strong>, <strong class=\"bold color1\">Geschichte<\/strong> und <strong class=\"bold color1\">Gastronomie<\/strong> werden also auf dem Festival in den provenzalischen Baronnies sein.  <\/p>\n<\/div><h2 class=\"element section-title justify m-t-6 color2\">Ein Paradies f\u00fcr Sport- und Naturliebhaber <\/h2><div class=\"element bloc-text justify \">\n\t<p>Ein regionaler Naturpark ist auch ein <strong class=\"bold color1\">erhaltener Freiraum<\/strong> und dient der Aus\u00fcbung vieler sportlicher Aktivit\u00e4ten. Ein Paradies f\u00fcr Wanderer nat\u00fcrlich, aber auch f\u00fcr Fans von Mountainbiking, Klettern, Reiten oder sogar Gleitschirmfliegen! <\/p>\n<p>Die Baronnies Proven\u00e7ales profitieren von einer besonderen <strong class=\"bold color1\">Fauna<\/strong> und einer besonderen <strong class=\"bold color1\">wilden Flora<\/strong>, die aus dem Zusammentreffen der alpinen und mediterranen Umgebung resultieren. Die Wanderer tauchen in herrliche Landschaften ein, die reich an <strong class=\"bold color1\">Tieren<\/strong> und <strong class=\"bold color1\">ausgefallenen Pflanzen<\/strong> sind. Die Beobachtung des Himmels, der f\u00fcr seine Tiefe und Sch\u00e4rfe bekannt ist, ist ebenfalls eine beliebte Aktivit\u00e4t in den provenzalischen Baronnies.  <\/p>\n<\/div><\/div><div class=\"element colonne p-0\"><div class=\"element images\"><div class=\"image\"><img decoding=\"async\" src=\"https:\/\/www.camping-hautsderosans.com\/wp-content\/uploads\/2020\/12\/olive-huile-100x45.jpg\" data-src=\"https:\/\/www.camping-hautsderosans.com\/wp-content\/uploads\/2020\/12\/olive-huile.jpg\" alt=\"Oliven\u00f6l\" class=\"images_image p-b-1\" \/><\/div><\/div><div class=\"element images\"><div class=\"image\"><img decoding=\"async\" src=\"https:\/\/www.camping-hautsderosans.com\/wp-content\/uploads\/2020\/12\/equitation-cheval-100x45.jpg\" data-src=\"https:\/\/www.camping-hautsderosans.com\/wp-content\/uploads\/2020\/12\/equitation-cheval.jpg\" alt=\"Reiten\" class=\"images_image p-b-1\" \/><\/div><\/div><\/div><\/div><\/div><\/section>\n\n<section id=\"section-5fbce69342666\"\" class=\"section bg-white p-t-0 p-b-0\" \/><div class=\"container full\"><div class=\"accordeon\"><div class=\"slide \"><div class=\"slide_image\"><img decoding=\"async\" src=\"https:\/\/www.camping-hautsderosans.com\/wp-content\/uploads\/2020\/12\/raisin-grappe-100x88.jpg\" data-src=\"https:\/\/www.camping-hautsderosans.com\/wp-content\/uploads\/2020\/12\/raisin-grappe.jpg\" alt=\"\" class=\"\" \/><\/div><\/div><div class=\"slide \"><div class=\"slide_image\"><img decoding=\"async\" src=\"https:\/\/www.camping-hautsderosans.com\/wp-content\/uploads\/2020\/12\/miel-pot-100x88.jpg\" data-src=\"https:\/\/www.camping-hautsderosans.com\/wp-content\/uploads\/2020\/12\/miel-pot.jpg\" alt=\"\" class=\"\" \/><\/div><\/div><div class=\"slide \"><div class=\"slide_image\"><img decoding=\"async\" src=\"https:\/\/www.camping-hautsderosans.com\/wp-content\/uploads\/2020\/12\/olives-cueillir-100x88.jpg\" data-src=\"https:\/\/www.camping-hautsderosans.com\/wp-content\/uploads\/2020\/12\/olives-cueillir.jpg\" alt=\"\" class=\"\" \/><\/div><\/div><div class=\"slide \"><div class=\"slide_image\"><img decoding=\"async\" src=\"https:\/\/www.camping-hautsderosans.com\/wp-content\/uploads\/2020\/12\/grappe-raisin-100x88.jpg\" data-src=\"https:\/\/www.camping-hautsderosans.com\/wp-content\/uploads\/2020\/12\/grappe-raisin.jpg\" alt=\"\" class=\"\" \/><\/div><\/div><\/div><\/div><\/section>\n\n<section id=\"section-5fbce157ac762\"\" class=\"section bg-white p-t-0 p-b-0\" \/><div class=\"container full\"><div class=\"colonnes-wrap valign-middle \"><div class=\"element colonne p-0\"><div class=\"element images\"><div class=\"image\"><img decoding=\"async\" src=\"https:\/\/www.camping-hautsderosans.com\/wp-content\/uploads\/2020\/12\/tente-camping-100x45.jpg\" data-src=\"https:\/\/www.camping-hautsderosans.com\/wp-content\/uploads\/2020\/12\/tente-camping.jpg\" alt=\"Campingzelt\" class=\"images_image p-b-1\" \/><\/div><\/div><div class=\"element images\"><div class=\"image\"><img decoding=\"async\" src=\"https:\/\/www.camping-hautsderosans.com\/wp-content\/uploads\/2020\/12\/lavande-camping-100x45.jpg\" data-src=\"https:\/\/www.camping-hautsderosans.com\/wp-content\/uploads\/2020\/12\/lavande-camping.jpg\" alt=\"Lavendel-Camping\" class=\"images_image p-b-1\" \/><\/div><\/div><\/div><div class=\"element colonne \"><h2 class=\"element section-title justify m-t-6 color2\">Exkursion zum Dorf Rosans<\/h2><div class=\"element bloc-text justify \">\n\t<p>Am Rande des Parks der Baronnies und kurz vor der Dr\u00f4me schmiegt sich das <strong class=\"bold color1\">wunderbare Dorf<\/strong> Rosans ist ein <strong class=\"bold color1\">notwendiger Schritt<\/strong> w\u00e4hrend Ihres Aufenthalts in den provenzalischen Baronnies. <\/p>\n<p>Das Dorf hat seinen <strong class=\"bold color1\">mittelalterlichen Charakter<\/strong>ele, um Effekte zu erzeugen, bei denen Figuren auf unterschiedliche Weise wahrgenommen werden k\u00f6nnen. Sie k\u00f6nnen seinen viereckigen Turm, seine Kirche, sein Schloss und seine kleinen Stra\u00dfen besichtigen. Ein sch\u00f6nes Ziel f\u00fcr Reisende, die <strong class=\"bold color1\">Geschichte<\/strong> und <strong class=\"bold color1\">feudale Architektur<\/strong> lieben. <\/p>\n<p>In der N\u00e4he von Rosans befindet sich der <a href=\"\/de\/\">Campingplatz &#8222;Les Hauts de Rosans&#8220;<\/a>, eine wahre Oase der Ruhe inmitten der Natur. Der 4-Sterne-Campingplatz befindet sich in einer herrlichen Berglandschaft und bietet ein <strong class=\"bold color1\">au\u00dfergew\u00f6hnliches Panorama<\/strong> auf den Park der provenzalischen Baronnies. Ob mit Zelt, Wohnwagen oder Mietwagen, alle sorgf\u00e4ltig angelegten Stellpl\u00e4tze bieten dem Besucher das angenehme Gef\u00fchl, allein auf der Welt zu sein, eingebettet in eine einzigartige Naturkulisse. Schwimmbad, Animationen, Mountainbike-Verleih, &#8222;les Hauts de Rosans&#8220; verbinden die Freiheit des Campings mit einem <strong class=\"bold color1\">hohen Niveau an Komfort<\/strong> und Qualit\u00e4t der Dienstleistungen. Seine Besitzer legen gro\u00dfen Wert auf die Erhaltung der Umwelt und die Entwicklung des Territoriums.  <\/p>\n<p>Sind Sie von dieser <strong class=\"bold color1\">ausgefallenen Region<\/strong> \u00fcberzeugt? Jetzt m\u00fcssen Sie nur noch nach Rosans und in den Parc des Baronnies Proven\u00e7ales fahren. Um Ihre Reise zu organisieren, beginnen Sie mit einer Reservierung auf dem Campingplatz &#8222;les Hauts de Rosans&#8220;. Das ist die Garantie f\u00fcr einen gelungenen Aufenthalt! <\/p>\n<\/div><h2 class=\"element section-title justify m-t-6 color2\">Ein gepflegter Zeltplatz ist ein sauberer Zeltplatz!<\/h2><div class=\"element bloc-text justify \">\n\t<p>Die Hygiene wird in jeder Einrichtung <strong class=\"bold color1\">Kennzeichnung Camping Qualit\u00e9<\/strong> sorgf\u00e4ltig kontrolliert: alle Pl\u00e4tze des Campingplatzes werden regelm\u00e4\u00dfig von einem engagierten Team besucht, um sicherzustellen, dass alle Pl\u00e4tze so sauber wie m\u00f6glich sind, f\u00fcr den Komfort der Besucher. <\/p>\n<\/div><\/div><\/div><\/div><\/section>\n\n<section id=\"section-groupe\"\" class=\"section bg-white p-t-0 p-b-0\" \/><div class=\"container full\"><div class=\"colonnes-wrap valign-middle \"><div class=\"element colonne \"><h2 class=\"element section-title justify m-t-6 color2\">Ein Campingplatz mit allen Informationen zur Hand<\/h2><div class=\"element bloc-text justify \">\n\t<p>Der Aufenthalt auf einem Campingplatz mit klarer und effektiver Beschilderung und Information ist ein guter Weg, um einen <strong class=\"bold color1\">guten Urlaub<\/strong> zu verbringen. So verpflichtet sich der Betreiber eines Campingplatzes mit dem Label Camping Qualit\u00e9, genaue Informationen \u00fcber seinen Campingplatz und seine Einrichtungen zu geben. <\/p>\n<p>Die \u00d6ffnungszeiten der Dienstleistungen und der Rezeption, die <strong class=\"bold color1\">Planung der Aktivit\u00e4ten<\/strong>, die w\u00e4hrend des Aufenthalts verf\u00fcgbar sind, sowie die verschiedenen Tarife sind verf\u00fcgbar und deutlich f\u00fcr den Komfort des Besuchers angezeigt. <\/p>\n<p>F\u00fcnf Verpflichtungen, f\u00fcnf Schl\u00fcssel garantieren Effizienz, damit Sie einen Aufenthalt genie\u00dfen k\u00f6nnen, der Komfort, <strong class=\"bold color1\">Geselligkeit und ideale Lage vereint<\/strong>. Sie z\u00f6gern, welches Reiseziel Sie f\u00fcr Ihren n\u00e4chsten Urlaub w\u00e4hlen sollen? <\/p>\n<p>W\u00e4hlen Sie Les Hauts de Rosans, einen herrlichen <strong class=\"bold color1\">Qualit\u00e4tscampingplatz der Spitzenklasse<\/strong>, f\u00fcr einen Aufenthalt in bester Umgebung! <\/p>\n<\/div><\/div><div class=\"element colonne p-0\"><div class=\"element images\"><div class=\"image\"><img decoding=\"async\" src=\"https:\/\/www.camping-hautsderosans.com\/wp-content\/uploads\/2020\/12\/camping-location-100x45.jpg\" data-src=\"https:\/\/www.camping-hautsderosans.com\/wp-content\/uploads\/2020\/12\/camping-location.jpg\" alt=\"Miet-Campingplatz\" class=\"images_image p-b-1\" \/><\/div><\/div><div class=\"element images\"><div class=\"image\"><img decoding=\"async\" src=\"https:\/\/www.camping-hautsderosans.com\/wp-content\/uploads\/2020\/12\/camping-vue-100x45.jpg\" data-src=\"https:\/\/www.camping-hautsderosans.com\/wp-content\/uploads\/2020\/12\/camping-vue.jpg\" alt=\"Blick auf den Campingplatz\" class=\"images_image p-b-1\" \/><\/div><\/div><\/div><\/div><\/div><\/section>\n\n<section id=\"section-5fbce693431df\"\" class=\"section bg-white\" \/><div class=\"container extralarge\"><div class=\"element section-title center titre-cta\">Entdecken Sie die Baronnies und ihre Umgebung<\/div><ul class=\"liste-de-page articles\"><li class=\"element call-to-action carre call-to-action--style-1 call-to-action--normal\"><a href=\"https:\/\/www.camping-hautsderosans.com\/de\/campingplatz-drome-provencale\/\"  class=\"call-to-action_link\" title=\"Erfahren Sie mehr \u00fcber dr\u00f4me proven\u00e7ale\"><div class=\"call-to-action_image\"><img decoding=\"async\" src=\"https:\/\/www.camping-hautsderosans.com\/wp-content\/uploads\/2020\/12\/lavande-fleur-100x24.jpg\" data-src=\"https:\/\/www.camping-hautsderosans.com\/wp-content\/uploads\/2020\/12\/lavande-fleur.jpg\" alt=\"\" class=\"normal\" \/><\/div><div class=\"call-to-action_contenu\"><div class=\"call-to-action_titre\">Dr\u00f4me proven\u00e7ale<\/div><\/div><\/a><\/li><li class=\"element call-to-action carre call-to-action--style-1 call-to-action--normal call-to-action--style-1 call-to-action--normal\"><a href=\"https:\/\/www.camping-hautsderosans.com\/de\/campingplatz-pays-du-buech\/\"  class=\"call-to-action_link\" title=\"Erfahren Sie mehr \u00fcber umgebung: buech-land\"><div class=\"call-to-action_image\"><img decoding=\"async\" src=\"https:\/\/www.camping-hautsderosans.com\/wp-content\/uploads\/2020\/12\/lavand-fleure-100x24.jpg\" data-src=\"https:\/\/www.camping-hautsderosans.com\/wp-content\/uploads\/2020\/12\/lavand-fleure.jpg\" alt=\"\" class=\"normal\" \/><\/div><div class=\"call-to-action_contenu\"><div class=\"call-to-action_titre\">Umgebung: Buech-Land<\/div><\/div><\/a><\/li><li class=\"element call-to-action carre call-to-action--style-1 call-to-action--normal call-to-action--style-1 call-to-action--normal call-to-action--style-1 call-to-action--normal\"><a href=\"https:\/\/www.camping-hautsderosans.com\/de\/hohendorfer-provence\/\"  class=\"call-to-action_link\" title=\"Erfahren Sie mehr \u00fcber abgelegene d\u00f6rfer\"><div class=\"call-to-action_image\"><img decoding=\"async\" src=\"https:\/\/www.camping-hautsderosans.com\/wp-content\/uploads\/2020\/12\/saint-may-village-1-100x24.jpg\" data-src=\"https:\/\/www.camping-hautsderosans.com\/wp-content\/uploads\/2020\/12\/saint-may-village-1.jpg\" alt=\"\" class=\"normal\" \/><\/div><div class=\"call-to-action_contenu\"><div class=\"call-to-action_titre\">Abgelegene D\u00f6rfer<\/div><\/div><\/a><\/li><\/ul><\/div><\/section>","protected":false},"excerpt":{"rendered":"","protected":false},"author":1,"featured_media":3533,"parent":0,"menu_order":0,"comment_status":"closed","ping_status":"closed","template":"","meta":{"_acf_changed":false,"footnotes":""},"acf":[],"yoast_head":"<!-- This site is optimized with the Yoast SEO plugin v23.4 - https:\/\/yoast.com\/wordpress\/plugins\/seo\/ -->\n<title>Campingplatz bei Les Baronnies | Visit Parc naturel Baronnies Proven\u00e7ales<\/title>\n<meta name=\"robots\" content=\"index, follow, max-snippet:-1, max-image-preview:large, max-video-preview:-1\" \/>\n<link rel=\"canonical\" href=\"https:\/\/www.camping-hautsderosans.com\/de\/campingplatz-baronnies\/\" \/>\n<meta property=\"og:locale\" content=\"de_DE\" \/>\n<meta property=\"og:type\" content=\"article\" \/>\n<meta property=\"og:title\" content=\"Campingplatz bei Les Baronnies | Visit Parc naturel Baronnies Proven\u00e7ales\" \/>\n<meta property=\"og:url\" content=\"https:\/\/www.camping-hautsderosans.com\/de\/campingplatz-baronnies\/\" \/>\n<meta property=\"og:site_name\" content=\"Camping les Hauts de Rosans\" \/>\n<meta property=\"article:modified_time\" content=\"2021-02-01T09:05:18+00:00\" \/>\n<meta property=\"og:image\" content=\"https:\/\/www.camping-hautsderosans.com\/wp-content\/uploads\/2020\/12\/olive-arbre.jpg\" \/>\n\t<meta property=\"og:image:width\" content=\"1902\" \/>\n\t<meta property=\"og:image:height\" content=\"450\" \/>\n\t<meta property=\"og:image:type\" content=\"image\/jpeg\" \/>\n<meta name=\"twitter:card\" content=\"summary_large_image\" \/>\n<script type=\"application\/ld+json\" class=\"yoast-schema-graph\">{\"@context\":\"https:\/\/schema.org\",\"@graph\":[{\"@type\":\"WebPage\",\"@id\":\"https:\/\/www.camping-hautsderosans.com\/de\/campingplatz-baronnies\/\",\"url\":\"https:\/\/www.camping-hautsderosans.com\/de\/campingplatz-baronnies\/\",\"name\":\"Campingplatz bei Les Baronnies | Visit Parc naturel Baronnies Proven\u00e7ales\",\"isPartOf\":{\"@id\":\"https:\/\/www.camping-hautsderosans.com\/de\/#website\"},\"primaryImageOfPage\":{\"@id\":\"https:\/\/www.camping-hautsderosans.com\/de\/campingplatz-baronnies\/#primaryimage\"},\"image\":{\"@id\":\"https:\/\/www.camping-hautsderosans.com\/de\/campingplatz-baronnies\/#primaryimage\"},\"thumbnailUrl\":\"https:\/\/www.camping-hautsderosans.com\/wp-content\/uploads\/2020\/12\/olive-arbre.jpg\",\"datePublished\":\"2020-11-17T06:31:00+00:00\",\"dateModified\":\"2021-02-01T09:05:18+00:00\",\"breadcrumb\":{\"@id\":\"https:\/\/www.camping-hautsderosans.com\/de\/campingplatz-baronnies\/#breadcrumb\"},\"inLanguage\":\"de\",\"potentialAction\":[{\"@type\":\"ReadAction\",\"target\":[\"https:\/\/www.camping-hautsderosans.com\/de\/campingplatz-baronnies\/\"]}]},{\"@type\":\"ImageObject\",\"inLanguage\":\"de\",\"@id\":\"https:\/\/www.camping-hautsderosans.com\/de\/campingplatz-baronnies\/#primaryimage\",\"url\":\"https:\/\/www.camping-hautsderosans.com\/wp-content\/uploads\/2020\/12\/olive-arbre.jpg\",\"contentUrl\":\"https:\/\/www.camping-hautsderosans.com\/wp-content\/uploads\/2020\/12\/olive-arbre.jpg\",\"width\":1902,\"height\":450},{\"@type\":\"BreadcrumbList\",\"@id\":\"https:\/\/www.camping-hautsderosans.com\/de\/campingplatz-baronnies\/#breadcrumb\",\"itemListElement\":[{\"@type\":\"ListItem\",\"position\":1,\"name\":\"Campingplatz Hautes-Alpes\",\"item\":\"https:\/\/www.camping-hautsderosans.com\/de\/\"},{\"@type\":\"ListItem\",\"position\":2,\"name\":\"Entdecken Sie die Baronnies\"}]},{\"@type\":\"WebSite\",\"@id\":\"https:\/\/www.camping-hautsderosans.com\/de\/#website\",\"url\":\"https:\/\/www.camping-hautsderosans.com\/de\/\",\"name\":\"Camping les Hauts de Rosans\",\"description\":\"\",\"potentialAction\":[{\"@type\":\"SearchAction\",\"target\":{\"@type\":\"EntryPoint\",\"urlTemplate\":\"https:\/\/www.camping-hautsderosans.com\/de\/?s={search_term_string}\"},\"query-input\":{\"@type\":\"PropertyValueSpecification\",\"valueRequired\":true,\"valueName\":\"search_term_string\"}}],\"inLanguage\":\"de\"}]}<\/script>\n<!-- \/ Yoast SEO plugin. -->","yoast_head_json":{"title":"Campingplatz bei Les Baronnies | Visit Parc naturel Baronnies Proven\u00e7ales","robots":{"index":"index","follow":"follow","max-snippet":"max-snippet:-1","max-image-preview":"max-image-preview:large","max-video-preview":"max-video-preview:-1"},"canonical":"https:\/\/www.camping-hautsderosans.com\/de\/campingplatz-baronnies\/","og_locale":"de_DE","og_type":"article","og_title":"Campingplatz bei Les Baronnies | Visit Parc naturel Baronnies Proven\u00e7ales","og_url":"https:\/\/www.camping-hautsderosans.com\/de\/campingplatz-baronnies\/","og_site_name":"Camping les Hauts de Rosans","article_modified_time":"2021-02-01T09:05:18+00:00","og_image":[{"width":1902,"height":450,"url":"https:\/\/www.camping-hautsderosans.com\/wp-content\/uploads\/2020\/12\/olive-arbre.jpg","type":"image\/jpeg"}],"twitter_card":"summary_large_image","schema":{"@context":"https:\/\/schema.org","@graph":[{"@type":"WebPage","@id":"https:\/\/www.camping-hautsderosans.com\/de\/campingplatz-baronnies\/","url":"https:\/\/www.camping-hautsderosans.com\/de\/campingplatz-baronnies\/","name":"Campingplatz bei Les Baronnies | Visit Parc naturel Baronnies Proven\u00e7ales","isPartOf":{"@id":"https:\/\/www.camping-hautsderosans.com\/de\/#website"},"primaryImageOfPage":{"@id":"https:\/\/www.camping-hautsderosans.com\/de\/campingplatz-baronnies\/#primaryimage"},"image":{"@id":"https:\/\/www.camping-hautsderosans.com\/de\/campingplatz-baronnies\/#primaryimage"},"thumbnailUrl":"https:\/\/www.camping-hautsderosans.com\/wp-content\/uploads\/2020\/12\/olive-arbre.jpg","datePublished":"2020-11-17T06:31:00+00:00","dateModified":"2021-02-01T09:05:18+00:00","breadcrumb":{"@id":"https:\/\/www.camping-hautsderosans.com\/de\/campingplatz-baronnies\/#breadcrumb"},"inLanguage":"de","potentialAction":[{"@type":"ReadAction","target":["https:\/\/www.camping-hautsderosans.com\/de\/campingplatz-baronnies\/"]}]},{"@type":"ImageObject","inLanguage":"de","@id":"https:\/\/www.camping-hautsderosans.com\/de\/campingplatz-baronnies\/#primaryimage","url":"https:\/\/www.camping-hautsderosans.com\/wp-content\/uploads\/2020\/12\/olive-arbre.jpg","contentUrl":"https:\/\/www.camping-hautsderosans.com\/wp-content\/uploads\/2020\/12\/olive-arbre.jpg","width":1902,"height":450},{"@type":"BreadcrumbList","@id":"https:\/\/www.camping-hautsderosans.com\/de\/campingplatz-baronnies\/#breadcrumb","itemListElement":[{"@type":"ListItem","position":1,"name":"Campingplatz Hautes-Alpes","item":"https:\/\/www.camping-hautsderosans.com\/de\/"},{"@type":"ListItem","position":2,"name":"Entdecken Sie die Baronnies"}]},{"@type":"WebSite","@id":"https:\/\/www.camping-hautsderosans.com\/de\/#website","url":"https:\/\/www.camping-hautsderosans.com\/de\/","name":"Camping les Hauts de Rosans","description":"","potentialAction":[{"@type":"SearchAction","target":{"@type":"EntryPoint","urlTemplate":"https:\/\/www.camping-hautsderosans.com\/de\/?s={search_term_string}"},"query-input":{"@type":"PropertyValueSpecification","valueRequired":true,"valueName":"search_term_string"}}],"inLanguage":"de"}]}},"_links":{"self":[{"href":"https:\/\/www.camping-hautsderosans.com\/de\/wp-json\/wp\/v2\/pages\/6868"}],"collection":[{"href":"https:\/\/www.camping-hautsderosans.com\/de\/wp-json\/wp\/v2\/pages"}],"about":[{"href":"https:\/\/www.camping-hautsderosans.com\/de\/wp-json\/wp\/v2\/types\/page"}],"author":[{"embeddable":true,"href":"https:\/\/www.camping-hautsderosans.com\/de\/wp-json\/wp\/v2\/users\/1"}],"replies":[{"embeddable":true,"href":"https:\/\/www.camping-hautsderosans.com\/de\/wp-json\/wp\/v2\/comments?post=6868"}],"version-history":[{"count":7,"href":"https:\/\/www.camping-hautsderosans.com\/de\/wp-json\/wp\/v2\/pages\/6868\/revisions"}],"predecessor-version":[{"id":8174,"href":"https:\/\/www.camping-hautsderosans.com\/de\/wp-json\/wp\/v2\/pages\/6868\/revisions\/8174"}],"wp:featuredmedia":[{"embeddable":true,"href":"https:\/\/www.camping-hautsderosans.com\/de\/wp-json\/wp\/v2\/media\/3533"}],"wp:attachment":[{"href":"https:\/\/www.camping-hautsderosans.com\/de\/wp-json\/wp\/v2\/media?parent=6868"}],"curies":[{"name":"wp","href":"https:\/\/api.w.org\/{rel}","templated":true}]}}