{"id":6890,"date":"2020-11-17T07:31:54","date_gmt":"2020-11-17T06:31:54","guid":{"rendered":"https:\/\/www.camping-hautsderosans.com\/camping-drome-provencale\/"},"modified":"2021-02-01T10:04:56","modified_gmt":"2021-02-01T09:04:56","slug":"campingplatz-drome-provencale","status":"publish","type":"page","link":"https:\/\/www.camping-hautsderosans.com\/de\/campingplatz-drome-provencale\/","title":{"rendered":"Umgebungen : Dr\u00f4me proven\u00e7ale"},"content":{"rendered":"<section id=\"section-5fbce69341afa\"\" class=\"section bg-white\" \/><div class=\"container extralarge\"><h1 class=\"element section-title center color2\">Zoom auf der Dr\u00f4me proven\u00e7ale<\/h1><\/div><\/section>\n\n<section id=\"section-5fbce6934225f\"\" class=\"section bg-white p-t-0 p-b-0\" \/><div class=\"container full\"><div class=\"colonnes-wrap valign-middle \"><div class=\"element colonne \"><div class=\"element bloc-text justify \">\n\t<p>Sie sind an diesem wundersch\u00f6nen Ort, der Dr\u00f4me proven\u00e7ale, angekommen, Ihre Koffer sind gepackt, Sie sind bereit, zu entdecken, zu erkunden, alle Ressourcen zu genie\u00dfen, die diese reiche und vielf\u00e4ltige Umgebung Ihnen bietet. Eines ist sicher: An Aktivit\u00e4ten mangelt es nicht!<\/p>\n<\/div><h2 class=\"element section-title justify m-t-6 color2\">F\u00fcr Wildnis-Enthusiasten<\/h2><div class=\"element bloc-text justify \">\n\t<p>Der <strong class=\"bold color1\">Regionalnaturpark der provenzalischen Baronnies<\/strong> ist ein weitl\u00e4ufiges Gebiet, in dem sowohl ein alpines als auch ein mediterranes Klima, Felsen und Sonne eine interessante Vielfalt an Fauna und Flora schaffen. Es ist nicht unm\u00f6glich, wenn Sie Ihre Augen zum Himmel erheben, <strong class=\"bold color1\">gro\u00dfe Raubv\u00f6gel<\/strong> wie den Steinadler oder Geier \u00fcber Ihnen fliegen zu sehen! <\/p>\n<p>Die St\u00e4rke dieser Landschaft zeichnet sich durch ihre rohen und einzigartigen Reliefs aus, von <strong class=\"bold color1\">wirklichen Skulpturen<\/strong>, die direkt in den Stein geschnitten wurden. Eine unglaubliche <strong class=\"bold color1\">wilde Erde<\/strong>, in der die <strong class=\"bold color1\">Artenerhaltung<\/strong> vorherrscht. Um die M\u00f6glichkeit zu haben, all dieses Erbe zu beobachten und diese garantierte Abwechslung zu genie\u00dfen, gibt es Wege, die zu diesem Zweck genutzt werden k\u00f6nnen. <\/p>\n<\/div><h2 class=\"element section-title justify m-t-6 color2\">F\u00fcr Geschichtsbegeisterte<\/h2><div class=\"element bloc-text justify \">\n\t<p>Im Herzen der Baronnies, am Rande der Dr\u00f4me Proven\u00e7ale, liegt das <strong class=\"bold color1\">charmante Dorf<\/strong> Rosans, einst ein <strong class=\"bold color1\">festungsartiges Dorf<\/strong>, in dem Urlauber durch die gepflasterten Gassen schlendern k\u00f6nnen. Die \u00dcberreste der Vergangenheit k\u00f6nnen in diesem malerischen mittelalterlichen Dorf beobachtet werden. Charaktervolle Steine, gew\u00f6lbte T\u00fcren, ein alter protestantischer Tempel und die Kirche Saint Arey mit ihrem Glockenturm vom Anfang des 18. Jahrhunderts werden Ihre Augen w\u00e4hrend dieses <strong class=\"bold color1\"> zeitlosen Spaziergangs<\/strong> erfreuen. <\/p>\n<p>Ein <strong class=\"bold color1\">emblematisches Element<\/strong> und <strong class=\"bold color1\">historisches<\/strong>, das diesen Ort \u00fcberragt: der <strong class=\"bold color1\">Quaderturm<\/strong> aus dem 13. Jahrhundert, der besichtigt werden kann. Wenn Sie Ihrem Ausflug eine p\u00e4dagogische Note verleihen m\u00f6chten, werden w\u00e4hrend der Sommermonate auf Anfrage t\u00e4glich F\u00fchrungen im \u00d6komuseum organisiert.<\/p>\n<\/div><\/div><div class=\"element colonne p-0\"><div class=\"element images\"><div class=\"image\"><img decoding=\"async\" src=\"https:\/\/www.camping-hautsderosans.com\/wp-content\/uploads\/2020\/12\/aigle-royal-100x45.jpg\" data-src=\"https:\/\/www.camping-hautsderosans.com\/wp-content\/uploads\/2020\/12\/aigle-royal.jpg\" alt=\"K\u00f6nigsadler\" class=\"images_image p-b-1\" \/><\/div><\/div><div class=\"element images\"><div class=\"image\"><img decoding=\"async\" src=\"https:\/\/www.camping-hautsderosans.com\/wp-content\/uploads\/2020\/12\/vue-rosans-100x45.jpg\" data-src=\"https:\/\/www.camping-hautsderosans.com\/wp-content\/uploads\/2020\/12\/vue-rosans.jpg\" alt=\"siehe rosans\" class=\"images_image p-b-1\" \/><\/div><\/div><\/div><\/div><\/div><\/section>\n\n<section id=\"section-groupe\"\" class=\"section bg-white p-t-0 p-b-0\" \/><div class=\"container full\"><div class=\"accordeon\"><div class=\"slide \"><div class=\"slide_image\"><img decoding=\"async\" src=\"https:\/\/www.camping-hautsderosans.com\/wp-content\/uploads\/2020\/12\/rosans-clocher-100x88.jpg\" data-src=\"https:\/\/www.camping-hautsderosans.com\/wp-content\/uploads\/2020\/12\/rosans-clocher.jpg\" alt=\"\" class=\"\" \/><\/div><\/div><div class=\"slide \"><div class=\"slide_image\"><img decoding=\"async\" src=\"https:\/\/www.camping-hautsderosans.com\/wp-content\/uploads\/2020\/12\/vautour-rapace-100x88.jpg\" data-src=\"https:\/\/www.camping-hautsderosans.com\/wp-content\/uploads\/2020\/12\/vautour-rapace.jpg\" alt=\"\" class=\"\" \/><\/div><\/div><div class=\"slide \"><div class=\"slide_image\"><img decoding=\"async\" src=\"https:\/\/www.camping-hautsderosans.com\/wp-content\/uploads\/2020\/12\/clocher-rosans-100x88.jpg\" data-src=\"https:\/\/www.camping-hautsderosans.com\/wp-content\/uploads\/2020\/12\/clocher-rosans.jpg\" alt=\"\" class=\"\" \/><\/div><\/div><div class=\"slide \"><div class=\"slide_image\"><img decoding=\"async\" src=\"https:\/\/www.camping-hautsderosans.com\/wp-content\/uploads\/2020\/12\/aigle-oiseau-100x88.jpg\" data-src=\"https:\/\/www.camping-hautsderosans.com\/wp-content\/uploads\/2020\/12\/aigle-oiseau.jpg\" alt=\"\" class=\"\" \/><\/div><\/div><\/div><\/div><\/section>\n\n<section id=\"section-5fbce157ac762\"\" class=\"section bg-white p-t-0 p-b-0\" \/><div class=\"container full\"><div class=\"colonnes-wrap valign-middle \"><div class=\"element colonne p-0\"><div class=\"element images\"><div class=\"image\"><img decoding=\"async\" src=\"https:\/\/www.camping-hautsderosans.com\/wp-content\/uploads\/2020\/12\/parapente-ciel-100x45.jpg\" data-src=\"https:\/\/www.camping-hautsderosans.com\/wp-content\/uploads\/2020\/12\/parapente-ciel.jpg\" alt=\"Sky-Gleitschirm\" class=\"images_image p-b-1\" \/><\/div><\/div><div class=\"element images\"><div class=\"image\"><img decoding=\"async\" src=\"https:\/\/www.camping-hautsderosans.com\/wp-content\/uploads\/2020\/12\/ciel-etoile-100x45.jpg\" data-src=\"https:\/\/www.camping-hautsderosans.com\/wp-content\/uploads\/2020\/12\/ciel-etoile.jpg\" alt=\"Sternenhimmel\" class=\"images_image p-b-1\" \/><\/div><\/div><\/div><div class=\"element colonne \"><h2 class=\"element section-title justify m-t-6 color2\">F\u00fcr Liebhaber k\u00f6rperlicher Aktivit\u00e4t<\/h2><div class=\"element bloc-text justify \">\n\t<p>Es liegt an Ihnen, herauszufinden, wie Sie die <strong class=\"bold color1\">gro\u00dfen Naturr\u00e4ume<\/strong>, die Ihnen die provenzalischen Baronnies bieten, besuchen wollen. <\/p>\n<p>Sie k\u00f6nnen mit dem Fahrrad auf den Wegen f\u00fcr einige <strong class=\"bold color1\">sportliche Runden<\/strong> oder mit Ihrer Familie fahren, Sie k\u00f6nnen Ihre Fl\u00fcgel <strong class=\"bold color1\">mit einem Gleitschirm ausbreiten<\/strong>, um \u00fcber die Berge und W\u00e4lder zu fliegen, oder Sie k\u00f6nnen einfach Ihre besten Schuhe anziehen, um einen <strong class=\"bold color1\">Spaziergang oder<\/strong> eine Wanderung zu machen. Bergf\u00fchrer werden Sie begleiten und Ihnen alle Geheimnisse verraten, die den <strong class=\"bold color1\">Reichtum dieser T\u00e4ler ausmachen<\/strong>.  <\/p>\n<\/div><h2 class=\"element section-title justify m-t-6 color2\">F\u00fcr alle, die gerne ihren Kopf in den Sternen haben&#8230;<\/h2><div class=\"element bloc-text justify \">\n\t<p>Ein tolles Erlebnis ist das <strong class=\"bold color1\">astronomische Observatorium<\/strong>, das sich in der N\u00e4he von Rosans, 4 km entfernt, befindet. Bewaffnet mit Ihrem Teleskop k\u00f6nnen Sie Tag und Nacht <strong class=\"bold color1\">Sterne<\/strong> bei Tag oder <strong class=\"bold color1\">Sternbilder<\/strong> beobachten. Dieser Standort hat die Besonderheit, einen <strong class=\"bold color1\">sch\u00f6nen schwarzen Himmel<\/strong> ohne Lichtverschmutzung und ohne l\u00e4stige Wolken zu haben. Die <strong class=\"bold color1\">Nachtshow<\/strong> wird am Treffpunkt sein, das Ganze geschm\u00fcckt mit Erkl\u00e4rungen von <strong class=\"bold color1\">Profis, die sich f\u00fcr Astronomie begeistern<\/strong>.  <\/p>\n<p>Wenn auch Sie einen <strong class=\"bold color1\">unvergesslichen Aufenthalt<\/strong> in einer erholsamen Umgebung verbringen m\u00f6chten, reservieren Sie jetzt Ihren Stellplatz auf dem <a href=\"\/de\/\">camping Les Hauts de Rosans<\/a>. <\/p>\n<\/div><\/div><\/div><\/div><\/section>\n\n<section id=\"section-5fbce693431df\"\" class=\"section bg-white\" \/><div class=\"container extralarge\"><div class=\"element section-title center titre-cta\">Besuchen Sie die Dr\u00f4me proven\u00e7ale und ihre Umgebung<\/div><ul class=\"liste-de-page articles\"><li class=\"element call-to-action carre call-to-action--style-1 call-to-action--normal\"><a href=\"https:\/\/www.camping-hautsderosans.com\/de\/campingplatz-baronnies\/\"  class=\"call-to-action_link\" title=\"Erfahren Sie mehr \u00fcber baronnies\"><div class=\"call-to-action_image\"><img decoding=\"async\" src=\"https:\/\/www.camping-hautsderosans.com\/wp-content\/uploads\/2020\/12\/olive-arbre-100x24.jpg\" data-src=\"https:\/\/www.camping-hautsderosans.com\/wp-content\/uploads\/2020\/12\/olive-arbre.jpg\" alt=\"\" class=\"normal\" \/><\/div><div class=\"call-to-action_contenu\"><div class=\"call-to-action_titre\">Baronnies<\/div><\/div><\/a><\/li><li class=\"element call-to-action carre call-to-action--style-1 call-to-action--normal call-to-action--style-1 call-to-action--normal\"><a href=\"https:\/\/www.camping-hautsderosans.com\/de\/campingplatz-pays-du-buech\/\"  class=\"call-to-action_link\" title=\"Erfahren Sie mehr \u00fcber umgebung: buech-land\"><div class=\"call-to-action_image\"><img decoding=\"async\" src=\"https:\/\/www.camping-hautsderosans.com\/wp-content\/uploads\/2020\/12\/lavand-fleure-100x24.jpg\" data-src=\"https:\/\/www.camping-hautsderosans.com\/wp-content\/uploads\/2020\/12\/lavand-fleure.jpg\" alt=\"\" class=\"normal\" \/><\/div><div class=\"call-to-action_contenu\"><div class=\"call-to-action_titre\">Umgebung: Buech-Land<\/div><\/div><\/a><\/li><li class=\"element call-to-action carre call-to-action--style-1 call-to-action--normal call-to-action--style-1 call-to-action--normal call-to-action--style-1 call-to-action--normal\"><a href=\"https:\/\/www.camping-hautsderosans.com\/de\/hohendorfer-provence\/\"  class=\"call-to-action_link\" title=\"Erfahren Sie mehr \u00fcber abgelegene d\u00f6rfer\"><div class=\"call-to-action_image\"><img decoding=\"async\" src=\"https:\/\/www.camping-hautsderosans.com\/wp-content\/uploads\/2020\/12\/saint-may-village-1-100x24.jpg\" data-src=\"https:\/\/www.camping-hautsderosans.com\/wp-content\/uploads\/2020\/12\/saint-may-village-1.jpg\" alt=\"\" class=\"normal\" \/><\/div><div class=\"call-to-action_contenu\"><div class=\"call-to-action_titre\">Abgelegene D\u00f6rfer<\/div><\/div><\/a><\/li><\/ul><\/div><\/section>","protected":false},"excerpt":{"rendered":"","protected":false},"author":1,"featured_media":3809,"parent":0,"menu_order":0,"comment_status":"closed","ping_status":"closed","template":"","meta":{"_acf_changed":false,"footnotes":""},"acf":[],"yoast_head":"<!-- This site is optimized with the Yoast SEO plugin v23.4 - https:\/\/yoast.com\/wordpress\/plugins\/seo\/ -->\n<title>Camping an der Dr\u00f4me | Entdecken Sie die Dr\u00f4me Proven\u00e7ale in Hautes-Alpes<\/title>\n<meta name=\"robots\" content=\"index, follow, max-snippet:-1, max-image-preview:large, max-video-preview:-1\" \/>\n<link rel=\"canonical\" href=\"https:\/\/www.camping-hautsderosans.com\/de\/campingplatz-drome-provencale\/\" \/>\n<meta property=\"og:locale\" content=\"de_DE\" \/>\n<meta property=\"og:type\" content=\"article\" \/>\n<meta property=\"og:title\" content=\"Camping an der Dr\u00f4me | Entdecken Sie die Dr\u00f4me Proven\u00e7ale in Hautes-Alpes\" \/>\n<meta property=\"og:url\" content=\"https:\/\/www.camping-hautsderosans.com\/de\/campingplatz-drome-provencale\/\" \/>\n<meta property=\"og:site_name\" content=\"Camping les Hauts de Rosans\" \/>\n<meta property=\"article:modified_time\" content=\"2021-02-01T09:04:56+00:00\" \/>\n<meta property=\"og:image\" content=\"https:\/\/www.camping-hautsderosans.com\/wp-content\/uploads\/2020\/12\/lavande-fleur.jpg\" \/>\n\t<meta property=\"og:image:width\" content=\"1903\" \/>\n\t<meta property=\"og:image:height\" content=\"450\" \/>\n\t<meta property=\"og:image:type\" content=\"image\/jpeg\" \/>\n<meta name=\"twitter:card\" content=\"summary_large_image\" \/>\n<script type=\"application\/ld+json\" class=\"yoast-schema-graph\">{\"@context\":\"https:\/\/schema.org\",\"@graph\":[{\"@type\":\"WebPage\",\"@id\":\"https:\/\/www.camping-hautsderosans.com\/de\/campingplatz-drome-provencale\/\",\"url\":\"https:\/\/www.camping-hautsderosans.com\/de\/campingplatz-drome-provencale\/\",\"name\":\"Camping an der Dr\u00f4me | Entdecken Sie die Dr\u00f4me Proven\u00e7ale in Hautes-Alpes\",\"isPartOf\":{\"@id\":\"https:\/\/www.camping-hautsderosans.com\/de\/#website\"},\"primaryImageOfPage\":{\"@id\":\"https:\/\/www.camping-hautsderosans.com\/de\/campingplatz-drome-provencale\/#primaryimage\"},\"image\":{\"@id\":\"https:\/\/www.camping-hautsderosans.com\/de\/campingplatz-drome-provencale\/#primaryimage\"},\"thumbnailUrl\":\"https:\/\/www.camping-hautsderosans.com\/wp-content\/uploads\/2020\/12\/lavande-fleur.jpg\",\"datePublished\":\"2020-11-17T06:31:54+00:00\",\"dateModified\":\"2021-02-01T09:04:56+00:00\",\"breadcrumb\":{\"@id\":\"https:\/\/www.camping-hautsderosans.com\/de\/campingplatz-drome-provencale\/#breadcrumb\"},\"inLanguage\":\"de\",\"potentialAction\":[{\"@type\":\"ReadAction\",\"target\":[\"https:\/\/www.camping-hautsderosans.com\/de\/campingplatz-drome-provencale\/\"]}]},{\"@type\":\"ImageObject\",\"inLanguage\":\"de\",\"@id\":\"https:\/\/www.camping-hautsderosans.com\/de\/campingplatz-drome-provencale\/#primaryimage\",\"url\":\"https:\/\/www.camping-hautsderosans.com\/wp-content\/uploads\/2020\/12\/lavande-fleur.jpg\",\"contentUrl\":\"https:\/\/www.camping-hautsderosans.com\/wp-content\/uploads\/2020\/12\/lavande-fleur.jpg\",\"width\":1903,\"height\":450},{\"@type\":\"BreadcrumbList\",\"@id\":\"https:\/\/www.camping-hautsderosans.com\/de\/campingplatz-drome-provencale\/#breadcrumb\",\"itemListElement\":[{\"@type\":\"ListItem\",\"position\":1,\"name\":\"Campingplatz Hautes-Alpes\",\"item\":\"https:\/\/www.camping-hautsderosans.com\/de\/\"},{\"@type\":\"ListItem\",\"position\":2,\"name\":\"Besuchen Sie die Dr\u00f4me proven\u00e7ale\"}]},{\"@type\":\"WebSite\",\"@id\":\"https:\/\/www.camping-hautsderosans.com\/de\/#website\",\"url\":\"https:\/\/www.camping-hautsderosans.com\/de\/\",\"name\":\"Camping les Hauts de Rosans\",\"description\":\"\",\"potentialAction\":[{\"@type\":\"SearchAction\",\"target\":{\"@type\":\"EntryPoint\",\"urlTemplate\":\"https:\/\/www.camping-hautsderosans.com\/de\/?s={search_term_string}\"},\"query-input\":{\"@type\":\"PropertyValueSpecification\",\"valueRequired\":true,\"valueName\":\"search_term_string\"}}],\"inLanguage\":\"de\"}]}<\/script>\n<!-- \/ Yoast SEO plugin. -->","yoast_head_json":{"title":"Camping an der Dr\u00f4me | Entdecken Sie die Dr\u00f4me Proven\u00e7ale in Hautes-Alpes","robots":{"index":"index","follow":"follow","max-snippet":"max-snippet:-1","max-image-preview":"max-image-preview:large","max-video-preview":"max-video-preview:-1"},"canonical":"https:\/\/www.camping-hautsderosans.com\/de\/campingplatz-drome-provencale\/","og_locale":"de_DE","og_type":"article","og_title":"Camping an der Dr\u00f4me | Entdecken Sie die Dr\u00f4me Proven\u00e7ale in Hautes-Alpes","og_url":"https:\/\/www.camping-hautsderosans.com\/de\/campingplatz-drome-provencale\/","og_site_name":"Camping les Hauts de Rosans","article_modified_time":"2021-02-01T09:04:56+00:00","og_image":[{"width":1903,"height":450,"url":"https:\/\/www.camping-hautsderosans.com\/wp-content\/uploads\/2020\/12\/lavande-fleur.jpg","type":"image\/jpeg"}],"twitter_card":"summary_large_image","schema":{"@context":"https:\/\/schema.org","@graph":[{"@type":"WebPage","@id":"https:\/\/www.camping-hautsderosans.com\/de\/campingplatz-drome-provencale\/","url":"https:\/\/www.camping-hautsderosans.com\/de\/campingplatz-drome-provencale\/","name":"Camping an der Dr\u00f4me | Entdecken Sie die Dr\u00f4me Proven\u00e7ale in Hautes-Alpes","isPartOf":{"@id":"https:\/\/www.camping-hautsderosans.com\/de\/#website"},"primaryImageOfPage":{"@id":"https:\/\/www.camping-hautsderosans.com\/de\/campingplatz-drome-provencale\/#primaryimage"},"image":{"@id":"https:\/\/www.camping-hautsderosans.com\/de\/campingplatz-drome-provencale\/#primaryimage"},"thumbnailUrl":"https:\/\/www.camping-hautsderosans.com\/wp-content\/uploads\/2020\/12\/lavande-fleur.jpg","datePublished":"2020-11-17T06:31:54+00:00","dateModified":"2021-02-01T09:04:56+00:00","breadcrumb":{"@id":"https:\/\/www.camping-hautsderosans.com\/de\/campingplatz-drome-provencale\/#breadcrumb"},"inLanguage":"de","potentialAction":[{"@type":"ReadAction","target":["https:\/\/www.camping-hautsderosans.com\/de\/campingplatz-drome-provencale\/"]}]},{"@type":"ImageObject","inLanguage":"de","@id":"https:\/\/www.camping-hautsderosans.com\/de\/campingplatz-drome-provencale\/#primaryimage","url":"https:\/\/www.camping-hautsderosans.com\/wp-content\/uploads\/2020\/12\/lavande-fleur.jpg","contentUrl":"https:\/\/www.camping-hautsderosans.com\/wp-content\/uploads\/2020\/12\/lavande-fleur.jpg","width":1903,"height":450},{"@type":"BreadcrumbList","@id":"https:\/\/www.camping-hautsderosans.com\/de\/campingplatz-drome-provencale\/#breadcrumb","itemListElement":[{"@type":"ListItem","position":1,"name":"Campingplatz Hautes-Alpes","item":"https:\/\/www.camping-hautsderosans.com\/de\/"},{"@type":"ListItem","position":2,"name":"Besuchen Sie die Dr\u00f4me proven\u00e7ale"}]},{"@type":"WebSite","@id":"https:\/\/www.camping-hautsderosans.com\/de\/#website","url":"https:\/\/www.camping-hautsderosans.com\/de\/","name":"Camping les Hauts de Rosans","description":"","potentialAction":[{"@type":"SearchAction","target":{"@type":"EntryPoint","urlTemplate":"https:\/\/www.camping-hautsderosans.com\/de\/?s={search_term_string}"},"query-input":{"@type":"PropertyValueSpecification","valueRequired":true,"valueName":"search_term_string"}}],"inLanguage":"de"}]}},"_links":{"self":[{"href":"https:\/\/www.camping-hautsderosans.com\/de\/wp-json\/wp\/v2\/pages\/6890"}],"collection":[{"href":"https:\/\/www.camping-hautsderosans.com\/de\/wp-json\/wp\/v2\/pages"}],"about":[{"href":"https:\/\/www.camping-hautsderosans.com\/de\/wp-json\/wp\/v2\/types\/page"}],"author":[{"embeddable":true,"href":"https:\/\/www.camping-hautsderosans.com\/de\/wp-json\/wp\/v2\/users\/1"}],"replies":[{"embeddable":true,"href":"https:\/\/www.camping-hautsderosans.com\/de\/wp-json\/wp\/v2\/comments?post=6890"}],"version-history":[{"count":10,"href":"https:\/\/www.camping-hautsderosans.com\/de\/wp-json\/wp\/v2\/pages\/6890\/revisions"}],"predecessor-version":[{"id":8170,"href":"https:\/\/www.camping-hautsderosans.com\/de\/wp-json\/wp\/v2\/pages\/6890\/revisions\/8170"}],"wp:featuredmedia":[{"embeddable":true,"href":"https:\/\/www.camping-hautsderosans.com\/de\/wp-json\/wp\/v2\/media\/3809"}],"wp:attachment":[{"href":"https:\/\/www.camping-hautsderosans.com\/de\/wp-json\/wp\/v2\/media?parent=6890"}],"curies":[{"name":"wp","href":"https:\/\/api.w.org\/{rel}","templated":true}]}}