{"id":6980,"date":"2020-11-17T07:31:21","date_gmt":"2020-11-17T06:31:21","guid":{"rendered":"https:\/\/www.camping-hautsderosans.com\/camping-pays-du-buech\/"},"modified":"2021-02-01T10:05:36","modified_gmt":"2021-02-01T09:05:36","slug":"campingplatz-pays-du-buech","status":"publish","type":"page","link":"https:\/\/www.camping-hautsderosans.com\/de\/campingplatz-pays-du-buech\/","title":{"rendered":"Umgebung: Buech-Land"},"content":{"rendered":"<section id=\"section-5fbce69341afa\"\" class=\"section bg-white\" \/><div class=\"container extralarge\"><h1 class=\"element section-title center color2\">Das Land der Bu\u00ebch<\/h1><\/div><\/section>\n\n<section id=\"section-5fbce6934225f\"\" class=\"section bg-white p-t-0 p-b-0\" \/><div class=\"container full\"><div class=\"colonnes-wrap valign-middle \"><div class=\"element colonne \"><div class=\"element bloc-text justify \">\n\t<p>Im <strong class=\"bold color1\">Mittelgebirge<\/strong> wird das Pays du Bu\u00ebch <strong class=\"bold color1\">von einigen wenigen Gipfeln<\/strong> dominiert, darunter der Berg C\u00e9\u00fcse (2016 Meter) und der Berg Chabre (1352 Meter). Als obligatorische Passage zwischen dem Durance-Tal und Grenoble, \u00fcber den Col de la Croix-Haute, ist die Region Bu\u00ebch aus vielen Gr\u00fcnden ein <strong class=\"bold color1\">merkw\u00fcrdiger touristischer Zwischenstopp<\/strong>.<\/p>\n<p>Zoomen Sie auf die Sch\u00e4tze des Pays du Bu\u00ebch, rund um den <a href=\"\/de\/\">Camping Les Hauts de Rosans<\/a>. <\/p>\n<\/div><h2 class=\"element section-title justify m-t-6 color2\">Sanfte Berge und hochgelegene D\u00f6rfer in der Region Bu\u00ebch<\/h2><div class=\"element bloc-text justify \">\n\t<p>Im S\u00fcden der Hautes-Alpes erheben sich die Berge des Pays du Bu\u00ebch. Das Hauptziel f\u00fcr Urlauber ist der Parc naturel des Baronnies Proven\u00e7ales.<\/p>\n<p>Zwischen Apfelb\u00e4umen, Birnb\u00e4umen, Lavendelfeldern ist es eine <strong class=\"bold color1\">au\u00dfergew\u00f6hnliche Naturfl\u00e4che<\/strong> , die demjenigen, der sich dorthin wagt, all ihre Geheimnisse der Sch\u00f6nheit bietet.<\/p>\n<p>Die <strong class=\"bold color1\">Perched\u00f6rfer<\/strong> des Pays du Bu\u00ebch, Serres, Rosans oder l&#8217;Epine, sind ebenfalls charakteristisch f\u00fcr diese Region und bieten dem Urlauber stundenlanges Flanieren durch die engen Gassen, in denen das <strong class=\"bold color1\">Kunsthandwerk<\/strong> und die <strong class=\"bold color1\">Proven\u00e7al Traditionen<\/strong> nach Belieben entdeckt und genossen werden k\u00f6nnen.<\/p>\n<\/div><h2 class=\"element section-title justify m-t-6 color2\">Aktivit\u00e4ten in direktem Zusammenhang mit der Natur<\/h2><div class=\"element bloc-text justify \">\n\t<p>F\u00fcr Liebhaber von <strong class=\"bold color1\">Natur und Authentizit\u00e4t<\/strong> bietet das Pays du Bu\u00ebch alles, was man sich besser w\u00fcnschen kann. Von den <strong class=\"bold color1\">erfrischenden Wasserstellen<\/strong> \u00fcber die Schluchten der M\u00e9ouge bis hin zu den Seen der Iscles in Veynes oder der Germanette in Serres gibt es eine breite Palette zur Auswahl.<\/p>\n<p>Die <strong class=\"bold color1\">Orpierre-Felsen<\/strong>, international bekannt, bieten <strong class=\"bold color1\">Nervenkitzel<\/strong>, ebenso wie das <strong class=\"bold color1\">Freiflug<\/strong> auf dem Chabre-Berg oberhalb von Laragne-Mont\u00e9glin. F\u00fcr diejenigen, die lieber auf dem Boden bleiben, sind Mountainbiken und Wandern die Aktivit\u00e4ten der Wahl im Pays du Bu\u00ebch.<\/p>\n<p>Das <strong class=\"bold color1\">Das Relief des Pays du Bu\u00ebch<\/strong> variiert zwischen 500 und 2700 Metern H\u00f6he und bietet demjenigen, der das Gl\u00fcck hat, sich dorthin zu wagen, au\u00dfergew\u00f6hnliche <strong class=\"bold color1\">Panoramen<\/strong> auf den baumbestandenen Ebenen, K\u00e4mmen und Felsen. Die allgegenw\u00e4rtige Natur ist wild und sehr abwechslungsreich. Ob Anf\u00e4nger oder erfahrener Naturforscher, das Pays du Bu\u00ebch ist ein <strong class=\"bold color1\">unermessliches Gebiet<\/strong> mit faszinierenden Entdeckungen.   <\/p>\n<\/div><\/div><div class=\"element colonne p-0\"><div class=\"element images\"><div class=\"image\"><img decoding=\"async\" src=\"https:\/\/www.camping-hautsderosans.com\/wp-content\/uploads\/2020\/12\/parapante-montagne-100x45.jpg\" data-src=\"https:\/\/www.camping-hautsderosans.com\/wp-content\/uploads\/2020\/12\/parapante-montagne.jpg\" alt=\"Bergparagliding\" class=\"images_image p-b-1\" \/><\/div><\/div><div class=\"element images\"><div class=\"image\"><img decoding=\"async\" src=\"https:\/\/www.camping-hautsderosans.com\/wp-content\/uploads\/2020\/12\/vtt-nature-100x45.jpg\" data-src=\"https:\/\/www.camping-hautsderosans.com\/wp-content\/uploads\/2020\/12\/vtt-nature.jpg\" alt=\"nat\u00fcrliches Mountainbiken\" class=\"images_image p-b-1\" \/><\/div><\/div><\/div><\/div><\/div><\/section>\n\n<section id=\"section-groupe\"\" class=\"section bg-white p-t-0 p-b-0\" \/><div class=\"container full\"><div class=\"accordeon\"><div class=\"slide \"><div class=\"slide_image\"><img decoding=\"async\" src=\"https:\/\/www.camping-hautsderosans.com\/wp-content\/uploads\/2020\/12\/village-serres-100x88.jpg\" data-src=\"https:\/\/www.camping-hautsderosans.com\/wp-content\/uploads\/2020\/12\/village-serres.jpg\" alt=\"\" class=\"\" \/><\/div><\/div><div class=\"slide \"><div class=\"slide_image\"><img decoding=\"async\" src=\"https:\/\/www.camping-hautsderosans.com\/wp-content\/uploads\/2020\/12\/randonnee-foret-100x88.jpg\" data-src=\"https:\/\/www.camping-hautsderosans.com\/wp-content\/uploads\/2020\/12\/randonnee-foret.jpg\" alt=\"\" class=\"\" \/><\/div><\/div><div class=\"slide \"><div class=\"slide_image\"><img decoding=\"async\" src=\"https:\/\/www.camping-hautsderosans.com\/wp-content\/uploads\/2020\/12\/eau-montagne-100x88.jpg\" data-src=\"https:\/\/www.camping-hautsderosans.com\/wp-content\/uploads\/2020\/12\/eau-montagne.jpg\" alt=\"\" class=\"\" \/><\/div><\/div><div class=\"slide \"><div class=\"slide_image\"><img decoding=\"async\" src=\"https:\/\/www.camping-hautsderosans.com\/wp-content\/uploads\/2020\/12\/montagne-ceuse-100x88.jpg\" data-src=\"https:\/\/www.camping-hautsderosans.com\/wp-content\/uploads\/2020\/12\/montagne-ceuse.jpg\" alt=\"\" class=\"\" \/><\/div><\/div><\/div><\/div><\/section>\n\n<section id=\"section-5fbce157ac762\"\" class=\"section bg-white p-t-0 p-b-0\" \/><div class=\"container full\"><div class=\"colonnes-wrap valign-middle \"><div class=\"element colonne p-0\"><div class=\"element images\"><div class=\"image\"><img decoding=\"async\" src=\"https:\/\/www.camping-hautsderosans.com\/wp-content\/uploads\/2020\/12\/fleur-lavande-100x45.jpg\" data-src=\"https:\/\/www.camping-hautsderosans.com\/wp-content\/uploads\/2020\/12\/fleur-lavande.jpg\" alt=\"Lavendelbl\u00fcte\" class=\"images_image p-b-1\" \/><\/div><\/div><div class=\"element images\"><div class=\"image\"><img decoding=\"async\" src=\"https:\/\/www.camping-hautsderosans.com\/wp-content\/uploads\/2020\/12\/huile-lavande-100x45.jpg\" data-src=\"https:\/\/www.camping-hautsderosans.com\/wp-content\/uploads\/2020\/12\/huile-lavande.jpg\" alt=\"Lavendel\u00f6l\" class=\"images_image p-b-1\" \/><\/div><\/div><\/div><div class=\"element colonne \"><h2 class=\"element section-title justify m-t-6 color2\">Ein origineller Ort auf halbem Weg zwischen der Provence und den Alpen<\/h2><div class=\"element bloc-text justify \">\n\t<p><em>L\u00e4nder haben wie Menschen einen Adel, den man nur durch Ann\u00e4herung und freundliche Gesellschaft kennenlernen kann. Und es gibt kein m\u00e4chtigeres Werkzeug f\u00fcr die Ann\u00e4herung und Frequentierung als das Gehen. (&#8230;) Der Vorgang des Gehens bedeutet, sich in eine Lupe oder ein Fernrohr zu verwandeln. &#8222;<\/em>  J. Giono; Auszug aus einer Kolumne in der Dauphin\u00e9 Lib\u00e9r\u00e9 vom 15. Oktober 1967 mit dem Titel &#8222;la marche \u00e0 pied&#8220;.<\/p>\n<p>Das Pays du Bu\u00ebch ist ein von Klimatologen und Geologen hoch gesch\u00e4tztes Gebiet und bietet eine <strong class=\"bold color1\">Vielfalt an Fauna und Flora<\/strong>, vor allem wegen seiner privilegierten Lage zwischen zwei besonders gesch\u00e4tzten Gebieten: der Provence auf der einen und den Alpen auf der anderen Seite.<\/p>\n<p>Das Klima profitiert von einem <strong class=\"bold color1\">mediterranen Einfluss<\/strong> mit insbesondere einer Luftfeuchtigkeit und Sonnenscheindauer, die der C\u00f4te d&#8217;Azur in nichts nachsteht. Was den Kuss betrifft, so reinigt er sanft die Wolken und verleiht dem Himmel des Pays du Bu\u00ebch seine charakteristische blaue Farbe. <\/p>\n<p>Als Land des Wohlbefindens und der Entdeckung birgt das Pays du Bu\u00ebch viele Sch\u00e4tze, die es zu entdecken gilt&#8230;<\/p>\n<\/div><\/div><\/div><\/div><\/section>\n\n<section id=\"section-5fbce693431df\"\" class=\"section bg-white\" \/><div class=\"container extralarge\"><div class=\"element section-title center titre-cta\">Besuchen Sie das Pays du Bu\u00ebch und seine Umgebung<\/div><ul class=\"liste-de-page articles\"><li class=\"element call-to-action carre call-to-action--style-1 call-to-action--normal\"><a href=\"https:\/\/www.camping-hautsderosans.com\/de\/campingplatz-baronnies\/\"  class=\"call-to-action_link\" title=\"Erfahren Sie mehr \u00fcber baronnies\"><div class=\"call-to-action_image\"><img decoding=\"async\" src=\"https:\/\/www.camping-hautsderosans.com\/wp-content\/uploads\/2020\/12\/olive-arbre-100x24.jpg\" data-src=\"https:\/\/www.camping-hautsderosans.com\/wp-content\/uploads\/2020\/12\/olive-arbre.jpg\" alt=\"\" class=\"normal\" \/><\/div><div class=\"call-to-action_contenu\"><div class=\"call-to-action_titre\">Baronnies<\/div><\/div><\/a><\/li><li class=\"element call-to-action carre call-to-action--style-1 call-to-action--normal call-to-action--style-1 call-to-action--normal\"><a href=\"https:\/\/www.camping-hautsderosans.com\/de\/campingplatz-drome-provencale\/\"  class=\"call-to-action_link\" title=\"Erfahren Sie mehr \u00fcber dr\u00f4me proven\u00e7ale\"><div class=\"call-to-action_image\"><img decoding=\"async\" src=\"https:\/\/www.camping-hautsderosans.com\/wp-content\/uploads\/2020\/12\/lavande-fleur-100x24.jpg\" data-src=\"https:\/\/www.camping-hautsderosans.com\/wp-content\/uploads\/2020\/12\/lavande-fleur.jpg\" alt=\"\" class=\"normal\" \/><\/div><div class=\"call-to-action_contenu\"><div class=\"call-to-action_titre\">Dr\u00f4me proven\u00e7ale<\/div><\/div><\/a><\/li><li class=\"element call-to-action carre call-to-action--style-1 call-to-action--normal call-to-action--style-1 call-to-action--normal call-to-action--style-1 call-to-action--normal\"><a href=\"https:\/\/www.camping-hautsderosans.com\/de\/tourismus-hautes-alpes\/\"  class=\"call-to-action_link\" title=\"Erfahren Sie mehr \u00fcber die hochalpen\"><div class=\"call-to-action_image\"><img decoding=\"async\" src=\"https:\/\/www.camping-hautsderosans.com\/wp-content\/uploads\/2021\/01\/vacances-hautes-alpes-100x24.jpg\" data-src=\"https:\/\/www.camping-hautsderosans.com\/wp-content\/uploads\/2021\/01\/vacances-hautes-alpes.jpg\" alt=\"week-end hautes-alpes\" class=\"normal\" \/><\/div><div class=\"call-to-action_contenu\"><div class=\"call-to-action_titre\">Die Hochalpen<\/div><\/div><\/a><\/li><\/ul><\/div><\/section>","protected":false},"excerpt":{"rendered":"","protected":false},"author":1,"featured_media":3593,"parent":0,"menu_order":0,"comment_status":"closed","ping_status":"closed","template":"","meta":{"_acf_changed":false,"footnotes":""},"acf":[],"yoast_head":"<!-- This site is optimized with the Yoast SEO plugin v23.4 - https:\/\/yoast.com\/wordpress\/plugins\/seo\/ -->\n<title>Campingplatz in der N\u00e4he des Pays du Bu\u00ebch | Besuchen Sie das Pays du Bu\u00ebch in Hautes-Alpes<\/title>\n<meta name=\"robots\" content=\"index, follow, max-snippet:-1, max-image-preview:large, max-video-preview:-1\" \/>\n<link rel=\"canonical\" href=\"https:\/\/www.camping-hautsderosans.com\/de\/campingplatz-pays-du-buech\/\" \/>\n<meta property=\"og:locale\" content=\"de_DE\" \/>\n<meta property=\"og:type\" content=\"article\" \/>\n<meta property=\"og:title\" content=\"Campingplatz in der N\u00e4he des Pays du Bu\u00ebch | Besuchen Sie das Pays du Bu\u00ebch in Hautes-Alpes\" \/>\n<meta property=\"og:url\" content=\"https:\/\/www.camping-hautsderosans.com\/de\/campingplatz-pays-du-buech\/\" \/>\n<meta property=\"og:site_name\" content=\"Camping les Hauts de Rosans\" \/>\n<meta property=\"article:modified_time\" content=\"2021-02-01T09:05:36+00:00\" \/>\n<meta property=\"og:image\" content=\"https:\/\/www.camping-hautsderosans.com\/wp-content\/uploads\/2020\/12\/lavand-fleure.jpg\" \/>\n\t<meta property=\"og:image:width\" content=\"1903\" \/>\n\t<meta property=\"og:image:height\" content=\"450\" \/>\n\t<meta property=\"og:image:type\" content=\"image\/jpeg\" \/>\n<meta name=\"twitter:card\" content=\"summary_large_image\" \/>\n<script type=\"application\/ld+json\" class=\"yoast-schema-graph\">{\"@context\":\"https:\/\/schema.org\",\"@graph\":[{\"@type\":\"WebPage\",\"@id\":\"https:\/\/www.camping-hautsderosans.com\/de\/campingplatz-pays-du-buech\/\",\"url\":\"https:\/\/www.camping-hautsderosans.com\/de\/campingplatz-pays-du-buech\/\",\"name\":\"Campingplatz in der N\u00e4he des Pays du Bu\u00ebch | Besuchen Sie das Pays du Bu\u00ebch in Hautes-Alpes\",\"isPartOf\":{\"@id\":\"https:\/\/www.camping-hautsderosans.com\/de\/#website\"},\"primaryImageOfPage\":{\"@id\":\"https:\/\/www.camping-hautsderosans.com\/de\/campingplatz-pays-du-buech\/#primaryimage\"},\"image\":{\"@id\":\"https:\/\/www.camping-hautsderosans.com\/de\/campingplatz-pays-du-buech\/#primaryimage\"},\"thumbnailUrl\":\"https:\/\/www.camping-hautsderosans.com\/wp-content\/uploads\/2020\/12\/lavand-fleure.jpg\",\"datePublished\":\"2020-11-17T06:31:21+00:00\",\"dateModified\":\"2021-02-01T09:05:36+00:00\",\"breadcrumb\":{\"@id\":\"https:\/\/www.camping-hautsderosans.com\/de\/campingplatz-pays-du-buech\/#breadcrumb\"},\"inLanguage\":\"de\",\"potentialAction\":[{\"@type\":\"ReadAction\",\"target\":[\"https:\/\/www.camping-hautsderosans.com\/de\/campingplatz-pays-du-buech\/\"]}]},{\"@type\":\"ImageObject\",\"inLanguage\":\"de\",\"@id\":\"https:\/\/www.camping-hautsderosans.com\/de\/campingplatz-pays-du-buech\/#primaryimage\",\"url\":\"https:\/\/www.camping-hautsderosans.com\/wp-content\/uploads\/2020\/12\/lavand-fleure.jpg\",\"contentUrl\":\"https:\/\/www.camping-hautsderosans.com\/wp-content\/uploads\/2020\/12\/lavand-fleure.jpg\",\"width\":1903,\"height\":450},{\"@type\":\"BreadcrumbList\",\"@id\":\"https:\/\/www.camping-hautsderosans.com\/de\/campingplatz-pays-du-buech\/#breadcrumb\",\"itemListElement\":[{\"@type\":\"ListItem\",\"position\":1,\"name\":\"Campingplatz Hautes-Alpes\",\"item\":\"https:\/\/www.camping-hautsderosans.com\/de\/\"},{\"@type\":\"ListItem\",\"position\":2,\"name\":\"Umgebung: Buech-Land\"}]},{\"@type\":\"WebSite\",\"@id\":\"https:\/\/www.camping-hautsderosans.com\/de\/#website\",\"url\":\"https:\/\/www.camping-hautsderosans.com\/de\/\",\"name\":\"Camping les Hauts de Rosans\",\"description\":\"\",\"potentialAction\":[{\"@type\":\"SearchAction\",\"target\":{\"@type\":\"EntryPoint\",\"urlTemplate\":\"https:\/\/www.camping-hautsderosans.com\/de\/?s={search_term_string}\"},\"query-input\":{\"@type\":\"PropertyValueSpecification\",\"valueRequired\":true,\"valueName\":\"search_term_string\"}}],\"inLanguage\":\"de\"}]}<\/script>\n<!-- \/ Yoast SEO plugin. -->","yoast_head_json":{"title":"Campingplatz in der N\u00e4he des Pays du Bu\u00ebch | Besuchen Sie das Pays du Bu\u00ebch in Hautes-Alpes","robots":{"index":"index","follow":"follow","max-snippet":"max-snippet:-1","max-image-preview":"max-image-preview:large","max-video-preview":"max-video-preview:-1"},"canonical":"https:\/\/www.camping-hautsderosans.com\/de\/campingplatz-pays-du-buech\/","og_locale":"de_DE","og_type":"article","og_title":"Campingplatz in der N\u00e4he des Pays du Bu\u00ebch | Besuchen Sie das Pays du Bu\u00ebch in Hautes-Alpes","og_url":"https:\/\/www.camping-hautsderosans.com\/de\/campingplatz-pays-du-buech\/","og_site_name":"Camping les Hauts de Rosans","article_modified_time":"2021-02-01T09:05:36+00:00","og_image":[{"width":1903,"height":450,"url":"https:\/\/www.camping-hautsderosans.com\/wp-content\/uploads\/2020\/12\/lavand-fleure.jpg","type":"image\/jpeg"}],"twitter_card":"summary_large_image","schema":{"@context":"https:\/\/schema.org","@graph":[{"@type":"WebPage","@id":"https:\/\/www.camping-hautsderosans.com\/de\/campingplatz-pays-du-buech\/","url":"https:\/\/www.camping-hautsderosans.com\/de\/campingplatz-pays-du-buech\/","name":"Campingplatz in der N\u00e4he des Pays du Bu\u00ebch | Besuchen Sie das Pays du Bu\u00ebch in Hautes-Alpes","isPartOf":{"@id":"https:\/\/www.camping-hautsderosans.com\/de\/#website"},"primaryImageOfPage":{"@id":"https:\/\/www.camping-hautsderosans.com\/de\/campingplatz-pays-du-buech\/#primaryimage"},"image":{"@id":"https:\/\/www.camping-hautsderosans.com\/de\/campingplatz-pays-du-buech\/#primaryimage"},"thumbnailUrl":"https:\/\/www.camping-hautsderosans.com\/wp-content\/uploads\/2020\/12\/lavand-fleure.jpg","datePublished":"2020-11-17T06:31:21+00:00","dateModified":"2021-02-01T09:05:36+00:00","breadcrumb":{"@id":"https:\/\/www.camping-hautsderosans.com\/de\/campingplatz-pays-du-buech\/#breadcrumb"},"inLanguage":"de","potentialAction":[{"@type":"ReadAction","target":["https:\/\/www.camping-hautsderosans.com\/de\/campingplatz-pays-du-buech\/"]}]},{"@type":"ImageObject","inLanguage":"de","@id":"https:\/\/www.camping-hautsderosans.com\/de\/campingplatz-pays-du-buech\/#primaryimage","url":"https:\/\/www.camping-hautsderosans.com\/wp-content\/uploads\/2020\/12\/lavand-fleure.jpg","contentUrl":"https:\/\/www.camping-hautsderosans.com\/wp-content\/uploads\/2020\/12\/lavand-fleure.jpg","width":1903,"height":450},{"@type":"BreadcrumbList","@id":"https:\/\/www.camping-hautsderosans.com\/de\/campingplatz-pays-du-buech\/#breadcrumb","itemListElement":[{"@type":"ListItem","position":1,"name":"Campingplatz Hautes-Alpes","item":"https:\/\/www.camping-hautsderosans.com\/de\/"},{"@type":"ListItem","position":2,"name":"Umgebung: Buech-Land"}]},{"@type":"WebSite","@id":"https:\/\/www.camping-hautsderosans.com\/de\/#website","url":"https:\/\/www.camping-hautsderosans.com\/de\/","name":"Camping les Hauts de Rosans","description":"","potentialAction":[{"@type":"SearchAction","target":{"@type":"EntryPoint","urlTemplate":"https:\/\/www.camping-hautsderosans.com\/de\/?s={search_term_string}"},"query-input":{"@type":"PropertyValueSpecification","valueRequired":true,"valueName":"search_term_string"}}],"inLanguage":"de"}]}},"_links":{"self":[{"href":"https:\/\/www.camping-hautsderosans.com\/de\/wp-json\/wp\/v2\/pages\/6980"}],"collection":[{"href":"https:\/\/www.camping-hautsderosans.com\/de\/wp-json\/wp\/v2\/pages"}],"about":[{"href":"https:\/\/www.camping-hautsderosans.com\/de\/wp-json\/wp\/v2\/types\/page"}],"author":[{"embeddable":true,"href":"https:\/\/www.camping-hautsderosans.com\/de\/wp-json\/wp\/v2\/users\/1"}],"replies":[{"embeddable":true,"href":"https:\/\/www.camping-hautsderosans.com\/de\/wp-json\/wp\/v2\/comments?post=6980"}],"version-history":[{"count":10,"href":"https:\/\/www.camping-hautsderosans.com\/de\/wp-json\/wp\/v2\/pages\/6980\/revisions"}],"predecessor-version":[{"id":8176,"href":"https:\/\/www.camping-hautsderosans.com\/de\/wp-json\/wp\/v2\/pages\/6980\/revisions\/8176"}],"wp:featuredmedia":[{"embeddable":true,"href":"https:\/\/www.camping-hautsderosans.com\/de\/wp-json\/wp\/v2\/media\/3593"}],"wp:attachment":[{"href":"https:\/\/www.camping-hautsderosans.com\/de\/wp-json\/wp\/v2\/media?parent=6980"}],"curies":[{"name":"wp","href":"https:\/\/api.w.org\/{rel}","templated":true}]}}