{"id":7029,"date":"2020-11-17T07:32:08","date_gmt":"2020-11-17T06:32:08","guid":{"rendered":"https:\/\/www.camping-hautsderosans.com\/villages-perches-provence\/"},"modified":"2021-02-01T10:05:50","modified_gmt":"2021-02-01T09:05:50","slug":"hohendorfer-provence","status":"publish","type":"page","link":"https:\/\/www.camping-hautsderosans.com\/de\/hohendorfer-provence\/","title":{"rendered":"Umgebung: Abgelegene D\u00f6rfer"},"content":{"rendered":"<section id=\"section-5fbce69341afa\"\" class=\"section bg-white\" \/><div class=\"container extralarge\"><h1 class=\"element section-title center color2\">Die hochgelegenen D\u00f6rfer der Hautes-Alpes<\/h1><\/div><\/section>\n\n<section id=\"section-5fbce6934225f\"\" class=\"section bg-white p-t-0 p-b-0\" \/><div class=\"container full\"><div class=\"colonnes-wrap valign-middle \"><div class=\"element colonne \"><div class=\"element bloc-text justify \">\n\t<p>Von den Gipfeln der sonnigen Bergh\u00e4nge sind die <strong class=\"bold color1\">Perched Villages<\/strong> wahre <strong class=\"bold color1\">Befestigungsgrenzen<\/strong>. An jeder Stra\u00dfenecke eine \u00dcberraschung: ein geheimnisvoller \u00fcberdachter Durchgang, ein schattiger Platz, eine alte T\u00fcr, die auf wundersame Weise erhalten ist &#8230; Wenn man durch ihre <strong class=\"bold color1\">friedlichen Gassen<\/strong> spaziert, ahnt der Spazierg\u00e4nger nicht, dass diese sch\u00f6nen Steine eine turbulente <strong class=\"bold color1\">vergangene turbulente<\/strong> Vergangenheit beinhalten. <\/p>\n<\/div><h2 class=\"element section-title justify m-t-6 color2\">Rosans und seine Umgebung<\/h2><div class=\"element bloc-text justify \">\n\t<p>Die mehrfachen Invasionen, die unaufh\u00f6rlichen K\u00e4mpfe zwischen Dauphin\u00e9 und Provence, die Religionskriege, sind alles Gr\u00fcnde, sich hoch aufzustellen, um Angriffe zu antizipieren und den Feind zu beherrschen.<\/p>\n<p>So scheint die Zeit bei Rosans stehen geblieben zu sein, dessen Ursprung mindestens auf die <strong class=\"bold color1\">gallor\u00f6mische Zeit<\/strong> zur\u00fcckgeht. Man betritt durch mehrere Tore diesen <strong class=\"bold color1\">befestigten mittelalterlichen Stadtteil<\/strong>, der sich um einen riesigen quadratischen Turm aus dem 13. Jahrhundert mit diamantgeschliffenen Steinbl\u00f6cken schart.<\/p>\n<p>Dieser Turm, der die <strong class=\"bold color1\">Gorges de l&#8217;Eygues<\/strong> \u00fcberragt, verdient wirklich einen kleinen Abstecher in das benachbarte Departement Dr\u00f4me. Alle Treppen, es atmet eine andere Zeit: eine kleine Kirche mit runder Apsis, die Reste der Stadtmauer, der Brunnen, die Sonnenuhren, die Ruinen der Abtei von Bodon. <\/p>\n<p>Zur\u00fcck in den Hautes-Alpes und nicht weit von Rosans entfernt, verlassen Sie die Stra\u00dfe von Serres zum Col de la Saulce f\u00fcr eine kleine Abzweigung, die Sie \u00fcber den Col des Tourettes nach <strong class=\"bold color1\">Montmorin<\/strong> f\u00fchren wird. Nachdem Sie die herrliche Aussicht \u00fcber das Oule-Tal genossen haben, wird es gut sein, in den <strong class=\"bold color1\"> schmalen Graten<\/strong> dieses kleinen Dorfes im provenzalischen Stil zu schlendern. Sie werden seine Kirche aus dem 15. Jahrhundert und die <strong class=\"bold color1\">Ruinen der herrschaftlichen Burg<\/strong> entdecken. Auch hier bietet sich Ihnen ein herrliches Panorama.<\/p>\n<p>Zehn Minuten n\u00f6rdlich von Serres empf\u00e4ngt Sie <strong class=\"bold color1\">die B\u00e2tie-Montsal\u00e9on<\/strong>, eine alte gallo-r\u00f6mische Stadt, mit ihren auf einem H\u00fcgel mit sehr regelm\u00e4\u00dfigen Konturen verstreuten Residenzen. Verpassen Sie nicht seine <strong class=\"bold color1\">Kirche mit Arkaden-Glockenturm<\/strong> und die <strong class=\"bold color1\">Reste seiner Burg<\/strong>.<\/p>\n<\/div><\/div><div class=\"element colonne p-0\"><div class=\"element images\"><div class=\"image\"><img decoding=\"async\" src=\"https:\/\/www.camping-hautsderosans.com\/wp-content\/uploads\/2020\/12\/st-may-100x45.jpg\" data-src=\"https:\/\/www.camping-hautsderosans.com\/wp-content\/uploads\/2020\/12\/st-may.jpg\" alt=\"st may\" class=\"images_image p-b-1\" \/><\/div><\/div><div class=\"element images\"><div class=\"image\"><img decoding=\"async\" src=\"https:\/\/www.camping-hautsderosans.com\/wp-content\/uploads\/2020\/12\/eglise-montmorin-100x45.jpg\" data-src=\"https:\/\/www.camping-hautsderosans.com\/wp-content\/uploads\/2020\/12\/eglise-montmorin.jpg\" alt=\"Kirche montmorin\" class=\"images_image p-b-1\" \/><\/div><\/div><\/div><\/div><\/div><\/section>\n\n<section id=\"section-groupe\"\" class=\"section bg-white p-t-0 p-b-0\" \/><div class=\"container full\"><div class=\"accordeon\"><div class=\"slide \"><div class=\"slide_image\"><img decoding=\"async\" src=\"https:\/\/www.camping-hautsderosans.com\/wp-content\/uploads\/2020\/12\/gorges-st-may-100x88.jpg\" data-src=\"https:\/\/www.camping-hautsderosans.com\/wp-content\/uploads\/2020\/12\/gorges-st-may.jpg\" alt=\"\" class=\"\" \/><\/div><\/div><div class=\"slide \"><div class=\"slide_image\"><img decoding=\"async\" src=\"https:\/\/www.camping-hautsderosans.com\/wp-content\/uploads\/2020\/12\/saleon-vue-100x88.jpg\" data-src=\"https:\/\/www.camping-hautsderosans.com\/wp-content\/uploads\/2020\/12\/saleon-vue.jpg\" alt=\"\" class=\"\" \/><\/div><\/div><div class=\"slide \"><div class=\"slide_image\"><img decoding=\"async\" src=\"https:\/\/www.camping-hautsderosans.com\/wp-content\/uploads\/2020\/12\/tour-montmorin-100x88.jpg\" data-src=\"https:\/\/www.camping-hautsderosans.com\/wp-content\/uploads\/2020\/12\/tour-montmorin.jpg\" alt=\"\" class=\"\" \/><\/div><\/div><div class=\"slide \"><div class=\"slide_image\"><img decoding=\"async\" src=\"https:\/\/www.camping-hautsderosans.com\/wp-content\/uploads\/2020\/12\/rosans-vue-100x88.jpg\" data-src=\"https:\/\/www.camping-hautsderosans.com\/wp-content\/uploads\/2020\/12\/rosans-vue.jpg\" alt=\"\" class=\"\" \/><\/div><\/div><\/div><\/div><\/section>\n\n<section id=\"section-5fbce157ac762\"\" class=\"section bg-white p-t-0 p-b-0\" \/><div class=\"container full\"><div class=\"colonnes-wrap valign-middle \"><div class=\"element colonne p-0\"><div class=\"element images\"><div class=\"image\"><img decoding=\"async\" src=\"https:\/\/www.camping-hautsderosans.com\/wp-content\/uploads\/2020\/12\/saleon-village-100x45.jpg\" data-src=\"https:\/\/www.camping-hautsderosans.com\/wp-content\/uploads\/2020\/12\/saleon-village.jpg\" alt=\"saleon dorf\" class=\"images_image p-b-1\" \/><\/div><\/div><div class=\"element images\"><div class=\"image\"><img decoding=\"async\" src=\"https:\/\/www.camping-hautsderosans.com\/wp-content\/uploads\/2020\/12\/upaix-village-100x45.jpg\" data-src=\"https:\/\/www.camping-hautsderosans.com\/wp-content\/uploads\/2020\/12\/upaix-village.jpg\" alt=\"upaix dorf\" class=\"images_image p-b-1\" \/><\/div><\/div><\/div><div class=\"element colonne \"><h2 class=\"element section-title justify m-t-6 color2\">Auf der Seite von Laragne und Orpierre<\/h2><div class=\"element bloc-text justify \">\n\t<p><strong class=\"bold color1\">Sal\u00e9on<\/strong>, in der N\u00e4he von Orpierre, war in r\u00f6mischer Zeit ein Ort der <strong class=\"bold color1\">Fliesenherstellung<\/strong>; es ist als Lehen der <strong class=\"bold color1\">m\u00e4chtigen Barone von M\u00e9vouillon<\/strong> ausgezeichnet, deren Wappen ein Haus im Dorf schm\u00fcckt. Man kann eine Kapelle und die Ruinen einer Burg aus dem 14. Jahrhundert bewundern.<\/p>\n<p>Ein kleiner &#8222;Sprung&#8220; mit dem Auto und schon taucht Lagrand auf, angelehnt an ein altes gallisches Oppidum. Dieses charaktervolle Dorf mit seinen <strong class=\"bold color1\">H\u00e4usern mit Arkaden<\/strong> und <strong class=\"bold color1\">Fenstern mit gravierten St\u00fcrzen<\/strong> verbirgt ein Juwel der <strong class=\"bold color1\">provenzalischen romanischen Kunst<\/strong> : die Kirche der Geburt von Notre-Dame, klassifiziert als <strong class=\"bold color1\">Historisches Denkmal<\/strong>.<\/p>\n<p>Weiter geht es nach <strong class=\"bold color1\">Chanousse<\/strong> und seiner Kirche, die mit einer sch\u00f6nen Sonnenuhr geschm\u00fcckt ist, genie\u00dfen Sie den Aussichtspunkt auf das <strong class=\"bold color1\">Blaisance-Tal<\/strong>.<\/p>\n<p>\u00d6stlich von Laragne-Mont\u00e9glin dominiert <strong class=\"bold color1\">Upaix<\/strong> die T\u00e4ler der Durance und des Bu\u00ebch. Die denkmalgesch\u00fctzte Kirche aus dem 14. Jahrhundert, die Kapelle und die sch\u00f6nen Renaissance-Geb\u00e4ude sind nur einige der vielen Zeugnisse der reichen Vergangenheit der Stadt. Von der <strong class=\"bold color1\">Ruine eines Turms<\/strong>, die sich auf der Spitze des H\u00fcgels befindet, bietet ein Orientierungstisch schlie\u00dflich ein au\u00dfergew\u00f6hnliches 360\u00b0-Panorama.<\/p>\n<p>Organisieren Sie jetzt Ihren Urlaub, wir freuen uns darauf, Sie unsere sch\u00f6nen T\u00e4ler von diesen charaktervollen D\u00f6rfern aus entdecken zu lassen und Ihnen dabei einen hochwertigen Aufenthalt auf dem <a href=\"\/de\/\">Camping Hauts de Rosans<\/a> zu garantieren.<\/p>\n<\/div><\/div><\/div><\/div><\/section>\n\n<section id=\"section-5fbce693431df\"\" class=\"section bg-white\" \/><div class=\"container extralarge\"><div class=\"element section-title center titre-cta\">Besuchen Sie die D\u00f6rfer auf den H\u00fcgeln und ihre Umgebung<\/div><ul class=\"liste-de-page articles\"><li class=\"element call-to-action carre call-to-action--style-1 call-to-action--normal\"><a href=\"https:\/\/www.camping-hautsderosans.com\/de\/campingplatz-baronnies\/\"  class=\"call-to-action_link\" title=\"Erfahren Sie mehr \u00fcber baronnies\"><div class=\"call-to-action_image\"><img decoding=\"async\" src=\"https:\/\/www.camping-hautsderosans.com\/wp-content\/uploads\/2020\/12\/olive-arbre-100x24.jpg\" data-src=\"https:\/\/www.camping-hautsderosans.com\/wp-content\/uploads\/2020\/12\/olive-arbre.jpg\" alt=\"\" class=\"normal\" \/><\/div><div class=\"call-to-action_contenu\"><div class=\"call-to-action_titre\">Baronnies<\/div><\/div><\/a><\/li><li class=\"element call-to-action carre call-to-action--style-1 call-to-action--normal call-to-action--style-1 call-to-action--normal\"><a href=\"https:\/\/www.camping-hautsderosans.com\/de\/tourismus-hautes-alpes\/\"  class=\"call-to-action_link\" title=\"Erfahren Sie mehr \u00fcber die hochalpen\"><div class=\"call-to-action_image\"><img decoding=\"async\" src=\"https:\/\/www.camping-hautsderosans.com\/wp-content\/uploads\/2021\/01\/vacances-hautes-alpes-100x24.jpg\" data-src=\"https:\/\/www.camping-hautsderosans.com\/wp-content\/uploads\/2021\/01\/vacances-hautes-alpes.jpg\" alt=\"week-end hautes-alpes\" class=\"normal\" \/><\/div><div class=\"call-to-action_contenu\"><div class=\"call-to-action_titre\">Die Hochalpen<\/div><\/div><\/a><\/li><li class=\"element call-to-action carre call-to-action--style-1 call-to-action--normal call-to-action--style-1 call-to-action--normal call-to-action--style-1 call-to-action--normal\"><a href=\"https:\/\/www.camping-hautsderosans.com\/de\/campingplatz-pays-du-buech\/\"  class=\"call-to-action_link\" title=\"Erfahren Sie mehr \u00fcber umgebung: buech-land\"><div class=\"call-to-action_image\"><img decoding=\"async\" src=\"https:\/\/www.camping-hautsderosans.com\/wp-content\/uploads\/2020\/12\/lavand-fleure-100x24.jpg\" data-src=\"https:\/\/www.camping-hautsderosans.com\/wp-content\/uploads\/2020\/12\/lavand-fleure.jpg\" alt=\"\" class=\"normal\" \/><\/div><div class=\"call-to-action_contenu\"><div class=\"call-to-action_titre\">Umgebung: Buech-Land<\/div><\/div><\/a><\/li><\/ul><\/div><\/section>","protected":false},"excerpt":{"rendered":"","protected":false},"author":1,"featured_media":3830,"parent":0,"menu_order":0,"comment_status":"closed","ping_status":"closed","template":"","meta":{"_acf_changed":false,"footnotes":""},"acf":[],"yoast_head":"<!-- This site is optimized with the Yoast SEO plugin v23.4 - https:\/\/yoast.com\/wordpress\/plugins\/seo\/ -->\n<title>Campingplatz in der N\u00e4he von H\u00f6hend\u00f6rfern | Besuchen Sie H\u00f6hend\u00f6rfer in Hautes-Alpes<\/title>\n<meta name=\"robots\" content=\"index, follow, max-snippet:-1, max-image-preview:large, max-video-preview:-1\" \/>\n<link rel=\"canonical\" href=\"https:\/\/www.camping-hautsderosans.com\/de\/hohendorfer-provence\/\" \/>\n<meta property=\"og:locale\" content=\"de_DE\" \/>\n<meta property=\"og:type\" content=\"article\" \/>\n<meta property=\"og:title\" content=\"Campingplatz in der N\u00e4he von H\u00f6hend\u00f6rfern | Besuchen Sie H\u00f6hend\u00f6rfer in Hautes-Alpes\" \/>\n<meta property=\"og:url\" content=\"https:\/\/www.camping-hautsderosans.com\/de\/hohendorfer-provence\/\" \/>\n<meta property=\"og:site_name\" content=\"Camping les Hauts de Rosans\" \/>\n<meta property=\"article:modified_time\" content=\"2021-02-01T09:05:50+00:00\" \/>\n<meta property=\"og:image\" content=\"https:\/\/www.camping-hautsderosans.com\/wp-content\/uploads\/2020\/12\/saint-may-village-1.jpg\" \/>\n\t<meta property=\"og:image:width\" content=\"1903\" \/>\n\t<meta property=\"og:image:height\" content=\"450\" \/>\n\t<meta property=\"og:image:type\" content=\"image\/jpeg\" \/>\n<meta name=\"twitter:card\" content=\"summary_large_image\" \/>\n<script type=\"application\/ld+json\" class=\"yoast-schema-graph\">{\"@context\":\"https:\/\/schema.org\",\"@graph\":[{\"@type\":\"WebPage\",\"@id\":\"https:\/\/www.camping-hautsderosans.com\/de\/hohendorfer-provence\/\",\"url\":\"https:\/\/www.camping-hautsderosans.com\/de\/hohendorfer-provence\/\",\"name\":\"Campingplatz in der N\u00e4he von H\u00f6hend\u00f6rfern | Besuchen Sie H\u00f6hend\u00f6rfer in Hautes-Alpes\",\"isPartOf\":{\"@id\":\"https:\/\/www.camping-hautsderosans.com\/de\/#website\"},\"primaryImageOfPage\":{\"@id\":\"https:\/\/www.camping-hautsderosans.com\/de\/hohendorfer-provence\/#primaryimage\"},\"image\":{\"@id\":\"https:\/\/www.camping-hautsderosans.com\/de\/hohendorfer-provence\/#primaryimage\"},\"thumbnailUrl\":\"https:\/\/www.camping-hautsderosans.com\/wp-content\/uploads\/2020\/12\/saint-may-village-1.jpg\",\"datePublished\":\"2020-11-17T06:32:08+00:00\",\"dateModified\":\"2021-02-01T09:05:50+00:00\",\"breadcrumb\":{\"@id\":\"https:\/\/www.camping-hautsderosans.com\/de\/hohendorfer-provence\/#breadcrumb\"},\"inLanguage\":\"de\",\"potentialAction\":[{\"@type\":\"ReadAction\",\"target\":[\"https:\/\/www.camping-hautsderosans.com\/de\/hohendorfer-provence\/\"]}]},{\"@type\":\"ImageObject\",\"inLanguage\":\"de\",\"@id\":\"https:\/\/www.camping-hautsderosans.com\/de\/hohendorfer-provence\/#primaryimage\",\"url\":\"https:\/\/www.camping-hautsderosans.com\/wp-content\/uploads\/2020\/12\/saint-may-village-1.jpg\",\"contentUrl\":\"https:\/\/www.camping-hautsderosans.com\/wp-content\/uploads\/2020\/12\/saint-may-village-1.jpg\",\"width\":1903,\"height\":450},{\"@type\":\"BreadcrumbList\",\"@id\":\"https:\/\/www.camping-hautsderosans.com\/de\/hohendorfer-provence\/#breadcrumb\",\"itemListElement\":[{\"@type\":\"ListItem\",\"position\":1,\"name\":\"Campingplatz Hautes-Alpes\",\"item\":\"https:\/\/www.camping-hautsderosans.com\/de\/\"},{\"@type\":\"ListItem\",\"position\":2,\"name\":\"Entdecken Sie die D\u00f6rfer auf den H\u00fcgeln\"}]},{\"@type\":\"WebSite\",\"@id\":\"https:\/\/www.camping-hautsderosans.com\/de\/#website\",\"url\":\"https:\/\/www.camping-hautsderosans.com\/de\/\",\"name\":\"Camping les Hauts de Rosans\",\"description\":\"\",\"potentialAction\":[{\"@type\":\"SearchAction\",\"target\":{\"@type\":\"EntryPoint\",\"urlTemplate\":\"https:\/\/www.camping-hautsderosans.com\/de\/?s={search_term_string}\"},\"query-input\":{\"@type\":\"PropertyValueSpecification\",\"valueRequired\":true,\"valueName\":\"search_term_string\"}}],\"inLanguage\":\"de\"}]}<\/script>\n<!-- \/ Yoast SEO plugin. -->","yoast_head_json":{"title":"Campingplatz in der N\u00e4he von H\u00f6hend\u00f6rfern | Besuchen Sie H\u00f6hend\u00f6rfer in Hautes-Alpes","robots":{"index":"index","follow":"follow","max-snippet":"max-snippet:-1","max-image-preview":"max-image-preview:large","max-video-preview":"max-video-preview:-1"},"canonical":"https:\/\/www.camping-hautsderosans.com\/de\/hohendorfer-provence\/","og_locale":"de_DE","og_type":"article","og_title":"Campingplatz in der N\u00e4he von H\u00f6hend\u00f6rfern | Besuchen Sie H\u00f6hend\u00f6rfer in Hautes-Alpes","og_url":"https:\/\/www.camping-hautsderosans.com\/de\/hohendorfer-provence\/","og_site_name":"Camping les Hauts de Rosans","article_modified_time":"2021-02-01T09:05:50+00:00","og_image":[{"width":1903,"height":450,"url":"https:\/\/www.camping-hautsderosans.com\/wp-content\/uploads\/2020\/12\/saint-may-village-1.jpg","type":"image\/jpeg"}],"twitter_card":"summary_large_image","schema":{"@context":"https:\/\/schema.org","@graph":[{"@type":"WebPage","@id":"https:\/\/www.camping-hautsderosans.com\/de\/hohendorfer-provence\/","url":"https:\/\/www.camping-hautsderosans.com\/de\/hohendorfer-provence\/","name":"Campingplatz in der N\u00e4he von H\u00f6hend\u00f6rfern | Besuchen Sie H\u00f6hend\u00f6rfer in Hautes-Alpes","isPartOf":{"@id":"https:\/\/www.camping-hautsderosans.com\/de\/#website"},"primaryImageOfPage":{"@id":"https:\/\/www.camping-hautsderosans.com\/de\/hohendorfer-provence\/#primaryimage"},"image":{"@id":"https:\/\/www.camping-hautsderosans.com\/de\/hohendorfer-provence\/#primaryimage"},"thumbnailUrl":"https:\/\/www.camping-hautsderosans.com\/wp-content\/uploads\/2020\/12\/saint-may-village-1.jpg","datePublished":"2020-11-17T06:32:08+00:00","dateModified":"2021-02-01T09:05:50+00:00","breadcrumb":{"@id":"https:\/\/www.camping-hautsderosans.com\/de\/hohendorfer-provence\/#breadcrumb"},"inLanguage":"de","potentialAction":[{"@type":"ReadAction","target":["https:\/\/www.camping-hautsderosans.com\/de\/hohendorfer-provence\/"]}]},{"@type":"ImageObject","inLanguage":"de","@id":"https:\/\/www.camping-hautsderosans.com\/de\/hohendorfer-provence\/#primaryimage","url":"https:\/\/www.camping-hautsderosans.com\/wp-content\/uploads\/2020\/12\/saint-may-village-1.jpg","contentUrl":"https:\/\/www.camping-hautsderosans.com\/wp-content\/uploads\/2020\/12\/saint-may-village-1.jpg","width":1903,"height":450},{"@type":"BreadcrumbList","@id":"https:\/\/www.camping-hautsderosans.com\/de\/hohendorfer-provence\/#breadcrumb","itemListElement":[{"@type":"ListItem","position":1,"name":"Campingplatz Hautes-Alpes","item":"https:\/\/www.camping-hautsderosans.com\/de\/"},{"@type":"ListItem","position":2,"name":"Entdecken Sie die D\u00f6rfer auf den H\u00fcgeln"}]},{"@type":"WebSite","@id":"https:\/\/www.camping-hautsderosans.com\/de\/#website","url":"https:\/\/www.camping-hautsderosans.com\/de\/","name":"Camping les Hauts de Rosans","description":"","potentialAction":[{"@type":"SearchAction","target":{"@type":"EntryPoint","urlTemplate":"https:\/\/www.camping-hautsderosans.com\/de\/?s={search_term_string}"},"query-input":{"@type":"PropertyValueSpecification","valueRequired":true,"valueName":"search_term_string"}}],"inLanguage":"de"}]}},"_links":{"self":[{"href":"https:\/\/www.camping-hautsderosans.com\/de\/wp-json\/wp\/v2\/pages\/7029"}],"collection":[{"href":"https:\/\/www.camping-hautsderosans.com\/de\/wp-json\/wp\/v2\/pages"}],"about":[{"href":"https:\/\/www.camping-hautsderosans.com\/de\/wp-json\/wp\/v2\/types\/page"}],"author":[{"embeddable":true,"href":"https:\/\/www.camping-hautsderosans.com\/de\/wp-json\/wp\/v2\/users\/1"}],"replies":[{"embeddable":true,"href":"https:\/\/www.camping-hautsderosans.com\/de\/wp-json\/wp\/v2\/comments?post=7029"}],"version-history":[{"count":10,"href":"https:\/\/www.camping-hautsderosans.com\/de\/wp-json\/wp\/v2\/pages\/7029\/revisions"}],"predecessor-version":[{"id":8179,"href":"https:\/\/www.camping-hautsderosans.com\/de\/wp-json\/wp\/v2\/pages\/7029\/revisions\/8179"}],"wp:featuredmedia":[{"embeddable":true,"href":"https:\/\/www.camping-hautsderosans.com\/de\/wp-json\/wp\/v2\/media\/3830"}],"wp:attachment":[{"href":"https:\/\/www.camping-hautsderosans.com\/de\/wp-json\/wp\/v2\/media?parent=7029"}],"curies":[{"name":"wp","href":"https:\/\/api.w.org\/{rel}","templated":true}]}}