{"id":7056,"date":"2020-11-17T07:29:07","date_gmt":"2020-11-17T06:29:07","guid":{"rendered":"https:\/\/www.camping-hautsderosans.com\/camping-familial-provence\/"},"modified":"2022-11-30T14:39:25","modified_gmt":"2022-11-30T13:39:25","slug":"familiencampingplatz-provence","status":"publish","type":"page","link":"https:\/\/www.camping-hautsderosans.com\/de\/familiencampingplatz-provence\/","title":{"rendered":"Campingplatz : Aktivit\u00e4ten &#038; Unterhaltung"},"content":{"rendered":"<section id=\"section-5fbce69341afa\"\" class=\"section bg-white\" \/><div class=\"container extralarge\"><h1 class=\"element section-title center color2\">Aktivit\u00e4ten und Unterhaltung in Rosans<\/h1><\/div><\/section>\n\n<section id=\"section-5fbce6934225f\"\" class=\"section bg-white p-t-0 p-b-0\" \/><div class=\"container full\"><div class=\"colonnes-wrap valign-middle \"><div class=\"element colonne \"><div class=\"element bloc-text justify \">\n\t<p>Bei uns, auf dem Campingplatz Hauts de Rosans, werden Sie sich wie zu Hause f\u00fchlen. Jedes Mitglied des <strong class=\"bold color1\">Teams Melay<\/strong> steht zu Ihrer Verf\u00fcgung und tut alles, um Ihren Urlaub zu einem <strong class=\"bold color1\">Moment des reinen Gl\u00fccks<\/strong> zu machen und daf\u00fcr zu sorgen, dass Sie die Hautes-Alpes mit aufgeladenen Batterien und leuchtendem Herzen verlassen, mit nur einem Wunsch&#8230; bald wiederzukommen! <\/p>\n<\/div><h2 class=\"element section-title justify m-t-6 color2 undergras\">Kids &#038; Teens Club<\/h2><h3 class=\"element section-title justify m-t-6 color2\">Der Teenie-Club<\/h3><div class=\"element bloc-text justify \">\n\t<p>Der <a href=\"\/de\/\">Campingplatz Les Hauts de Rosans<\/a> im Parc des Baronnies Proven\u00e7ales bietet Teenagern zwischen 14 und 17 Jahren die M\u00f6glichkeit, gemeinsam ein <strong class=\"bold color1\">Aktivit\u00e4tsprogramm<\/strong> in fr\u00f6hlicher und guter Stimmung zu entwickeln. Die 7 Hektar unserer Dom\u00e4ne sind ein <strong class=\"bold color1\">echter Raum<\/strong>, um wunderbare Momente zu teilen.  <\/p>\n<\/div><h3 class=\"element section-title justify m-t-6 color2\">Kinder-Club<\/h3><div class=\"element bloc-text justify \">\n\t<p>Der Miniclub-Bereich, der in einem Chalet mit einer gro\u00dfen schattigen Terrasse eingerichtet ist, ist ein Ort, an dem sich Kinder von 4 bis 13 Jahren treffen k\u00f6nnen, um gemeinsam Gruppenspiele oder <strong class=\"bold color1\">gerahmte manuelle Aktivit\u00e4ten<\/strong> mit unseren &#8222;MELAY&#8220;-Teamleitern zu erleben.<\/p>\n<\/div><h2 class=\"element section-title justify m-t-6 color2 undergras\">Spiele f\u00fcr Kinder<\/h2><h3 class=\"element section-title justify m-t-6 color2\">Trampolin<\/h3><div class=\"element bloc-text justify \">\n\t<p>Auf unserem Campingplatz &#8222;Les Hauts de Rosans&#8220; k\u00f6nnen Kinder von 3 bis 12 Jahren ein spielerisches und v\u00f6llig sicheres <strong class=\"bold color1\">Riesentrampolin<\/strong> genie\u00dfen, das Geschicklichkeit und Motorik weckt. Die <strong class=\"bold color1\">Jump-box<\/strong> erm\u00f6glicht es, Empfindungen identisch mit den H\u00fcpfburgen zu haben, ohne die Nachteile zu haben.<\/p>\n<\/div><\/div><div class=\"element colonne p-0\"><div class=\"element images\"><div class=\"image\"><img decoding=\"async\" src=\"https:\/\/www.camping-hautsderosans.com\/wp-content\/uploads\/2020\/12\/enfant-jeux-100x45.jpg\" data-src=\"https:\/\/www.camping-hautsderosans.com\/wp-content\/uploads\/2020\/12\/enfant-jeux.jpg\" alt=\"Kinderspiele\" class=\"images_image p-b-1\" \/><\/div><\/div><div class=\"element images\"><div class=\"image\"><img decoding=\"async\" src=\"https:\/\/www.camping-hautsderosans.com\/wp-content\/uploads\/2020\/12\/trempoline-mascotte-100x45.jpg\" data-src=\"https:\/\/www.camping-hautsderosans.com\/wp-content\/uploads\/2020\/12\/trempoline-mascotte.jpg\" alt=\"Maskottchen-Trampolin\" class=\"images_image p-b-1\" \/><\/div><\/div><\/div><\/div><\/div><\/section>\n\n<section id=\"section-groupe\"\" class=\"section bg-white p-t-0 p-b-0\" \/><div class=\"container full\"><div class=\"accordeon\"><div class=\"slide \"><div class=\"slide_image\"><img decoding=\"async\" src=\"https:\/\/www.camping-hautsderosans.com\/wp-content\/uploads\/2020\/12\/jeu-enfant-100x88.jpg\" data-src=\"https:\/\/www.camping-hautsderosans.com\/wp-content\/uploads\/2020\/12\/jeu-enfant.jpg\" alt=\"\" class=\"\" \/><\/div><\/div><div class=\"slide \"><div class=\"slide_image\"><img decoding=\"async\" src=\"https:\/\/www.camping-hautsderosans.com\/wp-content\/uploads\/2020\/12\/mascotte-jeu-100x88.jpg\" data-src=\"https:\/\/www.camping-hautsderosans.com\/wp-content\/uploads\/2020\/12\/mascotte-jeu.jpg\" alt=\"\" class=\"\" \/><\/div><\/div><div class=\"slide \"><div class=\"slide_image\"><img decoding=\"async\" src=\"https:\/\/www.camping-hautsderosans.com\/wp-content\/uploads\/2020\/12\/sport-activite-100x88.jpg\" data-src=\"https:\/\/www.camping-hautsderosans.com\/wp-content\/uploads\/2020\/12\/sport-activite.jpg\" alt=\"\" class=\"\" \/><\/div><\/div><div class=\"slide \"><div class=\"slide_image\"><img decoding=\"async\" src=\"https:\/\/www.camping-hautsderosans.com\/wp-content\/uploads\/2020\/12\/loisirs-enfants-100x88.jpg\" data-src=\"https:\/\/www.camping-hautsderosans.com\/wp-content\/uploads\/2020\/12\/loisirs-enfants.jpg\" alt=\"\" class=\"\" \/><\/div><\/div><div class=\"slide \"><div class=\"slide_image\"><img decoding=\"async\" src=\"https:\/\/www.camping-hautsderosans.com\/wp-content\/uploads\/2022\/11\/haut-de-rosans-fitness-100x88.jpg\" data-src=\"https:\/\/www.camping-hautsderosans.com\/wp-content\/uploads\/2022\/11\/haut-de-rosans-fitness.jpg\" alt=\"haut-de-rosans-fitness\" class=\"\" \/><\/div><\/div><\/div><\/div><\/section>\n\n<section id=\"section-5fbce157ac762\"\" class=\"section bg-white p-t-0 p-b-0\" \/><div class=\"container full\"><div class=\"colonnes-wrap valign-middle \"><div class=\"element colonne p-0\"><div class=\"element images\"><div class=\"image\"><img decoding=\"async\" src=\"https:\/\/www.camping-hautsderosans.com\/wp-content\/uploads\/2020\/12\/enfant-escalade-100x45.jpg\" data-src=\"https:\/\/www.camping-hautsderosans.com\/wp-content\/uploads\/2020\/12\/enfant-escalade.jpg\" alt=\"Kinderklettern\" class=\"images_image p-b-1\" \/><\/div><\/div><div class=\"element images\"><div class=\"image\"><img decoding=\"async\" src=\"https:\/\/www.camping-hautsderosans.com\/wp-content\/uploads\/2020\/12\/enfants-cerf-volant-100x45.jpg\" data-src=\"https:\/\/www.camping-hautsderosans.com\/wp-content\/uploads\/2020\/12\/enfants-cerf-volant.jpg\" alt=\"Kinderdrachen\" class=\"images_image p-b-1\" \/><\/div><\/div><\/div><div class=\"element colonne p-r-6\"><h3 class=\"element section-title justify m-t-6 color2\">Klettern Wand<\/h3><div class=\"element bloc-text justify \">\n\t<p>Neu im Jahr 2021 auf dem Campingplatz Hauts de Rosans, ein <strong class=\"bold color1\">Kletterbereich<\/strong>, damit die J\u00fcngsten diese lustige Aktivit\u00e4t entdecken k\u00f6nnen. Die <strong class=\"bold color1\">gigantische St\u00e4tte von Orpierre<\/strong>, die etwas mehr als eine halbe Stunde vom Campingplatz entfernt ist, wird den \u00c4ltesten erlauben, diese Aktivit\u00e4t in einer <strong class=\"bold color1\">weltbekannten St\u00e4tte<\/strong> wegen der zahlreichen Klippen, die sie umgeben, zu genie\u00dfen. <\/p>\n<\/div><h2 class=\"element section-title justify m-t-6 color2 undergras\">Familie Aktivit\u00e4ten<\/h2><div class=\"element bloc-text justify \">\n\t<p>Genie\u00dfen Sie Ihren Urlaub auf dem Campingplatz Les Hauts de Rosans, 1 km vom letzten s\u00fcdlichsten Dorf der S\u00fcdalpen entfernt, an der Grenze der <strong class=\"bold color1\">Dr\u00f4me proven\u00e7ale<\/strong>, ist es auch die Freude am Zusammensein, an der Freude mit der Familie, mit den Kindern.<\/p>\n<p><strong class=\"bold color1\">Schmecken Sie die kleinen Freuden<\/strong> des Starken am Tag und am Abend, dank der vielen Spa\u00df- und Sportaktivit\u00e4ten, die vom Campingplatz oder von unseren Partnern angeboten werden.<\/p>\n<p>Sie finden auf unserem 4-Sterne-Campingplatz :<\/p>\n<ul>\n<li><strong class=\"bold color1\">Petanque-Turniere<\/strong><\/li>\n<li><strong class=\"bold color1\">Bogenschie\u00dfen<\/strong><\/li>\n<\/div><\/div><\/div><\/div><\/section>\n\n<section id=\"section-groupe1\"\" class=\"section bg-white p-t-0 p-b-0\" \/><div class=\"container full\"><div class=\"colonnes-wrap valign-middle \"><div class=\"element colonne \"><div class=\"element bloc-text justify \">\n\t<ul>\n<li><strong class=\"bold color1\">Minigolf<\/strong><\/li>\n<li><strong class=\"bold color1\">Volley<\/strong><\/li>\n<li><strong class=\"bold color1\">Vogelhausbau<\/strong><\/li>\n<li><strong class=\"bold color1\">Aperitif-Spiele<\/strong><\/li>\n<li><strong class=\"bold color1\">Fitness<\/strong> und <strong class=\"bold color1\">Fitness <\/strong>auf der Erde oder in unserem <strong class=\"bold color1\">aquatischer Raum<\/strong>.<\/li>\n<li><strong class=\"bold color1\">Gro\u00dfer Spa\u00df Spiele<\/strong> f\u00fcr die ganze Familie wie Olympia usw&#8230;<\/li>\n<\/ul>\n<\/div><h3 class=\"element section-title justify m-t-6 color2\">Aperitif-Spiele<\/h3><div class=\"element bloc-text justify \">\n\t<p>Kommen Sie und nehmen Sie teil an unserem <strong class=\"bold color1\">Rennen mit provenzalischen Farben<\/strong> in Quizspielen (musikalisch, kulturell, sportlich,&#8230;), um Aperitifs zu gewinnen.<\/p>\n<\/div><h3 class=\"element section-title justify m-t-6 color2\">Fitness<\/h3><div class=\"element bloc-text justify \">\n\t<p>Um <strong class=\"bold color1\">in Form zu bleiben<\/strong>, auch w\u00e4hrend Ihres Urlaubs auf dem Campingplatz les Hauts de Rosans, kommen Sie und treffen Sie unseren qualifizierten und diplomierten Animateur. Sie werden ihre Dynamik und ihr L\u00e4cheln zu sch\u00e4tzen wissen.  <\/p>\n<\/div><h3 class=\"element section-title justify m-t-6 color2\">Olympiades<\/h3><div class=\"element bloc-text justify \">\n\t<p>Nehmen Sie mit Ihrer Familie, ob jung oder alt, an einem gro\u00dfen Abenteuer teil. Unser gro\u00dfes 7-Hektar-Anwesen mit einem atemberaubenden Blick auf die provenzalischen Baronien ist ein <strong class=\"bold color1\">wunderbarer Spielplatz<\/strong>.  <\/p>\n<\/div><\/div><div class=\"element colonne p-0\"><div class=\"element images\"><div class=\"image\"><img decoding=\"async\" src=\"https:\/\/www.camping-hautsderosans.com\/wp-content\/uploads\/2020\/12\/terrain-volley-100x45.jpg\" data-src=\"https:\/\/www.camping-hautsderosans.com\/wp-content\/uploads\/2020\/12\/terrain-volley.jpg\" alt=\"Volleyballplatz\" class=\"images_image p-b-1\" \/><\/div><\/div><div class=\"element images\"><div class=\"image\"><img decoding=\"async\" src=\"https:\/\/www.camping-hautsderosans.com\/wp-content\/uploads\/2020\/12\/aquagym-piscine-1-100x45.jpg\" data-src=\"https:\/\/www.camping-hautsderosans.com\/wp-content\/uploads\/2020\/12\/aquagym-piscine-1.jpg\" alt=\"Schwimmbad Wassergymnastik\" class=\"images_image p-b-1\" \/><\/div><\/div><\/div><\/div><\/div><\/section>\n\n<section id=\"section-groupe3\"\" class=\"section bg-white p-t-0 p-b-0\" \/><div class=\"container full\"><div class=\"colonnes-wrap valign-middle \"><div class=\"element colonne p-0\"><div class=\"element images\"><div class=\"image\"><img decoding=\"async\" src=\"https:\/\/www.camping-hautsderosans.com\/wp-content\/uploads\/2020\/12\/danse-mascotte-100x45.jpg\" data-src=\"https:\/\/www.camping-hautsderosans.com\/wp-content\/uploads\/2020\/12\/danse-mascotte.jpg\" alt=\"Maskottchentanz\" class=\"images_image p-b-1\" \/><\/div><\/div><div class=\"element images\"><div class=\"image\"><img decoding=\"async\" src=\"https:\/\/www.camping-hautsderosans.com\/wp-content\/uploads\/2020\/12\/karaoke-chanson-100x45.jpg\" data-src=\"https:\/\/www.camping-hautsderosans.com\/wp-content\/uploads\/2020\/12\/karaoke-chanson.jpg\" alt=\"Karaoke-Song\" class=\"images_image p-b-1\" \/><\/div><\/div><\/div><div class=\"element colonne p-r-6\"><h2 class=\"element section-title justify m-t-6 color2 undergras\">Abende<\/h2><h3 class=\"element section-title justify m-t-6 color2\">Karaoke<\/h3><div class=\"element bloc-text justify \">\n\t<p>Ob Sie sich von den <strong class=\"bold color1\">S\u00e4ngertalenten<\/strong> kennen oder einfach nur zum Mitsingen, unsere <strong class=\"bold color1\">Karaoke-Nacht<\/strong> ist ein echter Moment der Entspannung, wo Erwachsene und Kinder gleicherma\u00dfen die Erinnerungen an vergangene Jahre durch Lieder aufleben lassen.  <\/p>\n<\/div><h3 class=\"element section-title justify m-t-6 color2\">Festlich &#8220; Dinner &#8211; Show &#8222;<\/h3><div class=\"element bloc-text justify \">\n\t<p>Wenn es einen Abend gibt, den man nicht verpassen sollte, dann ist es der <strong class=\"bold color1\">Paella-Abend<\/strong>. <\/p>\n<p><strong class=\"bold color1\">Dieses Paella-Gericht mit Dinkel<\/strong> (ein Getreide, das auf den Feldern neben dem Campingplatz angebaut wird), wird mehr als 4 Stunden zubereitet und ist schmackhaft und gesellig. <\/p>\n<p><strong class=\"bold color1\">Nachdem Sie Ihre Geschmacksnerven erfreut haben, wird die folgende Show Ihre Sch\u00fcler begeistern.   <\/strong><\/p>\n<\/div><h3 class=\"element section-title justify m-t-6 color2\">Nachtschwimmbad<\/h3><div class=\"element bloc-text justify \">\n\t<p>Sie werden es lieben, an sch\u00f6nen sonnigen Tagen zu schwimmen, wie w\u00e4re es mit einem Bad in unserem <strong class=\"bold color1\">gro\u00dfen Pool von 250 m\u00b2<\/strong>, unter dem Sternenhimmel der Provence und in einer musikalischen Atmosph\u00e4re, die von <strong class=\"bold color1\">unserem DJ<\/strong> animiert wird.  <\/p>\n<\/div><h3 class=\"element section-title justify m-t-6 color2\">Nacht-Petanque<\/h3><div class=\"element bloc-text justify \">\n\t<p>Auf einer Plattform von mehr als 500 m\u00b2 k\u00f6nnen Sie einer Aktivit\u00e4t aus dem S\u00fcden Frankreichs fr\u00f6nen: <strong class=\"bold color1\">&#8222;Petanque&#8220;<\/strong>. <\/p>\n<p>Jung und Alt k\u00f6nnen am <strong class=\"bold color1\">Nachtturnier<\/strong> in freundschaftlicher Atmosph\u00e4re teilnehmen, bei dem es viele Preise zu gewinnen gibt.<\/p>\n<\/div><\/div><\/div><\/div><\/section>\n\n<section id=\"section-5fbce693431df\"\" class=\"section bg-white\" \/><div class=\"container extralarge\"><div class=\"element section-title center titre-cta\">Entdecken Sie unseren aquatischen Bereich<\/div><ul class=\"liste-de-page articles\"><li class=\"element call-to-action carre call-to-action--style-1 call-to-action--normal\"><a href=\"https:\/\/www.camping-hautsderosans.com\/de\/familiencampingplatz-provence\/\"  class=\"call-to-action_link\" title=\"Erfahren Sie mehr \u00fcber unsere aktivit\u00e4ten &#038; animationen\"><div class=\"call-to-action_image\"><img decoding=\"async\" src=\"https:\/\/www.camping-hautsderosans.com\/wp-content\/uploads\/2020\/11\/animations-hautes-alpes-100x24.jpg\" data-src=\"https:\/\/www.camping-hautsderosans.com\/wp-content\/uploads\/2020\/11\/animations-hautes-alpes.jpg\" alt=\"\" class=\"normal\" \/><\/div><div class=\"call-to-action_contenu\"><div class=\"call-to-action_titre\">Unsere Aktivit\u00e4ten &#038; Animationen<\/div><\/div><\/a><\/li><li class=\"element call-to-action carre call-to-action--style-1 call-to-action--normal call-to-action--style-1 call-to-action--normal\"><a href=\"https:\/\/www.camping-hautsderosans.com\/de\/schwimmbad-campingplatz-provence\/\"  class=\"call-to-action_link\" title=\"Erfahren Sie mehr \u00fcber unser aquatischer bereich\"><div class=\"call-to-action_image\"><img decoding=\"async\" src=\"https:\/\/www.camping-hautsderosans.com\/wp-content\/uploads\/2020\/12\/piscine-exterieure-100x24.jpg\" data-src=\"https:\/\/www.camping-hautsderosans.com\/wp-content\/uploads\/2020\/12\/piscine-exterieure.jpg\" alt=\"\" class=\"normal\" \/><\/div><div class=\"call-to-action_contenu\"><div class=\"call-to-action_titre\">Unser aquatischer Bereich<\/div><\/div><\/a><\/li><li class=\"element call-to-action carre call-to-action--style-1 call-to-action--normal call-to-action--style-1 call-to-action--normal call-to-action--style-1 call-to-action--normal\"><a href=\"https:\/\/www.camping-hautsderosans.com\/de\/campingplatz-qualitat-hautes-alpes\/\"  class=\"call-to-action_link\" title=\"Erfahren Sie mehr \u00fcber camping qualit\u00e4t\"><div class=\"call-to-action_image\"><img decoding=\"async\" src=\"https:\/\/www.camping-hautsderosans.com\/wp-content\/uploads\/2020\/12\/camping-qualite-rosans-100x24.jpg\" data-src=\"https:\/\/www.camping-hautsderosans.com\/wp-content\/uploads\/2020\/12\/camping-qualite-rosans.jpg\" alt=\"\" class=\"normal\" \/><\/div><div class=\"call-to-action_contenu\"><div class=\"call-to-action_titre\">Camping Qualit\u00e4t<\/div><\/div><\/a><\/li><\/ul><\/div><\/section>","protected":false},"excerpt":{"rendered":"","protected":false},"author":1,"featured_media":3341,"parent":0,"menu_order":0,"comment_status":"closed","ping_status":"closed","template":"","meta":{"_acf_changed":false,"footnotes":""},"acf":[],"yoast_head":"<!-- This site is optimized with the Yoast SEO plugin v23.4 - https:\/\/yoast.com\/wordpress\/plugins\/seo\/ -->\n<title>Camping Aktivit\u00e4ten und Unterhaltung Hautes-Alpes | Camping Sport in Rosans<\/title>\n<meta name=\"robots\" content=\"index, follow, max-snippet:-1, max-image-preview:large, max-video-preview:-1\" \/>\n<link rel=\"canonical\" href=\"https:\/\/www.camping-hautsderosans.com\/de\/familiencampingplatz-provence\/\" \/>\n<meta property=\"og:locale\" content=\"de_DE\" \/>\n<meta property=\"og:type\" content=\"article\" \/>\n<meta property=\"og:title\" content=\"Camping Aktivit\u00e4ten und Unterhaltung Hautes-Alpes | Camping Sport in Rosans\" \/>\n<meta property=\"og:url\" content=\"https:\/\/www.camping-hautsderosans.com\/de\/familiencampingplatz-provence\/\" \/>\n<meta property=\"og:site_name\" content=\"Camping les Hauts de Rosans\" \/>\n<meta property=\"article:modified_time\" content=\"2022-11-30T13:39:25+00:00\" \/>\n<meta property=\"og:image\" content=\"https:\/\/www.camping-hautsderosans.com\/wp-content\/uploads\/2020\/11\/animations-hautes-alpes.jpg\" \/>\n\t<meta property=\"og:image:width\" content=\"1903\" \/>\n\t<meta property=\"og:image:height\" content=\"450\" \/>\n\t<meta property=\"og:image:type\" content=\"image\/jpeg\" \/>\n<meta name=\"twitter:card\" content=\"summary_large_image\" \/>\n<script type=\"application\/ld+json\" class=\"yoast-schema-graph\">{\"@context\":\"https:\/\/schema.org\",\"@graph\":[{\"@type\":\"WebPage\",\"@id\":\"https:\/\/www.camping-hautsderosans.com\/de\/familiencampingplatz-provence\/\",\"url\":\"https:\/\/www.camping-hautsderosans.com\/de\/familiencampingplatz-provence\/\",\"name\":\"Camping Aktivit\u00e4ten und Unterhaltung Hautes-Alpes | Camping Sport in Rosans\",\"isPartOf\":{\"@id\":\"https:\/\/www.camping-hautsderosans.com\/de\/#website\"},\"primaryImageOfPage\":{\"@id\":\"https:\/\/www.camping-hautsderosans.com\/de\/familiencampingplatz-provence\/#primaryimage\"},\"image\":{\"@id\":\"https:\/\/www.camping-hautsderosans.com\/de\/familiencampingplatz-provence\/#primaryimage\"},\"thumbnailUrl\":\"https:\/\/www.camping-hautsderosans.com\/wp-content\/uploads\/2020\/11\/animations-hautes-alpes.jpg\",\"datePublished\":\"2020-11-17T06:29:07+00:00\",\"dateModified\":\"2022-11-30T13:39:25+00:00\",\"breadcrumb\":{\"@id\":\"https:\/\/www.camping-hautsderosans.com\/de\/familiencampingplatz-provence\/#breadcrumb\"},\"inLanguage\":\"de\",\"potentialAction\":[{\"@type\":\"ReadAction\",\"target\":[\"https:\/\/www.camping-hautsderosans.com\/de\/familiencampingplatz-provence\/\"]}]},{\"@type\":\"ImageObject\",\"inLanguage\":\"de\",\"@id\":\"https:\/\/www.camping-hautsderosans.com\/de\/familiencampingplatz-provence\/#primaryimage\",\"url\":\"https:\/\/www.camping-hautsderosans.com\/wp-content\/uploads\/2020\/11\/animations-hautes-alpes.jpg\",\"contentUrl\":\"https:\/\/www.camping-hautsderosans.com\/wp-content\/uploads\/2020\/11\/animations-hautes-alpes.jpg\",\"width\":1903,\"height\":450},{\"@type\":\"BreadcrumbList\",\"@id\":\"https:\/\/www.camping-hautsderosans.com\/de\/familiencampingplatz-provence\/#breadcrumb\",\"itemListElement\":[{\"@type\":\"ListItem\",\"position\":1,\"name\":\"Campingplatz Hautes-Alpes\",\"item\":\"https:\/\/www.camping-hautsderosans.com\/de\/\"},{\"@type\":\"ListItem\",\"position\":2,\"name\":\"Unser Freizeitangebot\"}]},{\"@type\":\"WebSite\",\"@id\":\"https:\/\/www.camping-hautsderosans.com\/de\/#website\",\"url\":\"https:\/\/www.camping-hautsderosans.com\/de\/\",\"name\":\"Camping les Hauts de Rosans\",\"description\":\"\",\"potentialAction\":[{\"@type\":\"SearchAction\",\"target\":{\"@type\":\"EntryPoint\",\"urlTemplate\":\"https:\/\/www.camping-hautsderosans.com\/de\/?s={search_term_string}\"},\"query-input\":{\"@type\":\"PropertyValueSpecification\",\"valueRequired\":true,\"valueName\":\"search_term_string\"}}],\"inLanguage\":\"de\"}]}<\/script>\n<!-- \/ Yoast SEO plugin. -->","yoast_head_json":{"title":"Camping Aktivit\u00e4ten und Unterhaltung Hautes-Alpes | Camping Sport in Rosans","robots":{"index":"index","follow":"follow","max-snippet":"max-snippet:-1","max-image-preview":"max-image-preview:large","max-video-preview":"max-video-preview:-1"},"canonical":"https:\/\/www.camping-hautsderosans.com\/de\/familiencampingplatz-provence\/","og_locale":"de_DE","og_type":"article","og_title":"Camping Aktivit\u00e4ten und Unterhaltung Hautes-Alpes | Camping Sport in Rosans","og_url":"https:\/\/www.camping-hautsderosans.com\/de\/familiencampingplatz-provence\/","og_site_name":"Camping les Hauts de Rosans","article_modified_time":"2022-11-30T13:39:25+00:00","og_image":[{"width":1903,"height":450,"url":"https:\/\/www.camping-hautsderosans.com\/wp-content\/uploads\/2020\/11\/animations-hautes-alpes.jpg","type":"image\/jpeg"}],"twitter_card":"summary_large_image","schema":{"@context":"https:\/\/schema.org","@graph":[{"@type":"WebPage","@id":"https:\/\/www.camping-hautsderosans.com\/de\/familiencampingplatz-provence\/","url":"https:\/\/www.camping-hautsderosans.com\/de\/familiencampingplatz-provence\/","name":"Camping Aktivit\u00e4ten und Unterhaltung Hautes-Alpes | Camping Sport in Rosans","isPartOf":{"@id":"https:\/\/www.camping-hautsderosans.com\/de\/#website"},"primaryImageOfPage":{"@id":"https:\/\/www.camping-hautsderosans.com\/de\/familiencampingplatz-provence\/#primaryimage"},"image":{"@id":"https:\/\/www.camping-hautsderosans.com\/de\/familiencampingplatz-provence\/#primaryimage"},"thumbnailUrl":"https:\/\/www.camping-hautsderosans.com\/wp-content\/uploads\/2020\/11\/animations-hautes-alpes.jpg","datePublished":"2020-11-17T06:29:07+00:00","dateModified":"2022-11-30T13:39:25+00:00","breadcrumb":{"@id":"https:\/\/www.camping-hautsderosans.com\/de\/familiencampingplatz-provence\/#breadcrumb"},"inLanguage":"de","potentialAction":[{"@type":"ReadAction","target":["https:\/\/www.camping-hautsderosans.com\/de\/familiencampingplatz-provence\/"]}]},{"@type":"ImageObject","inLanguage":"de","@id":"https:\/\/www.camping-hautsderosans.com\/de\/familiencampingplatz-provence\/#primaryimage","url":"https:\/\/www.camping-hautsderosans.com\/wp-content\/uploads\/2020\/11\/animations-hautes-alpes.jpg","contentUrl":"https:\/\/www.camping-hautsderosans.com\/wp-content\/uploads\/2020\/11\/animations-hautes-alpes.jpg","width":1903,"height":450},{"@type":"BreadcrumbList","@id":"https:\/\/www.camping-hautsderosans.com\/de\/familiencampingplatz-provence\/#breadcrumb","itemListElement":[{"@type":"ListItem","position":1,"name":"Campingplatz Hautes-Alpes","item":"https:\/\/www.camping-hautsderosans.com\/de\/"},{"@type":"ListItem","position":2,"name":"Unser Freizeitangebot"}]},{"@type":"WebSite","@id":"https:\/\/www.camping-hautsderosans.com\/de\/#website","url":"https:\/\/www.camping-hautsderosans.com\/de\/","name":"Camping les Hauts de Rosans","description":"","potentialAction":[{"@type":"SearchAction","target":{"@type":"EntryPoint","urlTemplate":"https:\/\/www.camping-hautsderosans.com\/de\/?s={search_term_string}"},"query-input":{"@type":"PropertyValueSpecification","valueRequired":true,"valueName":"search_term_string"}}],"inLanguage":"de"}]}},"_links":{"self":[{"href":"https:\/\/www.camping-hautsderosans.com\/de\/wp-json\/wp\/v2\/pages\/7056"}],"collection":[{"href":"https:\/\/www.camping-hautsderosans.com\/de\/wp-json\/wp\/v2\/pages"}],"about":[{"href":"https:\/\/www.camping-hautsderosans.com\/de\/wp-json\/wp\/v2\/types\/page"}],"author":[{"embeddable":true,"href":"https:\/\/www.camping-hautsderosans.com\/de\/wp-json\/wp\/v2\/users\/1"}],"replies":[{"embeddable":true,"href":"https:\/\/www.camping-hautsderosans.com\/de\/wp-json\/wp\/v2\/comments?post=7056"}],"version-history":[{"count":12,"href":"https:\/\/www.camping-hautsderosans.com\/de\/wp-json\/wp\/v2\/pages\/7056\/revisions"}],"predecessor-version":[{"id":10167,"href":"https:\/\/www.camping-hautsderosans.com\/de\/wp-json\/wp\/v2\/pages\/7056\/revisions\/10167"}],"wp:featuredmedia":[{"embeddable":true,"href":"https:\/\/www.camping-hautsderosans.com\/de\/wp-json\/wp\/v2\/media\/3341"}],"wp:attachment":[{"href":"https:\/\/www.camping-hautsderosans.com\/de\/wp-json\/wp\/v2\/media?parent=7056"}],"curies":[{"name":"wp","href":"https:\/\/api.w.org\/{rel}","templated":true}]}}