{"id":7109,"date":"2020-11-17T07:28:44","date_gmt":"2020-11-17T06:28:44","guid":{"rendered":"https:\/\/www.camping-hautsderosans.com\/camping-piscine-provence\/"},"modified":"2021-02-01T10:06:08","modified_gmt":"2021-02-01T09:06:08","slug":"schwimmbad-campingplatz-provence","status":"publish","type":"page","link":"https:\/\/www.camping-hautsderosans.com\/de\/schwimmbad-campingplatz-provence\/","title":{"rendered":"Campingplatz : Wasserfl\u00e4che"},"content":{"rendered":"<section id=\"section-5fbce69341afa\"\" class=\"section bg-white\" \/><div class=\"container extralarge\"><h1 class=\"element section-title center color2\">Der aquatische Raum in Rosans<\/h1><\/div><\/section>\n\n<section id=\"section-5fbce6934225f\"\" class=\"section bg-white p-t-0 p-b-0\" \/><div class=\"container full\"><div class=\"colonnes-wrap valign-middle \"><div class=\"element colonne \"><div class=\"element bloc-text justify \">\n\t<p>Auf unserem Campingplatz mit Schwimmbad in den Hautes-Alpes erm\u00f6glicht Ihnen der von Mai bis September ge\u00f6ffnete Wasserbereich, sich stundenlang auf einem <strong class=\"bold color1\">Sonnenbad<\/strong> zu sonnen, mit einem Buch in der Hand, mit Ihren Kindern oder mit Ihrer Familie, unter der Sonne der provenzalischen Baronien. Nutzen Sie unser <strong class=\"bold color1\">gro\u00dfes beheiztes Schwimmbad<\/strong> von 250 m\u00b2 vor den Toren der Dr\u00f4me, um ein paar Runden zu schwimmen, Spa\u00df mit Ihren Freunden zu haben oder an <strong class=\"bold color1\">Wassergymnastikkursen<\/strong> teilzunehmen, um in Form zu bleiben. Es ist das Gl\u00fcck, Urlaub auf dem <a href=\"\/de\/\">4-Sterne-Campingplatz &#8222;Les Hauts de Rosans&#8220;<\/a> zu machen, begleitet vom Gesang der Zikaden.<\/p>\n<p>Das Schwimmbad ist aufgrund seiner Konfiguration besonders <strong class=\"bold color1\">f\u00fcr Kinder<\/strong> geeignet, da die Tiefe des Beckens \u00fcber den gesamten Umfang 40 cm betr\u00e4gt.<\/p>\n<\/div><h2 class=\"element section-title justify m-t-6 color2\">Neu bei<\/h2><div class=\"element bloc-text justify \">\n\t<p>Neu in diesem Jahr ist der <strong class=\"bold color1\">Wasserpark<\/strong> mit einer f\u00fcr Kleinkinder geeigneten Struktur bereichert.<\/p>\n<\/div><h2 class=\"element section-title justify m-t-6 color2\">Pr\u00e4sentation des Pools in den Baronnies Proven\u00e7ales<\/h2><div class=\"element bloc-text justify \">\n\t<p>Unser Campingplatz mit Schwimmbad in den Baronnies Proven\u00e7ale (an der Grenze zwischen der Dr\u00f4me und den Hautes-Alpes) profitiert von einem <strong class=\"bold color1\">herrlichen beheizten Pool<\/strong> von 25 x 10 Metern, mit einem atemberaubenden Blick \u00fcber das Tal und die Baronnies Proven\u00e7ales. <\/p>\n<\/div><h2 class=\"element section-title justify m-t-6 color2\">Campingplatz mit beheiztem Schwimmbad<\/h2><div class=\"element bloc-text justify \">\n\t<p>F\u00fcr Ihren Komfort und den Ihrer Kinder wird der <strong class=\"bold color1\">gro\u00dfe Pool<\/strong> des 250 m\u00b2 gro\u00dfen Schwimmbades <strong class=\"bold color1\">durch zwei W\u00e4rmepumpen, die mit einer \u00f6kologischen Solaranlage gekoppelt sind, auf 27 Grad<\/strong> beheizt.<\/p>\n<\/div><\/div><div class=\"element colonne p-0\"><div class=\"element images\"><div class=\"image\"><img decoding=\"async\" src=\"https:\/\/www.camping-hautsderosans.com\/wp-content\/uploads\/2020\/12\/aquagym-piscine-100x45.jpg\" data-src=\"https:\/\/www.camping-hautsderosans.com\/wp-content\/uploads\/2020\/12\/aquagym-piscine.jpg\" alt=\"Schwimmbad Wassergymnastik\" class=\"images_image p-b-1\" \/><\/div><\/div><div class=\"element images\"><div class=\"image\"><img decoding=\"async\" src=\"https:\/\/www.camping-hautsderosans.com\/wp-content\/uploads\/2020\/12\/enfant-piscine-100x45.jpg\" data-src=\"https:\/\/www.camping-hautsderosans.com\/wp-content\/uploads\/2020\/12\/enfant-piscine.jpg\" alt=\"Schwimmbad Kind\" class=\"images_image p-b-1\" \/><\/div><\/div><\/div><\/div><\/div><\/section>\n\n<section id=\"section-groupe\"\" class=\"section bg-white p-t-0 p-b-0\" \/><div class=\"container full\"><div class=\"accordeon\"><div class=\"slide \"><div class=\"slide_image\"><img decoding=\"async\" src=\"https:\/\/www.camping-hautsderosans.com\/wp-content\/uploads\/2020\/12\/camping-transat-100x88.jpg\" data-src=\"https:\/\/www.camping-hautsderosans.com\/wp-content\/uploads\/2020\/12\/camping-transat.jpg\" alt=\"\" class=\"\" \/><\/div><\/div><div class=\"slide \"><div class=\"slide_image\"><img decoding=\"async\" src=\"https:\/\/www.camping-hautsderosans.com\/wp-content\/uploads\/2020\/12\/mascotte-piscine-100x88.jpg\" data-src=\"https:\/\/www.camping-hautsderosans.com\/wp-content\/uploads\/2020\/12\/mascotte-piscine.jpg\" alt=\"\" class=\"\" \/><\/div><\/div><div class=\"slide \"><div class=\"slide_image\"><img decoding=\"async\" src=\"https:\/\/www.camping-hautsderosans.com\/wp-content\/uploads\/2020\/12\/jeu-piscine-100x88.jpg\" data-src=\"https:\/\/www.camping-hautsderosans.com\/wp-content\/uploads\/2020\/12\/jeu-piscine.jpg\" alt=\"\" class=\"\" \/><\/div><\/div><div class=\"slide \"><div class=\"slide_image\"><img decoding=\"async\" src=\"https:\/\/www.camping-hautsderosans.com\/wp-content\/uploads\/2020\/12\/piscine-nuti-100x88.jpg\" data-src=\"https:\/\/www.camping-hautsderosans.com\/wp-content\/uploads\/2020\/12\/piscine-nuti.jpg\" alt=\"\" class=\"\" \/><\/div><\/div><\/div><\/div><\/section>\n\n<section id=\"section-5fbce157ac762\"\" class=\"section bg-white p-t-0 p-b-0\" \/><div class=\"container full\"><div class=\"colonnes-wrap valign-middle \"><div class=\"element colonne p-0\"><div class=\"element images\"><div class=\"image\"><img decoding=\"async\" src=\"https:\/\/www.camping-hautsderosans.com\/wp-content\/uploads\/2020\/12\/transats-piscine-100x45.jpg\" data-src=\"https:\/\/www.camping-hautsderosans.com\/wp-content\/uploads\/2020\/12\/transats-piscine.jpg\" alt=\"Pool-Liegest\u00fchle\" class=\"images_image p-b-1\" \/><\/div><\/div><div class=\"element images\"><div class=\"image\"><img decoding=\"async\" src=\"https:\/\/www.camping-hautsderosans.com\/wp-content\/uploads\/2020\/12\/vue-piscine-100x45.jpg\" data-src=\"https:\/\/www.camping-hautsderosans.com\/wp-content\/uploads\/2020\/12\/vue-piscine.jpg\" alt=\"Poolansicht\" class=\"images_image p-b-1\" \/><\/div><\/div><\/div><div class=\"element colonne p-r-6\"><h2 class=\"element section-title justify m-t-6 color2\">Genie\u00dfen Sie die Aussicht vom Pool<\/h2><div class=\"element bloc-text justify \">\n\t<p>Ideal an einem S\u00fcdhang gelegen, verf\u00fcgt der Campingplatz \u00fcber einen Swimmingpool, der von einem <strong class=\"bold color1\">pr\u00e4chtigen Entspannungsbereich<\/strong> umgeben ist, mit <strong class=\"bold color1\">Panoramablick<\/strong> auf die provenzalischen Baronien vom Pool aus. <\/p>\n<\/div><h2 class=\"element section-title justify m-t-6 color2\">Sonnenbaden am Schwimmbad<\/h2><div class=\"element bloc-text justify \">\n\t<p>Inmitten eines <strong class=\"bold color1\">Parks von 7 Hektar<\/strong> und \u00fcber dem Tal zwischen der Dr\u00f4me und den Hautes Alpes gelegen, bietet Ihnen der Strand unseres Schwimmbads einen herrlichen Platz mit <strong class=\"bold color1\">Transats<\/strong> f\u00fcr Ihr Sonnenbad. <\/p>\n<\/div><h2 class=\"element section-title justify m-t-6 color2\">Ein idealer Wassersportbereich nach Ihren Ausfl\u00fcgen in Baronys <\/h2><div class=\"element bloc-text justify \">\n\t<p>Zur\u00fcck auf dem Campingplatz k\u00f6nnen Sie sich nach Ihren Wanderungen, Radtouren oder Besichtigungen der vielen Sehensw\u00fcrdigkeiten der Region Baronnies Proven\u00e7ales <strong class=\"bold color1\">erfrischen und <strong class=\"bold color1\">entspannen<\/strong> im Schwimmbad, bevor Sie in unserem <strong class=\"bold color1\">Restaurantbereich<\/strong> gute regionale Produkte probieren. <\/p>\n<\/div><\/div><\/div><\/div><\/section>\n\n<section id=\"section-5fbce693431df\"\" class=\"section bg-white\" \/><div class=\"container extralarge\"><div class=\"element section-title center titre-cta\">Entdecken Sie unsere Vermietungen und Aktivit\u00e4ten<\/div><ul class=\"liste-de-page articles\"><li class=\"element call-to-action carre call-to-action--style-1 call-to-action--normal\"><a href=\"https:\/\/www.camping-hautsderosans.com\/de\/familiencampingplatz-provence\/\"  class=\"call-to-action_link\" title=\"Erfahren Sie mehr \u00fcber unsere aktivit\u00e4ten &#038; animationen\"><div class=\"call-to-action_image\"><img decoding=\"async\" src=\"https:\/\/www.camping-hautsderosans.com\/wp-content\/uploads\/2020\/11\/animations-hautes-alpes-100x24.jpg\" data-src=\"https:\/\/www.camping-hautsderosans.com\/wp-content\/uploads\/2020\/11\/animations-hautes-alpes.jpg\" alt=\"\" class=\"normal\" \/><\/div><div class=\"call-to-action_contenu\"><div class=\"call-to-action_titre\">Unsere Aktivit\u00e4ten &#038; Animationen<\/div><\/div><\/a><\/li><li class=\"element call-to-action carre call-to-action--style-1 call-to-action--normal call-to-action--style-1 call-to-action--normal\"><a href=\"https:\/\/www.camping-hautsderosans.com\/de\/vermietung-stellplatze-hautes-alpes\/\"  class=\"call-to-action_link\" title=\"Erfahren Sie mehr \u00fcber unsere standorte\"><div class=\"call-to-action_image\"><img decoding=\"async\" src=\"https:\/\/www.camping-hautsderosans.com\/wp-content\/uploads\/2021\/01\/emplacement-provence-100x24.jpg\" data-src=\"https:\/\/www.camping-hautsderosans.com\/wp-content\/uploads\/2021\/01\/emplacement-provence.jpg\" alt=\"\" class=\"normal\" \/><\/div><div class=\"call-to-action_contenu\"><div class=\"call-to-action_titre\">Unsere Standorte<\/div><\/div><\/a><\/li><li class=\"element call-to-action carre call-to-action--style-1 call-to-action--normal call-to-action--style-1 call-to-action--normal call-to-action--style-1 call-to-action--normal\"><a href=\"https:\/\/www.camping-hautsderosans.com\/de\/wohnmobilvermietung-hautes-alpes\/\"  class=\"call-to-action_link\" title=\"Erfahren Sie mehr \u00fcber unsere mobilheime\"><div class=\"call-to-action_image\"><img decoding=\"async\" src=\"https:\/\/www.camping-hautsderosans.com\/wp-content\/uploads\/2021\/01\/mobil-home-provence-100x24.jpg\" data-src=\"https:\/\/www.camping-hautsderosans.com\/wp-content\/uploads\/2021\/01\/mobil-home-provence.jpg\" alt=\"\" class=\"normal\" \/><\/div><div class=\"call-to-action_contenu\"><div class=\"call-to-action_titre\">Unsere Mobilheime<\/div><\/div><\/a><\/li><\/ul><\/div><\/section>","protected":false},"excerpt":{"rendered":"","protected":false},"author":1,"featured_media":4538,"parent":0,"menu_order":0,"comment_status":"closed","ping_status":"closed","template":"","meta":{"_acf_changed":false,"footnotes":""},"acf":[],"yoast_head":"<!-- This site is optimized with the Yoast SEO plugin v23.4 - https:\/\/yoast.com\/wordpress\/plugins\/seo\/ -->\n<title>Campingplatz espace aquatique Hautes-Alpes | Campingplatz mit Schwimmbad in Rosans<\/title>\n<meta name=\"robots\" content=\"index, follow, max-snippet:-1, max-image-preview:large, max-video-preview:-1\" \/>\n<link rel=\"canonical\" href=\"https:\/\/www.camping-hautsderosans.com\/de\/schwimmbad-campingplatz-provence\/\" \/>\n<meta property=\"og:locale\" content=\"de_DE\" \/>\n<meta property=\"og:type\" content=\"article\" \/>\n<meta property=\"og:title\" content=\"Campingplatz espace aquatique Hautes-Alpes | Campingplatz mit Schwimmbad in Rosans\" \/>\n<meta property=\"og:url\" content=\"https:\/\/www.camping-hautsderosans.com\/de\/schwimmbad-campingplatz-provence\/\" \/>\n<meta property=\"og:site_name\" content=\"Camping les Hauts de Rosans\" \/>\n<meta property=\"article:modified_time\" content=\"2021-02-01T09:06:08+00:00\" \/>\n<meta property=\"og:image\" content=\"https:\/\/www.camping-hautsderosans.com\/wp-content\/uploads\/2020\/12\/piscine-exterieure.jpg\" \/>\n\t<meta property=\"og:image:width\" content=\"1902\" \/>\n\t<meta property=\"og:image:height\" content=\"450\" \/>\n\t<meta property=\"og:image:type\" content=\"image\/jpeg\" \/>\n<meta name=\"twitter:card\" content=\"summary_large_image\" \/>\n<script type=\"application\/ld+json\" class=\"yoast-schema-graph\">{\"@context\":\"https:\/\/schema.org\",\"@graph\":[{\"@type\":\"WebPage\",\"@id\":\"https:\/\/www.camping-hautsderosans.com\/de\/schwimmbad-campingplatz-provence\/\",\"url\":\"https:\/\/www.camping-hautsderosans.com\/de\/schwimmbad-campingplatz-provence\/\",\"name\":\"Campingplatz espace aquatique Hautes-Alpes | Campingplatz mit Schwimmbad in Rosans\",\"isPartOf\":{\"@id\":\"https:\/\/www.camping-hautsderosans.com\/de\/#website\"},\"primaryImageOfPage\":{\"@id\":\"https:\/\/www.camping-hautsderosans.com\/de\/schwimmbad-campingplatz-provence\/#primaryimage\"},\"image\":{\"@id\":\"https:\/\/www.camping-hautsderosans.com\/de\/schwimmbad-campingplatz-provence\/#primaryimage\"},\"thumbnailUrl\":\"https:\/\/www.camping-hautsderosans.com\/wp-content\/uploads\/2020\/12\/piscine-exterieure.jpg\",\"datePublished\":\"2020-11-17T06:28:44+00:00\",\"dateModified\":\"2021-02-01T09:06:08+00:00\",\"breadcrumb\":{\"@id\":\"https:\/\/www.camping-hautsderosans.com\/de\/schwimmbad-campingplatz-provence\/#breadcrumb\"},\"inLanguage\":\"de\",\"potentialAction\":[{\"@type\":\"ReadAction\",\"target\":[\"https:\/\/www.camping-hautsderosans.com\/de\/schwimmbad-campingplatz-provence\/\"]}]},{\"@type\":\"ImageObject\",\"inLanguage\":\"de\",\"@id\":\"https:\/\/www.camping-hautsderosans.com\/de\/schwimmbad-campingplatz-provence\/#primaryimage\",\"url\":\"https:\/\/www.camping-hautsderosans.com\/wp-content\/uploads\/2020\/12\/piscine-exterieure.jpg\",\"contentUrl\":\"https:\/\/www.camping-hautsderosans.com\/wp-content\/uploads\/2020\/12\/piscine-exterieure.jpg\",\"width\":1902,\"height\":450},{\"@type\":\"BreadcrumbList\",\"@id\":\"https:\/\/www.camping-hautsderosans.com\/de\/schwimmbad-campingplatz-provence\/#breadcrumb\",\"itemListElement\":[{\"@type\":\"ListItem\",\"position\":1,\"name\":\"Campingplatz Hautes-Alpes\",\"item\":\"https:\/\/www.camping-hautsderosans.com\/de\/\"},{\"@type\":\"ListItem\",\"position\":2,\"name\":\"Unser aquatischer Bereich\"}]},{\"@type\":\"WebSite\",\"@id\":\"https:\/\/www.camping-hautsderosans.com\/de\/#website\",\"url\":\"https:\/\/www.camping-hautsderosans.com\/de\/\",\"name\":\"Camping les Hauts de Rosans\",\"description\":\"\",\"potentialAction\":[{\"@type\":\"SearchAction\",\"target\":{\"@type\":\"EntryPoint\",\"urlTemplate\":\"https:\/\/www.camping-hautsderosans.com\/de\/?s={search_term_string}\"},\"query-input\":{\"@type\":\"PropertyValueSpecification\",\"valueRequired\":true,\"valueName\":\"search_term_string\"}}],\"inLanguage\":\"de\"}]}<\/script>\n<!-- \/ Yoast SEO plugin. -->","yoast_head_json":{"title":"Campingplatz espace aquatique Hautes-Alpes | Campingplatz mit Schwimmbad in Rosans","robots":{"index":"index","follow":"follow","max-snippet":"max-snippet:-1","max-image-preview":"max-image-preview:large","max-video-preview":"max-video-preview:-1"},"canonical":"https:\/\/www.camping-hautsderosans.com\/de\/schwimmbad-campingplatz-provence\/","og_locale":"de_DE","og_type":"article","og_title":"Campingplatz espace aquatique Hautes-Alpes | Campingplatz mit Schwimmbad in Rosans","og_url":"https:\/\/www.camping-hautsderosans.com\/de\/schwimmbad-campingplatz-provence\/","og_site_name":"Camping les Hauts de Rosans","article_modified_time":"2021-02-01T09:06:08+00:00","og_image":[{"width":1902,"height":450,"url":"https:\/\/www.camping-hautsderosans.com\/wp-content\/uploads\/2020\/12\/piscine-exterieure.jpg","type":"image\/jpeg"}],"twitter_card":"summary_large_image","schema":{"@context":"https:\/\/schema.org","@graph":[{"@type":"WebPage","@id":"https:\/\/www.camping-hautsderosans.com\/de\/schwimmbad-campingplatz-provence\/","url":"https:\/\/www.camping-hautsderosans.com\/de\/schwimmbad-campingplatz-provence\/","name":"Campingplatz espace aquatique Hautes-Alpes | Campingplatz mit Schwimmbad in Rosans","isPartOf":{"@id":"https:\/\/www.camping-hautsderosans.com\/de\/#website"},"primaryImageOfPage":{"@id":"https:\/\/www.camping-hautsderosans.com\/de\/schwimmbad-campingplatz-provence\/#primaryimage"},"image":{"@id":"https:\/\/www.camping-hautsderosans.com\/de\/schwimmbad-campingplatz-provence\/#primaryimage"},"thumbnailUrl":"https:\/\/www.camping-hautsderosans.com\/wp-content\/uploads\/2020\/12\/piscine-exterieure.jpg","datePublished":"2020-11-17T06:28:44+00:00","dateModified":"2021-02-01T09:06:08+00:00","breadcrumb":{"@id":"https:\/\/www.camping-hautsderosans.com\/de\/schwimmbad-campingplatz-provence\/#breadcrumb"},"inLanguage":"de","potentialAction":[{"@type":"ReadAction","target":["https:\/\/www.camping-hautsderosans.com\/de\/schwimmbad-campingplatz-provence\/"]}]},{"@type":"ImageObject","inLanguage":"de","@id":"https:\/\/www.camping-hautsderosans.com\/de\/schwimmbad-campingplatz-provence\/#primaryimage","url":"https:\/\/www.camping-hautsderosans.com\/wp-content\/uploads\/2020\/12\/piscine-exterieure.jpg","contentUrl":"https:\/\/www.camping-hautsderosans.com\/wp-content\/uploads\/2020\/12\/piscine-exterieure.jpg","width":1902,"height":450},{"@type":"BreadcrumbList","@id":"https:\/\/www.camping-hautsderosans.com\/de\/schwimmbad-campingplatz-provence\/#breadcrumb","itemListElement":[{"@type":"ListItem","position":1,"name":"Campingplatz Hautes-Alpes","item":"https:\/\/www.camping-hautsderosans.com\/de\/"},{"@type":"ListItem","position":2,"name":"Unser aquatischer Bereich"}]},{"@type":"WebSite","@id":"https:\/\/www.camping-hautsderosans.com\/de\/#website","url":"https:\/\/www.camping-hautsderosans.com\/de\/","name":"Camping les Hauts de Rosans","description":"","potentialAction":[{"@type":"SearchAction","target":{"@type":"EntryPoint","urlTemplate":"https:\/\/www.camping-hautsderosans.com\/de\/?s={search_term_string}"},"query-input":{"@type":"PropertyValueSpecification","valueRequired":true,"valueName":"search_term_string"}}],"inLanguage":"de"}]}},"_links":{"self":[{"href":"https:\/\/www.camping-hautsderosans.com\/de\/wp-json\/wp\/v2\/pages\/7109"}],"collection":[{"href":"https:\/\/www.camping-hautsderosans.com\/de\/wp-json\/wp\/v2\/pages"}],"about":[{"href":"https:\/\/www.camping-hautsderosans.com\/de\/wp-json\/wp\/v2\/types\/page"}],"author":[{"embeddable":true,"href":"https:\/\/www.camping-hautsderosans.com\/de\/wp-json\/wp\/v2\/users\/1"}],"replies":[{"embeddable":true,"href":"https:\/\/www.camping-hautsderosans.com\/de\/wp-json\/wp\/v2\/comments?post=7109"}],"version-history":[{"count":9,"href":"https:\/\/www.camping-hautsderosans.com\/de\/wp-json\/wp\/v2\/pages\/7109\/revisions"}],"predecessor-version":[{"id":8181,"href":"https:\/\/www.camping-hautsderosans.com\/de\/wp-json\/wp\/v2\/pages\/7109\/revisions\/8181"}],"wp:featuredmedia":[{"embeddable":true,"href":"https:\/\/www.camping-hautsderosans.com\/de\/wp-json\/wp\/v2\/media\/4538"}],"wp:attachment":[{"href":"https:\/\/www.camping-hautsderosans.com\/de\/wp-json\/wp\/v2\/media?parent=7109"}],"curies":[{"name":"wp","href":"https:\/\/api.w.org\/{rel}","templated":true}]}}