{"id":7198,"date":"2020-11-24T11:14:11","date_gmt":"2020-11-24T10:14:11","guid":{"rendered":"https:\/\/www.camping-hautsderosans.com\/camping-qualite-hautes-alpes\/"},"modified":"2021-02-01T10:07:05","modified_gmt":"2021-02-01T09:07:05","slug":"campingplatz-qualitat-hautes-alpes","status":"publish","type":"page","link":"https:\/\/www.camping-hautsderosans.com\/de\/campingplatz-qualitat-hautes-alpes\/","title":{"rendered":"Camping Qualit\u00e4t"},"content":{"rendered":"<section id=\"section-5fbce69341afa\"\" class=\"section bg-white\" \/><div class=\"container extralarge\"><h1 class=\"element section-title center color2\">QUALIT\u00c4TSCAMPING, WAS IST DAS?<\/h1><\/div><\/section>\n\n<section id=\"section-5fbce6934225f\"\" class=\"section bg-white p-t-0 p-b-0\" \/><div class=\"container full\"><div class=\"colonnes-wrap valign-middle \"><div class=\"element colonne \"><div class=\"element bloc-text justify \">\n\t<p><strong class=\"bold color1\">Ambiente und Geselligkeit<\/strong>, neue Begegnungen, nicht umsonst ist Camping eine der beliebtesten <strong class=\"bold color1\">Urlaubsarten der Franzosen<\/strong>, aber die gro\u00dfe Frage, die sich bei all den in Frankreich verf\u00fcgbaren Campingpl\u00e4tzen stellt, ist <strong class=\"bold color1\">&#8222;Wie w\u00e4hle ich meinen Campingplatz aus?&#8220;<\/strong>. <\/p>\n<p><strong class=\"bold color1\">Ambiente und Geselligkeit<\/strong>, neue Begegnungen, nicht umsonst ist Camping eine der beliebtesten <strong class=\"bold color1\">Urlaubsarten der Franzosen<\/strong>, aber die gro\u00dfe Frage, die sich bei all den in Frankreich verf\u00fcgbaren Campingpl\u00e4tzen stellt, ist <strong class=\"bold color1\">&#8222;Wie w\u00e4hle ich meinen Campingplatz aus?&#8220;<\/strong>.   <\/p>\n<p>Das Label <strong class=\"bold color1\">Camping Quality<\/strong> wurde entwickelt, um Urlaubern die Auswahl zu erleichtern. Wir machen eine Bestandsaufnahme des Camping-Qualit\u00e9-Labels, damit Sie es besser verstehen k\u00f6nnen.<\/p>\n<p>Zun\u00e4chst einmal ist es notwendig, genau zu erkl\u00e4ren, was das <strong class=\"bold color1\">Label Camping Quality<\/strong> ist. Es ist ein Label, das darauf abzielt, den <strong class=\"bold color1\">Komfort f\u00fcr Ihren Urlaub<\/strong> zu garantieren, basierend auf f\u00fcnf Hauptachsen, die als wesentlich angesehen werden, um jeden Aufenthalt angenehm zu gestalten.<\/p>\n<\/div><h2 class=\"element section-title justify m-t-6 color2\">Ein Ort, der Ruhe und Sorgfalt vereint<\/h2><div class=\"element bloc-text justify \">\n\t<p>Der Aufenthalt auf dem Campingplatz ist oft eine M\u00f6glichkeit, abseits des Trubels der Stadt neue Energie zu tanken. Wenn Sie sich f\u00fcr einen <strong class=\"bold color1\">Camping Quality<\/strong> entscheiden, k\u00f6nnen Sie sicher sein, in einer <strong class=\"bold color1\">ruhigen Umgebung<\/strong> installiert zu werden, die ideal platziert und mit Geschmack eingerichtet ist. Da \u00c4sthetik gerade im Urlaub wichtig ist, verspricht das Label Camping Qualit\u00e9 einen <strong class=\"bold color1\">gepflegten und angenehmen Campingplatz<\/strong>.<\/p>\n<\/div><h2 class=\"element section-title justify m-t-6 color2\">Ein Campingplatz im Einklang mit der Natur<\/h2><div class=\"element bloc-text justify \">\n\t<p>Ein Campingplatz, der<strong class=\"bold color1\"> seine Umwelt respektiert<\/strong>: das ist das Versprechen eines Qualit\u00e4tscampingplatzes. Diese Verpflichtung des G\u00fctesiegels stellt sicher, dass jeder Qualit\u00e4tscampingplatz die Natur in seiner Umgebung sch\u00fctzt und mit Respekt f\u00fcr die Umwelt organisiert ist. Dar\u00fcber hinaus wird jede neue Aktivit\u00e4t oder Konstruktion mit R\u00fccksicht auf die Erhaltung der Umwelt durchgef\u00fchrt.<\/p>\n<\/div><\/div><div class=\"element colonne p-0\"><div class=\"element images\"><div class=\"image\"><img decoding=\"async\" src=\"https:\/\/www.camping-hautsderosans.com\/wp-content\/uploads\/2020\/11\/camping-qualite-provence-100x45.jpg\" data-src=\"https:\/\/www.camping-hautsderosans.com\/wp-content\/uploads\/2020\/11\/camping-qualite-provence.jpg\" alt=\"camping qualit\u00e4t provenz\" class=\"images_image p-b-1\" \/><\/div><\/div><div class=\"element images\"><div class=\"image\"><img decoding=\"async\" src=\"https:\/\/www.camping-hautsderosans.com\/wp-content\/uploads\/2020\/11\/camping-nature-provence-100x45.jpg\" data-src=\"https:\/\/www.camping-hautsderosans.com\/wp-content\/uploads\/2020\/11\/camping-nature-provence.jpg\" alt=\"camping natur provenz\" class=\"images_image p-b-1\" \/><\/div><\/div><\/div><\/div><\/div><\/section>\n\n<section id=\"section-5fbce69342666\"\" class=\"section bg-white p-t-0 p-b-0\" \/><div class=\"container full\"><div class=\"accordeon\"><div class=\"slide \"><div class=\"slide_image\"><img decoding=\"async\" src=\"https:\/\/www.camping-hautsderosans.com\/wp-content\/uploads\/2020\/11\/services-qualite-camping-100x88.jpg\" data-src=\"https:\/\/www.camping-hautsderosans.com\/wp-content\/uploads\/2020\/11\/services-qualite-camping.jpg\" alt=\"\" class=\"\" \/><\/div><\/div><div class=\"slide \"><div class=\"slide_image\"><img decoding=\"async\" src=\"https:\/\/www.camping-hautsderosans.com\/wp-content\/uploads\/2020\/11\/services-camping-qualite-100x88.jpg\" data-src=\"https:\/\/www.camping-hautsderosans.com\/wp-content\/uploads\/2020\/11\/services-camping-qualite.jpg\" alt=\"\" class=\"\" \/><\/div><\/div><div class=\"slide \"><div class=\"slide_image\"><img decoding=\"async\" src=\"https:\/\/www.camping-hautsderosans.com\/wp-content\/uploads\/2020\/11\/petanque-camping-100x88.jpg\" data-src=\"https:\/\/www.camping-hautsderosans.com\/wp-content\/uploads\/2020\/11\/petanque-camping.jpg\" alt=\"\" class=\"\" \/><\/div><\/div><div class=\"slide \"><div class=\"slide_image\"><img decoding=\"async\" src=\"https:\/\/www.camping-hautsderosans.com\/wp-content\/uploads\/2020\/11\/camping-equipe-qualite-100x88.jpg\" data-src=\"https:\/\/www.camping-hautsderosans.com\/wp-content\/uploads\/2020\/11\/camping-equipe-qualite.jpg\" alt=\"\" class=\"\" \/><\/div><\/div><\/div><\/div><\/section>\n\n<section id=\"section-5fbce157ac762\"\" class=\"section bg-white p-t-0 p-b-0\" \/><div class=\"container full\"><div class=\"colonnes-wrap valign-middle \"><div class=\"element colonne p-0\"><div class=\"element images\"><div class=\"image\"><img decoding=\"async\" src=\"https:\/\/www.camping-hautsderosans.com\/wp-content\/uploads\/2020\/11\/pot-accueil-camping-qualite-100x45.jpg\" data-src=\"https:\/\/www.camping-hautsderosans.com\/wp-content\/uploads\/2020\/11\/pot-accueil-camping-qualite.jpg\" alt=\"Topfaufnahme Campingqualit\u00e4t\" class=\"images_image p-b-1\" \/><\/div><\/div><div class=\"element images\"><div class=\"image\"><img decoding=\"async\" src=\"https:\/\/www.camping-hautsderosans.com\/wp-content\/uploads\/2020\/11\/camping-conviviale-100x45.jpg\" data-src=\"https:\/\/www.camping-hautsderosans.com\/wp-content\/uploads\/2020\/11\/camping-conviviale.jpg\" alt=\"freundlicher Campingplatz\" class=\"images_image p-b-1\" \/><\/div><\/div><\/div><div class=\"element colonne \"><h2 class=\"element section-title justify m-t-6 color2\">Benutzerfreundlichkeit = Effizienz<\/h2><div class=\"element bloc-text justify \">\n\t<p>Was dem Urlauber am meisten am Camping gef\u00e4llt, <strong class=\"bold color1\">ist die freundliche und herzliche Stimmung<\/strong>, die von ihm ausgeht. Eine weitere Verpflichtung von Camping Qualit\u00e9, das Team und der Manager des ausgezeichneten Campingplatzes tragen zur Qualit\u00e4t des Aufenthalts bei, indem sie besonders auf den Empfang ihrer Kunden achten.<\/p>\n<\/div><h2 class=\"element section-title justify m-t-6 color2\">Ein gepflegter Zeltplatz ist ein sauberer Zeltplatz!<\/h2><div class=\"element bloc-text justify \">\n\t<p>Die Hygiene wird in jeder Einrichtung <strong class=\"bold color1\">labellis\u00e9 Camping Qualit\u00e9<\/strong> sorgf\u00e4ltig kontrolliert: alle Pl\u00e4tze des Campingplatzes werden regelm\u00e4\u00dfig von einem engagierten Team besucht, um sicherzustellen, dass alle Pl\u00e4tze so sauber wie m\u00f6glich sind, f\u00fcr den Komfort der Besucher.<\/p>\n<\/div><h2 class=\"element section-title justify m-t-6 color2\">Ein Campingplatz mit allen Informationen zur Hand<\/h2><div class=\"element bloc-text justify \">\n\t<p>Der Aufenthalt auf einem Campingplatz mit klarer und effektiver Beschilderung und Information ist ein guter Weg, um einen <strong class=\"bold color1\">guten Urlaub<\/strong> zu verbringen. So verpflichtet sich der Betreiber eines Campingplatzes mit dem Label Camping Qualit\u00e9, genaue Informationen \u00fcber seinen Campingplatz und seine Einrichtungen zu geben.<\/p>\n<p>Die \u00d6ffnungszeiten der Dienstleistungen und der Rezeption, die <strong class=\"bold color1\">Planung der Aktivit\u00e4ten<\/strong>, die w\u00e4hrend des Aufenthalts verf\u00fcgbar sind, sowie die verschiedenen Tarife sind verf\u00fcgbar und deutlich f\u00fcr den Komfort des Besuchers angezeigt.<\/p>\n<p>F\u00fcnf Verpflichtungen, f\u00fcnf Schl\u00fcssel garantieren Effizienz, damit Sie einen Aufenthalt genie\u00dfen k\u00f6nnen, der Komfort, <strong class=\"bold color1\">Geselligkeit und ideale Lage vereint<\/strong>. Sie z\u00f6gern, welches Reiseziel Sie f\u00fcr Ihren n\u00e4chsten Urlaub w\u00e4hlen sollen?<\/p>\n<p>W\u00e4hlen Sie Les Hauts de Rosans, <strong class=\"bold color1\">einen herrlichen Qualit\u00e4tscampingplatz der Spitzenklasse<\/strong>, f\u00fcr einen Aufenthalt in bester Umgebung!<\/p>\n<\/div><\/div><\/div><\/div><\/section>\n\n<section id=\"section-5fbce693431df\"\" class=\"section bg-white\" \/><div class=\"container extralarge\"><div class=\"element section-title center titre-cta\">Unsere Dienstleistungen auf dem Campingplatz<\/div><ul class=\"liste-de-page articles\"><li class=\"element call-to-action carre call-to-action--style-1 call-to-action--normal\"><a href=\"https:\/\/www.camping-hautsderosans.com\/de\/familiencampingplatz-provence\/\"  class=\"call-to-action_link\" title=\"Erfahren Sie mehr \u00fcber unsere aktivit\u00e4ten &#038; animationen\"><div class=\"call-to-action_image\"><img decoding=\"async\" src=\"https:\/\/www.camping-hautsderosans.com\/wp-content\/uploads\/2020\/11\/animations-hautes-alpes-100x24.jpg\" data-src=\"https:\/\/www.camping-hautsderosans.com\/wp-content\/uploads\/2020\/11\/animations-hautes-alpes.jpg\" alt=\"\" class=\"normal\" \/><\/div><div class=\"call-to-action_contenu\"><div class=\"call-to-action_titre\">Unsere Aktivit\u00e4ten &#038; Animationen<\/div><\/div><\/a><\/li><li class=\"element call-to-action carre call-to-action--style-1 call-to-action--normal call-to-action--style-1 call-to-action--normal\"><a href=\"https:\/\/www.camping-hautsderosans.com\/de\/schwimmbad-campingplatz-provence\/\"  class=\"call-to-action_link\" title=\"Erfahren Sie mehr \u00fcber unser aquatischer bereich\"><div class=\"call-to-action_image\"><img decoding=\"async\" src=\"https:\/\/www.camping-hautsderosans.com\/wp-content\/uploads\/2020\/12\/piscine-exterieure-100x24.jpg\" data-src=\"https:\/\/www.camping-hautsderosans.com\/wp-content\/uploads\/2020\/12\/piscine-exterieure.jpg\" alt=\"\" class=\"normal\" \/><\/div><div class=\"call-to-action_contenu\"><div class=\"call-to-action_titre\">Unser aquatischer Bereich<\/div><\/div><\/a><\/li><li class=\"element call-to-action carre call-to-action--style-1 call-to-action--normal call-to-action--style-1 call-to-action--normal call-to-action--style-1 call-to-action--normal\"><a href=\"https:\/\/www.camping-hautsderosans.com\/de\/dienstleistungen-provence\/\"  class=\"call-to-action_link\" title=\"Erfahren Sie mehr \u00fcber  unser angebot\"><div class=\"call-to-action_image\"><img decoding=\"async\" src=\"https:\/\/www.camping-hautsderosans.com\/wp-content\/uploads\/2020\/11\/camping-service-hautes-alpes-100x24.jpg\" data-src=\"https:\/\/www.camping-hautsderosans.com\/wp-content\/uploads\/2020\/11\/camping-service-hautes-alpes.jpg\" alt=\"\" class=\"normal\" \/><\/div><div class=\"call-to-action_contenu\"><div class=\"call-to-action_titre\"> Unser Angebot<\/div><\/div><\/a><\/li><\/ul><\/div><\/section>","protected":false},"excerpt":{"rendered":"","protected":false},"author":1,"featured_media":4982,"parent":0,"menu_order":0,"comment_status":"closed","ping_status":"closed","template":"","meta":{"_acf_changed":false,"footnotes":""},"acf":[],"yoast_head":"<!-- This site is optimized with the Yoast SEO plugin v23.4 - https:\/\/yoast.com\/wordpress\/plugins\/seo\/ -->\n<title>Camping Qualit\u00e4t Hautes-Alpes | Camping Label Camping Qualit\u00e4t Rosans<\/title>\n<meta name=\"robots\" content=\"index, follow, max-snippet:-1, max-image-preview:large, max-video-preview:-1\" \/>\n<link rel=\"canonical\" href=\"https:\/\/www.camping-hautsderosans.com\/de\/campingplatz-qualitat-hautes-alpes\/\" \/>\n<meta property=\"og:locale\" content=\"de_DE\" \/>\n<meta property=\"og:type\" content=\"article\" \/>\n<meta property=\"og:title\" content=\"Camping Qualit\u00e4t Hautes-Alpes | Camping Label Camping Qualit\u00e4t Rosans\" \/>\n<meta property=\"og:url\" content=\"https:\/\/www.camping-hautsderosans.com\/de\/campingplatz-qualitat-hautes-alpes\/\" \/>\n<meta property=\"og:site_name\" content=\"Camping les Hauts de Rosans\" \/>\n<meta property=\"article:modified_time\" content=\"2021-02-01T09:07:05+00:00\" \/>\n<meta property=\"og:image\" content=\"https:\/\/www.camping-hautsderosans.com\/wp-content\/uploads\/2020\/12\/camping-qualite-rosans.jpg\" \/>\n\t<meta property=\"og:image:width\" content=\"1903\" \/>\n\t<meta property=\"og:image:height\" content=\"450\" \/>\n\t<meta property=\"og:image:type\" content=\"image\/jpeg\" \/>\n<meta name=\"twitter:card\" content=\"summary_large_image\" \/>\n<script type=\"application\/ld+json\" class=\"yoast-schema-graph\">{\"@context\":\"https:\/\/schema.org\",\"@graph\":[{\"@type\":\"WebPage\",\"@id\":\"https:\/\/www.camping-hautsderosans.com\/de\/campingplatz-qualitat-hautes-alpes\/\",\"url\":\"https:\/\/www.camping-hautsderosans.com\/de\/campingplatz-qualitat-hautes-alpes\/\",\"name\":\"Camping Qualit\u00e4t Hautes-Alpes | Camping Label Camping Qualit\u00e4t Rosans\",\"isPartOf\":{\"@id\":\"https:\/\/www.camping-hautsderosans.com\/de\/#website\"},\"primaryImageOfPage\":{\"@id\":\"https:\/\/www.camping-hautsderosans.com\/de\/campingplatz-qualitat-hautes-alpes\/#primaryimage\"},\"image\":{\"@id\":\"https:\/\/www.camping-hautsderosans.com\/de\/campingplatz-qualitat-hautes-alpes\/#primaryimage\"},\"thumbnailUrl\":\"https:\/\/www.camping-hautsderosans.com\/wp-content\/uploads\/2020\/12\/camping-qualite-rosans.jpg\",\"datePublished\":\"2020-11-24T10:14:11+00:00\",\"dateModified\":\"2021-02-01T09:07:05+00:00\",\"breadcrumb\":{\"@id\":\"https:\/\/www.camping-hautsderosans.com\/de\/campingplatz-qualitat-hautes-alpes\/#breadcrumb\"},\"inLanguage\":\"de\",\"potentialAction\":[{\"@type\":\"ReadAction\",\"target\":[\"https:\/\/www.camping-hautsderosans.com\/de\/campingplatz-qualitat-hautes-alpes\/\"]}]},{\"@type\":\"ImageObject\",\"inLanguage\":\"de\",\"@id\":\"https:\/\/www.camping-hautsderosans.com\/de\/campingplatz-qualitat-hautes-alpes\/#primaryimage\",\"url\":\"https:\/\/www.camping-hautsderosans.com\/wp-content\/uploads\/2020\/12\/camping-qualite-rosans.jpg\",\"contentUrl\":\"https:\/\/www.camping-hautsderosans.com\/wp-content\/uploads\/2020\/12\/camping-qualite-rosans.jpg\",\"width\":1903,\"height\":450},{\"@type\":\"BreadcrumbList\",\"@id\":\"https:\/\/www.camping-hautsderosans.com\/de\/campingplatz-qualitat-hautes-alpes\/#breadcrumb\",\"itemListElement\":[{\"@type\":\"ListItem\",\"position\":1,\"name\":\"Campingplatz Hautes-Alpes\",\"item\":\"https:\/\/www.camping-hautsderosans.com\/de\/\"},{\"@type\":\"ListItem\",\"position\":2,\"name\":\"Camping Qualit\u00e4t Hautes-Alpes\"}]},{\"@type\":\"WebSite\",\"@id\":\"https:\/\/www.camping-hautsderosans.com\/de\/#website\",\"url\":\"https:\/\/www.camping-hautsderosans.com\/de\/\",\"name\":\"Camping les Hauts de Rosans\",\"description\":\"\",\"potentialAction\":[{\"@type\":\"SearchAction\",\"target\":{\"@type\":\"EntryPoint\",\"urlTemplate\":\"https:\/\/www.camping-hautsderosans.com\/de\/?s={search_term_string}\"},\"query-input\":{\"@type\":\"PropertyValueSpecification\",\"valueRequired\":true,\"valueName\":\"search_term_string\"}}],\"inLanguage\":\"de\"}]}<\/script>\n<!-- \/ Yoast SEO plugin. -->","yoast_head_json":{"title":"Camping Qualit\u00e4t Hautes-Alpes | Camping Label Camping Qualit\u00e4t Rosans","robots":{"index":"index","follow":"follow","max-snippet":"max-snippet:-1","max-image-preview":"max-image-preview:large","max-video-preview":"max-video-preview:-1"},"canonical":"https:\/\/www.camping-hautsderosans.com\/de\/campingplatz-qualitat-hautes-alpes\/","og_locale":"de_DE","og_type":"article","og_title":"Camping Qualit\u00e4t Hautes-Alpes | Camping Label Camping Qualit\u00e4t Rosans","og_url":"https:\/\/www.camping-hautsderosans.com\/de\/campingplatz-qualitat-hautes-alpes\/","og_site_name":"Camping les Hauts de Rosans","article_modified_time":"2021-02-01T09:07:05+00:00","og_image":[{"width":1903,"height":450,"url":"https:\/\/www.camping-hautsderosans.com\/wp-content\/uploads\/2020\/12\/camping-qualite-rosans.jpg","type":"image\/jpeg"}],"twitter_card":"summary_large_image","schema":{"@context":"https:\/\/schema.org","@graph":[{"@type":"WebPage","@id":"https:\/\/www.camping-hautsderosans.com\/de\/campingplatz-qualitat-hautes-alpes\/","url":"https:\/\/www.camping-hautsderosans.com\/de\/campingplatz-qualitat-hautes-alpes\/","name":"Camping Qualit\u00e4t Hautes-Alpes | Camping Label Camping Qualit\u00e4t Rosans","isPartOf":{"@id":"https:\/\/www.camping-hautsderosans.com\/de\/#website"},"primaryImageOfPage":{"@id":"https:\/\/www.camping-hautsderosans.com\/de\/campingplatz-qualitat-hautes-alpes\/#primaryimage"},"image":{"@id":"https:\/\/www.camping-hautsderosans.com\/de\/campingplatz-qualitat-hautes-alpes\/#primaryimage"},"thumbnailUrl":"https:\/\/www.camping-hautsderosans.com\/wp-content\/uploads\/2020\/12\/camping-qualite-rosans.jpg","datePublished":"2020-11-24T10:14:11+00:00","dateModified":"2021-02-01T09:07:05+00:00","breadcrumb":{"@id":"https:\/\/www.camping-hautsderosans.com\/de\/campingplatz-qualitat-hautes-alpes\/#breadcrumb"},"inLanguage":"de","potentialAction":[{"@type":"ReadAction","target":["https:\/\/www.camping-hautsderosans.com\/de\/campingplatz-qualitat-hautes-alpes\/"]}]},{"@type":"ImageObject","inLanguage":"de","@id":"https:\/\/www.camping-hautsderosans.com\/de\/campingplatz-qualitat-hautes-alpes\/#primaryimage","url":"https:\/\/www.camping-hautsderosans.com\/wp-content\/uploads\/2020\/12\/camping-qualite-rosans.jpg","contentUrl":"https:\/\/www.camping-hautsderosans.com\/wp-content\/uploads\/2020\/12\/camping-qualite-rosans.jpg","width":1903,"height":450},{"@type":"BreadcrumbList","@id":"https:\/\/www.camping-hautsderosans.com\/de\/campingplatz-qualitat-hautes-alpes\/#breadcrumb","itemListElement":[{"@type":"ListItem","position":1,"name":"Campingplatz Hautes-Alpes","item":"https:\/\/www.camping-hautsderosans.com\/de\/"},{"@type":"ListItem","position":2,"name":"Camping Qualit\u00e4t Hautes-Alpes"}]},{"@type":"WebSite","@id":"https:\/\/www.camping-hautsderosans.com\/de\/#website","url":"https:\/\/www.camping-hautsderosans.com\/de\/","name":"Camping les Hauts de Rosans","description":"","potentialAction":[{"@type":"SearchAction","target":{"@type":"EntryPoint","urlTemplate":"https:\/\/www.camping-hautsderosans.com\/de\/?s={search_term_string}"},"query-input":{"@type":"PropertyValueSpecification","valueRequired":true,"valueName":"search_term_string"}}],"inLanguage":"de"}]}},"_links":{"self":[{"href":"https:\/\/www.camping-hautsderosans.com\/de\/wp-json\/wp\/v2\/pages\/7198"}],"collection":[{"href":"https:\/\/www.camping-hautsderosans.com\/de\/wp-json\/wp\/v2\/pages"}],"about":[{"href":"https:\/\/www.camping-hautsderosans.com\/de\/wp-json\/wp\/v2\/types\/page"}],"author":[{"embeddable":true,"href":"https:\/\/www.camping-hautsderosans.com\/de\/wp-json\/wp\/v2\/users\/1"}],"replies":[{"embeddable":true,"href":"https:\/\/www.camping-hautsderosans.com\/de\/wp-json\/wp\/v2\/comments?post=7198"}],"version-history":[{"count":10,"href":"https:\/\/www.camping-hautsderosans.com\/de\/wp-json\/wp\/v2\/pages\/7198\/revisions"}],"predecessor-version":[{"id":7651,"href":"https:\/\/www.camping-hautsderosans.com\/de\/wp-json\/wp\/v2\/pages\/7198\/revisions\/7651"}],"wp:featuredmedia":[{"embeddable":true,"href":"https:\/\/www.camping-hautsderosans.com\/de\/wp-json\/wp\/v2\/media\/4982"}],"wp:attachment":[{"href":"https:\/\/www.camping-hautsderosans.com\/de\/wp-json\/wp\/v2\/media?parent=7198"}],"curies":[{"name":"wp","href":"https:\/\/api.w.org\/{rel}","templated":true}]}}