{"id":7290,"date":"2020-11-17T07:32:51","date_gmt":"2020-11-17T06:32:51","guid":{"rendered":"https:\/\/www.camping-hautsderosans.com\/location-emplacement-hautes-alpes\/"},"modified":"2023-03-17T10:25:07","modified_gmt":"2023-03-17T09:25:07","slug":"vermietung-stellplatze-hautes-alpes","status":"publish","type":"page","link":"https:\/\/www.camping-hautsderosans.com\/de\/vermietung-stellplatze-hautes-alpes\/","title":{"rendered":"Unterbringung : Stellpl\u00e4tze"},"content":{"rendered":"<section id=\"section-5fbce69341afa\"\" class=\"section bg-white\" \/><div class=\"container extralarge\"><h1 class=\"element section-title center color2\">Vermietung von Stellpl\u00e4tzen in der Provence<\/h1><div class=\"element bloc-text justify \">\n\t<p><script>\n    window.ctoutvert = {\n\t\tid: 351, \n\t\tlang: 'de', \n\t\turl: 'https:\/\/bookingpremium.secureholiday.net\/widgets\/'\n    };<\/p>\n<p>    (function (w, d, s, ctv, r, js, fjs) {\n        r=new XMLHttpRequest();r.open('GET',w[ctv].url+'js\/src.json');\n        r.responseType='json';r.json=true;r.send();\n        r.onload=function(){w[ctv].src=r.responseType=='json'?r.response:JSON.parse(r.response);\n        js.src=w[ctv].src[0];fjs.parentNode.insertBefore(js, fjs);}\n        js=d.createElement(s),fjs=d.getElementsByTagName(s)[0];\n        js.id='ctvwidget';js.async=1;\n    }(window, document, 'script', 'ctoutvert'));\n<\/script><\/p>\n<\/div><div class=\"colonnes-wrap valign-top \"><div class=\"element colonne \"><div class=\"element bloc-text justify \">\n\t<p><ctv-product data-product-id=\"64822\" data-full=\"true\" ><\/ctv-product><\/p>\n<\/div><\/div><div class=\"element colonne \"><div class=\"element bloc-text justify \">\n\t<p><ctv-product data-product-id=\"117036\" data-full=\"true\" ><\/ctv-product><\/p>\n<\/div><\/div><div class=\"element colonne \"><div class=\"element bloc-text justify \">\n\t<p><ctv-product data-product-id=\"117037\" data-full=\"true\" ><\/ctv-product><\/p>\n<\/div><\/div><\/div><\/div><\/section>\n\n<section id=\"section-5fbce6934225f\"\" class=\"section bg-white p-t-0 p-b-0\" \/><div class=\"container full\"><div class=\"colonnes-wrap valign-middle \"><div class=\"element colonne \"><h2 class=\"element section-title justify m-t-6 color2\">Wohnmobilstellplatz (mit Strom)<\/h2><div class=\"element bloc-text justify \">\n\t<p>Kommen Sie und lassen Sie sich in einem Zelt, <strong class=\"bold color1\">im Wohnmobil oder Wohnwagen<\/strong> auf unserem <a href=\"\/de\/\">4-Sterne-Campingplatz in der Provence<\/a> inmitten einer nat\u00fcrlichen und einzigartigen Umgebung nieder, mit <strong class=\"bold color1\">den Baronnies Proven\u00e7ales<\/strong> als Kulisse. Der terrassenf\u00f6rmig angelegte Campingplatz folgt den nat\u00fcrlichen Kurven des Berges, alles um Ihnen <strong class=\"bold color1\">einen hochwertigen Stellplatz<\/strong> und einen atemberaubenden Panoramablick zu garantieren, auf einer durchschnittlichen Fl\u00e4che von 100 m\u00b2.<\/p>\n<p>Zu Ihrer Verf\u00fcgung und f\u00fcr Ihren gr\u00f6\u00dferen Komfort bietet der Campingplatz allen Campern auch zwei \u00fcber den Platz verteilte Sanit\u00e4ranlagen. Es ist f\u00fcr uns Ehrensache, Ihnen <strong class=\"bold color1\">saubere und gepflegte Sanit\u00e4ranlagen<\/strong> sowie eine angepasste Ausstattung f\u00fcr maximalen Komfort zu bieten.<\/p>\n<p>Eine <strong class=\"bold color1\">Sanit\u00e4ranlage wird im Fr\u00fchjahr<\/strong> und Herbst f\u00fcr optimalen Komfort beheizt.<\/p>\n<p>F\u00fcr Familien mit kleinen Kindern gibt es eine strong class=&#8220;bold color1&#8243;>Familienkabine<\/strong> mit einer Elterndusche und einer an die Gr\u00f6\u00dfe des Kindes angepassten Dusche sowie eine <strong class=\"bold color1\">Babykabine mit Badewanne<\/strong>, Wickeltisch und einem kleinen Waschbecken f\u00fcr die Toilette.<\/p>\n<p>Alle Stellpl\u00e4tze auf dem Campingplatz sind <strong class=\"bold color1\">mit Stromanschl\u00fcssen ausgestattet<\/strong>, darunter auch mit europ\u00e4ischen 10A-Steckern, die Sie in Ihrer Ausr\u00fcstung mitnehmen k\u00f6nnen (Sie finden sie auch in unserem Shop).<\/p>\n<p>Ihr Aufenthalt auf dem Campingplatz Les Hauts de Rosans, in einer <strong class=\"bold color1\">bermerkenswerten nat\u00fcrlichen Umgebung<\/strong>, ist gepr\u00e4gt von der umgebenden Ruhe.<\/p>\n<p>Buchen Sie ab sofort Ihren Stellplatz auf dem <strong class=\"bold color1\">4-Sterne-Campingplatz Les Hauts de Rosans<\/stro\n\n<strong class=\"bold color1\">Nat\u00fcrlich bel\u00fcftete Sanit\u00e4ranlagen, regelm\u00e4\u00dfiges Reinigungs- und Desinfektionsprotokoll<\/strong>.<\/p>\n<\/div><\/div><div class=\"element colonne p-0\"><div class=\"element images\"><div class=\"image\"><img decoding=\"async\" src=\"https:\/\/www.camping-hautsderosans.com\/wp-content\/uploads\/2021\/01\/tente-provence-100x45.jpg\" data-src=\"https:\/\/www.camping-hautsderosans.com\/wp-content\/uploads\/2021\/01\/tente-provence.jpg\" alt=\"Provence Zelt\" class=\"images_image p-b-1\" \/><\/div><\/div><div class=\"element images\"><div class=\"image\"><img decoding=\"async\" src=\"https:\/\/www.camping-hautsderosans.com\/wp-content\/uploads\/2021\/01\/location-tente-hautes-alpes-100x45.jpg\" data-src=\"https:\/\/www.camping-hautsderosans.com\/wp-content\/uploads\/2021\/01\/location-tente-hautes-alpes.jpg\" alt=\"zeltverleih hautes-alpes\" class=\"images_image p-b-1\" \/><\/div><\/div><\/div><\/div><\/div><\/section>\n\n<section id=\"section-groupe\"\" class=\"section bg-white p-t-0 p-b-0\" \/><div class=\"container full\"><div class=\"accordeon\"><div class=\"slide \"><div class=\"slide_image\"><img decoding=\"async\" src=\"https:\/\/www.camping-hautsderosans.com\/wp-content\/uploads\/2021\/01\/location-emplacement-provence-100x88.jpg\" data-src=\"https:\/\/www.camping-hautsderosans.com\/wp-content\/uploads\/2021\/01\/location-emplacement-provence.jpg\" alt=\"\" class=\"\" \/><\/div><\/div><div class=\"slide \"><div class=\"slide_image\"><img decoding=\"async\" src=\"https:\/\/www.camping-hautsderosans.com\/wp-content\/uploads\/2021\/01\/tente-camping-provence-100x88.jpg\" data-src=\"https:\/\/www.camping-hautsderosans.com\/wp-content\/uploads\/2021\/01\/tente-camping-provence.jpg\" alt=\"\" class=\"\" \/><\/div><\/div><div class=\"slide \"><div class=\"slide_image\"><img decoding=\"async\" src=\"https:\/\/www.camping-hautsderosans.com\/wp-content\/uploads\/2021\/01\/emplacement-tente-provence-100x88.jpg\" data-src=\"https:\/\/www.camping-hautsderosans.com\/wp-content\/uploads\/2021\/01\/emplacement-tente-provence.jpg\" alt=\"\" class=\"\" \/><\/div><\/div><div class=\"slide \"><div class=\"slide_image\"><img decoding=\"async\" src=\"https:\/\/www.camping-hautsderosans.com\/wp-content\/uploads\/2021\/01\/couple-tente-provence-100x88.jpg\" data-src=\"https:\/\/www.camping-hautsderosans.com\/wp-content\/uploads\/2021\/01\/couple-tente-provence.jpg\" alt=\"\" class=\"\" \/><\/div><\/div><\/div><\/div><\/section>\n\n<section id=\"section-5fbce157ac762\"\" class=\"section bg-white p-t-0 p-b-0\" \/><div class=\"container full\"><div class=\"colonnes-wrap valign-middle \"><div class=\"element colonne p-0\"><div class=\"element images\"><div class=\"image\"><img decoding=\"async\" src=\"https:\/\/www.camping-hautsderosans.com\/wp-content\/uploads\/2021\/01\/caravane-provence-100x45.jpg\" data-src=\"https:\/\/www.camping-hautsderosans.com\/wp-content\/uploads\/2021\/01\/caravane-provence.jpg\" alt=\"Karawane Provence\" class=\"images_image p-b-1\" \/><\/div><\/div><\/div><div class=\"element colonne p-r-6\"><h2 class=\"element section-title justify m-t-6 color2\">Gro\u00dfer Caravan-Komfort<\/h2><div class=\"element bloc-text justify \">\n\t<p>Neuer Campingplatz Les Hauts de Rosans :<strong class=\"bold color1\"> Ein Premium-Stellplatz mit privaten Sanit\u00e4ranlagen<\/strong> !<\/p>\n<p>Der Premium-Stellplatz ist ideal, um <strong class=\"bold color1\">authentischen Campingurlaub<\/strong> zu genie\u00dfen, mit maximalem Komfort! Auf Ihrem Stellplatz steht Ihnen ein privates Sanit\u00e4rgeb\u00e4ude zur Verf\u00fcgung, ein kleines Chalet, das mit einer Toilette, einer Dusche, einem Waschbecken und einem Au\u00dfenwaschbecken ausgestattet ist.<\/p>\n<p>Speziell f\u00fcr <strong class=\"bold color1\">Wohnwagen und Wohnmobile<\/strong> angepasst, erm\u00f6glicht dieser Stellplatz auch einen direkten Anschluss an das Abwassernetz.<\/p>\n<\/div><\/div><\/div><\/div><\/section>\n\n<section id=\"section-5fbce693431df\"\" class=\"section bg-white\" \/><div class=\"container extralarge\"><div class=\"element section-title center titre-cta\">Entdecken Sie unsere Dienstleistungen auf dem Campingplatz<\/div><ul class=\"liste-de-page articles\"><li class=\"element call-to-action carre call-to-action--style-1 call-to-action--normal\"><a href=\"https:\/\/www.camping-hautsderosans.com\/de\/familiencampingplatz-provence\/\"  class=\"call-to-action_link\" title=\"Erfahren Sie mehr \u00fcber unsere aktivit\u00e4ten &#038; animationen\"><div class=\"call-to-action_image\"><img decoding=\"async\" src=\"https:\/\/www.camping-hautsderosans.com\/wp-content\/uploads\/2020\/11\/animations-hautes-alpes-100x24.jpg\" data-src=\"https:\/\/www.camping-hautsderosans.com\/wp-content\/uploads\/2020\/11\/animations-hautes-alpes.jpg\" alt=\"\" class=\"normal\" \/><\/div><div class=\"call-to-action_contenu\"><div class=\"call-to-action_titre\">Unsere Aktivit\u00e4ten &#038; Animationen<\/div><\/div><\/a><\/li><li class=\"element call-to-action carre call-to-action--style-1 call-to-action--normal call-to-action--style-1 call-to-action--normal\"><a href=\"https:\/\/www.camping-hautsderosans.com\/de\/schwimmbad-campingplatz-provence\/\"  class=\"call-to-action_link\" title=\"Erfahren Sie mehr \u00fcber unser aquatischer bereich\"><div class=\"call-to-action_image\"><img decoding=\"async\" src=\"https:\/\/www.camping-hautsderosans.com\/wp-content\/uploads\/2020\/12\/piscine-exterieure-100x24.jpg\" data-src=\"https:\/\/www.camping-hautsderosans.com\/wp-content\/uploads\/2020\/12\/piscine-exterieure.jpg\" alt=\"\" class=\"normal\" \/><\/div><div class=\"call-to-action_contenu\"><div class=\"call-to-action_titre\">Unser aquatischer Bereich<\/div><\/div><\/a><\/li><li class=\"element call-to-action carre call-to-action--style-1 call-to-action--normal call-to-action--style-1 call-to-action--normal call-to-action--style-1 call-to-action--normal\"><a href=\"https:\/\/www.camping-hautsderosans.com\/de\/dienstleistungen-provence\/\"  class=\"call-to-action_link\" title=\"Erfahren Sie mehr \u00fcber  unser angebot\"><div class=\"call-to-action_image\"><img decoding=\"async\" src=\"https:\/\/www.camping-hautsderosans.com\/wp-content\/uploads\/2020\/11\/camping-service-hautes-alpes-100x24.jpg\" data-src=\"https:\/\/www.camping-hautsderosans.com\/wp-content\/uploads\/2020\/11\/camping-service-hautes-alpes.jpg\" alt=\"\" class=\"normal\" \/><\/div><div class=\"call-to-action_contenu\"><div class=\"call-to-action_titre\"> Unser Angebot<\/div><\/div><\/a><\/li><\/ul><\/div><\/section>","protected":false},"excerpt":{"rendered":"","protected":false},"author":1,"featured_media":5738,"parent":0,"menu_order":0,"comment_status":"closed","ping_status":"closed","template":"","meta":{"_acf_changed":false,"footnotes":""},"acf":[],"yoast_head":"<!-- This site is optimized with the Yoast SEO plugin v23.4 - https:\/\/yoast.com\/wordpress\/plugins\/seo\/ -->\n<title>Stellplatzvermietung in Provence | Stellplatz Wohnwagen Provence<\/title>\n<meta name=\"robots\" content=\"index, follow, max-snippet:-1, max-image-preview:large, max-video-preview:-1\" \/>\n<link rel=\"canonical\" href=\"https:\/\/www.camping-hautsderosans.com\/de\/vermietung-stellplatze-hautes-alpes\/\" \/>\n<meta property=\"og:locale\" content=\"de_DE\" \/>\n<meta property=\"og:type\" content=\"article\" \/>\n<meta property=\"og:title\" content=\"Stellplatzvermietung in Provence | Stellplatz Wohnwagen Provence\" \/>\n<meta property=\"og:url\" content=\"https:\/\/www.camping-hautsderosans.com\/de\/vermietung-stellplatze-hautes-alpes\/\" \/>\n<meta property=\"og:site_name\" content=\"Camping les Hauts de Rosans\" \/>\n<meta property=\"article:modified_time\" content=\"2023-03-17T09:25:07+00:00\" \/>\n<meta property=\"og:image\" content=\"https:\/\/www.camping-hautsderosans.com\/wp-content\/uploads\/2021\/01\/emplacement-provence.jpg\" \/>\n\t<meta property=\"og:image:width\" content=\"1903\" \/>\n\t<meta property=\"og:image:height\" content=\"451\" \/>\n\t<meta property=\"og:image:type\" content=\"image\/jpeg\" \/>\n<meta name=\"twitter:card\" content=\"summary_large_image\" \/>\n<script type=\"application\/ld+json\" class=\"yoast-schema-graph\">{\"@context\":\"https:\/\/schema.org\",\"@graph\":[{\"@type\":\"WebPage\",\"@id\":\"https:\/\/www.camping-hautsderosans.com\/de\/vermietung-stellplatze-hautes-alpes\/\",\"url\":\"https:\/\/www.camping-hautsderosans.com\/de\/vermietung-stellplatze-hautes-alpes\/\",\"name\":\"Stellplatzvermietung in Provence | Stellplatz Wohnwagen Provence\",\"isPartOf\":{\"@id\":\"https:\/\/www.camping-hautsderosans.com\/de\/#website\"},\"primaryImageOfPage\":{\"@id\":\"https:\/\/www.camping-hautsderosans.com\/de\/vermietung-stellplatze-hautes-alpes\/#primaryimage\"},\"image\":{\"@id\":\"https:\/\/www.camping-hautsderosans.com\/de\/vermietung-stellplatze-hautes-alpes\/#primaryimage\"},\"thumbnailUrl\":\"https:\/\/www.camping-hautsderosans.com\/wp-content\/uploads\/2021\/01\/emplacement-provence.jpg\",\"datePublished\":\"2020-11-17T06:32:51+00:00\",\"dateModified\":\"2023-03-17T09:25:07+00:00\",\"breadcrumb\":{\"@id\":\"https:\/\/www.camping-hautsderosans.com\/de\/vermietung-stellplatze-hautes-alpes\/#breadcrumb\"},\"inLanguage\":\"de\",\"potentialAction\":[{\"@type\":\"ReadAction\",\"target\":[\"https:\/\/www.camping-hautsderosans.com\/de\/vermietung-stellplatze-hautes-alpes\/\"]}]},{\"@type\":\"ImageObject\",\"inLanguage\":\"de\",\"@id\":\"https:\/\/www.camping-hautsderosans.com\/de\/vermietung-stellplatze-hautes-alpes\/#primaryimage\",\"url\":\"https:\/\/www.camping-hautsderosans.com\/wp-content\/uploads\/2021\/01\/emplacement-provence.jpg\",\"contentUrl\":\"https:\/\/www.camping-hautsderosans.com\/wp-content\/uploads\/2021\/01\/emplacement-provence.jpg\",\"width\":1903,\"height\":451},{\"@type\":\"BreadcrumbList\",\"@id\":\"https:\/\/www.camping-hautsderosans.com\/de\/vermietung-stellplatze-hautes-alpes\/#breadcrumb\",\"itemListElement\":[{\"@type\":\"ListItem\",\"position\":1,\"name\":\"Campingplatz Hautes-Alpes\",\"item\":\"https:\/\/www.camping-hautsderosans.com\/de\/\"},{\"@type\":\"ListItem\",\"position\":2,\"name\":\"Stellplatz Wohnwagen Provence\"}]},{\"@type\":\"WebSite\",\"@id\":\"https:\/\/www.camping-hautsderosans.com\/de\/#website\",\"url\":\"https:\/\/www.camping-hautsderosans.com\/de\/\",\"name\":\"Camping les Hauts de Rosans\",\"description\":\"\",\"potentialAction\":[{\"@type\":\"SearchAction\",\"target\":{\"@type\":\"EntryPoint\",\"urlTemplate\":\"https:\/\/www.camping-hautsderosans.com\/de\/?s={search_term_string}\"},\"query-input\":{\"@type\":\"PropertyValueSpecification\",\"valueRequired\":true,\"valueName\":\"search_term_string\"}}],\"inLanguage\":\"de\"}]}<\/script>\n<!-- \/ Yoast SEO plugin. -->","yoast_head_json":{"title":"Stellplatzvermietung in Provence | Stellplatz Wohnwagen Provence","robots":{"index":"index","follow":"follow","max-snippet":"max-snippet:-1","max-image-preview":"max-image-preview:large","max-video-preview":"max-video-preview:-1"},"canonical":"https:\/\/www.camping-hautsderosans.com\/de\/vermietung-stellplatze-hautes-alpes\/","og_locale":"de_DE","og_type":"article","og_title":"Stellplatzvermietung in Provence | Stellplatz Wohnwagen Provence","og_url":"https:\/\/www.camping-hautsderosans.com\/de\/vermietung-stellplatze-hautes-alpes\/","og_site_name":"Camping les Hauts de Rosans","article_modified_time":"2023-03-17T09:25:07+00:00","og_image":[{"width":1903,"height":451,"url":"https:\/\/www.camping-hautsderosans.com\/wp-content\/uploads\/2021\/01\/emplacement-provence.jpg","type":"image\/jpeg"}],"twitter_card":"summary_large_image","schema":{"@context":"https:\/\/schema.org","@graph":[{"@type":"WebPage","@id":"https:\/\/www.camping-hautsderosans.com\/de\/vermietung-stellplatze-hautes-alpes\/","url":"https:\/\/www.camping-hautsderosans.com\/de\/vermietung-stellplatze-hautes-alpes\/","name":"Stellplatzvermietung in Provence | Stellplatz Wohnwagen Provence","isPartOf":{"@id":"https:\/\/www.camping-hautsderosans.com\/de\/#website"},"primaryImageOfPage":{"@id":"https:\/\/www.camping-hautsderosans.com\/de\/vermietung-stellplatze-hautes-alpes\/#primaryimage"},"image":{"@id":"https:\/\/www.camping-hautsderosans.com\/de\/vermietung-stellplatze-hautes-alpes\/#primaryimage"},"thumbnailUrl":"https:\/\/www.camping-hautsderosans.com\/wp-content\/uploads\/2021\/01\/emplacement-provence.jpg","datePublished":"2020-11-17T06:32:51+00:00","dateModified":"2023-03-17T09:25:07+00:00","breadcrumb":{"@id":"https:\/\/www.camping-hautsderosans.com\/de\/vermietung-stellplatze-hautes-alpes\/#breadcrumb"},"inLanguage":"de","potentialAction":[{"@type":"ReadAction","target":["https:\/\/www.camping-hautsderosans.com\/de\/vermietung-stellplatze-hautes-alpes\/"]}]},{"@type":"ImageObject","inLanguage":"de","@id":"https:\/\/www.camping-hautsderosans.com\/de\/vermietung-stellplatze-hautes-alpes\/#primaryimage","url":"https:\/\/www.camping-hautsderosans.com\/wp-content\/uploads\/2021\/01\/emplacement-provence.jpg","contentUrl":"https:\/\/www.camping-hautsderosans.com\/wp-content\/uploads\/2021\/01\/emplacement-provence.jpg","width":1903,"height":451},{"@type":"BreadcrumbList","@id":"https:\/\/www.camping-hautsderosans.com\/de\/vermietung-stellplatze-hautes-alpes\/#breadcrumb","itemListElement":[{"@type":"ListItem","position":1,"name":"Campingplatz Hautes-Alpes","item":"https:\/\/www.camping-hautsderosans.com\/de\/"},{"@type":"ListItem","position":2,"name":"Stellplatz Wohnwagen Provence"}]},{"@type":"WebSite","@id":"https:\/\/www.camping-hautsderosans.com\/de\/#website","url":"https:\/\/www.camping-hautsderosans.com\/de\/","name":"Camping les Hauts de Rosans","description":"","potentialAction":[{"@type":"SearchAction","target":{"@type":"EntryPoint","urlTemplate":"https:\/\/www.camping-hautsderosans.com\/de\/?s={search_term_string}"},"query-input":{"@type":"PropertyValueSpecification","valueRequired":true,"valueName":"search_term_string"}}],"inLanguage":"de"}]}},"_links":{"self":[{"href":"https:\/\/www.camping-hautsderosans.com\/de\/wp-json\/wp\/v2\/pages\/7290"}],"collection":[{"href":"https:\/\/www.camping-hautsderosans.com\/de\/wp-json\/wp\/v2\/pages"}],"about":[{"href":"https:\/\/www.camping-hautsderosans.com\/de\/wp-json\/wp\/v2\/types\/page"}],"author":[{"embeddable":true,"href":"https:\/\/www.camping-hautsderosans.com\/de\/wp-json\/wp\/v2\/users\/1"}],"replies":[{"embeddable":true,"href":"https:\/\/www.camping-hautsderosans.com\/de\/wp-json\/wp\/v2\/comments?post=7290"}],"version-history":[{"count":18,"href":"https:\/\/www.camping-hautsderosans.com\/de\/wp-json\/wp\/v2\/pages\/7290\/revisions"}],"predecessor-version":[{"id":10625,"href":"https:\/\/www.camping-hautsderosans.com\/de\/wp-json\/wp\/v2\/pages\/7290\/revisions\/10625"}],"wp:featuredmedia":[{"embeddable":true,"href":"https:\/\/www.camping-hautsderosans.com\/de\/wp-json\/wp\/v2\/media\/5738"}],"wp:attachment":[{"href":"https:\/\/www.camping-hautsderosans.com\/de\/wp-json\/wp\/v2\/media?parent=7290"}],"curies":[{"name":"wp","href":"https:\/\/api.w.org\/{rel}","templated":true}]}}