{"id":6867,"date":"2020-11-17T07:31:00","date_gmt":"2020-11-17T06:31:00","guid":{"rendered":"https:\/\/www.camping-hautsderosans.com\/camping-baronnies\/"},"modified":"2021-02-01T10:03:00","modified_gmt":"2021-02-01T09:03:00","slug":"campsite-baronnies","status":"publish","type":"page","link":"https:\/\/www.camping-hautsderosans.com\/en\/campsite-baronnies\/","title":{"rendered":"Surroundings : Baronnies"},"content":{"rendered":"<section id=\"section-5fbce69341afa\"\" class=\"section bg-white\" \/><div class=\"container extralarge\"><h1 class=\"element section-title center color2\"> Zoom on Rosans and the Baronnies Proven\u00e7ales Natural Park<\/h1><\/div><\/section>\n\n<section id=\"section-5fbce6934225f\"\" class=\"section bg-white p-t-0 p-b-0\" \/><div class=\"container full\"><div class=\"colonnes-wrap valign-middle \"><div class=\"element colonne \"><div class=\"element bloc-text justify \">\n\t<p>Do you dream of a <strong class=\"bold color1\">escapade in nature<\/strong> ? A stay focused on well-being, walks and discoveries?  <\/p>\n<p>The Baronnies Proven\u00e7ales Regional Nature Park is the choice of a region full of promise. <strong class=\"bold color1\">Beautiful perched villages<\/strong>, preserved nature, mild and sunny climate, rich and varied soil, here is a destination that will delight all holidaymakers! <\/p>\n<\/div><h2 class=\"element section-title justify m-t-6 color2\">The Proven\u00e7al Baronnies, the last of the French nature parks<\/h2><div class=\"element bloc-text justify \">\n\t<p>Classified as a Regional Natural Park in 2015, the Baronnies Proven\u00e7ales Park is the 51st and last park created in France. <\/p>\n<p>It is a region of <strong class=\"bold color1\">medium mountains<\/strong> located between the Dr\u00f4me and the Hautes-Alpes. It gathers <strong class=\"bold color1\">pittoresque villages<\/strong> with medieval allures which carry with them the memory of the country. Castles, terraces and villages make up the historical heritage of this beautiful region.  <\/p>\n<p>The Baronnies Proven\u00e7ales Park also shelters numerous <strong class=\"bold color1\">local producers<\/strong> who will delight both fine noses and gourmet palates: essential oils, olive oil, Provence honey, etc. Without forgetting its wine production with the C\u00f4tes du Rh\u00f4ne, the Cru Vinsobres or the IGP C\u00f4teaux des Baronnies. The <strong class=\"bold color1\">culture lovers<\/strong>, the <strong class=\"bold color1\">history<\/strong> and the <strong class=\"bold color1\">gastronomy<\/strong> will therefore be at the festival in the Provencal Baronnies.  <\/p>\n<\/div><h2 class=\"element section-title justify m-t-6 color2\">A paradise for sports and nature lovers<\/h2><div class=\"element bloc-text justify \">\n\t<p>A regional nature park is also a <strong class=\"bold color1\">preserved outdoor space<\/strong> and conducive to the practice of many sporting activities. A paradise for hikers of course, but also for fans of mountain biking, climbing, horse riding or even paragliding! <\/p>\n<p>The Baronnies Proven\u00e7ales benefit from a particular <strong class=\"bold color1\">fauna<\/strong> and a particular <strong class=\"bold color1\">wild flora<\/strong> resulting from the meeting between the Alpine and Mediterranean environments. Walkers will be immersed in magnificent landscapes rich in <strong class=\"bold color1\">animals<\/strong> and <strong class=\"bold color1\">exceptional plants<\/strong>. The observation of the sky, renowned for its depth and sharpness, is also an activity of choice in the Provencal Baronnies.  <\/p>\n<\/div><\/div><div class=\"element colonne p-0\"><div class=\"element images\"><div class=\"image\"><img decoding=\"async\" src=\"https:\/\/www.camping-hautsderosans.com\/wp-content\/uploads\/2020\/12\/olive-huile-100x45.jpg\" data-src=\"https:\/\/www.camping-hautsderosans.com\/wp-content\/uploads\/2020\/12\/olive-huile.jpg\" alt=\"olive oil\" class=\"images_image p-b-1\" \/><\/div><\/div><div class=\"element images\"><div class=\"image\"><img decoding=\"async\" src=\"https:\/\/www.camping-hautsderosans.com\/wp-content\/uploads\/2020\/12\/equitation-cheval-100x45.jpg\" data-src=\"https:\/\/www.camping-hautsderosans.com\/wp-content\/uploads\/2020\/12\/equitation-cheval.jpg\" alt=\"horse riding\" class=\"images_image p-b-1\" \/><\/div><\/div><\/div><\/div><\/div><\/section>\n\n<section id=\"section-5fbce69342666\"\" class=\"section bg-white p-t-0 p-b-0\" \/><div class=\"container full\"><div class=\"accordeon\"><div class=\"slide \"><div class=\"slide_image\"><img decoding=\"async\" src=\"https:\/\/www.camping-hautsderosans.com\/wp-content\/uploads\/2020\/12\/raisin-grappe-100x88.jpg\" data-src=\"https:\/\/www.camping-hautsderosans.com\/wp-content\/uploads\/2020\/12\/raisin-grappe.jpg\" alt=\"\" class=\"\" \/><\/div><\/div><div class=\"slide \"><div class=\"slide_image\"><img decoding=\"async\" src=\"https:\/\/www.camping-hautsderosans.com\/wp-content\/uploads\/2020\/12\/miel-pot-100x88.jpg\" data-src=\"https:\/\/www.camping-hautsderosans.com\/wp-content\/uploads\/2020\/12\/miel-pot.jpg\" alt=\"\" class=\"\" \/><\/div><\/div><div class=\"slide \"><div class=\"slide_image\"><img decoding=\"async\" src=\"https:\/\/www.camping-hautsderosans.com\/wp-content\/uploads\/2020\/12\/olives-cueillir-100x88.jpg\" data-src=\"https:\/\/www.camping-hautsderosans.com\/wp-content\/uploads\/2020\/12\/olives-cueillir.jpg\" alt=\"\" class=\"\" \/><\/div><\/div><div class=\"slide \"><div class=\"slide_image\"><img decoding=\"async\" src=\"https:\/\/www.camping-hautsderosans.com\/wp-content\/uploads\/2020\/12\/grappe-raisin-100x88.jpg\" data-src=\"https:\/\/www.camping-hautsderosans.com\/wp-content\/uploads\/2020\/12\/grappe-raisin.jpg\" alt=\"\" class=\"\" \/><\/div><\/div><\/div><\/div><\/section>\n\n<section id=\"section-5fbce157ac762\"\" class=\"section bg-white p-t-0 p-b-0\" \/><div class=\"container full\"><div class=\"colonnes-wrap valign-middle \"><div class=\"element colonne p-0\"><div class=\"element images\"><div class=\"image\"><img decoding=\"async\" src=\"https:\/\/www.camping-hautsderosans.com\/wp-content\/uploads\/2020\/12\/tente-camping-100x45.jpg\" data-src=\"https:\/\/www.camping-hautsderosans.com\/wp-content\/uploads\/2020\/12\/tente-camping.jpg\" alt=\"camp tent\" class=\"images_image p-b-1\" \/><\/div><\/div><div class=\"element images\"><div class=\"image\"><img decoding=\"async\" src=\"https:\/\/www.camping-hautsderosans.com\/wp-content\/uploads\/2020\/12\/lavande-camping-100x45.jpg\" data-src=\"https:\/\/www.camping-hautsderosans.com\/wp-content\/uploads\/2020\/12\/lavande-camping.jpg\" alt=\"lavender campsite\" class=\"images_image p-b-1\" \/><\/div><\/div><\/div><div class=\"element colonne \"><h2 class=\"element section-title justify m-t-6 color2\">Excursion to the village of Rosans<\/h2><div class=\"element bloc-text justify \">\n\t<p>On the borders of the Parc des Baronnies, and just before the Dr\u00f4me, the <strong class=\"bold color1\">wonderful village<\/strong> of Rosans hangs on the side of a hill. Rosans is a <strong class=\"bold color1\">necessary step<\/strong> for your stay in the Provencal Baronnies.<\/p>\n<p>The village has kept its <strong class=\"bold color1\">medieval character<\/strong> which gives it a unique atmosphere. You can visit its square tower, its church, its castle and its small streets. A beautiful destination for travellers interested in <strong class=\"bold color1\">history<\/strong> and <strong class=\"bold color1\"> feudal architecture<\/strong>. <\/p>\n<p>It is close to Rosans that the <a href=\"\/en\/\">campsite &#8220;Les Hauts de Rosans&#8221;<\/a> is located, a real haven of peace in the middle of nature. The 4-star campsite is situated in a superb mountain setting offering an <strong class=\"bold color1\">exceptional panorama<\/strong> on the Parc des Baronnies Proven\u00e7ales. Whether in a tent, caravan or rental car, all the carefully laid out pitches offer the visitor the pleasant feeling of being alone in the world, immersed in a unique natural setting. Swimming pool, entertainment, mountain bike loan, &#8220;les Hauts de Rosans&#8221; combine the freedom of camping with a <strong class=\"bold color1\">high level of comfort<\/strong> and quality of services. Its owners attach great importance to the preservation of the environment and the development of the territory.<\/p>\n<p>Are you convinced by this <strong class=\"bold color1\">exceptional region<\/strong> ? All you have to do now is head for Rosans and the Parc des Baronnies Proven\u00e7ales. To get off to a good start in organising your trip, start by making a reservation at &#8220;les Hauts de Rosans&#8221; campsite. It is the guarantee of a successful stay! <\/p>\n<\/div><h2 class=\"element section-title justify m-t-6 color2\">A well-kept campsite is a clean campsite!<\/h2><div class=\"element bloc-text justify \">\n\t<p>Hygiene is carefully inspected in each establishment <strong class=\"bold color1\">labellis\u00e9 Camping Qualit\u00e9<\/strong> : all the places on the campsite are regularly visited by a dedicated team to ensure that they are as clean as possible, for the comfort of visitors. <\/p>\n<\/div><\/div><\/div><\/div><\/section>\n\n<section id=\"section-groupe\"\" class=\"section bg-white p-t-0 p-b-0\" \/><div class=\"container full\"><div class=\"colonnes-wrap valign-middle \"><div class=\"element colonne \"><h2 class=\"element section-title justify m-t-6 color2\">A campsite with all the information at hand<\/h2><div class=\"element bloc-text justify \">\n\t<p>Staying at a campsite with clear and effective signage and information is a great way to go from <strong class=\"bold color1\">good holiday<\/strong>. Thus, the manager of a campsite with the Camping Qualit\u00e9 label undertakes to provide precise information about his campsite and its facilities. <\/p>\n<p>The opening hours of the services and reception, the <strong class=\"bold color1\">planning of the activities<\/strong> available during the stay, as well as the different rates are available and clearly displayed for the comfort of the visitor. <\/p>\n<p>Five commitments, five keys guarantee efficiency to enable you to enjoy a stay combining comfort, <strong class=\"bold color1\">friendliness and ideal location<\/strong>. Are you hesitating about which destination to choose for your next holiday? <\/p>\n<p>Choose Les Hauts de Rosans, a <strong class=\"bold color1\">magnificent top of the range quality campsite<\/strong>, for a stay in the best environment! <\/p>\n<\/div><\/div><div class=\"element colonne p-0\"><div class=\"element images\"><div class=\"image\"><img decoding=\"async\" src=\"https:\/\/www.camping-hautsderosans.com\/wp-content\/uploads\/2020\/12\/camping-location-100x45.jpg\" data-src=\"https:\/\/www.camping-hautsderosans.com\/wp-content\/uploads\/2020\/12\/camping-location.jpg\" alt=\"campsite rental\" class=\"images_image p-b-1\" \/><\/div><\/div><div class=\"element images\"><div class=\"image\"><img decoding=\"async\" src=\"https:\/\/www.camping-hautsderosans.com\/wp-content\/uploads\/2020\/12\/camping-vue-100x45.jpg\" data-src=\"https:\/\/www.camping-hautsderosans.com\/wp-content\/uploads\/2020\/12\/camping-vue.jpg\" alt=\"campsite view\" class=\"images_image p-b-1\" \/><\/div><\/div><\/div><\/div><\/div><\/section>\n\n<section id=\"section-5fbce693431df\"\" class=\"section bg-white\" \/><div class=\"container extralarge\"><div class=\"element section-title center titre-cta\">Discover the Baronnies and its surroundings<\/div><ul class=\"liste-de-page articles\"><li class=\"element call-to-action carre call-to-action--style-1 call-to-action--normal\"><a href=\"https:\/\/www.camping-hautsderosans.com\/en\/campsite-drome-provencale\/\"  class=\"call-to-action_link\" title=\"Find out more about dr\u00f4me proven\u00e7ale\"><div class=\"call-to-action_image\"><img decoding=\"async\" src=\"https:\/\/www.camping-hautsderosans.com\/wp-content\/uploads\/2020\/12\/lavande-fleur-100x24.jpg\" data-src=\"https:\/\/www.camping-hautsderosans.com\/wp-content\/uploads\/2020\/12\/lavande-fleur.jpg\" alt=\"\" class=\"normal\" \/><\/div><div class=\"call-to-action_contenu\"><div class=\"call-to-action_titre\">Dr\u00f4me proven\u00e7ale<\/div><\/div><\/a><\/li><li class=\"element call-to-action carre call-to-action--style-1 call-to-action--normal call-to-action--style-1 call-to-action--normal\"><a href=\"https:\/\/www.camping-hautsderosans.com\/en\/campsite-pays-du-buech\/\"  class=\"call-to-action_link\" title=\"Find out more about buech country\"><div class=\"call-to-action_image\"><img decoding=\"async\" src=\"https:\/\/www.camping-hautsderosans.com\/wp-content\/uploads\/2020\/12\/lavand-fleure-100x24.jpg\" data-src=\"https:\/\/www.camping-hautsderosans.com\/wp-content\/uploads\/2020\/12\/lavand-fleure.jpg\" alt=\"\" class=\"normal\" \/><\/div><div class=\"call-to-action_contenu\"><div class=\"call-to-action_titre\">Buech country<\/div><\/div><\/a><\/li><li class=\"element call-to-action carre call-to-action--style-1 call-to-action--normal call-to-action--style-1 call-to-action--normal call-to-action--style-1 call-to-action--normal\"><a href=\"https:\/\/www.camping-hautsderosans.com\/en\/perched-villages-provence\/\"  class=\"call-to-action_link\" title=\"Find out more about perched villages\"><div class=\"call-to-action_image\"><img decoding=\"async\" src=\"https:\/\/www.camping-hautsderosans.com\/wp-content\/uploads\/2020\/12\/saint-may-village-1-100x24.jpg\" data-src=\"https:\/\/www.camping-hautsderosans.com\/wp-content\/uploads\/2020\/12\/saint-may-village-1.jpg\" alt=\"\" class=\"normal\" \/><\/div><div class=\"call-to-action_contenu\"><div class=\"call-to-action_titre\">Perched villages<\/div><\/div><\/a><\/li><\/ul><\/div><\/section>","protected":false},"excerpt":{"rendered":"","protected":false},"author":1,"featured_media":3532,"parent":0,"menu_order":0,"comment_status":"closed","ping_status":"closed","template":"","meta":{"_acf_changed":false,"footnotes":""},"acf":[],"yoast_head":"<!-- This site is optimized with the Yoast SEO plugin v23.4 - https:\/\/yoast.com\/wordpress\/plugins\/seo\/ -->\n<title>Campsite close to the Baronnies | Visit Parc naturel Baronnies Proven\u00e7ales<\/title>\n<meta name=\"robots\" content=\"index, follow, max-snippet:-1, max-image-preview:large, max-video-preview:-1\" \/>\n<link rel=\"canonical\" href=\"https:\/\/www.camping-hautsderosans.com\/en\/campsite-baronnies\/\" \/>\n<meta property=\"og:locale\" content=\"en_US\" \/>\n<meta property=\"og:type\" content=\"article\" \/>\n<meta property=\"og:title\" content=\"Campsite close to the Baronnies | Visit Parc naturel Baronnies Proven\u00e7ales\" \/>\n<meta property=\"og:url\" content=\"https:\/\/www.camping-hautsderosans.com\/en\/campsite-baronnies\/\" \/>\n<meta property=\"og:site_name\" content=\"Camping les Hauts de Rosans\" \/>\n<meta property=\"article:modified_time\" content=\"2021-02-01T09:03:00+00:00\" \/>\n<meta property=\"og:image\" content=\"https:\/\/www.camping-hautsderosans.com\/wp-content\/uploads\/2020\/12\/olive-arbre.jpg\" \/>\n\t<meta property=\"og:image:width\" content=\"1902\" \/>\n\t<meta property=\"og:image:height\" content=\"450\" \/>\n\t<meta property=\"og:image:type\" content=\"image\/jpeg\" \/>\n<meta name=\"twitter:card\" content=\"summary_large_image\" \/>\n<script type=\"application\/ld+json\" class=\"yoast-schema-graph\">{\"@context\":\"https:\/\/schema.org\",\"@graph\":[{\"@type\":\"WebPage\",\"@id\":\"https:\/\/www.camping-hautsderosans.com\/en\/campsite-baronnies\/\",\"url\":\"https:\/\/www.camping-hautsderosans.com\/en\/campsite-baronnies\/\",\"name\":\"Campsite close to the Baronnies | Visit Parc naturel Baronnies Proven\u00e7ales\",\"isPartOf\":{\"@id\":\"https:\/\/www.camping-hautsderosans.com\/en\/#website\"},\"primaryImageOfPage\":{\"@id\":\"https:\/\/www.camping-hautsderosans.com\/en\/campsite-baronnies\/#primaryimage\"},\"image\":{\"@id\":\"https:\/\/www.camping-hautsderosans.com\/en\/campsite-baronnies\/#primaryimage\"},\"thumbnailUrl\":\"https:\/\/www.camping-hautsderosans.com\/wp-content\/uploads\/2020\/12\/olive-arbre.jpg\",\"datePublished\":\"2020-11-17T06:31:00+00:00\",\"dateModified\":\"2021-02-01T09:03:00+00:00\",\"breadcrumb\":{\"@id\":\"https:\/\/www.camping-hautsderosans.com\/en\/campsite-baronnies\/#breadcrumb\"},\"inLanguage\":\"en-US\",\"potentialAction\":[{\"@type\":\"ReadAction\",\"target\":[\"https:\/\/www.camping-hautsderosans.com\/en\/campsite-baronnies\/\"]}]},{\"@type\":\"ImageObject\",\"inLanguage\":\"en-US\",\"@id\":\"https:\/\/www.camping-hautsderosans.com\/en\/campsite-baronnies\/#primaryimage\",\"url\":\"https:\/\/www.camping-hautsderosans.com\/wp-content\/uploads\/2020\/12\/olive-arbre.jpg\",\"contentUrl\":\"https:\/\/www.camping-hautsderosans.com\/wp-content\/uploads\/2020\/12\/olive-arbre.jpg\",\"width\":1902,\"height\":450},{\"@type\":\"BreadcrumbList\",\"@id\":\"https:\/\/www.camping-hautsderosans.com\/en\/campsite-baronnies\/#breadcrumb\",\"itemListElement\":[{\"@type\":\"ListItem\",\"position\":1,\"name\":\"Campsite Hautes-Alpes\",\"item\":\"https:\/\/www.camping-hautsderosans.com\/en\/\"},{\"@type\":\"ListItem\",\"position\":2,\"name\":\"Discover the Baronnies\"}]},{\"@type\":\"WebSite\",\"@id\":\"https:\/\/www.camping-hautsderosans.com\/en\/#website\",\"url\":\"https:\/\/www.camping-hautsderosans.com\/en\/\",\"name\":\"Camping les Hauts de Rosans\",\"description\":\"\",\"potentialAction\":[{\"@type\":\"SearchAction\",\"target\":{\"@type\":\"EntryPoint\",\"urlTemplate\":\"https:\/\/www.camping-hautsderosans.com\/en\/?s={search_term_string}\"},\"query-input\":{\"@type\":\"PropertyValueSpecification\",\"valueRequired\":true,\"valueName\":\"search_term_string\"}}],\"inLanguage\":\"en-US\"}]}<\/script>\n<!-- \/ Yoast SEO plugin. -->","yoast_head_json":{"title":"Campsite close to the Baronnies | Visit Parc naturel Baronnies Proven\u00e7ales","robots":{"index":"index","follow":"follow","max-snippet":"max-snippet:-1","max-image-preview":"max-image-preview:large","max-video-preview":"max-video-preview:-1"},"canonical":"https:\/\/www.camping-hautsderosans.com\/en\/campsite-baronnies\/","og_locale":"en_US","og_type":"article","og_title":"Campsite close to the Baronnies | Visit Parc naturel Baronnies Proven\u00e7ales","og_url":"https:\/\/www.camping-hautsderosans.com\/en\/campsite-baronnies\/","og_site_name":"Camping les Hauts de Rosans","article_modified_time":"2021-02-01T09:03:00+00:00","og_image":[{"width":1902,"height":450,"url":"https:\/\/www.camping-hautsderosans.com\/wp-content\/uploads\/2020\/12\/olive-arbre.jpg","type":"image\/jpeg"}],"twitter_card":"summary_large_image","schema":{"@context":"https:\/\/schema.org","@graph":[{"@type":"WebPage","@id":"https:\/\/www.camping-hautsderosans.com\/en\/campsite-baronnies\/","url":"https:\/\/www.camping-hautsderosans.com\/en\/campsite-baronnies\/","name":"Campsite close to the Baronnies | Visit Parc naturel Baronnies Proven\u00e7ales","isPartOf":{"@id":"https:\/\/www.camping-hautsderosans.com\/en\/#website"},"primaryImageOfPage":{"@id":"https:\/\/www.camping-hautsderosans.com\/en\/campsite-baronnies\/#primaryimage"},"image":{"@id":"https:\/\/www.camping-hautsderosans.com\/en\/campsite-baronnies\/#primaryimage"},"thumbnailUrl":"https:\/\/www.camping-hautsderosans.com\/wp-content\/uploads\/2020\/12\/olive-arbre.jpg","datePublished":"2020-11-17T06:31:00+00:00","dateModified":"2021-02-01T09:03:00+00:00","breadcrumb":{"@id":"https:\/\/www.camping-hautsderosans.com\/en\/campsite-baronnies\/#breadcrumb"},"inLanguage":"en-US","potentialAction":[{"@type":"ReadAction","target":["https:\/\/www.camping-hautsderosans.com\/en\/campsite-baronnies\/"]}]},{"@type":"ImageObject","inLanguage":"en-US","@id":"https:\/\/www.camping-hautsderosans.com\/en\/campsite-baronnies\/#primaryimage","url":"https:\/\/www.camping-hautsderosans.com\/wp-content\/uploads\/2020\/12\/olive-arbre.jpg","contentUrl":"https:\/\/www.camping-hautsderosans.com\/wp-content\/uploads\/2020\/12\/olive-arbre.jpg","width":1902,"height":450},{"@type":"BreadcrumbList","@id":"https:\/\/www.camping-hautsderosans.com\/en\/campsite-baronnies\/#breadcrumb","itemListElement":[{"@type":"ListItem","position":1,"name":"Campsite Hautes-Alpes","item":"https:\/\/www.camping-hautsderosans.com\/en\/"},{"@type":"ListItem","position":2,"name":"Discover the Baronnies"}]},{"@type":"WebSite","@id":"https:\/\/www.camping-hautsderosans.com\/en\/#website","url":"https:\/\/www.camping-hautsderosans.com\/en\/","name":"Camping les Hauts de Rosans","description":"","potentialAction":[{"@type":"SearchAction","target":{"@type":"EntryPoint","urlTemplate":"https:\/\/www.camping-hautsderosans.com\/en\/?s={search_term_string}"},"query-input":{"@type":"PropertyValueSpecification","valueRequired":true,"valueName":"search_term_string"}}],"inLanguage":"en-US"}]}},"_links":{"self":[{"href":"https:\/\/www.camping-hautsderosans.com\/en\/wp-json\/wp\/v2\/pages\/6867"}],"collection":[{"href":"https:\/\/www.camping-hautsderosans.com\/en\/wp-json\/wp\/v2\/pages"}],"about":[{"href":"https:\/\/www.camping-hautsderosans.com\/en\/wp-json\/wp\/v2\/types\/page"}],"author":[{"embeddable":true,"href":"https:\/\/www.camping-hautsderosans.com\/en\/wp-json\/wp\/v2\/users\/1"}],"replies":[{"embeddable":true,"href":"https:\/\/www.camping-hautsderosans.com\/en\/wp-json\/wp\/v2\/comments?post=6867"}],"version-history":[{"count":10,"href":"https:\/\/www.camping-hautsderosans.com\/en\/wp-json\/wp\/v2\/pages\/6867\/revisions"}],"predecessor-version":[{"id":8162,"href":"https:\/\/www.camping-hautsderosans.com\/en\/wp-json\/wp\/v2\/pages\/6867\/revisions\/8162"}],"wp:featuredmedia":[{"embeddable":true,"href":"https:\/\/www.camping-hautsderosans.com\/en\/wp-json\/wp\/v2\/media\/3532"}],"wp:attachment":[{"href":"https:\/\/www.camping-hautsderosans.com\/en\/wp-json\/wp\/v2\/media?parent=6867"}],"curies":[{"name":"wp","href":"https:\/\/api.w.org\/{rel}","templated":true}]}}