{"id":6889,"date":"2020-11-17T07:31:54","date_gmt":"2020-11-17T06:31:54","guid":{"rendered":"https:\/\/www.camping-hautsderosans.com\/camping-drome-provencale\/"},"modified":"2021-02-01T10:02:46","modified_gmt":"2021-02-01T09:02:46","slug":"campsite-drome-provencale","status":"publish","type":"page","link":"https:\/\/www.camping-hautsderosans.com\/en\/campsite-drome-provencale\/","title":{"rendered":"Surroundings : Dr\u00f4me proven\u00e7ale"},"content":{"rendered":"<section id=\"section-5fbce69341afa\"\" class=\"section bg-white\" \/><div class=\"container extralarge\"><h1 class=\"element section-title center color2\">Zoom on the Dr\u00f4me Proven\u00e7ale<\/h1><\/div><\/section>\n\n<section id=\"section-5fbce6934225f\"\" class=\"section bg-white p-t-0 p-b-0\" \/><div class=\"container full\"><div class=\"colonnes-wrap valign-middle \"><div class=\"element colonne \"><div class=\"element bloc-text justify \">\n\t<p>You have arrived in this beautiful place that is the Dr\u00f4me Proven\u00e7ale, your suitcases are packed, you are ready to discover, explore, enjoy all the resources that this rich and varied environment has to offer. One thing is certain: there is no shortage of activities!<\/p>\n<\/div><h2 class=\"element section-title justify m-t-6 color2\">For wilderness enthusiasts<\/h2><div class=\"element bloc-text justify \">\n\t<p>The <strong class=\"bold color1\">regional natural park of the Proven\u00e7al Baronnies<\/strong> is a vast area where both an alpine and a Mediterranean climate, rock and sun, create an interesting diversity of flora and fauna. It is not impossible, if you raise your eyes to the sky, to see <strong class=\"bold color1\">great birds of prey<\/strong> such as the golden eagle or vultures flying above you! <\/p>\n<p>The strength of this landscape is characterised by its raw and singular reliefs, of <strong class=\"bold color1\">real sculptures<\/strong> carved directly into the stone. An incredible <strong class=\"bold color1\">wild earth<\/strong> where the <strong class=\"bold color1\">preservation of the species<\/strong> prevails. To have the chance to observe all this heritage and enjoy this guaranteed change of scenery, there are footpaths for this purpose.<\/p>\n<\/div><h2 class=\"element section-title justify m-t-6 color2\">For History enthusiasts<\/h2><div class=\"element bloc-text justify \">\n\t<p>In the heart of the Baronnies, on the edge of the Dr\u00f4me Proven\u00e7ale, lies the <strong class=\"bold color1\">village full of charm<\/strong> de Rosans, once a <strong class=\"bold color1\">fortified village<\/strong>, where holidaymakers can stroll through the cobbled streets. The remains of the past can be seen in this picturesque medieval village. Characterful stones, vaulted doors, an old Protestant temple and the church of Saint Arey with its bell tower from the beginning of the 18th century will delight your eyes during this <strong class=\"bold color1\">time out stroll<\/strong>. <\/p>\n<p>A <strong class=\"bold color1\">emblematic element<\/strong> and <strong class=\"bold color1\">historic<\/strong> overcoming this place: the <strong class=\"bold color1\">Square Tower<\/strong> dating from the 13th century, which can be visited. If you wish to add an educational touch to your outing, guided tours are organised every day during the summer period on request at the Ecomuseum.<\/p>\n<\/div><\/div><div class=\"element colonne p-0\"><div class=\"element images\"><div class=\"image\"><img decoding=\"async\" src=\"https:\/\/www.camping-hautsderosans.com\/wp-content\/uploads\/2020\/12\/aigle-royal-100x45.jpg\" data-src=\"https:\/\/www.camping-hautsderosans.com\/wp-content\/uploads\/2020\/12\/aigle-royal.jpg\" alt=\"golden eagle\" class=\"images_image p-b-1\" \/><\/div><\/div><div class=\"element images\"><div class=\"image\"><img decoding=\"async\" src=\"https:\/\/www.camping-hautsderosans.com\/wp-content\/uploads\/2020\/12\/vue-rosans-100x45.jpg\" data-src=\"https:\/\/www.camping-hautsderosans.com\/wp-content\/uploads\/2020\/12\/vue-rosans.jpg\" alt=\"view rosans\" class=\"images_image p-b-1\" \/><\/div><\/div><\/div><\/div><\/div><\/section>\n\n<section id=\"section-groupe\"\" class=\"section bg-white p-t-0 p-b-0\" \/><div class=\"container full\"><div class=\"accordeon\"><div class=\"slide \"><div class=\"slide_image\"><img decoding=\"async\" src=\"https:\/\/www.camping-hautsderosans.com\/wp-content\/uploads\/2020\/12\/rosans-clocher-100x88.jpg\" data-src=\"https:\/\/www.camping-hautsderosans.com\/wp-content\/uploads\/2020\/12\/rosans-clocher.jpg\" alt=\"\" class=\"\" \/><\/div><\/div><div class=\"slide \"><div class=\"slide_image\"><img decoding=\"async\" src=\"https:\/\/www.camping-hautsderosans.com\/wp-content\/uploads\/2020\/12\/vautour-rapace-100x88.jpg\" data-src=\"https:\/\/www.camping-hautsderosans.com\/wp-content\/uploads\/2020\/12\/vautour-rapace.jpg\" alt=\"\" class=\"\" \/><\/div><\/div><div class=\"slide \"><div class=\"slide_image\"><img decoding=\"async\" src=\"https:\/\/www.camping-hautsderosans.com\/wp-content\/uploads\/2020\/12\/clocher-rosans-100x88.jpg\" data-src=\"https:\/\/www.camping-hautsderosans.com\/wp-content\/uploads\/2020\/12\/clocher-rosans.jpg\" alt=\"\" class=\"\" \/><\/div><\/div><div class=\"slide \"><div class=\"slide_image\"><img decoding=\"async\" src=\"https:\/\/www.camping-hautsderosans.com\/wp-content\/uploads\/2020\/12\/aigle-oiseau-100x88.jpg\" data-src=\"https:\/\/www.camping-hautsderosans.com\/wp-content\/uploads\/2020\/12\/aigle-oiseau.jpg\" alt=\"\" class=\"\" \/><\/div><\/div><\/div><\/div><\/section>\n\n<section id=\"section-5fbce157ac762\"\" class=\"section bg-white p-t-0 p-b-0\" \/><div class=\"container full\"><div class=\"colonnes-wrap valign-middle \"><div class=\"element colonne p-0\"><div class=\"element images\"><div class=\"image\"><img decoding=\"async\" src=\"https:\/\/www.camping-hautsderosans.com\/wp-content\/uploads\/2020\/12\/parapente-ciel-100x45.jpg\" data-src=\"https:\/\/www.camping-hautsderosans.com\/wp-content\/uploads\/2020\/12\/parapente-ciel.jpg\" alt=\"sky paragliding\" class=\"images_image p-b-1\" \/><\/div><\/div><div class=\"element images\"><div class=\"image\"><img decoding=\"async\" src=\"https:\/\/www.camping-hautsderosans.com\/wp-content\/uploads\/2020\/12\/ciel-etoile-100x45.jpg\" data-src=\"https:\/\/www.camping-hautsderosans.com\/wp-content\/uploads\/2020\/12\/ciel-etoile.jpg\" alt=\"sky and star\" class=\"images_image p-b-1\" \/><\/div><\/div><\/div><div class=\"element colonne \"><h2 class=\"element section-title justify m-t-6 color2\">For physical activity enthusiasts<\/h2><div class=\"element bloc-text justify \">\n\t<p>It&#8217;s up to you to find out how you want to visit the <strong class=\"bold color1\">large natural areas<\/strong> that the Provencal Baronnies offer you. <\/p>\n<p>You can speed up on the paths for some <strong class=\"bold color1\">sporty circuits<\/strong> or with your family, you can spread your wings with a paraglider to fly over the mountains and forests, or you can simply put on your best shoes to go for a <strong class=\"bold color1\">hiking or hiking trip<\/strong>. Mountain guides will be there to accompany you and to deliver you all the secrets that make the <strong class=\"bold color1\">the richness of these valleys<\/strong>. <\/p>\n<\/div><h2 class=\"element section-title justify m-t-6 color2\">For those who like to have their head in the stars<\/h2><div class=\"element bloc-text justify \">\n\t<p>The <strong class=\"bold color1\">astronomical observatory<\/strong> which is located near Rosans, 4 km away, provides a fabulous experience. Armed with your telescope, day and night, you can observe <strong class=\"bold color1\">stars<\/strong> by day or <strong class=\"bold color1\">constellations<\/strong>. This site has the particularity of having a <strong class=\"bold color1\">pretty black sky<\/strong> without light pollution and without cumbersome clouds. The <strong class=\"bold color1\">night show<\/strong> will be there, with explanations from <strong class=\"bold color1\">professionals passionate about astronomy<\/strong>.    <\/p>\n<p>If you also want to spend an <strong class=\"bold color1\">unforgettable stay<\/strong> in a relaxing and emotional setting, book your pitch now at <a href=\"\/en\/\">campsite Les Hauts de Rosans<\/a>. <\/p>\n<\/div><\/div><\/div><\/div><\/section>\n\n<section id=\"section-5fbce693431df\"\" class=\"section bg-white\" \/><div class=\"container extralarge\"><div class=\"element section-title center titre-cta\">Visit the Dr\u00f4me proven\u00e7ale and its surroundings<\/div><ul class=\"liste-de-page articles\"><li class=\"element call-to-action carre call-to-action--style-1 call-to-action--normal\"><a href=\"https:\/\/www.camping-hautsderosans.com\/en\/campsite-baronnies\/\"  class=\"call-to-action_link\" title=\"Find out more about baronnies\"><div class=\"call-to-action_image\"><img decoding=\"async\" src=\"https:\/\/www.camping-hautsderosans.com\/wp-content\/uploads\/2020\/12\/olive-arbre-100x24.jpg\" data-src=\"https:\/\/www.camping-hautsderosans.com\/wp-content\/uploads\/2020\/12\/olive-arbre.jpg\" alt=\"\" class=\"normal\" \/><\/div><div class=\"call-to-action_contenu\"><div class=\"call-to-action_titre\">Baronnies<\/div><\/div><\/a><\/li><li class=\"element call-to-action carre call-to-action--style-1 call-to-action--normal call-to-action--style-1 call-to-action--normal\"><a href=\"https:\/\/www.camping-hautsderosans.com\/en\/campsite-pays-du-buech\/\"  class=\"call-to-action_link\" title=\"Find out more about buech country\"><div class=\"call-to-action_image\"><img decoding=\"async\" src=\"https:\/\/www.camping-hautsderosans.com\/wp-content\/uploads\/2020\/12\/lavand-fleure-100x24.jpg\" data-src=\"https:\/\/www.camping-hautsderosans.com\/wp-content\/uploads\/2020\/12\/lavand-fleure.jpg\" alt=\"\" class=\"normal\" \/><\/div><div class=\"call-to-action_contenu\"><div class=\"call-to-action_titre\">Buech country<\/div><\/div><\/a><\/li><li class=\"element call-to-action carre call-to-action--style-1 call-to-action--normal call-to-action--style-1 call-to-action--normal call-to-action--style-1 call-to-action--normal\"><a href=\"https:\/\/www.camping-hautsderosans.com\/en\/perched-villages-provence\/\"  class=\"call-to-action_link\" title=\"Find out more about perched villages\"><div class=\"call-to-action_image\"><img decoding=\"async\" src=\"https:\/\/www.camping-hautsderosans.com\/wp-content\/uploads\/2020\/12\/saint-may-village-1-100x24.jpg\" data-src=\"https:\/\/www.camping-hautsderosans.com\/wp-content\/uploads\/2020\/12\/saint-may-village-1.jpg\" alt=\"\" class=\"normal\" \/><\/div><div class=\"call-to-action_contenu\"><div class=\"call-to-action_titre\">Perched villages<\/div><\/div><\/a><\/li><\/ul><\/div><\/section>","protected":false},"excerpt":{"rendered":"","protected":false},"author":1,"featured_media":3808,"parent":0,"menu_order":0,"comment_status":"closed","ping_status":"closed","template":"","meta":{"_acf_changed":false,"footnotes":""},"acf":[],"yoast_head":"<!-- This site is optimized with the Yoast SEO plugin v23.4 - https:\/\/yoast.com\/wordpress\/plugins\/seo\/ -->\n<title>Camping near the Dr\u00f4me | Discover the Dr\u00f4me Proven\u00e7ale in Hautes-Alpes<\/title>\n<meta name=\"robots\" content=\"index, follow, max-snippet:-1, max-image-preview:large, max-video-preview:-1\" \/>\n<link rel=\"canonical\" href=\"https:\/\/www.camping-hautsderosans.com\/en\/campsite-drome-provencale\/\" \/>\n<meta property=\"og:locale\" content=\"en_US\" \/>\n<meta property=\"og:type\" content=\"article\" \/>\n<meta property=\"og:title\" content=\"Camping near the Dr\u00f4me | Discover the Dr\u00f4me Proven\u00e7ale in Hautes-Alpes\" \/>\n<meta property=\"og:url\" content=\"https:\/\/www.camping-hautsderosans.com\/en\/campsite-drome-provencale\/\" \/>\n<meta property=\"og:site_name\" content=\"Camping les Hauts de Rosans\" \/>\n<meta property=\"article:modified_time\" content=\"2021-02-01T09:02:46+00:00\" \/>\n<meta property=\"og:image\" content=\"https:\/\/www.camping-hautsderosans.com\/wp-content\/uploads\/2020\/12\/lavande-fleur.jpg\" \/>\n\t<meta property=\"og:image:width\" content=\"1903\" \/>\n\t<meta property=\"og:image:height\" content=\"450\" \/>\n\t<meta property=\"og:image:type\" content=\"image\/jpeg\" \/>\n<meta name=\"twitter:card\" content=\"summary_large_image\" \/>\n<script type=\"application\/ld+json\" class=\"yoast-schema-graph\">{\"@context\":\"https:\/\/schema.org\",\"@graph\":[{\"@type\":\"WebPage\",\"@id\":\"https:\/\/www.camping-hautsderosans.com\/en\/campsite-drome-provencale\/\",\"url\":\"https:\/\/www.camping-hautsderosans.com\/en\/campsite-drome-provencale\/\",\"name\":\"Camping near the Dr\u00f4me | Discover the Dr\u00f4me Proven\u00e7ale in Hautes-Alpes\",\"isPartOf\":{\"@id\":\"https:\/\/www.camping-hautsderosans.com\/en\/#website\"},\"primaryImageOfPage\":{\"@id\":\"https:\/\/www.camping-hautsderosans.com\/en\/campsite-drome-provencale\/#primaryimage\"},\"image\":{\"@id\":\"https:\/\/www.camping-hautsderosans.com\/en\/campsite-drome-provencale\/#primaryimage\"},\"thumbnailUrl\":\"https:\/\/www.camping-hautsderosans.com\/wp-content\/uploads\/2020\/12\/lavande-fleur.jpg\",\"datePublished\":\"2020-11-17T06:31:54+00:00\",\"dateModified\":\"2021-02-01T09:02:46+00:00\",\"breadcrumb\":{\"@id\":\"https:\/\/www.camping-hautsderosans.com\/en\/campsite-drome-provencale\/#breadcrumb\"},\"inLanguage\":\"en-US\",\"potentialAction\":[{\"@type\":\"ReadAction\",\"target\":[\"https:\/\/www.camping-hautsderosans.com\/en\/campsite-drome-provencale\/\"]}]},{\"@type\":\"ImageObject\",\"inLanguage\":\"en-US\",\"@id\":\"https:\/\/www.camping-hautsderosans.com\/en\/campsite-drome-provencale\/#primaryimage\",\"url\":\"https:\/\/www.camping-hautsderosans.com\/wp-content\/uploads\/2020\/12\/lavande-fleur.jpg\",\"contentUrl\":\"https:\/\/www.camping-hautsderosans.com\/wp-content\/uploads\/2020\/12\/lavande-fleur.jpg\",\"width\":1903,\"height\":450},{\"@type\":\"BreadcrumbList\",\"@id\":\"https:\/\/www.camping-hautsderosans.com\/en\/campsite-drome-provencale\/#breadcrumb\",\"itemListElement\":[{\"@type\":\"ListItem\",\"position\":1,\"name\":\"Campsite Hautes-Alpes\",\"item\":\"https:\/\/www.camping-hautsderosans.com\/en\/\"},{\"@type\":\"ListItem\",\"position\":2,\"name\":\"Visit the Dr\u00f4me proven\u00e7ale\"}]},{\"@type\":\"WebSite\",\"@id\":\"https:\/\/www.camping-hautsderosans.com\/en\/#website\",\"url\":\"https:\/\/www.camping-hautsderosans.com\/en\/\",\"name\":\"Camping les Hauts de Rosans\",\"description\":\"\",\"potentialAction\":[{\"@type\":\"SearchAction\",\"target\":{\"@type\":\"EntryPoint\",\"urlTemplate\":\"https:\/\/www.camping-hautsderosans.com\/en\/?s={search_term_string}\"},\"query-input\":{\"@type\":\"PropertyValueSpecification\",\"valueRequired\":true,\"valueName\":\"search_term_string\"}}],\"inLanguage\":\"en-US\"}]}<\/script>\n<!-- \/ Yoast SEO plugin. -->","yoast_head_json":{"title":"Camping near the Dr\u00f4me | Discover the Dr\u00f4me Proven\u00e7ale in Hautes-Alpes","robots":{"index":"index","follow":"follow","max-snippet":"max-snippet:-1","max-image-preview":"max-image-preview:large","max-video-preview":"max-video-preview:-1"},"canonical":"https:\/\/www.camping-hautsderosans.com\/en\/campsite-drome-provencale\/","og_locale":"en_US","og_type":"article","og_title":"Camping near the Dr\u00f4me | Discover the Dr\u00f4me Proven\u00e7ale in Hautes-Alpes","og_url":"https:\/\/www.camping-hautsderosans.com\/en\/campsite-drome-provencale\/","og_site_name":"Camping les Hauts de Rosans","article_modified_time":"2021-02-01T09:02:46+00:00","og_image":[{"width":1903,"height":450,"url":"https:\/\/www.camping-hautsderosans.com\/wp-content\/uploads\/2020\/12\/lavande-fleur.jpg","type":"image\/jpeg"}],"twitter_card":"summary_large_image","schema":{"@context":"https:\/\/schema.org","@graph":[{"@type":"WebPage","@id":"https:\/\/www.camping-hautsderosans.com\/en\/campsite-drome-provencale\/","url":"https:\/\/www.camping-hautsderosans.com\/en\/campsite-drome-provencale\/","name":"Camping near the Dr\u00f4me | Discover the Dr\u00f4me Proven\u00e7ale in Hautes-Alpes","isPartOf":{"@id":"https:\/\/www.camping-hautsderosans.com\/en\/#website"},"primaryImageOfPage":{"@id":"https:\/\/www.camping-hautsderosans.com\/en\/campsite-drome-provencale\/#primaryimage"},"image":{"@id":"https:\/\/www.camping-hautsderosans.com\/en\/campsite-drome-provencale\/#primaryimage"},"thumbnailUrl":"https:\/\/www.camping-hautsderosans.com\/wp-content\/uploads\/2020\/12\/lavande-fleur.jpg","datePublished":"2020-11-17T06:31:54+00:00","dateModified":"2021-02-01T09:02:46+00:00","breadcrumb":{"@id":"https:\/\/www.camping-hautsderosans.com\/en\/campsite-drome-provencale\/#breadcrumb"},"inLanguage":"en-US","potentialAction":[{"@type":"ReadAction","target":["https:\/\/www.camping-hautsderosans.com\/en\/campsite-drome-provencale\/"]}]},{"@type":"ImageObject","inLanguage":"en-US","@id":"https:\/\/www.camping-hautsderosans.com\/en\/campsite-drome-provencale\/#primaryimage","url":"https:\/\/www.camping-hautsderosans.com\/wp-content\/uploads\/2020\/12\/lavande-fleur.jpg","contentUrl":"https:\/\/www.camping-hautsderosans.com\/wp-content\/uploads\/2020\/12\/lavande-fleur.jpg","width":1903,"height":450},{"@type":"BreadcrumbList","@id":"https:\/\/www.camping-hautsderosans.com\/en\/campsite-drome-provencale\/#breadcrumb","itemListElement":[{"@type":"ListItem","position":1,"name":"Campsite Hautes-Alpes","item":"https:\/\/www.camping-hautsderosans.com\/en\/"},{"@type":"ListItem","position":2,"name":"Visit the Dr\u00f4me proven\u00e7ale"}]},{"@type":"WebSite","@id":"https:\/\/www.camping-hautsderosans.com\/en\/#website","url":"https:\/\/www.camping-hautsderosans.com\/en\/","name":"Camping les Hauts de Rosans","description":"","potentialAction":[{"@type":"SearchAction","target":{"@type":"EntryPoint","urlTemplate":"https:\/\/www.camping-hautsderosans.com\/en\/?s={search_term_string}"},"query-input":{"@type":"PropertyValueSpecification","valueRequired":true,"valueName":"search_term_string"}}],"inLanguage":"en-US"}]}},"_links":{"self":[{"href":"https:\/\/www.camping-hautsderosans.com\/en\/wp-json\/wp\/v2\/pages\/6889"}],"collection":[{"href":"https:\/\/www.camping-hautsderosans.com\/en\/wp-json\/wp\/v2\/pages"}],"about":[{"href":"https:\/\/www.camping-hautsderosans.com\/en\/wp-json\/wp\/v2\/types\/page"}],"author":[{"embeddable":true,"href":"https:\/\/www.camping-hautsderosans.com\/en\/wp-json\/wp\/v2\/users\/1"}],"replies":[{"embeddable":true,"href":"https:\/\/www.camping-hautsderosans.com\/en\/wp-json\/wp\/v2\/comments?post=6889"}],"version-history":[{"count":10,"href":"https:\/\/www.camping-hautsderosans.com\/en\/wp-json\/wp\/v2\/pages\/6889\/revisions"}],"predecessor-version":[{"id":8160,"href":"https:\/\/www.camping-hautsderosans.com\/en\/wp-json\/wp\/v2\/pages\/6889\/revisions\/8160"}],"wp:featuredmedia":[{"embeddable":true,"href":"https:\/\/www.camping-hautsderosans.com\/en\/wp-json\/wp\/v2\/media\/3808"}],"wp:attachment":[{"href":"https:\/\/www.camping-hautsderosans.com\/en\/wp-json\/wp\/v2\/media?parent=6889"}],"curies":[{"name":"wp","href":"https:\/\/api.w.org\/{rel}","templated":true}]}}