{"id":6912,"date":"2020-11-17T07:30:10","date_gmt":"2020-11-17T06:30:10","guid":{"rendered":"https:\/\/www.camping-hautsderosans.com\/tourisme-hautes-alpes\/"},"modified":"2021-02-01T10:02:22","modified_gmt":"2021-02-01T09:02:22","slug":"tourism-hautes-alpes","status":"publish","type":"page","link":"https:\/\/www.camping-hautsderosans.com\/en\/tourism-hautes-alpes\/","title":{"rendered":"Surroundings: The tourist region"},"content":{"rendered":"<section id=\"section-5fbce69341afa\"\" class=\"section bg-white\" \/><div class=\"container extralarge\"><h1 class=\"element section-title center color2\">Hautes-Alpes Tourism<\/h1><\/div><\/section>\n\n<section id=\"section-5fbce6934225f\"\" class=\"section bg-white p-t-0 p-b-0\" \/><div class=\"container full\"><div class=\"colonnes-wrap valign-middle \"><div class=\"element colonne \"><h2 class=\"element section-title justify m-t-6 color2\">Hautes-Alpes Heritage<\/h2><div class=\"element bloc-text justify \">\n\t<p>The <strong class=\"bold color1\">parc r\u00e9gional des baronnies proven\u00e7ale<\/strong> located on the Dr\u00f4me proven\u00e7ale and the high Alps, offers a very rich <strong class=\"bold color1\">regional cultural and natural heritage<\/strong>, only a few moments away from the <a href=\"\/en\/\">campsite Hautes-Alpes<\/a>.<\/p>\n<\/div><h2 class=\"element section-title justify m-t-6 color2\">The bodies of water in the surrounding area<\/h2><div class=\"element bloc-text justify \">\n\t<p>The <strong class=\"bold color1\">natural character<\/strong> and the very slightly hilly landscape of the Parc des Baronnies Proven\u00e7ales allows us to have many lakes for swimming (supervised) but also to spend a <strong class=\"bold color1\">wonderful day<\/strong> :  &#8220;Le pas des Ondes&#8221;, &#8220;La Germanette&#8221;, &#8220;Le plan d&#8217;eau du Riou&#8221; but also &#8220;le Plan d&#8217;eau de Pigerolles&#8221; with rosans.<\/p>\n<\/div><h2 class=\"element section-title justify m-t-6 color2\">Fishing in the Hautes-Alpes<\/h2><div class=\"element bloc-text justify \">\n\t<p>The campsite les hauts de Rosans in the <strong class=\"bold color1\">pays du Bu\u00ebch<\/strong>, is an ideal place for fishing enthusiasts. Whether in rivers or lakes, you will find many varieties of fish in the <strong class=\"bold color1\"> many varieties of fish<\/strong>. Trout, pike and carp will accompany your delicious barbecues that you can have on the campsite (Barbecues available free of charge). <\/p>\n<\/div><\/div><div class=\"element colonne p-0\"><div class=\"element images\"><div class=\"image\"><img decoding=\"async\" src=\"https:\/\/www.camping-hautsderosans.com\/wp-content\/uploads\/2021\/01\/lac-hautes-alpes-100x45.jpg\" data-src=\"https:\/\/www.camping-hautsderosans.com\/wp-content\/uploads\/2021\/01\/lac-hautes-alpes.jpg\" alt=\"lake hautes-alpes\" class=\"images_image p-b-1\" \/><\/div><\/div><div class=\"element images\"><div class=\"image\"><img decoding=\"async\" src=\"https:\/\/www.camping-hautsderosans.com\/wp-content\/uploads\/2021\/01\/peche-hautes-alpes-100x45.jpg\" data-src=\"https:\/\/www.camping-hautsderosans.com\/wp-content\/uploads\/2021\/01\/peche-hautes-alpes.jpg\" alt=\"high-alpine fishing\" class=\"images_image p-b-1\" \/><\/div><\/div><\/div><\/div><\/div><\/section>\n\n<section id=\"section-5fbce157ac762\"\" class=\"section bg-white p-t-0 p-b-0\" \/><div class=\"container full\"><div class=\"colonnes-wrap valign-middle \"><div class=\"element colonne p-0\"><div class=\"element images\"><div class=\"image\"><img decoding=\"async\" src=\"https:\/\/www.camping-hautsderosans.com\/wp-content\/uploads\/2021\/01\/vin-hautes-alpes-100x45.jpg\" data-src=\"https:\/\/www.camping-hautsderosans.com\/wp-content\/uploads\/2021\/01\/vin-hautes-alpes.jpg\" alt=\"high-alpine wine\" class=\"images_image p-b-1\" \/><\/div><\/div><div class=\"element images\"><div class=\"image\"><img decoding=\"async\" src=\"https:\/\/www.camping-hautsderosans.com\/wp-content\/uploads\/2021\/01\/musee-hautes-alpes-100x45.jpg\" data-src=\"https:\/\/www.camping-hautsderosans.com\/wp-content\/uploads\/2021\/01\/musee-hautes-alpes.jpg\" alt=\"sky and star\" class=\"images_image p-b-1\" \/><\/div><\/div><\/div><div class=\"element colonne p-x-6\"><h2 class=\"element section-title justify m-t-6 color2\">Wines &#038; Sparkling wines<\/h2><div class=\"element bloc-text justify \">\n\t<p>The <strong class=\"bold color1\">Dr\u00f4me Proven\u00e7ale<\/strong> region, and that of the Hautes Alpes where &#8220;Les Hauts de Rosans&#8221; campsite is located, is a region rich in vineyards.<\/p>\n<ul>\n<li>In the Dr\u00f4me you will find <strong class=\"bold color1\">southern C\u00f4tes du Rh\u00f4ne<\/strong> adapted to the Mediterranean climate vinified in three &#8220;AOC&#8221; colours. Grenache and Sirah are the main grape varieties of this region.<\/li>\n<li>In the Vaucluse, the <strong class=\"bold color1\">fameux Gigonda<\/strong>s, which bears the name of this small village near Vaison la romaine. <\/li>\n<li>The <strong class=\"bold color1\">Coteaux des Baronnies<\/strong>, at the foot of Mont Ventoux, will surprise you with their floral and fruity flavours.<\/li>\n<li>The <strong class=\"bold color1\">wines of the Hautes-Alpes<\/strong>, with their 130 hectares produce atypical wines that deserve to be discovered. It is moreover the choice of our chef Philou who will propose you in the restaurant the wines of the German domain. This domain is the oldest of the Hautes-Alpes domains. It was founded in 1954 by Louis Allemand.<\/li>\n<li>In a valley just above the Haut de Rosans campsite, the <strong class=\"bold color1\">fameuse clairette de DIE<\/strong> made according to its own vinification technique: the &#8220;ancestral dioise method&#8221;. Its secret is the fruit of a tasty blend between &#8220;Muscat blanc&#8221; and &#8220;La clairette blanche&#8221;, which brings finesse to the wine.<\/li>\n<\/ul>\n<\/div><h2 class=\"element section-title justify m-t-6 color2\">Cultural<\/h2><div class=\"element bloc-text justify \">\n\t<p>The region of the regional park of the Proven\u00e7al baronies, and especially the north of the region \u00a8PACA, offers you a very rich cultural offer.<\/p>\n<p>(Museums or eco-museums, Paleo Gallery, hilltop villages and cities of character, Castles and medieval villages, Arts and Crafts etc&#8230;).<\/p>\n<\/div><\/div><\/div><\/div><\/section>\n\n<section id=\"section-groupe\"\" class=\"section bg-white p-t-0 p-b-0\" \/><div class=\"container full\"><div class=\"accordeon\"><div class=\"slide \"><div class=\"slide_image\"><img decoding=\"async\" src=\"https:\/\/www.camping-hautsderosans.com\/wp-content\/uploads\/2021\/01\/plan-eau-hautes-alpes-100x88.jpg\" data-src=\"https:\/\/www.camping-hautsderosans.com\/wp-content\/uploads\/2021\/01\/plan-eau-hautes-alpes.jpg\" alt=\"\" class=\"\" \/><\/div><\/div><div class=\"slide \"><div class=\"slide_image\"><img decoding=\"async\" src=\"https:\/\/www.camping-hautsderosans.com\/wp-content\/uploads\/2021\/01\/vautoure-hautes-alpes-100x88.jpg\" data-src=\"https:\/\/www.camping-hautsderosans.com\/wp-content\/uploads\/2021\/01\/vautoure-hautes-alpes.jpg\" alt=\"\" class=\"\" \/><\/div><\/div><div class=\"slide \"><div class=\"slide_image\"><img decoding=\"async\" src=\"https:\/\/www.camping-hautsderosans.com\/wp-content\/uploads\/2021\/01\/village-pommerol-100x88.jpg\" data-src=\"https:\/\/www.camping-hautsderosans.com\/wp-content\/uploads\/2021\/01\/village-pommerol.jpg\" alt=\"\" class=\"\" \/><\/div><\/div><div class=\"slide \"><div class=\"slide_image\"><img decoding=\"async\" src=\"https:\/\/www.camping-hautsderosans.com\/wp-content\/uploads\/2021\/01\/cascades-meouge-100x88.jpg\" data-src=\"https:\/\/www.camping-hautsderosans.com\/wp-content\/uploads\/2021\/01\/cascades-meouge.jpg\" alt=\"\" class=\"\" \/><\/div><\/div><\/div><\/div><\/section>\n\n<section id=\"section-last\"\" class=\"section bg-white p-t-0 p-b-0\" \/><div class=\"container full\"><div class=\"colonnes-wrap valign-middle p-t-1\"><div class=\"element colonne \"><h2 class=\"element section-title justify m-t-6 color2\">The markets of the Hautes-Alpes<\/h2><div class=\"element bloc-text justify \">\n\t<p>The Dr\u00f4me Proven\u00e7ale region and the PACA region (Provence-Alpes-C\u00f4te d&#8217;Azur) are world-famous for their <strong class=\"bold color1\">Proven\u00e7al markets<\/strong>. You will find in the area around the campsite &#8220;les hauts de Rosans&#8221; many famous markets in the vicinity of the campsite.<\/p>\n<\/div><h2 class=\"element section-title justify m-t-6 color2\">Sports en Hautes-Alpes<\/h2><div class=\"element bloc-text justify \">\n\t<p>Although many campers come to stay at the 4-star Les Hauts de Rosans campsite to rest and have a good time with family or friends, <strong class=\"bold color1\">sportsmen<\/strong> are not to be outdone!<\/p>\n<p>For those who love <strong class=\"bold color1\">strong sensations<\/strong>, there are many activities on land, in the air and in the white water. Near the campsite, a paragliding school opens its doors to holidaymakers on the sites of M\u00e9vouillon and Sederon. The initiated and the connoisseurs of paragliding will go to the <strong class=\"bold color1\">site of Pelonne<\/strong>, in Dr\u00f4me Proven\u00e7ale, only 10 minutes away from the campsite.<\/p>\n<p>Less than 45 minutes from the campsite Les Hauts de Rosans, in the Hautes-Alpes, the <strong class=\"bold color1\">village d&#8217;Orpierres<\/strong> is one of the first French sites equipped for climbing, with nearly 500 pitches on 7 different cliffs: a great variety of climbs for all levels. Orpierre is a <strong class=\"bold color1\">Medieval town in the regional natural park of the Provencal Baronnies<\/strong>. Situated on the old &#8220;Princes d&#8217;Orange&#8221; road, south of the Hautes-Alpes (PACA region; Provence-Alpes-C\u00f4te-d&#8217;Azur), Orpierre is one of the most beautiful villages in France. <\/p>\n<p>The <strong class=\"bold color1\">surrounding rivers <\/strong>(l&#8217;Eygues, le Bu\u00ebch, la M\u00e9ouge, etc.) are true havens of peace for fishing and a real joy for all amateur fishermen.<\/p>\n<\/div><\/div><div class=\"element colonne p-0\"><div class=\"element images\"><div class=\"image\"><img decoding=\"async\" src=\"https:\/\/www.camping-hautsderosans.com\/wp-content\/uploads\/2021\/01\/marche-provencaux-100x45.jpg\" data-src=\"https:\/\/www.camping-hautsderosans.com\/wp-content\/uploads\/2021\/01\/marche-provencaux.jpg\" alt=\"proven\u00e7al market\" class=\"images_image p-b-1\" \/><\/div><\/div><div class=\"element images\"><div class=\"image\"><img decoding=\"async\" src=\"https:\/\/www.camping-hautsderosans.com\/wp-content\/uploads\/2021\/01\/parapente-hautes-alpes-100x45.jpg\" data-src=\"https:\/\/www.camping-hautsderosans.com\/wp-content\/uploads\/2021\/01\/parapente-hautes-alpes.jpg\" alt=\"paragliding high alps\" class=\"images_image p-b-1\" \/><\/div><\/div><\/div><\/div><\/div><\/section>\n\n<section id=\"section-first\"\" class=\"section bg-white p-t-0 p-b-0\" \/><div class=\"container full\"><div class=\"colonnes-wrap valign-middle \"><div class=\"element colonne p-0\"><div class=\"element images\"><div class=\"image\"><img decoding=\"async\" src=\"https:\/\/www.camping-hautsderosans.com\/wp-content\/uploads\/2021\/01\/escalade-hautes-alpes-100x45.jpg\" data-src=\"https:\/\/www.camping-hautsderosans.com\/wp-content\/uploads\/2021\/01\/escalade-hautes-alpes.jpg\" alt=\"high-alpine climbing\" class=\"images_image p-b-1\" \/><\/div><\/div><div class=\"element images\"><div class=\"image\"><img decoding=\"async\" src=\"https:\/\/www.camping-hautsderosans.com\/wp-content\/uploads\/2021\/01\/observatoire-hautes-alpes-100x45.jpg\" data-src=\"https:\/\/www.camping-hautsderosans.com\/wp-content\/uploads\/2021\/01\/observatoire-hautes-alpes.jpg\" alt=\"high alps observatory\" class=\"images_image p-b-1\" \/><\/div><\/div><\/div><div class=\"element colonne p-x-6\"><h2 class=\"element section-title justify m-t-6 color2 undergras\">Our partners at the campsite<\/h2><h3 class=\"element section-title justify m-t-6 color2\">In the mountains (outdoor activity)<\/h3><div class=\"element bloc-text justify \">\n\t<p>En Montagne is one of the partners of the campsite les Hauts de Rosans which offers many activities. During your stay on our campsite les Hauts de Rosans you will be able to practise one of these activities :<\/p>\n<ul>\n<li><strong class=\"bold color1\">Canyoning<\/strong>, which is a purely playful activity where you walk in the course of a river following the rhythms of the relief, or you can jump into pockets of water, abseil down a waterfall or slide down natural slides.<\/li>\n<li><strong class=\"bold color1\">climbing<\/strong> which will allow you to climb along a wall using your hands and feet.<\/li>\n<li><strong class=\"bold color1\">The Via Ferrata<\/strong> with which you will progress along a rock face while helping yourself with bars and cables. You will also find, for thrill seekers, zip lines and monkey bridges.<\/li>\n<li>And finally a <strong class=\"bold color1\">acrobatic course<\/strong> high and a jump into the void. <\/li>\n<\/ul>\n<p>De <strong class=\"bold color1\">belles sensations<\/strong> in perspective with our partner &#8220;En montage&#8221;.<\/p>\n<\/div><h3 class=\"element section-title justify m-t-6 color2\">Baronnies Observatory<\/h3><div class=\"element bloc-text justify \">\n\t<p>The <strong class=\"bold color1\">Observatoire astronomique<\/strong> des Baronnies proven\u00e7ales located in Moydans in the Hautes-Alpes less than 15 minutes from the campsite des hauts de Rosans offers since January 2013 the possibility to discover the world of stars. <\/p>\n<p>Its <strong class=\"bold color1\">particularity<\/strong> is that it has been implanted in this valley of the Proven\u00e7al baronnies, without any light pollution, to welcome all types of public and activities: from neophytes to professional astronomers.<\/p>\n<\/div><\/div><\/div><\/div><\/section>\n\n<section id=\"section-third\"\" class=\"section bg-white p-t-0 p-b-0\" \/><div class=\"container full\"><div class=\"colonnes-wrap valign-middle p-t-1\"><div class=\"element colonne \"><h3 class=\"element section-title justify m-t-6 color2\">The Cols de  nes<\/h3><div class=\"element bloc-text justify \">\n\t<p>Our partner <strong class=\"bold color1\">&#8220;Les Cols des nes&#8221;<\/strong> proposes you to discover splendid landscapes between mountains and rivers whether it is during <strong class=\"bold color1\">hiking with family<\/strong> or with friends with one or more donkeys. You will have the choice of a walk in the <strong class=\"bold color1\">parc r\u00e9gional des Baronnies Proven\u00e7ales<\/strong> for one day or if you wish over several days.<\/p>\n<\/div><h2 class=\"element section-title justify m-t-6 color2\">Bike rides<\/h2><div class=\"element bloc-text justify \">\n\t<p>The <strong class=\"bold color1\">amateurs de cyclo et de VTT<\/strong> have, around the campsite, a huge playground: the Baronnies and the Bu\u00ebch in Hautes-Alpes have indeed <strong class=\"bold color1\">many marked out routes<\/strong> and listed on precise maps, directly available at the reception.<\/p>\n<\/div><h2 class=\"element section-title justify m-t-6 color2\">Walking tours<\/h2><div class=\"element bloc-text justify \">\n\t<p>The <strong class=\"bold color1\">area of the Baronnies Proven\u00e7ales Park<\/strong> is an ideal area for superb walks. Of all levels and durations, you will find what you are looking for.<\/p>\n<p>Whether you are with your family, alone or accompanied by friends, hiking is a way to discover the fauna and flora of the Baronnies Proven\u00e7ales (in the Dr\u00f4me Proven\u00e7ale and the Hautes Alpes) while discovering breathtaking landscapes.<\/p>\n<\/div><\/div><div class=\"element colonne p-0\"><div class=\"element images\"><div class=\"image\"><img decoding=\"async\" src=\"https:\/\/www.camping-hautsderosans.com\/wp-content\/uploads\/2021\/01\/vtt-hautes-alpes-100x45.jpg\" data-src=\"https:\/\/www.camping-hautsderosans.com\/wp-content\/uploads\/2021\/01\/vtt-hautes-alpes.jpg\" alt=\"mountain biking high alps\" class=\"images_image p-b-1\" \/><\/div><\/div><div class=\"element images\"><div class=\"image\"><img decoding=\"async\" src=\"https:\/\/www.camping-hautsderosans.com\/wp-content\/uploads\/2021\/01\/marche-a-pied-hautes-alpes-100x45.jpg\" data-src=\"https:\/\/www.camping-hautsderosans.com\/wp-content\/uploads\/2021\/01\/marche-a-pied-hautes-alpes.jpg\" alt=\"high-alpine walking\" class=\"images_image p-b-1\" \/><\/div><\/div><\/div><\/div><\/div><\/section>\n\n<section id=\"section-5fbce693431df\"\" class=\"section bg-white\" \/><div class=\"container extralarge\"><div class=\"element section-title center titre-cta\">Visit the Dr\u00f4me proven\u00e7ale and its surroundings<\/div><ul class=\"liste-de-page articles\"><li class=\"element call-to-action carre call-to-action--style-1 call-to-action--normal\"><a href=\"https:\/\/www.camping-hautsderosans.com\/en\/campsite-baronnies\/\"  class=\"call-to-action_link\" title=\"Find out more about baronnies\"><div class=\"call-to-action_image\"><img decoding=\"async\" src=\"https:\/\/www.camping-hautsderosans.com\/wp-content\/uploads\/2020\/12\/olive-arbre-100x24.jpg\" data-src=\"https:\/\/www.camping-hautsderosans.com\/wp-content\/uploads\/2020\/12\/olive-arbre.jpg\" alt=\"\" class=\"normal\" \/><\/div><div class=\"call-to-action_contenu\"><div class=\"call-to-action_titre\">Baronnies<\/div><\/div><\/a><\/li><li class=\"element call-to-action carre call-to-action--style-1 call-to-action--normal call-to-action--style-1 call-to-action--normal\"><a href=\"https:\/\/www.camping-hautsderosans.com\/en\/campsite-pays-du-buech\/\"  class=\"call-to-action_link\" title=\"Find out more about buech country\"><div class=\"call-to-action_image\"><img decoding=\"async\" src=\"https:\/\/www.camping-hautsderosans.com\/wp-content\/uploads\/2020\/12\/lavand-fleure-100x24.jpg\" data-src=\"https:\/\/www.camping-hautsderosans.com\/wp-content\/uploads\/2020\/12\/lavand-fleure.jpg\" alt=\"\" class=\"normal\" \/><\/div><div class=\"call-to-action_contenu\"><div class=\"call-to-action_titre\">Buech country<\/div><\/div><\/a><\/li><li class=\"element call-to-action carre call-to-action--style-1 call-to-action--normal call-to-action--style-1 call-to-action--normal call-to-action--style-1 call-to-action--normal\"><a href=\"https:\/\/www.camping-hautsderosans.com\/en\/perched-villages-provence\/\"  class=\"call-to-action_link\" title=\"Find out more about perched villages\"><div class=\"call-to-action_image\"><img decoding=\"async\" src=\"https:\/\/www.camping-hautsderosans.com\/wp-content\/uploads\/2020\/12\/saint-may-village-1-100x24.jpg\" data-src=\"https:\/\/www.camping-hautsderosans.com\/wp-content\/uploads\/2020\/12\/saint-may-village-1.jpg\" alt=\"\" class=\"normal\" \/><\/div><div class=\"call-to-action_contenu\"><div class=\"call-to-action_titre\">Perched villages<\/div><\/div><\/a><\/li><\/ul><\/div><\/section>","protected":false},"excerpt":{"rendered":"","protected":false},"author":1,"featured_media":6007,"parent":0,"menu_order":0,"comment_status":"closed","ping_status":"closed","template":"","meta":{"_acf_changed":false,"footnotes":""},"acf":[],"yoast_head":"<!-- This site is optimized with the Yoast SEO plugin v23.4 - https:\/\/yoast.com\/wordpress\/plugins\/seo\/ -->\n<title>Tourism Hautes-Alpes | Holidays Hautes-Alpes | Discover Hautes-Alpes<\/title>\n<meta name=\"robots\" content=\"index, follow, max-snippet:-1, max-image-preview:large, max-video-preview:-1\" \/>\n<link rel=\"canonical\" href=\"https:\/\/www.camping-hautsderosans.com\/en\/tourism-hautes-alpes\/\" \/>\n<meta property=\"og:locale\" content=\"en_US\" \/>\n<meta property=\"og:type\" content=\"article\" \/>\n<meta property=\"og:title\" content=\"Tourism Hautes-Alpes | Holidays Hautes-Alpes | Discover Hautes-Alpes\" \/>\n<meta property=\"og:url\" content=\"https:\/\/www.camping-hautsderosans.com\/en\/tourism-hautes-alpes\/\" \/>\n<meta property=\"og:site_name\" content=\"Camping les Hauts de Rosans\" \/>\n<meta property=\"article:modified_time\" content=\"2021-02-01T09:02:22+00:00\" \/>\n<meta property=\"og:image\" content=\"https:\/\/www.camping-hautsderosans.com\/wp-content\/uploads\/2021\/01\/vacances-hautes-alpes.jpg\" \/>\n\t<meta property=\"og:image:width\" content=\"1903\" \/>\n\t<meta property=\"og:image:height\" content=\"450\" \/>\n\t<meta property=\"og:image:type\" content=\"image\/jpeg\" \/>\n<meta name=\"twitter:card\" content=\"summary_large_image\" \/>\n<script type=\"application\/ld+json\" class=\"yoast-schema-graph\">{\"@context\":\"https:\/\/schema.org\",\"@graph\":[{\"@type\":\"WebPage\",\"@id\":\"https:\/\/www.camping-hautsderosans.com\/en\/tourism-hautes-alpes\/\",\"url\":\"https:\/\/www.camping-hautsderosans.com\/en\/tourism-hautes-alpes\/\",\"name\":\"Tourism Hautes-Alpes | Holidays Hautes-Alpes | Discover Hautes-Alpes\",\"isPartOf\":{\"@id\":\"https:\/\/www.camping-hautsderosans.com\/en\/#website\"},\"primaryImageOfPage\":{\"@id\":\"https:\/\/www.camping-hautsderosans.com\/en\/tourism-hautes-alpes\/#primaryimage\"},\"image\":{\"@id\":\"https:\/\/www.camping-hautsderosans.com\/en\/tourism-hautes-alpes\/#primaryimage\"},\"thumbnailUrl\":\"https:\/\/www.camping-hautsderosans.com\/wp-content\/uploads\/2021\/01\/vacances-hautes-alpes.jpg\",\"datePublished\":\"2020-11-17T06:30:10+00:00\",\"dateModified\":\"2021-02-01T09:02:22+00:00\",\"breadcrumb\":{\"@id\":\"https:\/\/www.camping-hautsderosans.com\/en\/tourism-hautes-alpes\/#breadcrumb\"},\"inLanguage\":\"en-US\",\"potentialAction\":[{\"@type\":\"ReadAction\",\"target\":[\"https:\/\/www.camping-hautsderosans.com\/en\/tourism-hautes-alpes\/\"]}]},{\"@type\":\"ImageObject\",\"inLanguage\":\"en-US\",\"@id\":\"https:\/\/www.camping-hautsderosans.com\/en\/tourism-hautes-alpes\/#primaryimage\",\"url\":\"https:\/\/www.camping-hautsderosans.com\/wp-content\/uploads\/2021\/01\/vacances-hautes-alpes.jpg\",\"contentUrl\":\"https:\/\/www.camping-hautsderosans.com\/wp-content\/uploads\/2021\/01\/vacances-hautes-alpes.jpg\",\"width\":1903,\"height\":450,\"caption\":\"week-end hautes-alpes\"},{\"@type\":\"BreadcrumbList\",\"@id\":\"https:\/\/www.camping-hautsderosans.com\/en\/tourism-hautes-alpes\/#breadcrumb\",\"itemListElement\":[{\"@type\":\"ListItem\",\"position\":1,\"name\":\"Campsite Hautes-Alpes\",\"item\":\"https:\/\/www.camping-hautsderosans.com\/en\/\"},{\"@type\":\"ListItem\",\"position\":2,\"name\":\"Hautes-Alpes Holidays\"}]},{\"@type\":\"WebSite\",\"@id\":\"https:\/\/www.camping-hautsderosans.com\/en\/#website\",\"url\":\"https:\/\/www.camping-hautsderosans.com\/en\/\",\"name\":\"Camping les Hauts de Rosans\",\"description\":\"\",\"potentialAction\":[{\"@type\":\"SearchAction\",\"target\":{\"@type\":\"EntryPoint\",\"urlTemplate\":\"https:\/\/www.camping-hautsderosans.com\/en\/?s={search_term_string}\"},\"query-input\":{\"@type\":\"PropertyValueSpecification\",\"valueRequired\":true,\"valueName\":\"search_term_string\"}}],\"inLanguage\":\"en-US\"}]}<\/script>\n<!-- \/ Yoast SEO plugin. -->","yoast_head_json":{"title":"Tourism Hautes-Alpes | Holidays Hautes-Alpes | Discover Hautes-Alpes","robots":{"index":"index","follow":"follow","max-snippet":"max-snippet:-1","max-image-preview":"max-image-preview:large","max-video-preview":"max-video-preview:-1"},"canonical":"https:\/\/www.camping-hautsderosans.com\/en\/tourism-hautes-alpes\/","og_locale":"en_US","og_type":"article","og_title":"Tourism Hautes-Alpes | Holidays Hautes-Alpes | Discover Hautes-Alpes","og_url":"https:\/\/www.camping-hautsderosans.com\/en\/tourism-hautes-alpes\/","og_site_name":"Camping les Hauts de Rosans","article_modified_time":"2021-02-01T09:02:22+00:00","og_image":[{"width":1903,"height":450,"url":"https:\/\/www.camping-hautsderosans.com\/wp-content\/uploads\/2021\/01\/vacances-hautes-alpes.jpg","type":"image\/jpeg"}],"twitter_card":"summary_large_image","schema":{"@context":"https:\/\/schema.org","@graph":[{"@type":"WebPage","@id":"https:\/\/www.camping-hautsderosans.com\/en\/tourism-hautes-alpes\/","url":"https:\/\/www.camping-hautsderosans.com\/en\/tourism-hautes-alpes\/","name":"Tourism Hautes-Alpes | Holidays Hautes-Alpes | Discover Hautes-Alpes","isPartOf":{"@id":"https:\/\/www.camping-hautsderosans.com\/en\/#website"},"primaryImageOfPage":{"@id":"https:\/\/www.camping-hautsderosans.com\/en\/tourism-hautes-alpes\/#primaryimage"},"image":{"@id":"https:\/\/www.camping-hautsderosans.com\/en\/tourism-hautes-alpes\/#primaryimage"},"thumbnailUrl":"https:\/\/www.camping-hautsderosans.com\/wp-content\/uploads\/2021\/01\/vacances-hautes-alpes.jpg","datePublished":"2020-11-17T06:30:10+00:00","dateModified":"2021-02-01T09:02:22+00:00","breadcrumb":{"@id":"https:\/\/www.camping-hautsderosans.com\/en\/tourism-hautes-alpes\/#breadcrumb"},"inLanguage":"en-US","potentialAction":[{"@type":"ReadAction","target":["https:\/\/www.camping-hautsderosans.com\/en\/tourism-hautes-alpes\/"]}]},{"@type":"ImageObject","inLanguage":"en-US","@id":"https:\/\/www.camping-hautsderosans.com\/en\/tourism-hautes-alpes\/#primaryimage","url":"https:\/\/www.camping-hautsderosans.com\/wp-content\/uploads\/2021\/01\/vacances-hautes-alpes.jpg","contentUrl":"https:\/\/www.camping-hautsderosans.com\/wp-content\/uploads\/2021\/01\/vacances-hautes-alpes.jpg","width":1903,"height":450,"caption":"week-end hautes-alpes"},{"@type":"BreadcrumbList","@id":"https:\/\/www.camping-hautsderosans.com\/en\/tourism-hautes-alpes\/#breadcrumb","itemListElement":[{"@type":"ListItem","position":1,"name":"Campsite Hautes-Alpes","item":"https:\/\/www.camping-hautsderosans.com\/en\/"},{"@type":"ListItem","position":2,"name":"Hautes-Alpes Holidays"}]},{"@type":"WebSite","@id":"https:\/\/www.camping-hautsderosans.com\/en\/#website","url":"https:\/\/www.camping-hautsderosans.com\/en\/","name":"Camping les Hauts de Rosans","description":"","potentialAction":[{"@type":"SearchAction","target":{"@type":"EntryPoint","urlTemplate":"https:\/\/www.camping-hautsderosans.com\/en\/?s={search_term_string}"},"query-input":{"@type":"PropertyValueSpecification","valueRequired":true,"valueName":"search_term_string"}}],"inLanguage":"en-US"}]}},"_links":{"self":[{"href":"https:\/\/www.camping-hautsderosans.com\/en\/wp-json\/wp\/v2\/pages\/6912"}],"collection":[{"href":"https:\/\/www.camping-hautsderosans.com\/en\/wp-json\/wp\/v2\/pages"}],"about":[{"href":"https:\/\/www.camping-hautsderosans.com\/en\/wp-json\/wp\/v2\/types\/page"}],"author":[{"embeddable":true,"href":"https:\/\/www.camping-hautsderosans.com\/en\/wp-json\/wp\/v2\/users\/1"}],"replies":[{"embeddable":true,"href":"https:\/\/www.camping-hautsderosans.com\/en\/wp-json\/wp\/v2\/comments?post=6912"}],"version-history":[{"count":10,"href":"https:\/\/www.camping-hautsderosans.com\/en\/wp-json\/wp\/v2\/pages\/6912\/revisions"}],"predecessor-version":[{"id":8155,"href":"https:\/\/www.camping-hautsderosans.com\/en\/wp-json\/wp\/v2\/pages\/6912\/revisions\/8155"}],"wp:featuredmedia":[{"embeddable":true,"href":"https:\/\/www.camping-hautsderosans.com\/en\/wp-json\/wp\/v2\/media\/6007"}],"wp:attachment":[{"href":"https:\/\/www.camping-hautsderosans.com\/en\/wp-json\/wp\/v2\/media?parent=6912"}],"curies":[{"name":"wp","href":"https:\/\/api.w.org\/{rel}","templated":true}]}}