{"id":6979,"date":"2020-11-17T07:31:21","date_gmt":"2020-11-17T06:31:21","guid":{"rendered":"https:\/\/www.camping-hautsderosans.com\/camping-pays-du-buech\/"},"modified":"2021-02-01T10:02:28","modified_gmt":"2021-02-01T09:02:28","slug":"campsite-pays-du-buech","status":"publish","type":"page","link":"https:\/\/www.camping-hautsderosans.com\/en\/campsite-pays-du-buech\/","title":{"rendered":"Surroundings: Pays du Buech"},"content":{"rendered":"<section id=\"section-5fbce69341afa\"\" class=\"section bg-white\" \/><div class=\"container extralarge\"><h1 class=\"element section-title center color2\">The Land of Bu\u00ebch<\/h1><\/div><\/section>\n\n<section id=\"section-5fbce6934225f\"\" class=\"section bg-white p-t-0 p-b-0\" \/><div class=\"container full\"><div class=\"colonnes-wrap valign-middle \"><div class=\"element colonne \"><div class=\"element bloc-text justify \">\n\t<p>In <strong class=\"bold color1\">medium mountain<\/strong>, the Pays du Bu\u00ebch is <strong class=\"bold color1\">dominated by a few peaks<\/strong> including the C\u00e9\u00fcse mountain (2016 metres)and the Chabre mountain (1352 metres). An obligatory passage between the Durance Valley and Grenoble, via the Col de la Croix-Haute, the Pays du Bu\u00ebch is a <strong class=\"bold color1\">remarkable tourist stage<\/strong> for many reasons.<\/p>\n<p>Zoom on the treasures of the Pays du Bu\u00ebch, around the <a href=\"\/en\/\">campsite Les Hauts de Rosans<\/a>. <\/p>\n<\/div><h2 class=\"element section-title justify m-t-6 color2\">Gentle mountains and hilltop villages of the Bu\u00ebch region<\/h2><div class=\"element bloc-text justify \">\n\t<p>The mountains of the Pays du Bu\u00ebch rise to the south of the Hautes-Alpes, the main destination for holidaymakers being the Parc naturel des Baronnies Proven\u00e7ales.<\/p>\n<p>Between apple trees, pear trees, lavender fields, it is an <strong class=\"bold color1\">extraordinary natural<\/strong> expanse which offers, to those who venture there, all its secrets of beauty.<\/p>\n<p>The <strong class=\"bold color1\">the perched villages<\/strong> of the Pays du Bu\u00ebch, Serres, Rosans or l&#8217;Epine, are also characteristic of this region, offering holidaymakers hours of strolling along the narrow streets where the <strong class=\"bold color1\">artisanat d&#8217;art<\/strong> and the <strong class=\"bold color1\">Proven\u00e7al traditions<\/strong> can be discovered and savoured at will.<\/p>\n<\/div><h2 class=\"element section-title justify m-t-6 color2\">Activities in direct relation with nature<\/h2><div class=\"element bloc-text justify \">\n\t<p>For lovers of <strong class=\"bold color1\">nature and authenticity<\/strong>, the Pays du Bu\u00ebch offers all that one could hope for. From the <strong class=\"bold color1\">refreshing waterholes<\/strong> to the gorges of the M\u00e9ouge to the lakes of the Iscles in Veynes or the Germanette in Serres, there is a wide range to choose from.<\/p>\n<p>The <strong class=\"bold color1\">falaises d&#8217;Orpierre<\/strong>, known internationally, offers <strong class=\"bold color1\">sensations fortes<\/strong>, as does the <strong class=\"bold color1\">free flight<\/strong> on the Chabre mountain overlooking Laragne-Mont\u00e9glin. For those who prefer to stay on the ground, mountain biking and hiking are activities of choice in the Pays du Bu\u00ebch.<\/p>\n<p>The <strong class=\"bold color1\">relief of the Pays du Bu\u00ebch<\/strong> varies between 500 and 2700 meters in altitude offering, for those who are lucky enough to venture there, extraordinary <strong class=\"bold color1\">panoramas<\/strong> on the tree-covered plains, crests and cliffs. The omnipresent nature is wild and very varied. Whether you are a beginner or an experienced naturalist, the Pays du Bu\u00ebch is a <strong class=\"bold color1\">imense territory<\/strong> of fascinating discoveries.   <\/p>\n<\/div><\/div><div class=\"element colonne p-0\"><div class=\"element images\"><div class=\"image\"><img decoding=\"async\" src=\"https:\/\/www.camping-hautsderosans.com\/wp-content\/uploads\/2020\/12\/parapante-montagne-100x45.jpg\" data-src=\"https:\/\/www.camping-hautsderosans.com\/wp-content\/uploads\/2020\/12\/parapante-montagne.jpg\" alt=\"mountain paragliding\" class=\"images_image p-b-1\" \/><\/div><\/div><div class=\"element images\"><div class=\"image\"><img decoding=\"async\" src=\"https:\/\/www.camping-hautsderosans.com\/wp-content\/uploads\/2020\/12\/vtt-nature-100x45.jpg\" data-src=\"https:\/\/www.camping-hautsderosans.com\/wp-content\/uploads\/2020\/12\/vtt-nature.jpg\" alt=\"mountain bike nature\" class=\"images_image p-b-1\" \/><\/div><\/div><\/div><\/div><\/div><\/section>\n\n<section id=\"section-groupe\"\" class=\"section bg-white p-t-0 p-b-0\" \/><div class=\"container full\"><div class=\"accordeon\"><div class=\"slide \"><div class=\"slide_image\"><img decoding=\"async\" src=\"https:\/\/www.camping-hautsderosans.com\/wp-content\/uploads\/2020\/12\/village-serres-100x88.jpg\" data-src=\"https:\/\/www.camping-hautsderosans.com\/wp-content\/uploads\/2020\/12\/village-serres.jpg\" alt=\"\" class=\"\" \/><\/div><\/div><div class=\"slide \"><div class=\"slide_image\"><img decoding=\"async\" src=\"https:\/\/www.camping-hautsderosans.com\/wp-content\/uploads\/2020\/12\/randonnee-foret-100x88.jpg\" data-src=\"https:\/\/www.camping-hautsderosans.com\/wp-content\/uploads\/2020\/12\/randonnee-foret.jpg\" alt=\"\" class=\"\" \/><\/div><\/div><div class=\"slide \"><div class=\"slide_image\"><img decoding=\"async\" src=\"https:\/\/www.camping-hautsderosans.com\/wp-content\/uploads\/2020\/12\/eau-montagne-100x88.jpg\" data-src=\"https:\/\/www.camping-hautsderosans.com\/wp-content\/uploads\/2020\/12\/eau-montagne.jpg\" alt=\"\" class=\"\" \/><\/div><\/div><div class=\"slide \"><div class=\"slide_image\"><img decoding=\"async\" src=\"https:\/\/www.camping-hautsderosans.com\/wp-content\/uploads\/2020\/12\/montagne-ceuse-100x88.jpg\" data-src=\"https:\/\/www.camping-hautsderosans.com\/wp-content\/uploads\/2020\/12\/montagne-ceuse.jpg\" alt=\"\" class=\"\" \/><\/div><\/div><\/div><\/div><\/section>\n\n<section id=\"section-5fbce157ac762\"\" class=\"section bg-white p-t-0 p-b-0\" \/><div class=\"container full\"><div class=\"colonnes-wrap valign-middle \"><div class=\"element colonne p-0\"><div class=\"element images\"><div class=\"image\"><img decoding=\"async\" src=\"https:\/\/www.camping-hautsderosans.com\/wp-content\/uploads\/2020\/12\/fleur-lavande-100x45.jpg\" data-src=\"https:\/\/www.camping-hautsderosans.com\/wp-content\/uploads\/2020\/12\/fleur-lavande.jpg\" alt=\"lavender flower\" class=\"images_image p-b-1\" \/><\/div><\/div><div class=\"element images\"><div class=\"image\"><img decoding=\"async\" src=\"https:\/\/www.camping-hautsderosans.com\/wp-content\/uploads\/2020\/12\/huile-lavande-100x45.jpg\" data-src=\"https:\/\/www.camping-hautsderosans.com\/wp-content\/uploads\/2020\/12\/huile-lavande.jpg\" alt=\"lavender oil\" class=\"images_image p-b-1\" \/><\/div><\/div><\/div><div class=\"element colonne \"><h2 class=\"element section-title justify m-t-6 color2\">An original place halfway between Provence and the Alps<\/h2><div class=\"element bloc-text justify \">\n\t<p><em>&#8220;Like men, countries have a nobility that can only be known through approach and friendly company. And there is no more powerful tool for approaching and frequenting than walking. (&#8230;) The process of walking is to transform oneself into a magnifying glass or telescope.&#8221;<\/em> J. Giono; Extract from a chronicle given on 15 October 1967 in the Dauphin\u00e9 Lib\u00e9r\u00e9, entitled &#8220;la marche \u00e0 pied&#8221;.<\/p>\n<p>A zone much appreciated by climatologists and geologists, the Pays du Bu\u00ebch offers a <strong class=\"bold color1\">diversity of fauna and flora<\/strong>, essentially because of its privileged position between two particularly appreciated zones: Provence on one side and the Alps on the other.<\/p>\n<p>The climate benefits from a <strong class=\"bold color1\">Mediterranean influence<\/strong> with notably a humidity and sunshine rate that has nothing to envy to that of the French Riviera. As for the kiss, it gently cleanses the clouds, giving the sky of the Pays du Bu\u00ebch its characteristic blue colour. <\/p>\n<p>A land of well-being and discovery, the Pays du Bu\u00ebch conceals many treasures to be discovered?<\/p>\n<\/div><\/div><\/div><\/div><\/section>\n\n<section id=\"section-5fbce693431df\"\" class=\"section bg-white\" \/><div class=\"container extralarge\"><div class=\"element section-title center titre-cta\">Visit the Pays du Bu\u00ebch and its surroundings<\/div><ul class=\"liste-de-page articles\"><li class=\"element call-to-action carre call-to-action--style-1 call-to-action--normal\"><a href=\"https:\/\/www.camping-hautsderosans.com\/en\/campsite-baronnies\/\"  class=\"call-to-action_link\" title=\"Find out more about baronnies\"><div class=\"call-to-action_image\"><img decoding=\"async\" src=\"https:\/\/www.camping-hautsderosans.com\/wp-content\/uploads\/2020\/12\/olive-arbre-100x24.jpg\" data-src=\"https:\/\/www.camping-hautsderosans.com\/wp-content\/uploads\/2020\/12\/olive-arbre.jpg\" alt=\"\" class=\"normal\" \/><\/div><div class=\"call-to-action_contenu\"><div class=\"call-to-action_titre\">Baronnies<\/div><\/div><\/a><\/li><li class=\"element call-to-action carre call-to-action--style-1 call-to-action--normal call-to-action--style-1 call-to-action--normal\"><a href=\"https:\/\/www.camping-hautsderosans.com\/en\/campsite-drome-provencale\/\"  class=\"call-to-action_link\" title=\"Find out more about dr\u00f4me proven\u00e7ale\"><div class=\"call-to-action_image\"><img decoding=\"async\" src=\"https:\/\/www.camping-hautsderosans.com\/wp-content\/uploads\/2020\/12\/lavande-fleur-100x24.jpg\" data-src=\"https:\/\/www.camping-hautsderosans.com\/wp-content\/uploads\/2020\/12\/lavande-fleur.jpg\" alt=\"\" class=\"normal\" \/><\/div><div class=\"call-to-action_contenu\"><div class=\"call-to-action_titre\">Dr\u00f4me proven\u00e7ale<\/div><\/div><\/a><\/li><li class=\"element call-to-action carre call-to-action--style-1 call-to-action--normal call-to-action--style-1 call-to-action--normal call-to-action--style-1 call-to-action--normal\"><a href=\"https:\/\/www.camping-hautsderosans.com\/en\/perched-villages-provence\/\"  class=\"call-to-action_link\" title=\"Find out more about perched villages\"><div class=\"call-to-action_image\"><img decoding=\"async\" src=\"https:\/\/www.camping-hautsderosans.com\/wp-content\/uploads\/2020\/12\/saint-may-village-1-100x24.jpg\" data-src=\"https:\/\/www.camping-hautsderosans.com\/wp-content\/uploads\/2020\/12\/saint-may-village-1.jpg\" alt=\"\" class=\"normal\" \/><\/div><div class=\"call-to-action_contenu\"><div class=\"call-to-action_titre\">Perched villages<\/div><\/div><\/a><\/li><\/ul><\/div><\/section>","protected":false},"excerpt":{"rendered":"","protected":false},"author":1,"featured_media":3592,"parent":0,"menu_order":0,"comment_status":"closed","ping_status":"closed","template":"","meta":{"_acf_changed":false,"footnotes":""},"acf":[],"yoast_head":"<!-- This site is optimized with the Yoast SEO plugin v23.4 - https:\/\/yoast.com\/wordpress\/plugins\/seo\/ -->\n<title>Camping near the Pays du Bu\u00ebch | Visit the Pays du Bu\u00ebch in Hautes-Alpes<\/title>\n<meta name=\"robots\" content=\"index, follow, max-snippet:-1, max-image-preview:large, max-video-preview:-1\" \/>\n<link rel=\"canonical\" href=\"https:\/\/www.camping-hautsderosans.com\/en\/campsite-pays-du-buech\/\" \/>\n<meta property=\"og:locale\" content=\"en_US\" \/>\n<meta property=\"og:type\" content=\"article\" \/>\n<meta property=\"og:title\" content=\"Camping near the Pays du Bu\u00ebch | Visit the Pays du Bu\u00ebch in Hautes-Alpes\" \/>\n<meta property=\"og:url\" content=\"https:\/\/www.camping-hautsderosans.com\/en\/campsite-pays-du-buech\/\" \/>\n<meta property=\"og:site_name\" content=\"Camping les Hauts de Rosans\" \/>\n<meta property=\"article:modified_time\" content=\"2021-02-01T09:02:28+00:00\" \/>\n<meta property=\"og:image\" content=\"https:\/\/www.camping-hautsderosans.com\/wp-content\/uploads\/2020\/12\/lavand-fleure.jpg\" \/>\n\t<meta property=\"og:image:width\" content=\"1903\" \/>\n\t<meta property=\"og:image:height\" content=\"450\" \/>\n\t<meta property=\"og:image:type\" content=\"image\/jpeg\" \/>\n<meta name=\"twitter:card\" content=\"summary_large_image\" \/>\n<script type=\"application\/ld+json\" class=\"yoast-schema-graph\">{\"@context\":\"https:\/\/schema.org\",\"@graph\":[{\"@type\":\"WebPage\",\"@id\":\"https:\/\/www.camping-hautsderosans.com\/en\/campsite-pays-du-buech\/\",\"url\":\"https:\/\/www.camping-hautsderosans.com\/en\/campsite-pays-du-buech\/\",\"name\":\"Camping near the Pays du Bu\u00ebch | Visit the Pays du Bu\u00ebch in Hautes-Alpes\",\"isPartOf\":{\"@id\":\"https:\/\/www.camping-hautsderosans.com\/en\/#website\"},\"primaryImageOfPage\":{\"@id\":\"https:\/\/www.camping-hautsderosans.com\/en\/campsite-pays-du-buech\/#primaryimage\"},\"image\":{\"@id\":\"https:\/\/www.camping-hautsderosans.com\/en\/campsite-pays-du-buech\/#primaryimage\"},\"thumbnailUrl\":\"https:\/\/www.camping-hautsderosans.com\/wp-content\/uploads\/2020\/12\/lavand-fleure.jpg\",\"datePublished\":\"2020-11-17T06:31:21+00:00\",\"dateModified\":\"2021-02-01T09:02:28+00:00\",\"breadcrumb\":{\"@id\":\"https:\/\/www.camping-hautsderosans.com\/en\/campsite-pays-du-buech\/#breadcrumb\"},\"inLanguage\":\"en-US\",\"potentialAction\":[{\"@type\":\"ReadAction\",\"target\":[\"https:\/\/www.camping-hautsderosans.com\/en\/campsite-pays-du-buech\/\"]}]},{\"@type\":\"ImageObject\",\"inLanguage\":\"en-US\",\"@id\":\"https:\/\/www.camping-hautsderosans.com\/en\/campsite-pays-du-buech\/#primaryimage\",\"url\":\"https:\/\/www.camping-hautsderosans.com\/wp-content\/uploads\/2020\/12\/lavand-fleure.jpg\",\"contentUrl\":\"https:\/\/www.camping-hautsderosans.com\/wp-content\/uploads\/2020\/12\/lavand-fleure.jpg\",\"width\":1903,\"height\":450},{\"@type\":\"BreadcrumbList\",\"@id\":\"https:\/\/www.camping-hautsderosans.com\/en\/campsite-pays-du-buech\/#breadcrumb\",\"itemListElement\":[{\"@type\":\"ListItem\",\"position\":1,\"name\":\"Campsite Hautes-Alpes\",\"item\":\"https:\/\/www.camping-hautsderosans.com\/en\/\"},{\"@type\":\"ListItem\",\"position\":2,\"name\":\"Surroundings: Pays du Buech\"}]},{\"@type\":\"WebSite\",\"@id\":\"https:\/\/www.camping-hautsderosans.com\/en\/#website\",\"url\":\"https:\/\/www.camping-hautsderosans.com\/en\/\",\"name\":\"Camping les Hauts de Rosans\",\"description\":\"\",\"potentialAction\":[{\"@type\":\"SearchAction\",\"target\":{\"@type\":\"EntryPoint\",\"urlTemplate\":\"https:\/\/www.camping-hautsderosans.com\/en\/?s={search_term_string}\"},\"query-input\":{\"@type\":\"PropertyValueSpecification\",\"valueRequired\":true,\"valueName\":\"search_term_string\"}}],\"inLanguage\":\"en-US\"}]}<\/script>\n<!-- \/ Yoast SEO plugin. -->","yoast_head_json":{"title":"Camping near the Pays du Bu\u00ebch | Visit the Pays du Bu\u00ebch in Hautes-Alpes","robots":{"index":"index","follow":"follow","max-snippet":"max-snippet:-1","max-image-preview":"max-image-preview:large","max-video-preview":"max-video-preview:-1"},"canonical":"https:\/\/www.camping-hautsderosans.com\/en\/campsite-pays-du-buech\/","og_locale":"en_US","og_type":"article","og_title":"Camping near the Pays du Bu\u00ebch | Visit the Pays du Bu\u00ebch in Hautes-Alpes","og_url":"https:\/\/www.camping-hautsderosans.com\/en\/campsite-pays-du-buech\/","og_site_name":"Camping les Hauts de Rosans","article_modified_time":"2021-02-01T09:02:28+00:00","og_image":[{"width":1903,"height":450,"url":"https:\/\/www.camping-hautsderosans.com\/wp-content\/uploads\/2020\/12\/lavand-fleure.jpg","type":"image\/jpeg"}],"twitter_card":"summary_large_image","schema":{"@context":"https:\/\/schema.org","@graph":[{"@type":"WebPage","@id":"https:\/\/www.camping-hautsderosans.com\/en\/campsite-pays-du-buech\/","url":"https:\/\/www.camping-hautsderosans.com\/en\/campsite-pays-du-buech\/","name":"Camping near the Pays du Bu\u00ebch | Visit the Pays du Bu\u00ebch in Hautes-Alpes","isPartOf":{"@id":"https:\/\/www.camping-hautsderosans.com\/en\/#website"},"primaryImageOfPage":{"@id":"https:\/\/www.camping-hautsderosans.com\/en\/campsite-pays-du-buech\/#primaryimage"},"image":{"@id":"https:\/\/www.camping-hautsderosans.com\/en\/campsite-pays-du-buech\/#primaryimage"},"thumbnailUrl":"https:\/\/www.camping-hautsderosans.com\/wp-content\/uploads\/2020\/12\/lavand-fleure.jpg","datePublished":"2020-11-17T06:31:21+00:00","dateModified":"2021-02-01T09:02:28+00:00","breadcrumb":{"@id":"https:\/\/www.camping-hautsderosans.com\/en\/campsite-pays-du-buech\/#breadcrumb"},"inLanguage":"en-US","potentialAction":[{"@type":"ReadAction","target":["https:\/\/www.camping-hautsderosans.com\/en\/campsite-pays-du-buech\/"]}]},{"@type":"ImageObject","inLanguage":"en-US","@id":"https:\/\/www.camping-hautsderosans.com\/en\/campsite-pays-du-buech\/#primaryimage","url":"https:\/\/www.camping-hautsderosans.com\/wp-content\/uploads\/2020\/12\/lavand-fleure.jpg","contentUrl":"https:\/\/www.camping-hautsderosans.com\/wp-content\/uploads\/2020\/12\/lavand-fleure.jpg","width":1903,"height":450},{"@type":"BreadcrumbList","@id":"https:\/\/www.camping-hautsderosans.com\/en\/campsite-pays-du-buech\/#breadcrumb","itemListElement":[{"@type":"ListItem","position":1,"name":"Campsite Hautes-Alpes","item":"https:\/\/www.camping-hautsderosans.com\/en\/"},{"@type":"ListItem","position":2,"name":"Surroundings: Pays du Buech"}]},{"@type":"WebSite","@id":"https:\/\/www.camping-hautsderosans.com\/en\/#website","url":"https:\/\/www.camping-hautsderosans.com\/en\/","name":"Camping les Hauts de Rosans","description":"","potentialAction":[{"@type":"SearchAction","target":{"@type":"EntryPoint","urlTemplate":"https:\/\/www.camping-hautsderosans.com\/en\/?s={search_term_string}"},"query-input":{"@type":"PropertyValueSpecification","valueRequired":true,"valueName":"search_term_string"}}],"inLanguage":"en-US"}]}},"_links":{"self":[{"href":"https:\/\/www.camping-hautsderosans.com\/en\/wp-json\/wp\/v2\/pages\/6979"}],"collection":[{"href":"https:\/\/www.camping-hautsderosans.com\/en\/wp-json\/wp\/v2\/pages"}],"about":[{"href":"https:\/\/www.camping-hautsderosans.com\/en\/wp-json\/wp\/v2\/types\/page"}],"author":[{"embeddable":true,"href":"https:\/\/www.camping-hautsderosans.com\/en\/wp-json\/wp\/v2\/users\/1"}],"replies":[{"embeddable":true,"href":"https:\/\/www.camping-hautsderosans.com\/en\/wp-json\/wp\/v2\/comments?post=6979"}],"version-history":[{"count":10,"href":"https:\/\/www.camping-hautsderosans.com\/en\/wp-json\/wp\/v2\/pages\/6979\/revisions"}],"predecessor-version":[{"id":8157,"href":"https:\/\/www.camping-hautsderosans.com\/en\/wp-json\/wp\/v2\/pages\/6979\/revisions\/8157"}],"wp:featuredmedia":[{"embeddable":true,"href":"https:\/\/www.camping-hautsderosans.com\/en\/wp-json\/wp\/v2\/media\/3592"}],"wp:attachment":[{"href":"https:\/\/www.camping-hautsderosans.com\/en\/wp-json\/wp\/v2\/media?parent=6979"}],"curies":[{"name":"wp","href":"https:\/\/api.w.org\/{rel}","templated":true}]}}