{"id":7135,"date":"2020-11-17T07:29:48","date_gmt":"2020-11-17T06:29:48","guid":{"rendered":"https:\/\/www.camping-hautsderosans.com\/services-provence\/"},"modified":"2022-11-30T15:00:42","modified_gmt":"2022-11-30T14:00:42","slug":"services-provence","status":"publish","type":"page","link":"https:\/\/www.camping-hautsderosans.com\/en\/services-provence\/","title":{"rendered":"Campsite : Services offered"},"content":{"rendered":"<section id=\"section-5fbce69341afa\"\" class=\"section bg-white\" \/><div class=\"container extralarge\"><h1 class=\"element section-title center color2\">Services offered in Rosans<\/h1><\/div><\/section>\n\n<section id=\"section-5fbce6934225f\"\" class=\"section bg-white p-t-0 p-b-0\" \/><div class=\"container full\"><div class=\"colonnes-wrap valign-middle \"><div class=\"element colonne \"><h2 class=\"element section-title justify m-t-6 color2 undergras\">Bar and restaurant<\/h2><h3 class=\"element section-title justify m-t-6 color2\">Restaurant<\/h3><div class=\"element bloc-text justify \">\n\t<p>The <a href=\"\/en\/\">campsite les Hauts de Rosans<\/a>, located in the north of the PACA region in the Baronnies Proven\u00e7ales regional park, has a <strong class=\"bold color1\">eating area<\/strong> on a terrace with a breathtaking view. The restaurant <strong class=\"bold color1\">will awaken your taste buds<\/strong> with elaborated dishes composed of a large number of <strong class=\"bold color1\">local and regional products<\/strong>.<\/p>\n<p>A <strong class=\"bold color1\">new<\/strong> since the 2020 season, the chef offers you <strong class=\"bold color1\">fresh pizzas<\/strong>, prepared and cooked on the spot.<\/p>\n<\/div><h3 class=\"element section-title justify m-t-6 color2\">Bar<\/h3><div class=\"element bloc-text justify \">\n\t<p><strong class=\"bold color1\">The bar area<\/strong> and its terrace are a quiet and restful place to enjoy cold and hot drinks, as well as aperitifs and cocktails.<\/p>\n<\/div><h3 class=\"element section-title justify m-t-6 color2\">Breakfast formula<\/h3><div class=\"element bloc-text justify \">\n\t<p>New since the 2020 season, with the Melay team, the campsite offers a <strong class=\"bold color1\">&#8220;breakfast&#8221;<\/strong> formula including : <\/p>\n<ul>\n<li>One <strong class=\"bold color1\">jus of locally pressed oranges<\/strong>.<\/li>\n<li> A <strong class=\"bold color1\">warm drink<\/strong><\/li>\n<li>A <strong class=\"bold color1\">viennoiserie &#8220;pure butter&#8221; baked on the spot<\/strong> .<\/li>\n<li>Two <strong class=\"bold color1\">bread slices<\/strong>, one <strong class=\"bold color1\">butter<\/strong> and one <strong class=\"bold color1\">home made jam<\/strong>.<\/li>\n<\/ul>\n<\/div><\/div><div class=\"element colonne p-0\"><div class=\"element images\"><div class=\"image\"><img decoding=\"async\" src=\"https:\/\/www.camping-hautsderosans.com\/wp-content\/uploads\/2020\/12\/plat-pizza-100x45.jpg\" data-src=\"https:\/\/www.camping-hautsderosans.com\/wp-content\/uploads\/2020\/12\/plat-pizza.jpg\" alt=\"pizza dish\" class=\"images_image p-b-1\" \/><\/div><\/div><div class=\"element images\"><div class=\"image\"><img decoding=\"async\" src=\"https:\/\/www.camping-hautsderosans.com\/wp-content\/uploads\/2020\/12\/croissants-dejeuner-100x45.jpg\" data-src=\"https:\/\/www.camping-hautsderosans.com\/wp-content\/uploads\/2020\/12\/croissants-dejeuner.jpg\" alt=\"breakfast croissants\" class=\"images_image p-b-1\" \/><\/div><\/div><\/div><\/div><\/div><\/section>\n\n<section id=\"section-groupe\"\" class=\"section bg-white p-t-0 p-b-0\" \/><div class=\"container full\"><div class=\"accordeon\"><div class=\"slide \"><div class=\"slide_image\"><img decoding=\"async\" src=\"https:\/\/www.camping-hautsderosans.com\/wp-content\/uploads\/2020\/12\/viennoisseries-cuisson-100x88.jpg\" data-src=\"https:\/\/www.camping-hautsderosans.com\/wp-content\/uploads\/2020\/12\/viennoisseries-cuisson.jpg\" alt=\"\" class=\"\" \/><\/div><\/div><div class=\"slide \"><div class=\"slide_image\"><img decoding=\"async\" src=\"https:\/\/www.camping-hautsderosans.com\/wp-content\/uploads\/2020\/12\/pain-mie-100x88.jpg\" data-src=\"https:\/\/www.camping-hautsderosans.com\/wp-content\/uploads\/2020\/12\/pain-mie.jpg\" alt=\"\" class=\"\" \/><\/div><\/div><div class=\"slide \"><div class=\"slide_image\"><img decoding=\"async\" src=\"https:\/\/www.camping-hautsderosans.com\/wp-content\/uploads\/2020\/12\/jus-orange-100x88.jpg\" data-src=\"https:\/\/www.camping-hautsderosans.com\/wp-content\/uploads\/2020\/12\/jus-orange.jpg\" alt=\"\" class=\"\" \/><\/div><\/div><div class=\"slide \"><div class=\"slide_image\"><img decoding=\"async\" src=\"https:\/\/www.camping-hautsderosans.com\/wp-content\/uploads\/2020\/12\/crepes-chocolat-100x88.jpg\" data-src=\"https:\/\/www.camping-hautsderosans.com\/wp-content\/uploads\/2020\/12\/crepes-chocolat.jpg\" alt=\"\" class=\"\" \/><\/div><\/div><\/div><\/div><\/section>\n\n<section id=\"section-5fbce157ac762\"\" class=\"section bg-white p-t-0 p-b-0\" \/><div class=\"container full\"><div class=\"colonnes-wrap valign-middle \"><div class=\"element colonne p-0\"><div class=\"element images\"><div class=\"image\"><img decoding=\"async\" src=\"https:\/\/www.camping-hautsderosans.com\/wp-content\/uploads\/2020\/12\/crrepes-dejeuner-100x45.jpg\" data-src=\"https:\/\/www.camping-hautsderosans.com\/wp-content\/uploads\/2020\/12\/crrepes-dejeuner.jpg\" alt=\"crepes dejeuner\" class=\"images_image p-b-1\" \/><\/div><\/div><div class=\"element images\"><div class=\"image\"><img decoding=\"async\" src=\"https:\/\/www.camping-hautsderosans.com\/wp-content\/uploads\/2020\/12\/sandwich-pique-nique-100x45.jpg\" data-src=\"https:\/\/www.camping-hautsderosans.com\/wp-content\/uploads\/2020\/12\/sandwich-pique-nique.jpg\" alt=\"sandwich\" class=\"images_image p-b-1\" \/><\/div><\/div><\/div><div class=\"element colonne \"><h2 class=\"element section-title justify m-t-6 color2 undergras\">Take-away sales<\/h2><h3 class=\"element section-title justify m-t-6 color2\">Kiosk: &#8220;Ice creams and pancakes&#8221;<\/h3><div class=\"element bloc-text justify \">\n\t<p>New in 2020, the <strong class=\"bold color1\">kiosque gourmand<\/strong> is a place where young and old alike can find <strong class=\"bold color1\">glaces<\/strong>, whether Italian, stick or artisanal in a cone, not forgetting <strong class=\"bold color1\">homemade pancakesw<\/strong>, fruit coulis and salted butterscotch, also homemade by Chef Philou. New in 2021, the campsite les hauts de Rosans will offer <strong class=\"bold color1\">delicious waffles<\/strong>. <\/p>\n<\/div><h3 class=\"element section-title justify m-t-6 color2\">Groceries and local products<\/h3><div class=\"element bloc-text justify \">\n\t<p>New for our 2020 season, a <strong class=\"bold color1\">small grocery store<\/strong> has been created on the Hauts de Rosans campsite, in a 20m\u00b2 room close to the reception. The <strong class=\"bold color1\">small grocery<\/strong> shop for basic necessities is at your disposal. <\/p>\n<p>New in 2021, we will extend the range of <strong class=\"bold color1\">&#8220;local products&#8221;<\/strong> to meet a demand from our clients. <\/p>\n<\/div><h3 class=\"element section-title justify m-t-6 color2\">Bread and pastries<\/h3><div class=\"element bloc-text justify \">\n\t<p>De <strong class=\"bold color1\">delicious &#8220;pure butter&#8221; pastries baked<\/strong> on the spot will be offered for sale every morning in July and August (On request for the other opening months). Remember to reserve them the day before<\/p>\n<\/div><h3 class=\"element section-title justify m-t-6 color2\">Picnic and sandwich preparation<\/h3><div class=\"element bloc-text justify \">\n\t<p>Camping Les Hauts de Rosans is a campsite located in the wonderful regional park of the Provencal Baronies. To accompany you in your <strong class=\"bold color1\">walks<\/strong> and <strong class=\"bold color1\">walks<\/strong>, the campsite offers you this year 2021 and on reservation, <strong class=\"bold color1\">delicious &#8220;picnic&#8221; baskets<\/strong>. <\/p>\n<\/div><\/div><\/div><\/div><\/section>\n\n<section id=\"section-groupe6\"\" class=\"section bg-white p-t-0 p-b-0\" \/><div class=\"container full\"><div class=\"colonnes-wrap valign-middle \"><div class=\"element colonne \"><h2 class=\"element section-title justify m-t-6 color2 undergras\">Rentals<\/h2><h3 class=\"element section-title justify m-t-6 color2\">Sheets and towels<\/h3><div class=\"element bloc-text justify \">\n\t<p>You will find for rent, <strong class=\"bold color1\">sheet kits<\/strong> corresponding to all the sizes of beds available on the campsite.<\/p>\n<\/div><h3 class=\"element section-title justify m-t-6 color2\">Baby kit<\/h3><div class=\"element bloc-text justify \">\n\t<p>For the <strong class=\"bold color1\">needs of the toddlers<\/strong>, the campsite of Les Hauts de Rosans offers you a baby kit for rent including:<\/p>\n<ul>\n<li>A <strong class=\"bold color1\">umbrella bed<\/strong><\/li>\n<li>A <strong class=\"bold color1\">highchair<\/strong><\/li>\n<li>A <strong class=\"bold color1\">bezel reducer<\/strong><\/li>\n<\/ul>\n<\/div><h3 class=\"element section-title justify m-t-6 color2\">Pack Premium<\/h3><div class=\"element bloc-text justify \">\n\t<p>If you would like to rent a <strong class=\"bold color1\">more comfort<\/strong>, our campsite is at your disposal for this purpose: <\/p>\n<ul>\n<li><strong class=\"bold color1\">Nespresso coffee maker<\/strong><\/li>\n<li><strong class=\"bold color1\">Hoover<\/strong><\/li>\n<\/ul>\n<\/div><\/div><div class=\"element colonne p-0\"><div class=\"element images\"><div class=\"image\"><img decoding=\"async\" src=\"https:\/\/www.camping-hautsderosans.com\/wp-content\/uploads\/2020\/12\/linge-toilette-100x45.jpg\" data-src=\"https:\/\/www.camping-hautsderosans.com\/wp-content\/uploads\/2020\/12\/linge-toilette.jpg\" alt=\"bathroom linen\" class=\"images_image p-b-1\" \/><\/div><\/div><div class=\"element images\"><div class=\"image\"><img decoding=\"async\" src=\"https:\/\/www.camping-hautsderosans.com\/wp-content\/uploads\/2020\/12\/bebe-chaise-100x45.jpg\" data-src=\"https:\/\/www.camping-hautsderosans.com\/wp-content\/uploads\/2020\/12\/bebe-chaise.jpg\" alt=\"baby chair\" class=\"images_image p-b-1\" \/><\/div><\/div><\/div><\/div><\/div><\/section>\n\n<section id=\"section-groupe7\"\" class=\"section bg-white p-t-0 p-b-0\" \/><div class=\"container full\"><div class=\"colonnes-wrap valign-middle \"><div class=\"element colonne p-0\"><div class=\"element images\"><div class=\"image\"><img decoding=\"async\" src=\"https:\/\/www.camping-hautsderosans.com\/wp-content\/uploads\/2020\/12\/vtt-sport-100x45.jpg\" data-src=\"https:\/\/www.camping-hautsderosans.com\/wp-content\/uploads\/2020\/12\/vtt-sport.jpg\" alt=\"mountain bike sport\" class=\"images_image p-b-1\" \/><\/div><\/div><div class=\"element images\"><div class=\"image\"><img decoding=\"async\" src=\"https:\/\/www.camping-hautsderosans.com\/wp-content\/uploads\/2020\/12\/lave-linge-100x45.jpg\" data-src=\"https:\/\/www.camping-hautsderosans.com\/wp-content\/uploads\/2020\/12\/lave-linge.jpg\" alt=\"washing machine\" class=\"images_image p-b-1\" \/><\/div><\/div><\/div><div class=\"element colonne \"><div class=\"element bloc-text justify \">\n\t<ul>\n<li><strong class=\"bold color1\">Two tea towels<\/strong><\/li>\n<li><strong class=\"bold color1\">Towels<\/strong> (one large, one small and one &#8220;shower outlet&#8221; mat).<\/li>\n<\/ul>\n<p><strong class=\"bold color1\">Note<\/strong> : Possibility to rent by unit.<\/p>\n<\/div><h3 class=\"element section-title justify m-t-6 color2\">Mountain bike hire<\/h3><div class=\"element bloc-text justify \">\n\t<p>On our campsite Les Hauts de Rosans, you will find <strong class=\"bold color1\">bikes for hire<\/strong> to enable you to discover all the many &#8220;Rcycling tour&#8221; routes in the Bu\u00ebch region (West of the Hautes-Alpes) and the Dr\u00f4me Proven\u00e7ale.<\/p>\n<\/div><h3 class=\"element section-title justify m-t-6 color2 undergras\">Sanitary and other services<\/h3><div class=\"element bloc-text justify \">\n\t<p>Numerous amenities are at your disposal for your daily needs:<\/p>\n<ul>\n<li><strong class=\"bold color1\">2 Washing machines<\/strong> (one of which will allow you to put your own laundry)<\/li>\n<li><strong class=\"bold color1\">Dryer<\/strong><\/li>\n<li><strong class=\"bold color1\">Ironing<\/strong> (to be picked up at reception)<\/li>\n<li><strong class=\"bold color1\">Ironing board<\/strong><\/li>\n<li><strong class=\"bold color1\">Hair dryer<\/strong><\/li>\n<\/ul>\n<\/div><\/div><\/div><\/div><\/section>\n\n<section id=\"section-groupe5\"\" class=\"section bg-white p-t-0 p-b-0\" \/><div class=\"container full\"><div class=\"colonnes-wrap valign-middle \"><div class=\"element colonne \"><h3 class=\"element section-title justify m-t-6 color2\">Baby area<\/h3><div class=\"element bloc-text justify \">\n\t<p>Our new sanitary unit is equipped with a <strong class=\"bold color1\">baby area<\/strong> including a bathtub suitable for toddlers, and a lowered washbasin with an automatic hand-sensing faucet. You will also find a specific &#8220;wc&#8221; for young children.<\/p>\n<\/div><h3 class=\"element section-title justify m-t-6 color2\">PMR<\/h3><div class=\"element bloc-text justify \">\n\t<p>Meeting the requirements of the standards for <strong class=\"bold color1\">people with reduced mobility<\/strong>, one of our washrooms is equipped with a <strong class=\"bold color1\">specially dedicated space<\/strong>.  <\/p>\n<\/div><h3 class=\"element section-title justify m-t-6 color2\">Self-service barbecues<\/h3><div class=\"element bloc-text justify \">\n\t<p>For safety reasons in our region of the Baronnies Proven\u00e7ales park in the north of the PACA region (Provence Alpes C\u00f4te d&#8217;Azur), under the hot summer weather, fires and barbecues are strictly forbidden. To allow you to enjoy all the same <strong class=\"bold color1\">grills<\/strong>, we put at your disposal, free of charge, <strong class=\"bold color1\">2 big gas barbecues<\/strong>. <\/p>\n<\/div><h3 class=\"element section-title justify m-t-6 color2\">New: Camper van emptying area<\/h3><div class=\"element bloc-text justify \">\n\t<p>New in 2021 on our campsite les Hauts de Rosans, friends camper van driver, you will be able to <strong class=\"bold color1\">empty <\/strong>your waste water tank as well as your sanitary facilities and fill up with water, on our brand new emptying area.<\/p>\n<\/div><\/div><div class=\"element colonne p-0\"><div class=\"element images\"><div class=\"image\"><img decoding=\"async\" src=\"https:\/\/www.camping-hautsderosans.com\/wp-content\/uploads\/2020\/12\/bebe-pied-100x45.jpg\" data-src=\"https:\/\/www.camping-hautsderosans.com\/wp-content\/uploads\/2020\/12\/bebe-pied.jpg\" alt=\"baby foot\" class=\"images_image p-b-1\" \/><\/div><\/div><div class=\"element images\"><div class=\"image\"><img decoding=\"async\" src=\"https:\/\/www.camping-hautsderosans.com\/wp-content\/uploads\/2020\/12\/brochette-barbecue-100x45.jpg\" data-src=\"https:\/\/www.camping-hautsderosans.com\/wp-content\/uploads\/2020\/12\/brochette-barbecue.jpg\" alt=\"barbecue skewer\" class=\"images_image p-b-1\" \/><\/div><\/div><\/div><\/div><\/div><\/section>\n\n<section id=\"section-6387620886523\"\" class=\"section bg-white p-t-0 p-b-0\" \/><div class=\"container full\"><div class=\"colonnes-wrap valign-middle \"><div class=\"element colonne p-0\"><div class=\"element images\"><div class=\"image\"><img decoding=\"async\" src=\"https:\/\/www.camping-hautsderosans.com\/wp-content\/uploads\/2022\/11\/haut-de-rosans-reunion-salle-100x45.jpg\" data-src=\"https:\/\/www.camping-hautsderosans.com\/wp-content\/uploads\/2022\/11\/haut-de-rosans-reunion-salle.jpg\" alt=\"haut-de-rosans-reunion-salle\" class=\"images_image p-b-1\" \/><\/div><\/div><\/div><div class=\"element colonne \"><h3 class=\"element section-title justify m-t-6 color2\">Meeting room<\/h3><div class=\"element bloc-text justify \">\n\t<p>Les Hauts de Rosans campsite can provide a meeting room.<\/p>\n<\/div><\/div><\/div><\/div><\/section>\n\n<section id=\"section-5fbce693431df\"\" class=\"section bg-white\" \/><div class=\"container extralarge\"><div class=\"element section-title center titre-cta\">Discover our rentals and activities<\/div><ul class=\"liste-de-page articles\"><li class=\"element call-to-action carre call-to-action--style-1 call-to-action--normal\"><a href=\"https:\/\/www.camping-hautsderosans.com\/en\/campsite-family-provence\/\"  class=\"call-to-action_link\" title=\"Find out more about our activities and events\"><div class=\"call-to-action_image\"><img decoding=\"async\" src=\"https:\/\/www.camping-hautsderosans.com\/wp-content\/uploads\/2020\/11\/animations-hautes-alpes-100x24.jpg\" data-src=\"https:\/\/www.camping-hautsderosans.com\/wp-content\/uploads\/2020\/11\/animations-hautes-alpes.jpg\" alt=\"\" class=\"normal\" \/><\/div><div class=\"call-to-action_contenu\"><div class=\"call-to-action_titre\">Our activities and events<\/div><\/div><\/a><\/li><li class=\"element call-to-action carre call-to-action--style-1 call-to-action--normal call-to-action--style-1 call-to-action--normal\"><a href=\"https:\/\/www.camping-hautsderosans.com\/en\/mobile-home-rental-hautes-alpes\/\"  class=\"call-to-action_link\" title=\"Find out more about our mobile homes\"><div class=\"call-to-action_image\"><img decoding=\"async\" src=\"https:\/\/www.camping-hautsderosans.com\/wp-content\/uploads\/2021\/01\/mobil-home-provence-100x24.jpg\" data-src=\"https:\/\/www.camping-hautsderosans.com\/wp-content\/uploads\/2021\/01\/mobil-home-provence.jpg\" alt=\"\" class=\"normal\" \/><\/div><div class=\"call-to-action_contenu\"><div class=\"call-to-action_titre\">Our mobile homes<\/div><\/div><\/a><\/li><li class=\"element call-to-action carre call-to-action--style-1 call-to-action--normal call-to-action--style-1 call-to-action--normal call-to-action--style-1 call-to-action--normal\"><a href=\"https:\/\/www.camping-hautsderosans.com\/en\/cheap-campsite-hautes-alpes\/\"  class=\"call-to-action_link\" title=\"Find out more about our prices\"><div class=\"call-to-action_image\"><img decoding=\"async\" src=\"https:\/\/www.camping-hautsderosans.com\/wp-content\/uploads\/2020\/12\/piscine-hautes-alpes-100x46.jpg\" data-src=\"https:\/\/www.camping-hautsderosans.com\/wp-content\/uploads\/2020\/12\/piscine-hautes-alpes.jpg\" alt=\"camping dans les hautes alpes\" class=\"normal\" \/><\/div><div class=\"call-to-action_contenu\"><div class=\"call-to-action_titre\">Our prices<\/div><\/div><\/a><\/li><\/ul><\/div><\/section>","protected":false},"excerpt":{"rendered":"","protected":false},"author":1,"featured_media":3292,"parent":0,"menu_order":0,"comment_status":"closed","ping_status":"closed","template":"","meta":{"_acf_changed":false,"footnotes":""},"acf":[],"yoast_head":"<!-- This site is optimized with the Yoast SEO plugin v23.4 - https:\/\/yoast.com\/wordpress\/plugins\/seo\/ -->\n<title>Catering and rentals High Alps | Sanitary and baby corner in Rosans<\/title>\n<meta name=\"robots\" content=\"index, follow, max-snippet:-1, max-image-preview:large, max-video-preview:-1\" \/>\n<link rel=\"canonical\" href=\"https:\/\/www.camping-hautsderosans.com\/en\/services-provence\/\" \/>\n<meta property=\"og:locale\" content=\"en_US\" \/>\n<meta property=\"og:type\" content=\"article\" \/>\n<meta property=\"og:title\" content=\"Catering and rentals High Alps | Sanitary and baby corner in Rosans\" \/>\n<meta property=\"og:url\" content=\"https:\/\/www.camping-hautsderosans.com\/en\/services-provence\/\" \/>\n<meta property=\"og:site_name\" content=\"Camping les Hauts de Rosans\" \/>\n<meta property=\"article:modified_time\" content=\"2022-11-30T14:00:42+00:00\" \/>\n<meta property=\"og:image\" content=\"https:\/\/www.camping-hautsderosans.com\/wp-content\/uploads\/2020\/11\/camping-service-hautes-alpes.jpg\" \/>\n\t<meta property=\"og:image:width\" content=\"1903\" \/>\n\t<meta property=\"og:image:height\" content=\"450\" \/>\n\t<meta property=\"og:image:type\" content=\"image\/jpeg\" \/>\n<meta name=\"twitter:card\" content=\"summary_large_image\" \/>\n<script type=\"application\/ld+json\" class=\"yoast-schema-graph\">{\"@context\":\"https:\/\/schema.org\",\"@graph\":[{\"@type\":\"WebPage\",\"@id\":\"https:\/\/www.camping-hautsderosans.com\/en\/services-provence\/\",\"url\":\"https:\/\/www.camping-hautsderosans.com\/en\/services-provence\/\",\"name\":\"Catering and rentals High Alps | Sanitary and baby corner in Rosans\",\"isPartOf\":{\"@id\":\"https:\/\/www.camping-hautsderosans.com\/en\/#website\"},\"primaryImageOfPage\":{\"@id\":\"https:\/\/www.camping-hautsderosans.com\/en\/services-provence\/#primaryimage\"},\"image\":{\"@id\":\"https:\/\/www.camping-hautsderosans.com\/en\/services-provence\/#primaryimage\"},\"thumbnailUrl\":\"https:\/\/www.camping-hautsderosans.com\/wp-content\/uploads\/2020\/11\/camping-service-hautes-alpes.jpg\",\"datePublished\":\"2020-11-17T06:29:48+00:00\",\"dateModified\":\"2022-11-30T14:00:42+00:00\",\"breadcrumb\":{\"@id\":\"https:\/\/www.camping-hautsderosans.com\/en\/services-provence\/#breadcrumb\"},\"inLanguage\":\"en-US\",\"potentialAction\":[{\"@type\":\"ReadAction\",\"target\":[\"https:\/\/www.camping-hautsderosans.com\/en\/services-provence\/\"]}]},{\"@type\":\"ImageObject\",\"inLanguage\":\"en-US\",\"@id\":\"https:\/\/www.camping-hautsderosans.com\/en\/services-provence\/#primaryimage\",\"url\":\"https:\/\/www.camping-hautsderosans.com\/wp-content\/uploads\/2020\/11\/camping-service-hautes-alpes.jpg\",\"contentUrl\":\"https:\/\/www.camping-hautsderosans.com\/wp-content\/uploads\/2020\/11\/camping-service-hautes-alpes.jpg\",\"width\":1903,\"height\":450},{\"@type\":\"BreadcrumbList\",\"@id\":\"https:\/\/www.camping-hautsderosans.com\/en\/services-provence\/#breadcrumb\",\"itemListElement\":[{\"@type\":\"ListItem\",\"position\":1,\"name\":\"Campsite Hautes-Alpes\",\"item\":\"https:\/\/www.camping-hautsderosans.com\/en\/\"},{\"@type\":\"ListItem\",\"position\":2,\"name\":\"Catering and services\"}]},{\"@type\":\"WebSite\",\"@id\":\"https:\/\/www.camping-hautsderosans.com\/en\/#website\",\"url\":\"https:\/\/www.camping-hautsderosans.com\/en\/\",\"name\":\"Camping les Hauts de Rosans\",\"description\":\"\",\"potentialAction\":[{\"@type\":\"SearchAction\",\"target\":{\"@type\":\"EntryPoint\",\"urlTemplate\":\"https:\/\/www.camping-hautsderosans.com\/en\/?s={search_term_string}\"},\"query-input\":{\"@type\":\"PropertyValueSpecification\",\"valueRequired\":true,\"valueName\":\"search_term_string\"}}],\"inLanguage\":\"en-US\"}]}<\/script>\n<!-- \/ Yoast SEO plugin. -->","yoast_head_json":{"title":"Catering and rentals High Alps | Sanitary and baby corner in Rosans","robots":{"index":"index","follow":"follow","max-snippet":"max-snippet:-1","max-image-preview":"max-image-preview:large","max-video-preview":"max-video-preview:-1"},"canonical":"https:\/\/www.camping-hautsderosans.com\/en\/services-provence\/","og_locale":"en_US","og_type":"article","og_title":"Catering and rentals High Alps | Sanitary and baby corner in Rosans","og_url":"https:\/\/www.camping-hautsderosans.com\/en\/services-provence\/","og_site_name":"Camping les Hauts de Rosans","article_modified_time":"2022-11-30T14:00:42+00:00","og_image":[{"width":1903,"height":450,"url":"https:\/\/www.camping-hautsderosans.com\/wp-content\/uploads\/2020\/11\/camping-service-hautes-alpes.jpg","type":"image\/jpeg"}],"twitter_card":"summary_large_image","schema":{"@context":"https:\/\/schema.org","@graph":[{"@type":"WebPage","@id":"https:\/\/www.camping-hautsderosans.com\/en\/services-provence\/","url":"https:\/\/www.camping-hautsderosans.com\/en\/services-provence\/","name":"Catering and rentals High Alps | Sanitary and baby corner in Rosans","isPartOf":{"@id":"https:\/\/www.camping-hautsderosans.com\/en\/#website"},"primaryImageOfPage":{"@id":"https:\/\/www.camping-hautsderosans.com\/en\/services-provence\/#primaryimage"},"image":{"@id":"https:\/\/www.camping-hautsderosans.com\/en\/services-provence\/#primaryimage"},"thumbnailUrl":"https:\/\/www.camping-hautsderosans.com\/wp-content\/uploads\/2020\/11\/camping-service-hautes-alpes.jpg","datePublished":"2020-11-17T06:29:48+00:00","dateModified":"2022-11-30T14:00:42+00:00","breadcrumb":{"@id":"https:\/\/www.camping-hautsderosans.com\/en\/services-provence\/#breadcrumb"},"inLanguage":"en-US","potentialAction":[{"@type":"ReadAction","target":["https:\/\/www.camping-hautsderosans.com\/en\/services-provence\/"]}]},{"@type":"ImageObject","inLanguage":"en-US","@id":"https:\/\/www.camping-hautsderosans.com\/en\/services-provence\/#primaryimage","url":"https:\/\/www.camping-hautsderosans.com\/wp-content\/uploads\/2020\/11\/camping-service-hautes-alpes.jpg","contentUrl":"https:\/\/www.camping-hautsderosans.com\/wp-content\/uploads\/2020\/11\/camping-service-hautes-alpes.jpg","width":1903,"height":450},{"@type":"BreadcrumbList","@id":"https:\/\/www.camping-hautsderosans.com\/en\/services-provence\/#breadcrumb","itemListElement":[{"@type":"ListItem","position":1,"name":"Campsite Hautes-Alpes","item":"https:\/\/www.camping-hautsderosans.com\/en\/"},{"@type":"ListItem","position":2,"name":"Catering and services"}]},{"@type":"WebSite","@id":"https:\/\/www.camping-hautsderosans.com\/en\/#website","url":"https:\/\/www.camping-hautsderosans.com\/en\/","name":"Camping les Hauts de Rosans","description":"","potentialAction":[{"@type":"SearchAction","target":{"@type":"EntryPoint","urlTemplate":"https:\/\/www.camping-hautsderosans.com\/en\/?s={search_term_string}"},"query-input":{"@type":"PropertyValueSpecification","valueRequired":true,"valueName":"search_term_string"}}],"inLanguage":"en-US"}]}},"_links":{"self":[{"href":"https:\/\/www.camping-hautsderosans.com\/en\/wp-json\/wp\/v2\/pages\/7135"}],"collection":[{"href":"https:\/\/www.camping-hautsderosans.com\/en\/wp-json\/wp\/v2\/pages"}],"about":[{"href":"https:\/\/www.camping-hautsderosans.com\/en\/wp-json\/wp\/v2\/types\/page"}],"author":[{"embeddable":true,"href":"https:\/\/www.camping-hautsderosans.com\/en\/wp-json\/wp\/v2\/users\/1"}],"replies":[{"embeddable":true,"href":"https:\/\/www.camping-hautsderosans.com\/en\/wp-json\/wp\/v2\/comments?post=7135"}],"version-history":[{"count":12,"href":"https:\/\/www.camping-hautsderosans.com\/en\/wp-json\/wp\/v2\/pages\/7135\/revisions"}],"predecessor-version":[{"id":10181,"href":"https:\/\/www.camping-hautsderosans.com\/en\/wp-json\/wp\/v2\/pages\/7135\/revisions\/10181"}],"wp:featuredmedia":[{"embeddable":true,"href":"https:\/\/www.camping-hautsderosans.com\/en\/wp-json\/wp\/v2\/media\/3292"}],"wp:attachment":[{"href":"https:\/\/www.camping-hautsderosans.com\/en\/wp-json\/wp\/v2\/media?parent=7135"}],"curies":[{"name":"wp","href":"https:\/\/api.w.org\/{rel}","templated":true}]}}