{"id":6866,"date":"2020-11-17T07:31:00","date_gmt":"2020-11-17T06:31:00","guid":{"rendered":"https:\/\/www.camping-hautsderosans.com\/camping-baronnies\/"},"modified":"2021-02-01T09:56:15","modified_gmt":"2021-02-01T08:56:15","slug":"kamperen-baronnies","status":"publish","type":"page","link":"https:\/\/www.camping-hautsderosans.com\/nl\/kamperen-baronnies\/","title":{"rendered":"Omgeving : Baronnies"},"content":{"rendered":"<section id=\"section-5fbce69341afa\"\" class=\"section bg-white\" \/><div class=\"container extralarge\"><h1 class=\"element section-title center color2\"> Inzoomen op Rosans en het natuurpark van de Baronnies Proven\u00e7ales<\/h1><\/div><\/section>\n\n<section id=\"section-5fbce6934225f\"\" class=\"section bg-white p-t-0 p-b-0\" \/><div class=\"container full\"><div class=\"colonnes-wrap valign-middle \"><div class=\"element colonne \"><div class=\"element bloc-text justify \">\n\t<p>Droomt u van een <strong class=\"bold color1\">escapade in de wildernis<\/strong> ? Een verblijf gericht op welzijn, wandelingen en ontdekkingen?  <\/p>\n<p>Het Regionale Natuurpark van de Baronnies Proven\u00e7ales is de keuze van een veelbelovende regio. <strong class=\"bold color1\">Mooie hooggelegen dorpen<\/strong>, ongerepte natuur, zacht en zonnig klimaat, rijke en gevarieerde bodem, hier is een bestemming die alle vakantiegangers zal bekoren! <\/p>\n<\/div><h2 class=\"element section-title justify m-t-6 color2\">De Proven\u00e7aalse Baronnies, de laatste van de Franse natuurparken<\/h2><div class=\"element bloc-text justify \">\n\t<p>Het Park van de Baronnies Proven\u00e7ales is in 2015 geklasseerd als Regionaal Natuurpark en is het 51ste en laatste park dat in Frankrijk is aangelegd. <\/p>\n<p>Het is een regio van <strong class=\"bold color1\">middengebergte<\/strong> gelegen tussen de Dr\u00f4me en de Hautes-Alpes. Het verzamelt <strong class=\"bold color1\">pittoreske dorpjes<\/strong> met middeleeuwse stijlen die de herinnering aan het land met zich meedragen. Kastelen, terrassen en dorpen vormen het historische erfgoed van deze prachtige regio.  <\/p>\n<p>Het park van de Baronnies Proven\u00e7ales biedt ook onderdak aan vele <strong class=\"bold color1\">lokale producenten<\/strong> die zowel fijne neuzen als fijnproevers zullen verrukken: etherische oli\u00ebn, olijfolie, Proven\u00e7aalse honing, enz. Zonder de wijnproductie met de C\u00f4tes du Rh\u00f4ne, de Cru Vinsobres of de IGP C\u00f4teaux des Baronnies te vergeten. De <strong class=\"bold color1\">cultuurliefhebbers<\/strong>, <strong class=\"bold color1\">history<\/strong> en <strong class=\"bold color1\">gastronomie<\/strong> zullen daarom op het festival in de Proven\u00e7aalse Baronnies zijn.  <\/p>\n<\/div><h2 class=\"element section-title justify m-t-6 color2\">Een paradijs voor sport- en natuurliefhebbers<\/h2><div class=\"element bloc-text justify \">\n\t<p>Een regionaal natuurpark is ook een <strong class=\"bold color1\">voorbehouden buitenruimte<\/strong> en bevorderlijk voor de uitoefening van vele sportieve activiteiten. Een paradijs voor wandelaars natuurlijk, maar ook voor liefhebbers van mountainbiken, klimmen, paardrijden of zelfs paragliden! <\/p>\n<p>De Baronnies Proven\u00e7ales profiteren van een bepaalde <strong class=\"bold color1\">fauna<\/strong> en een bepaalde <strong class=\"bold color1\">wilde flora<\/strong> die het resultaat is van de ontmoeting tussen de alpiene en de mediterrane omgeving. Wandelaars worden ondergedompeld in prachtige landschappen die rijk zijn aan <strong class=\"bold color1\">animals<\/strong> en <strong class=\"bold color1\">exceptional plants<\/strong>. De observatie van de hemel, bekend om zijn diepte en scherpte, is ook een activiteit bij uitstek in de Proven\u00e7aalse Baronnies.<\/p>\n<\/div><\/div><div class=\"element colonne p-0\"><div class=\"element images\"><div class=\"image\"><img decoding=\"async\" src=\"https:\/\/www.camping-hautsderosans.com\/wp-content\/uploads\/2020\/12\/olive-huile-100x45.jpg\" data-src=\"https:\/\/www.camping-hautsderosans.com\/wp-content\/uploads\/2020\/12\/olive-huile.jpg\" alt=\"olive huile\" class=\"images_image p-b-1\" \/><\/div><\/div><div class=\"element images\"><div class=\"image\"><img decoding=\"async\" src=\"https:\/\/www.camping-hautsderosans.com\/wp-content\/uploads\/2020\/12\/equitation-cheval-100x45.jpg\" data-src=\"https:\/\/www.camping-hautsderosans.com\/wp-content\/uploads\/2020\/12\/equitation-cheval.jpg\" alt=\"paardrijden\" class=\"images_image p-b-1\" \/><\/div><\/div><\/div><\/div><\/div><\/section>\n\n<section id=\"section-5fbce69342666\"\" class=\"section bg-white p-t-0 p-b-0\" \/><div class=\"container full\"><div class=\"accordeon\"><div class=\"slide \"><div class=\"slide_image\"><img decoding=\"async\" src=\"https:\/\/www.camping-hautsderosans.com\/wp-content\/uploads\/2020\/12\/raisin-grappe-100x88.jpg\" data-src=\"https:\/\/www.camping-hautsderosans.com\/wp-content\/uploads\/2020\/12\/raisin-grappe.jpg\" alt=\"\" class=\"\" \/><\/div><\/div><div class=\"slide \"><div class=\"slide_image\"><img decoding=\"async\" src=\"https:\/\/www.camping-hautsderosans.com\/wp-content\/uploads\/2020\/12\/miel-pot-100x88.jpg\" data-src=\"https:\/\/www.camping-hautsderosans.com\/wp-content\/uploads\/2020\/12\/miel-pot.jpg\" alt=\"\" class=\"\" \/><\/div><\/div><div class=\"slide \"><div class=\"slide_image\"><img decoding=\"async\" src=\"https:\/\/www.camping-hautsderosans.com\/wp-content\/uploads\/2020\/12\/olives-cueillir-100x88.jpg\" data-src=\"https:\/\/www.camping-hautsderosans.com\/wp-content\/uploads\/2020\/12\/olives-cueillir.jpg\" alt=\"\" class=\"\" \/><\/div><\/div><div class=\"slide \"><div class=\"slide_image\"><img decoding=\"async\" src=\"https:\/\/www.camping-hautsderosans.com\/wp-content\/uploads\/2020\/12\/grappe-raisin-100x88.jpg\" data-src=\"https:\/\/www.camping-hautsderosans.com\/wp-content\/uploads\/2020\/12\/grappe-raisin.jpg\" alt=\"\" class=\"\" \/><\/div><\/div><\/div><\/div><\/section>\n\n<section id=\"section-5fbce157ac762\"\" class=\"section bg-white p-t-0 p-b-0\" \/><div class=\"container full\"><div class=\"colonnes-wrap valign-middle \"><div class=\"element colonne p-0\"><div class=\"element images\"><div class=\"image\"><img decoding=\"async\" src=\"https:\/\/www.camping-hautsderosans.com\/wp-content\/uploads\/2020\/12\/tente-camping-100x45.jpg\" data-src=\"https:\/\/www.camping-hautsderosans.com\/wp-content\/uploads\/2020\/12\/tente-camping.jpg\" alt=\"kampeertent\" class=\"images_image p-b-1\" \/><\/div><\/div><div class=\"element images\"><div class=\"image\"><img decoding=\"async\" src=\"https:\/\/www.camping-hautsderosans.com\/wp-content\/uploads\/2020\/12\/lavande-camping-100x45.jpg\" data-src=\"https:\/\/www.camping-hautsderosans.com\/wp-content\/uploads\/2020\/12\/lavande-camping.jpg\" alt=\"lavendelcamping\" class=\"images_image p-b-1\" \/><\/div><\/div><\/div><div class=\"element colonne \"><h2 class=\"element section-title justify m-t-6 color2\">Excursie naar het dorp Rosans<\/h2><div class=\"element bloc-text justify \">\n\t<p>Aan de rand van het Baronnies park, en vlak voor de Dr\u00f4me, klemt het <strong class=\"bold color1\">wonderbaarlijke dorp<\/strong> Rosans zich vast aan de zijkant van een heuvel. Rosans is een <strong class=\"bold color1\">verplichte stap<\/strong> tijdens uw verblijf in de Proven\u00e7aalse Baronnies. <\/p>\n<p>Het dorp heeft zijn <strong class=\"bold color1\">middeleeuws karakter<\/strong behouden wat het een unieke sfeer geeft. U kunt een bezoek brengen aan de vierkante toren, de kerk, het kasteel en de kleine straatjes. Een mooie bestemming voor reizigers die houden van <strong class=\"bold color1\">history<\/strong> en <strong class=\"bold color1\"> feodale architectuur<\/strong>. <\/p>\n<p>Het is dicht bij Rosans dat de <a href=\"\/nl\/\">camping &#8220;Les Hauts de Rosans&#8221;<\/a> zich bevindt, een ware oase van rust midden in de natuur. De 4-sterren camping is gelegen in een prachtige omgeving in de bergen en biedt een <strong class=\"bold color1\">uitzonderlijk panorama<\/strong> Of het nu gaat om een tent, caravan of huurauto, alle zorgvuldig ingerichte staanplaatsen bieden de bezoeker het aangename gevoel alleen te zijn in de wereld, ondergedompeld in een unieke natuurlijke omgeving. Zwembad, animaties, mountainbike lening, &#8220;les Hauts de Rosans&#8221; combineren de vrijheid van het kamperen met een <strong class=\"bold color1\">hoog niveau van comfort<\/strong> en kwaliteit van de diensten. De eigenaars hechten veel belang aan het behoud van het milieu en de ontwikkeling van het gebied.  <\/p>\n<p>Bent u overtuigd door deze <strong class=\"bold color1\">exceptional region<\/strong> ? U hoeft nu alleen nog maar naar Rosans en het Parc des Baronnies Proven\u00e7ales te gaan. Om te beginnen met het organiseren van uw reis, begint u met een reservering op Camping &#8220;les Hauts de Rosans&#8221;. Het is de garantie voor een succesvol verblijf! <\/p>\n<\/div><h2 class=\"element section-title justify m-t-6 color2\">Een goed onderhouden camping is een schone camping!<\/h2><div class=\"element bloc-text justify \">\n\t<p>Hygi\u00ebne wordt zorgvuldig gecontroleerd in elk etablissement <strong class=\"bold color1\">label Camping Kwaliteit<\/strong> : alle terreinen van de camping worden regelmatig bezocht door een toegewijd team om er zeker van te zijn dat alle plaatsen zo schoon mogelijk zijn, voor het comfort van de bezoekers. <\/p>\n<\/div><\/div><\/div><\/div><\/section>\n\n<section id=\"section-groupe\"\" class=\"section bg-white p-t-0 p-b-0\" \/><div class=\"container full\"><div class=\"colonnes-wrap valign-middle \"><div class=\"element colonne \"><h2 class=\"element section-title justify m-t-6 color2\">Een camping met alle informatie bij de hand<\/h2><div class=\"element bloc-text justify \">\n\t<p>Een verblijf op een camping met duidelijke en effectieve bewegwijzering en informatie is een geweldige manier om van <strong class=\"bold color1\">good holiday<\/strong> te komen. Zo verbindt de beheerder van een camping met het Camping Qualit\u00e9-label zich ertoe om precieze informatie te verstrekken over zijn camping en zijn faciliteiten. <\/p>\n<p>De openingstijden van de diensten en de receptie, de <strong class=\"bold color1\">planning van de activiteiten<\/strong> die tijdens het verblijf beschikbaar zijn, evenals de verschillende tarieven zijn beschikbaar en worden duidelijk weergegeven voor het comfort van de bezoeker. <\/p>\n<p>Vijf verplichtingen, vijf sleutels staan garant voor effici\u00ebntie, zodat u kunt genieten van een verblijf dat comfort, gezelligheid en een <strong class=\"bold color1\">ideale locatie combineert<\/strong>. Twijfelt u over welke bestemming u moet kiezen voor uw volgende vakantie? <\/p>\n<p>Kies voor Les Hauts de Rosans, een <strong class=\"bold color1\">prachtige kwaliteitscamping<\/strong>van topkwaliteit, voor een verblijf in de beste omgeving! <\/p>\n<\/div><\/div><div class=\"element colonne p-0\"><div class=\"element images\"><div class=\"image\"><img decoding=\"async\" src=\"https:\/\/www.camping-hautsderosans.com\/wp-content\/uploads\/2020\/12\/camping-location-100x45.jpg\" data-src=\"https:\/\/www.camping-hautsderosans.com\/wp-content\/uploads\/2020\/12\/camping-location.jpg\" alt=\"huurcamping\" class=\"images_image p-b-1\" \/><\/div><\/div><div class=\"element images\"><div class=\"image\"><img decoding=\"async\" src=\"https:\/\/www.camping-hautsderosans.com\/wp-content\/uploads\/2020\/12\/camping-vue-100x45.jpg\" data-src=\"https:\/\/www.camping-hautsderosans.com\/wp-content\/uploads\/2020\/12\/camping-vue.jpg\" alt=\"kampeeruitzicht\" class=\"images_image p-b-1\" \/><\/div><\/div><\/div><\/div><\/div><\/section>\n\n<section id=\"section-5fbce693431df\"\" class=\"section bg-white\" \/><div class=\"container extralarge\"><div class=\"element section-title center titre-cta\">Ontdek de Baronnies en haar omgeving<\/div><ul class=\"liste-de-page articles\"><li class=\"element call-to-action carre call-to-action--style-1 call-to-action--normal\"><a href=\"https:\/\/www.camping-hautsderosans.com\/nl\/toerisme-hautes-alpes\/\"  class=\"call-to-action_link\" title=\"Meer informatie over de hoge alpen\"><div class=\"call-to-action_image\"><img decoding=\"async\" src=\"https:\/\/www.camping-hautsderosans.com\/wp-content\/uploads\/2021\/01\/tourisme-hautes-alpes-100x90.jpg\" data-src=\"https:\/\/www.camping-hautsderosans.com\/wp-content\/uploads\/2021\/01\/tourisme-hautes-alpes.jpg\" alt=\"\" class=\"normal\" \/><\/div><div class=\"call-to-action_contenu\"><div class=\"call-to-action_titre\">De Hoge Alpen<\/div><\/div><\/a><\/li><li class=\"element call-to-action carre call-to-action--style-1 call-to-action--normal call-to-action--style-1 call-to-action--normal\"><a href=\"https:\/\/www.camping-hautsderosans.com\/nl\/kamperen-pays-du-buech\/\"  class=\"call-to-action_link\" title=\"Meer informatie over buech-land\"><div class=\"call-to-action_image\"><img decoding=\"async\" src=\"https:\/\/www.camping-hautsderosans.com\/wp-content\/uploads\/2020\/12\/lavande-papillon-100x90.jpg\" data-src=\"https:\/\/www.camping-hautsderosans.com\/wp-content\/uploads\/2020\/12\/lavande-papillon.jpg\" alt=\"\" class=\"normal\" \/><\/div><div class=\"call-to-action_contenu\"><div class=\"call-to-action_titre\">Buech-land<\/div><\/div><\/a><\/li><li class=\"element call-to-action carre call-to-action--style-1 call-to-action--normal call-to-action--style-1 call-to-action--normal call-to-action--style-1 call-to-action--normal\"><a href=\"https:\/\/www.camping-hautsderosans.com\/nl\/dorpstakken-provence\/\"  class=\"call-to-action_link\" title=\"Meer informatie over hooggelegen dorpen\"><div class=\"call-to-action_image\"><img decoding=\"async\" src=\"https:\/\/www.camping-hautsderosans.com\/wp-content\/uploads\/2020\/12\/village-may-100x90.jpg\" data-src=\"https:\/\/www.camping-hautsderosans.com\/wp-content\/uploads\/2020\/12\/village-may.jpg\" alt=\"\" class=\"normal\" \/><\/div><div class=\"call-to-action_contenu\"><div class=\"call-to-action_titre\">Hooggelegen dorpen<\/div><\/div><\/a><\/li><\/ul><\/div><\/section>","protected":false},"excerpt":{"rendered":"","protected":false},"author":1,"featured_media":3531,"parent":0,"menu_order":0,"comment_status":"closed","ping_status":"closed","template":"","meta":{"_acf_changed":false,"footnotes":""},"acf":[],"yoast_head":"<!-- This site is optimized with the Yoast SEO plugin v23.4 - https:\/\/yoast.com\/wordpress\/plugins\/seo\/ -->\n<title>Camping in de buurt van Les Baronnies | Bezoek Parc naturel Baronnies Proven\u00e7ales<\/title>\n<meta name=\"robots\" content=\"index, follow, max-snippet:-1, max-image-preview:large, max-video-preview:-1\" \/>\n<link rel=\"canonical\" href=\"https:\/\/www.camping-hautsderosans.com\/nl\/kamperen-baronnies\/\" \/>\n<meta property=\"og:locale\" content=\"nl_NL\" \/>\n<meta property=\"og:type\" content=\"article\" \/>\n<meta property=\"og:title\" content=\"Camping in de buurt van Les Baronnies | Bezoek Parc naturel Baronnies Proven\u00e7ales\" \/>\n<meta property=\"og:url\" content=\"https:\/\/www.camping-hautsderosans.com\/nl\/kamperen-baronnies\/\" \/>\n<meta property=\"og:site_name\" content=\"Camping les Hauts de Rosans\" \/>\n<meta property=\"article:modified_time\" content=\"2021-02-01T08:56:15+00:00\" \/>\n<meta property=\"og:image\" content=\"https:\/\/www.camping-hautsderosans.com\/wp-content\/uploads\/2020\/12\/olive-arbre.jpg\" \/>\n\t<meta property=\"og:image:width\" content=\"1902\" \/>\n\t<meta property=\"og:image:height\" content=\"450\" \/>\n\t<meta property=\"og:image:type\" content=\"image\/jpeg\" \/>\n<meta name=\"twitter:card\" content=\"summary_large_image\" \/>\n<script type=\"application\/ld+json\" class=\"yoast-schema-graph\">{\"@context\":\"https:\/\/schema.org\",\"@graph\":[{\"@type\":\"WebPage\",\"@id\":\"https:\/\/www.camping-hautsderosans.com\/nl\/kamperen-baronnies\/\",\"url\":\"https:\/\/www.camping-hautsderosans.com\/nl\/kamperen-baronnies\/\",\"name\":\"Camping in de buurt van Les Baronnies | Bezoek Parc naturel Baronnies Proven\u00e7ales\",\"isPartOf\":{\"@id\":\"https:\/\/www.camping-hautsderosans.com\/nl\/#website\"},\"primaryImageOfPage\":{\"@id\":\"https:\/\/www.camping-hautsderosans.com\/nl\/kamperen-baronnies\/#primaryimage\"},\"image\":{\"@id\":\"https:\/\/www.camping-hautsderosans.com\/nl\/kamperen-baronnies\/#primaryimage\"},\"thumbnailUrl\":\"https:\/\/www.camping-hautsderosans.com\/wp-content\/uploads\/2020\/12\/olive-arbre.jpg\",\"datePublished\":\"2020-11-17T06:31:00+00:00\",\"dateModified\":\"2021-02-01T08:56:15+00:00\",\"breadcrumb\":{\"@id\":\"https:\/\/www.camping-hautsderosans.com\/nl\/kamperen-baronnies\/#breadcrumb\"},\"inLanguage\":\"nl-NL\",\"potentialAction\":[{\"@type\":\"ReadAction\",\"target\":[\"https:\/\/www.camping-hautsderosans.com\/nl\/kamperen-baronnies\/\"]}]},{\"@type\":\"ImageObject\",\"inLanguage\":\"nl-NL\",\"@id\":\"https:\/\/www.camping-hautsderosans.com\/nl\/kamperen-baronnies\/#primaryimage\",\"url\":\"https:\/\/www.camping-hautsderosans.com\/wp-content\/uploads\/2020\/12\/olive-arbre.jpg\",\"contentUrl\":\"https:\/\/www.camping-hautsderosans.com\/wp-content\/uploads\/2020\/12\/olive-arbre.jpg\",\"width\":1902,\"height\":450},{\"@type\":\"BreadcrumbList\",\"@id\":\"https:\/\/www.camping-hautsderosans.com\/nl\/kamperen-baronnies\/#breadcrumb\",\"itemListElement\":[{\"@type\":\"ListItem\",\"position\":1,\"name\":\"Camping Hautes-Alpes\",\"item\":\"https:\/\/www.camping-hautsderosans.com\/nl\/\"},{\"@type\":\"ListItem\",\"position\":2,\"name\":\"Ontdek de Baronnies\"}]},{\"@type\":\"WebSite\",\"@id\":\"https:\/\/www.camping-hautsderosans.com\/nl\/#website\",\"url\":\"https:\/\/www.camping-hautsderosans.com\/nl\/\",\"name\":\"Camping les Hauts de Rosans\",\"description\":\"\",\"potentialAction\":[{\"@type\":\"SearchAction\",\"target\":{\"@type\":\"EntryPoint\",\"urlTemplate\":\"https:\/\/www.camping-hautsderosans.com\/nl\/?s={search_term_string}\"},\"query-input\":{\"@type\":\"PropertyValueSpecification\",\"valueRequired\":true,\"valueName\":\"search_term_string\"}}],\"inLanguage\":\"nl-NL\"}]}<\/script>\n<!-- \/ Yoast SEO plugin. -->","yoast_head_json":{"title":"Camping in de buurt van Les Baronnies | Bezoek Parc naturel Baronnies Proven\u00e7ales","robots":{"index":"index","follow":"follow","max-snippet":"max-snippet:-1","max-image-preview":"max-image-preview:large","max-video-preview":"max-video-preview:-1"},"canonical":"https:\/\/www.camping-hautsderosans.com\/nl\/kamperen-baronnies\/","og_locale":"nl_NL","og_type":"article","og_title":"Camping in de buurt van Les Baronnies | Bezoek Parc naturel Baronnies Proven\u00e7ales","og_url":"https:\/\/www.camping-hautsderosans.com\/nl\/kamperen-baronnies\/","og_site_name":"Camping les Hauts de Rosans","article_modified_time":"2021-02-01T08:56:15+00:00","og_image":[{"width":1902,"height":450,"url":"https:\/\/www.camping-hautsderosans.com\/wp-content\/uploads\/2020\/12\/olive-arbre.jpg","type":"image\/jpeg"}],"twitter_card":"summary_large_image","schema":{"@context":"https:\/\/schema.org","@graph":[{"@type":"WebPage","@id":"https:\/\/www.camping-hautsderosans.com\/nl\/kamperen-baronnies\/","url":"https:\/\/www.camping-hautsderosans.com\/nl\/kamperen-baronnies\/","name":"Camping in de buurt van Les Baronnies | Bezoek Parc naturel Baronnies Proven\u00e7ales","isPartOf":{"@id":"https:\/\/www.camping-hautsderosans.com\/nl\/#website"},"primaryImageOfPage":{"@id":"https:\/\/www.camping-hautsderosans.com\/nl\/kamperen-baronnies\/#primaryimage"},"image":{"@id":"https:\/\/www.camping-hautsderosans.com\/nl\/kamperen-baronnies\/#primaryimage"},"thumbnailUrl":"https:\/\/www.camping-hautsderosans.com\/wp-content\/uploads\/2020\/12\/olive-arbre.jpg","datePublished":"2020-11-17T06:31:00+00:00","dateModified":"2021-02-01T08:56:15+00:00","breadcrumb":{"@id":"https:\/\/www.camping-hautsderosans.com\/nl\/kamperen-baronnies\/#breadcrumb"},"inLanguage":"nl-NL","potentialAction":[{"@type":"ReadAction","target":["https:\/\/www.camping-hautsderosans.com\/nl\/kamperen-baronnies\/"]}]},{"@type":"ImageObject","inLanguage":"nl-NL","@id":"https:\/\/www.camping-hautsderosans.com\/nl\/kamperen-baronnies\/#primaryimage","url":"https:\/\/www.camping-hautsderosans.com\/wp-content\/uploads\/2020\/12\/olive-arbre.jpg","contentUrl":"https:\/\/www.camping-hautsderosans.com\/wp-content\/uploads\/2020\/12\/olive-arbre.jpg","width":1902,"height":450},{"@type":"BreadcrumbList","@id":"https:\/\/www.camping-hautsderosans.com\/nl\/kamperen-baronnies\/#breadcrumb","itemListElement":[{"@type":"ListItem","position":1,"name":"Camping Hautes-Alpes","item":"https:\/\/www.camping-hautsderosans.com\/nl\/"},{"@type":"ListItem","position":2,"name":"Ontdek de Baronnies"}]},{"@type":"WebSite","@id":"https:\/\/www.camping-hautsderosans.com\/nl\/#website","url":"https:\/\/www.camping-hautsderosans.com\/nl\/","name":"Camping les Hauts de Rosans","description":"","potentialAction":[{"@type":"SearchAction","target":{"@type":"EntryPoint","urlTemplate":"https:\/\/www.camping-hautsderosans.com\/nl\/?s={search_term_string}"},"query-input":{"@type":"PropertyValueSpecification","valueRequired":true,"valueName":"search_term_string"}}],"inLanguage":"nl-NL"}]}},"_links":{"self":[{"href":"https:\/\/www.camping-hautsderosans.com\/nl\/wp-json\/wp\/v2\/pages\/6866"}],"collection":[{"href":"https:\/\/www.camping-hautsderosans.com\/nl\/wp-json\/wp\/v2\/pages"}],"about":[{"href":"https:\/\/www.camping-hautsderosans.com\/nl\/wp-json\/wp\/v2\/types\/page"}],"author":[{"embeddable":true,"href":"https:\/\/www.camping-hautsderosans.com\/nl\/wp-json\/wp\/v2\/users\/1"}],"replies":[{"embeddable":true,"href":"https:\/\/www.camping-hautsderosans.com\/nl\/wp-json\/wp\/v2\/comments?post=6866"}],"version-history":[{"count":10,"href":"https:\/\/www.camping-hautsderosans.com\/nl\/wp-json\/wp\/v2\/pages\/6866\/revisions"}],"predecessor-version":[{"id":8133,"href":"https:\/\/www.camping-hautsderosans.com\/nl\/wp-json\/wp\/v2\/pages\/6866\/revisions\/8133"}],"wp:featuredmedia":[{"embeddable":true,"href":"https:\/\/www.camping-hautsderosans.com\/nl\/wp-json\/wp\/v2\/media\/3531"}],"wp:attachment":[{"href":"https:\/\/www.camping-hautsderosans.com\/nl\/wp-json\/wp\/v2\/media?parent=6866"}],"curies":[{"name":"wp","href":"https:\/\/api.w.org\/{rel}","templated":true}]}}