{"id":6888,"date":"2020-11-17T07:31:54","date_gmt":"2020-11-17T06:31:54","guid":{"rendered":"https:\/\/www.camping-hautsderosans.com\/camping-drome-provencale\/"},"modified":"2021-02-01T09:57:04","modified_gmt":"2021-02-01T08:57:04","slug":"kamperen-drome-provencale","status":"publish","type":"page","link":"https:\/\/www.camping-hautsderosans.com\/nl\/kamperen-drome-provencale\/","title":{"rendered":"Omgeving: Dr\u00f4me proven\u00e7ale"},"content":{"rendered":"<section id=\"section-5fbce69341afa\"\" class=\"section bg-white\" \/><div class=\"container extralarge\"><h1 class=\"element section-title center color2\">Inzoomen op de Dr\u00f4me proven\u00e7ale<\/h1><\/div><\/section>\n\n<section id=\"section-5fbce6934225f\"\" class=\"section bg-white p-t-0 p-b-0\" \/><div class=\"container full\"><div class=\"colonnes-wrap valign-middle \"><div class=\"element colonne \"><div class=\"element bloc-text justify \">\n\t<p>U bent aangekomen op deze prachtige plek die de Dr\u00f4me proven\u00e7ale is, uw koffers zijn gepakt, u bent klaar om te ontdekken, te verkennen, te genieten van alle middelen die deze rijke en gevarieerde omgeving u te bieden heeft. E\u00e9n ding is zeker: er is geen tekort aan activiteiten!<\/p>\n<\/div><h2 class=\"element section-title justify m-t-6 color2\">Voor liefhebbers van de wildernis<\/h2><div class=\"element bloc-text justify \">\n\t<p>De <strong class=\"bold color1\">Regional natural park van de Proven\u00e7aalse Baronnies<\/strong> is een uitgestrekt gebied waar zowel een alpien als een mediterraan klimaat, rotsen en zon, een interessante diversiteit aan fauna en flora cre\u00ebren. Het is niet onmogelijk, als je je ogen naar de hemel verheft, om <strong class=\"bold color1\">grote roofvogels te zien<\/strong> zoals de steenarend of gieren die boven je vliegen! <\/p>\n<p>De kracht van dit landschap wordt gekenmerkt door zijn rauwe en enkelvoudige reli\u00ebfs, van <strong class=\"bold color1\">realistische sculpturen<\/strong> die direct in de steen zijn geslepen. Een ongelooflijke <strong class=\"bold color1\">wilde aarde<\/strong> waar de <strong class=\"bold color1\">behoud van soorten<\/strong> overheerst. Om al dit erfgoed te kunnen observeren en te genieten van deze gegarandeerde verandering van omgeving, zijn er paden die voor dit doel gebruikt kunnen worden. <\/p>\n<\/div><h2 class=\"element section-title justify m-t-6 color2\">Voor geschiedenisliefhebbers<\/h2><div class=\"element bloc-text justify \">\n\t<p>In het hart van de Baronnies, aan de rand van de Dr\u00f4me Proven\u00e7ale, ligt het <strong class=\"bold color1\">charmante dorp Rosans<\/strong>, ooit een <strong class=\"bold color1\">gefortuneerd dorp<\/strong>, waar de vakantiegangers door de geplaveide steegjes kunnen slenteren. De overblijfselen van het verleden zijn te zien in dit pittoreske middeleeuwse dorp. Karakteristieke stenen, gewelfde deuren, een oude protestantse tempel en de kerk van Saint Arey met zijn klokkentoren uit het begin van de 18e eeuw zullen uw ogen strelen tijdens deze <strong class=\"bold color1\"> tijdloze wandeling<\/strong>. <\/p>\n<p>Een <strong class=\"bold color1\">emblematisch element<\/strong> en <strong class=\"bold color1\">historisch<\/strong> die deze plaats overstijgt: de <strong class=\"bold color1\">Vierkante toren<\/strong> uit de 13e eeuw, die kan worden bezocht. Als u een educatief tintje aan uw uitstapje wilt geven, worden in de zomerperiode elke dag rondleidingen georganiseerd in het Ecomuseum, op verzoek.<\/p>\n<\/div><\/div><div class=\"element colonne p-0\"><div class=\"element images\"><div class=\"image\"><img decoding=\"async\" src=\"https:\/\/www.camping-hautsderosans.com\/wp-content\/uploads\/2020\/12\/aigle-royal-100x45.jpg\" data-src=\"https:\/\/www.camping-hautsderosans.com\/wp-content\/uploads\/2020\/12\/aigle-royal.jpg\" alt=\"koningsarend\" class=\"images_image p-b-1\" \/><\/div><\/div><div class=\"element images\"><div class=\"image\"><img decoding=\"async\" src=\"https:\/\/www.camping-hautsderosans.com\/wp-content\/uploads\/2020\/12\/vue-rosans-100x45.jpg\" data-src=\"https:\/\/www.camping-hautsderosans.com\/wp-content\/uploads\/2020\/12\/vue-rosans.jpg\" alt=\"kijk op rosans\" class=\"images_image p-b-1\" \/><\/div><\/div><\/div><\/div><\/div><\/section>\n\n<section id=\"section-groupe\"\" class=\"section bg-white p-t-0 p-b-0\" \/><div class=\"container full\"><div class=\"accordeon\"><div class=\"slide \"><div class=\"slide_image\"><img decoding=\"async\" src=\"https:\/\/www.camping-hautsderosans.com\/wp-content\/uploads\/2020\/12\/rosans-clocher-100x88.jpg\" data-src=\"https:\/\/www.camping-hautsderosans.com\/wp-content\/uploads\/2020\/12\/rosans-clocher.jpg\" alt=\"\" class=\"\" \/><\/div><\/div><div class=\"slide \"><div class=\"slide_image\"><img decoding=\"async\" src=\"https:\/\/www.camping-hautsderosans.com\/wp-content\/uploads\/2020\/12\/vautour-rapace-100x88.jpg\" data-src=\"https:\/\/www.camping-hautsderosans.com\/wp-content\/uploads\/2020\/12\/vautour-rapace.jpg\" alt=\"\" class=\"\" \/><\/div><\/div><div class=\"slide \"><div class=\"slide_image\"><img decoding=\"async\" src=\"https:\/\/www.camping-hautsderosans.com\/wp-content\/uploads\/2020\/12\/clocher-rosans-100x88.jpg\" data-src=\"https:\/\/www.camping-hautsderosans.com\/wp-content\/uploads\/2020\/12\/clocher-rosans.jpg\" alt=\"\" class=\"\" \/><\/div><\/div><div class=\"slide \"><div class=\"slide_image\"><img decoding=\"async\" src=\"https:\/\/www.camping-hautsderosans.com\/wp-content\/uploads\/2020\/12\/aigle-oiseau-100x88.jpg\" data-src=\"https:\/\/www.camping-hautsderosans.com\/wp-content\/uploads\/2020\/12\/aigle-oiseau.jpg\" alt=\"\" class=\"\" \/><\/div><\/div><\/div><\/div><\/section>\n\n<section id=\"section-5fbce157ac762\"\" class=\"section bg-white p-t-0 p-b-0\" \/><div class=\"container full\"><div class=\"colonnes-wrap valign-middle \"><div class=\"element colonne p-0\"><div class=\"element images\"><div class=\"image\"><img decoding=\"async\" src=\"https:\/\/www.camping-hautsderosans.com\/wp-content\/uploads\/2020\/12\/parapente-ciel-100x45.jpg\" data-src=\"https:\/\/www.camping-hautsderosans.com\/wp-content\/uploads\/2020\/12\/parapente-ciel.jpg\" alt=\"hemelparapente\" class=\"images_image p-b-1\" \/><\/div><\/div><div class=\"element images\"><div class=\"image\"><img decoding=\"async\" src=\"https:\/\/www.camping-hautsderosans.com\/wp-content\/uploads\/2020\/12\/ciel-etoile-100x45.jpg\" data-src=\"https:\/\/www.camping-hautsderosans.com\/wp-content\/uploads\/2020\/12\/ciel-etoile.jpg\" alt=\"sterrenhemel\" class=\"images_image p-b-1\" \/><\/div><\/div><\/div><div class=\"element colonne \"><h2 class=\"element section-title justify m-t-6 color2\">Voor liefhebbers van lichaamsbeweging<\/h2><div class=\"element bloc-text justify \">\n\t<p>Het is aan u om uit te vinden hoe u de <strong class=\"bold color1\">grote natuurgebieden die<\/strong> de Proven\u00e7aalse Baronnies u te bieden hebben, wilt bezoeken. <\/p>\n<p>U kunt een ritje maken op de fiets op de paden voor een aantal <strong class=\"bold color1\">sportieve circuits<\/strong> of met uw gezin, u kunt uw vleugels uitslaan met een paraglider om over de bergen en bossen te vliegen, of u kunt gewoon uw beste schoenen aantrekken om te gaan voor een <strong class=\"bold color1\">wandelen of wandelen<\/strong>. Berggidsen zullen er zijn om u te begeleiden en om u alle geheimen te bezorgen die de <strong class=\"bold color1\">de rijkdom van deze valleien<\/strong> maken. <\/p>\n<\/div><h2 class=\"element section-title justify m-t-6 color2\">Voor degenen die graag hun hoofd in de sterren willen hebben&#8230;  <\/h2><div class=\"element bloc-text justify \">\n\t<p>De <strong class=\"bold color1\">astronomisch observatorium<\/strong> dat zich in de buurt van Rosans, op 4 km afstand, bevindt, biedt een fantastische ervaring. Gewapend met uw telescoop, dag en nacht, kunt u <strong class=\"bold color1\">sterren<\/strong> overdag of <strong class=\"bold color1\">sterrenbeelden<\/strong> observeren. Deze site heeft als bijzonderheid dat hij een <strong class=\"bold color1\">prettige zwarte lucht<\/strong> heeft zonder lichtvervuiling en zonder omslachtige wolken. De <strong class=\"bold color1\">nocturnal show<\/strong> zal op het rendez-vous staan, het geheel versierd met uitleg van <strong class=\"bold color1\">professionals die gepassioneerd zijn door de astronomie<\/strong>.  <\/p>\n<p>Als u ook een onvergetelijk verblijf in een <strong class=\"bold color1\">rustgevende omgeving<\/strong> wilt doorbrengen, reserveer dan nu uw plaats op de <a href=\"\/nl\/\">camping Les Hauts de Rosans<\/a>. <\/p>\n<\/div><\/div><\/div><\/div><\/section>\n\n<section id=\"section-5fbce693431df\"\" class=\"section bg-white\" \/><div class=\"container extralarge\"><div class=\"element section-title center titre-cta\">Bezoek de Dr\u00f4me proven\u00e7ale en zijn omgeving<\/div><ul class=\"liste-de-page articles\"><li class=\"element call-to-action carre call-to-action--style-1 call-to-action--normal\"><a href=\"https:\/\/www.camping-hautsderosans.com\/nl\/kamperen-baronnies\/\"  class=\"call-to-action_link\" title=\"Meer informatie over baronnies\"><div class=\"call-to-action_image\"><img decoding=\"async\" src=\"https:\/\/www.camping-hautsderosans.com\/wp-content\/uploads\/2020\/12\/olive-provence-100x90.jpg\" data-src=\"https:\/\/www.camping-hautsderosans.com\/wp-content\/uploads\/2020\/12\/olive-provence.jpg\" alt=\"\" class=\"normal\" \/><\/div><div class=\"call-to-action_contenu\"><div class=\"call-to-action_titre\">Baronnies<\/div><\/div><\/a><\/li><li class=\"element call-to-action carre call-to-action--style-1 call-to-action--normal call-to-action--style-1 call-to-action--normal\"><a href=\"https:\/\/www.camping-hautsderosans.com\/nl\/kamperen-pays-du-buech\/\"  class=\"call-to-action_link\" title=\"Meer informatie over buech-land\"><div class=\"call-to-action_image\"><img decoding=\"async\" src=\"https:\/\/www.camping-hautsderosans.com\/wp-content\/uploads\/2020\/12\/lavande-papillon-100x90.jpg\" data-src=\"https:\/\/www.camping-hautsderosans.com\/wp-content\/uploads\/2020\/12\/lavande-papillon.jpg\" alt=\"\" class=\"normal\" \/><\/div><div class=\"call-to-action_contenu\"><div class=\"call-to-action_titre\">Buech-land<\/div><\/div><\/a><\/li><li class=\"element call-to-action carre call-to-action--style-1 call-to-action--normal call-to-action--style-1 call-to-action--normal call-to-action--style-1 call-to-action--normal\"><a href=\"https:\/\/www.camping-hautsderosans.com\/nl\/dorpstakken-provence\/\"  class=\"call-to-action_link\" title=\"Meer informatie over hooggelegen dorpen\"><div class=\"call-to-action_image\"><img decoding=\"async\" src=\"https:\/\/www.camping-hautsderosans.com\/wp-content\/uploads\/2020\/12\/village-may-100x90.jpg\" data-src=\"https:\/\/www.camping-hautsderosans.com\/wp-content\/uploads\/2020\/12\/village-may.jpg\" alt=\"\" class=\"normal\" \/><\/div><div class=\"call-to-action_contenu\"><div class=\"call-to-action_titre\">Hooggelegen dorpen<\/div><\/div><\/a><\/li><\/ul><\/div><\/section>","protected":false},"excerpt":{"rendered":"","protected":false},"author":1,"featured_media":3807,"parent":0,"menu_order":0,"comment_status":"closed","ping_status":"closed","template":"","meta":{"_acf_changed":false,"footnotes":""},"acf":[],"yoast_head":"<!-- This site is optimized with the Yoast SEO plugin v23.4 - https:\/\/yoast.com\/wordpress\/plugins\/seo\/ -->\n<title>Camping in de buurt van de Dr\u00f4me | Ontdek de Dr\u00f4me Proven\u00e7ale in de Hautes-Alpes<\/title>\n<meta name=\"robots\" content=\"index, follow, max-snippet:-1, max-image-preview:large, max-video-preview:-1\" \/>\n<link rel=\"canonical\" href=\"https:\/\/www.camping-hautsderosans.com\/nl\/kamperen-drome-provencale\/\" \/>\n<meta property=\"og:locale\" content=\"nl_NL\" \/>\n<meta property=\"og:type\" content=\"article\" \/>\n<meta property=\"og:title\" content=\"Camping in de buurt van de Dr\u00f4me | Ontdek de Dr\u00f4me Proven\u00e7ale in de Hautes-Alpes\" \/>\n<meta property=\"og:url\" content=\"https:\/\/www.camping-hautsderosans.com\/nl\/kamperen-drome-provencale\/\" \/>\n<meta property=\"og:site_name\" content=\"Camping les Hauts de Rosans\" \/>\n<meta property=\"article:modified_time\" content=\"2021-02-01T08:57:04+00:00\" \/>\n<meta property=\"og:image\" content=\"https:\/\/www.camping-hautsderosans.com\/wp-content\/uploads\/2020\/12\/lavande-fleur.jpg\" \/>\n\t<meta property=\"og:image:width\" content=\"1903\" \/>\n\t<meta property=\"og:image:height\" content=\"450\" \/>\n\t<meta property=\"og:image:type\" content=\"image\/jpeg\" \/>\n<meta name=\"twitter:card\" content=\"summary_large_image\" \/>\n<script type=\"application\/ld+json\" class=\"yoast-schema-graph\">{\"@context\":\"https:\/\/schema.org\",\"@graph\":[{\"@type\":\"WebPage\",\"@id\":\"https:\/\/www.camping-hautsderosans.com\/nl\/kamperen-drome-provencale\/\",\"url\":\"https:\/\/www.camping-hautsderosans.com\/nl\/kamperen-drome-provencale\/\",\"name\":\"Camping in de buurt van de Dr\u00f4me | Ontdek de Dr\u00f4me Proven\u00e7ale in de Hautes-Alpes\",\"isPartOf\":{\"@id\":\"https:\/\/www.camping-hautsderosans.com\/nl\/#website\"},\"primaryImageOfPage\":{\"@id\":\"https:\/\/www.camping-hautsderosans.com\/nl\/kamperen-drome-provencale\/#primaryimage\"},\"image\":{\"@id\":\"https:\/\/www.camping-hautsderosans.com\/nl\/kamperen-drome-provencale\/#primaryimage\"},\"thumbnailUrl\":\"https:\/\/www.camping-hautsderosans.com\/wp-content\/uploads\/2020\/12\/lavande-fleur.jpg\",\"datePublished\":\"2020-11-17T06:31:54+00:00\",\"dateModified\":\"2021-02-01T08:57:04+00:00\",\"breadcrumb\":{\"@id\":\"https:\/\/www.camping-hautsderosans.com\/nl\/kamperen-drome-provencale\/#breadcrumb\"},\"inLanguage\":\"nl-NL\",\"potentialAction\":[{\"@type\":\"ReadAction\",\"target\":[\"https:\/\/www.camping-hautsderosans.com\/nl\/kamperen-drome-provencale\/\"]}]},{\"@type\":\"ImageObject\",\"inLanguage\":\"nl-NL\",\"@id\":\"https:\/\/www.camping-hautsderosans.com\/nl\/kamperen-drome-provencale\/#primaryimage\",\"url\":\"https:\/\/www.camping-hautsderosans.com\/wp-content\/uploads\/2020\/12\/lavande-fleur.jpg\",\"contentUrl\":\"https:\/\/www.camping-hautsderosans.com\/wp-content\/uploads\/2020\/12\/lavande-fleur.jpg\",\"width\":1903,\"height\":450},{\"@type\":\"BreadcrumbList\",\"@id\":\"https:\/\/www.camping-hautsderosans.com\/nl\/kamperen-drome-provencale\/#breadcrumb\",\"itemListElement\":[{\"@type\":\"ListItem\",\"position\":1,\"name\":\"Camping Hautes-Alpes\",\"item\":\"https:\/\/www.camping-hautsderosans.com\/nl\/\"},{\"@type\":\"ListItem\",\"position\":2,\"name\":\"Bezoek de Dr\u00f4me proven\u00e7ale\"}]},{\"@type\":\"WebSite\",\"@id\":\"https:\/\/www.camping-hautsderosans.com\/nl\/#website\",\"url\":\"https:\/\/www.camping-hautsderosans.com\/nl\/\",\"name\":\"Camping les Hauts de Rosans\",\"description\":\"\",\"potentialAction\":[{\"@type\":\"SearchAction\",\"target\":{\"@type\":\"EntryPoint\",\"urlTemplate\":\"https:\/\/www.camping-hautsderosans.com\/nl\/?s={search_term_string}\"},\"query-input\":{\"@type\":\"PropertyValueSpecification\",\"valueRequired\":true,\"valueName\":\"search_term_string\"}}],\"inLanguage\":\"nl-NL\"}]}<\/script>\n<!-- \/ Yoast SEO plugin. -->","yoast_head_json":{"title":"Camping in de buurt van de Dr\u00f4me | Ontdek de Dr\u00f4me Proven\u00e7ale in de Hautes-Alpes","robots":{"index":"index","follow":"follow","max-snippet":"max-snippet:-1","max-image-preview":"max-image-preview:large","max-video-preview":"max-video-preview:-1"},"canonical":"https:\/\/www.camping-hautsderosans.com\/nl\/kamperen-drome-provencale\/","og_locale":"nl_NL","og_type":"article","og_title":"Camping in de buurt van de Dr\u00f4me | Ontdek de Dr\u00f4me Proven\u00e7ale in de Hautes-Alpes","og_url":"https:\/\/www.camping-hautsderosans.com\/nl\/kamperen-drome-provencale\/","og_site_name":"Camping les Hauts de Rosans","article_modified_time":"2021-02-01T08:57:04+00:00","og_image":[{"width":1903,"height":450,"url":"https:\/\/www.camping-hautsderosans.com\/wp-content\/uploads\/2020\/12\/lavande-fleur.jpg","type":"image\/jpeg"}],"twitter_card":"summary_large_image","schema":{"@context":"https:\/\/schema.org","@graph":[{"@type":"WebPage","@id":"https:\/\/www.camping-hautsderosans.com\/nl\/kamperen-drome-provencale\/","url":"https:\/\/www.camping-hautsderosans.com\/nl\/kamperen-drome-provencale\/","name":"Camping in de buurt van de Dr\u00f4me | Ontdek de Dr\u00f4me Proven\u00e7ale in de Hautes-Alpes","isPartOf":{"@id":"https:\/\/www.camping-hautsderosans.com\/nl\/#website"},"primaryImageOfPage":{"@id":"https:\/\/www.camping-hautsderosans.com\/nl\/kamperen-drome-provencale\/#primaryimage"},"image":{"@id":"https:\/\/www.camping-hautsderosans.com\/nl\/kamperen-drome-provencale\/#primaryimage"},"thumbnailUrl":"https:\/\/www.camping-hautsderosans.com\/wp-content\/uploads\/2020\/12\/lavande-fleur.jpg","datePublished":"2020-11-17T06:31:54+00:00","dateModified":"2021-02-01T08:57:04+00:00","breadcrumb":{"@id":"https:\/\/www.camping-hautsderosans.com\/nl\/kamperen-drome-provencale\/#breadcrumb"},"inLanguage":"nl-NL","potentialAction":[{"@type":"ReadAction","target":["https:\/\/www.camping-hautsderosans.com\/nl\/kamperen-drome-provencale\/"]}]},{"@type":"ImageObject","inLanguage":"nl-NL","@id":"https:\/\/www.camping-hautsderosans.com\/nl\/kamperen-drome-provencale\/#primaryimage","url":"https:\/\/www.camping-hautsderosans.com\/wp-content\/uploads\/2020\/12\/lavande-fleur.jpg","contentUrl":"https:\/\/www.camping-hautsderosans.com\/wp-content\/uploads\/2020\/12\/lavande-fleur.jpg","width":1903,"height":450},{"@type":"BreadcrumbList","@id":"https:\/\/www.camping-hautsderosans.com\/nl\/kamperen-drome-provencale\/#breadcrumb","itemListElement":[{"@type":"ListItem","position":1,"name":"Camping Hautes-Alpes","item":"https:\/\/www.camping-hautsderosans.com\/nl\/"},{"@type":"ListItem","position":2,"name":"Bezoek de Dr\u00f4me proven\u00e7ale"}]},{"@type":"WebSite","@id":"https:\/\/www.camping-hautsderosans.com\/nl\/#website","url":"https:\/\/www.camping-hautsderosans.com\/nl\/","name":"Camping les Hauts de Rosans","description":"","potentialAction":[{"@type":"SearchAction","target":{"@type":"EntryPoint","urlTemplate":"https:\/\/www.camping-hautsderosans.com\/nl\/?s={search_term_string}"},"query-input":{"@type":"PropertyValueSpecification","valueRequired":true,"valueName":"search_term_string"}}],"inLanguage":"nl-NL"}]}},"_links":{"self":[{"href":"https:\/\/www.camping-hautsderosans.com\/nl\/wp-json\/wp\/v2\/pages\/6888"}],"collection":[{"href":"https:\/\/www.camping-hautsderosans.com\/nl\/wp-json\/wp\/v2\/pages"}],"about":[{"href":"https:\/\/www.camping-hautsderosans.com\/nl\/wp-json\/wp\/v2\/types\/page"}],"author":[{"embeddable":true,"href":"https:\/\/www.camping-hautsderosans.com\/nl\/wp-json\/wp\/v2\/users\/1"}],"replies":[{"embeddable":true,"href":"https:\/\/www.camping-hautsderosans.com\/nl\/wp-json\/wp\/v2\/comments?post=6888"}],"version-history":[{"count":10,"href":"https:\/\/www.camping-hautsderosans.com\/nl\/wp-json\/wp\/v2\/pages\/6888\/revisions"}],"predecessor-version":[{"id":8139,"href":"https:\/\/www.camping-hautsderosans.com\/nl\/wp-json\/wp\/v2\/pages\/6888\/revisions\/8139"}],"wp:featuredmedia":[{"embeddable":true,"href":"https:\/\/www.camping-hautsderosans.com\/nl\/wp-json\/wp\/v2\/media\/3807"}],"wp:attachment":[{"href":"https:\/\/www.camping-hautsderosans.com\/nl\/wp-json\/wp\/v2\/media?parent=6888"}],"curies":[{"name":"wp","href":"https:\/\/api.w.org\/{rel}","templated":true}]}}