{"id":6911,"date":"2020-11-17T07:30:10","date_gmt":"2020-11-17T06:30:10","guid":{"rendered":"https:\/\/www.camping-hautsderosans.com\/tourisme-hautes-alpes\/"},"modified":"2021-02-01T09:56:31","modified_gmt":"2021-02-01T08:56:31","slug":"toerisme-hautes-alpes","status":"publish","type":"page","link":"https:\/\/www.camping-hautsderosans.com\/nl\/toerisme-hautes-alpes\/","title":{"rendered":"Omgeving: De toeristische regio"},"content":{"rendered":"<section id=\"section-5fbce69341afa\"\" class=\"section bg-white\" \/><div class=\"container extralarge\"><h1 class=\"element section-title center color2\">Toerisme Hautes-Alpes<\/h1><\/div><\/section>\n\n<section id=\"section-5fbce6934225f\"\" class=\"section bg-white p-t-0 p-b-0\" \/><div class=\"container full\"><div class=\"colonnes-wrap valign-middle \"><div class=\"element colonne \"><h2 class=\"element section-title justify m-t-6 color2\">Patrimoine Hautes-Alpes<\/h2><div class=\"element bloc-text justify \">\n\t<p>De <strong class=\"bold color1\">parc r\u00e9gional des baronnies proven\u00e7ale<\/strong> gelegen op de Dr\u00f4me proven\u00e7ale en de hoge Alpen, biedt een zeer rijke <strong class=\"bold color1\">regionaal cultureel en natuurlijk erfgoed<\/strong>, op slechts enkele momenten verwijderd van de <a href=\"\/nl\/\">camping Hautes-Alpes<\/a>.<\/p>\n<\/div><h2 class=\"element section-title justify m-t-6 color2\">Watermassa&#8217;s in de omgeving<\/h2><div class=\"element bloc-text justify \">\n\t<p>De<strong class=\"bold color1\">natuurlijke karakter<\/strong> en het zeer licht heuvelachtige landschap van het park van de Proven\u00e7aalse baronie\u00ebn stelt ons in staat om veel watermassa&#8217;s te regelen voor momenten van baden (Bewaakt) maar ook om een <strong class=\"bold color1\">wonderbaarlijke dag<\/strong> door te brengen:  &#8220;Le pas des Ondes&#8221;, &#8220;La Germanette&#8221;, &#8220;Le plan d&#8217;eau du Riou&#8221; maar ook &#8220;le Plan d&#8217;eau de Pigerolles&#8221; met rosans.<\/p>\n<\/div><h2 class=\"element section-title justify m-t-6 color2\">Vissen in de Hautes-Alpes<\/h2><div class=\"element bloc-text justify \">\n\t<p>De camping les hauts de Rosans in de <strong class=\"bold color1\">pays du Bu\u00ebch<\/strong>, is een ideale plek voor visliefhebbers. Of het nu in rivieren of in meren is, u vindt vele soorten vis in het gebied. Forel, snoek en karper begeleiden uw heerlijke barbecues die u op de camping kunt houden (Barbecues zijn gratis beschikbaar).<\/p>\n<\/div><\/div><div class=\"element colonne p-0\"><div class=\"element images\"><div class=\"image\"><img decoding=\"async\" src=\"https:\/\/www.camping-hautsderosans.com\/wp-content\/uploads\/2021\/01\/lac-hautes-alpes-100x45.jpg\" data-src=\"https:\/\/www.camping-hautsderosans.com\/wp-content\/uploads\/2021\/01\/lac-hautes-alpes.jpg\" alt=\"hoogalpine meer\" class=\"images_image p-b-1\" \/><\/div><\/div><div class=\"element images\"><div class=\"image\"><img decoding=\"async\" src=\"https:\/\/www.camping-hautsderosans.com\/wp-content\/uploads\/2021\/01\/peche-hautes-alpes-100x45.jpg\" data-src=\"https:\/\/www.camping-hautsderosans.com\/wp-content\/uploads\/2021\/01\/peche-hautes-alpes.jpg\" alt=\"hoogalpiene visserij\" class=\"images_image p-b-1\" \/><\/div><\/div><\/div><\/div><\/div><\/section>\n\n<section id=\"section-5fbce157ac762\"\" class=\"section bg-white p-t-0 p-b-0\" \/><div class=\"container full\"><div class=\"colonnes-wrap valign-middle \"><div class=\"element colonne p-0\"><div class=\"element images\"><div class=\"image\"><img decoding=\"async\" src=\"https:\/\/www.camping-hautsderosans.com\/wp-content\/uploads\/2021\/01\/vin-hautes-alpes-100x45.jpg\" data-src=\"https:\/\/www.camping-hautsderosans.com\/wp-content\/uploads\/2021\/01\/vin-hautes-alpes.jpg\" alt=\"hoogalpiene wijn\" class=\"images_image p-b-1\" \/><\/div><\/div><div class=\"element images\"><div class=\"image\"><img decoding=\"async\" src=\"https:\/\/www.camping-hautsderosans.com\/wp-content\/uploads\/2021\/01\/musee-hautes-alpes-100x45.jpg\" data-src=\"https:\/\/www.camping-hautsderosans.com\/wp-content\/uploads\/2021\/01\/musee-hautes-alpes.jpg\" alt=\"sterrenhemel\" class=\"images_image p-b-1\" \/><\/div><\/div><\/div><div class=\"element colonne p-x-6\"><h2 class=\"element section-title justify m-t-6 color2\">Wijnen &#038; Mousserende Wijnen<\/h2><div class=\"element bloc-text justify \">\n\t<p>De <strong class=\"bold color1\">Dr\u00f4me Proven\u00e7ale streek<\/strong>, en de Hautes Alpes streek waar de camping &#8220;Les Hauts de Rosans&#8221; zich bevindt, is een streek rijk aan wijngaarden.<\/p>\n<ul>\n<li>In de Dr\u00f4me vindt u <strong class=\"bold color1\">southern C\u00f4tes du Rh\u00f4ne<\/strong> aangepast aan het mediterrane klimaat gevinifieerd in drie &#8220;AOC&#8221;-kleuren. Grenache en Sirah zijn de belangrijkste druivensoorten van deze regio.<\/li>\n<li>In de Vaucluse is de <strong class=\"bold color1\">fameux Gigondas<\/strong>, die is vernoemd naar het kleine dorp bij Vaison la romaine. <\/li>\n<li>De <strong class=\"bold color1\">Coteaux des Baronnies<\/strong>, aan de voet van de Mont Ventoux, zal u verrassen met hun bloemige en fruitige smaken.<\/li>\n<li>De <strong class=\"bold color1\">wijnen van de Hautes-Alpes<\/strong>, met hun 130 hectare produceren atypische wijnen die het verdienen om ontdekt te worden. Het is bovendien de keuze van onze chef-kok Philou die u in het restaurant de wijnen van het Duitse domein zal voorstellen. Dit domein is het oudste van de Hautes-Alpes-domeinen. Het werd in 1954 opgericht door Louis Allemand.<\/li>\n<li>In een vallei net boven de camping des hauts de Rosans is de <strong class=\"bold color1\">familie clairette de DIE<\/strong> uitgewerkt volgens een eigen vinificatietechniek: de &#8220;ancestral dioise methode&#8221;. Het geheim ervan is de vrucht van een smakelijk mengsel tussen &#8220;Le muscat blanc&#8221; en &#8220;La clairette blanche&#8221;, dat de wijn finesse brengt.<\/li>\n<\/ul>\n<\/div><h2 class=\"element section-title justify m-t-6 color2\">Cultureel<\/h2><div class=\"element bloc-text justify \">\n\t<p>De regio van het regionale park van de Proven\u00e7aalse baronie\u00ebn, en vooral het noorden van de regio \u00a8PACA, biedt u een <strong class=\"bold color1\">zeer rijk cultureel aanbod <\/strong>.<\/p>\n<p>(Musea of eco-musea, Paleo Gallery, heuveldorpen en karaktervolle steden, Kastelen en middeleeuwse dorpen, Kunst en Ambachten, enz&#8230;).<\/p>\n<\/div><\/div><\/div><\/div><\/section>\n\n<section id=\"section-groupe\"\" class=\"section bg-white p-t-0 p-b-0\" \/><div class=\"container full\"><div class=\"accordeon\"><div class=\"slide \"><div class=\"slide_image\"><img decoding=\"async\" src=\"https:\/\/www.camping-hautsderosans.com\/wp-content\/uploads\/2021\/01\/plan-eau-hautes-alpes-100x88.jpg\" data-src=\"https:\/\/www.camping-hautsderosans.com\/wp-content\/uploads\/2021\/01\/plan-eau-hautes-alpes.jpg\" alt=\"\" class=\"\" \/><\/div><\/div><div class=\"slide \"><div class=\"slide_image\"><img decoding=\"async\" src=\"https:\/\/www.camping-hautsderosans.com\/wp-content\/uploads\/2021\/01\/vautoure-hautes-alpes-100x88.jpg\" data-src=\"https:\/\/www.camping-hautsderosans.com\/wp-content\/uploads\/2021\/01\/vautoure-hautes-alpes.jpg\" alt=\"\" class=\"\" \/><\/div><\/div><div class=\"slide \"><div class=\"slide_image\"><img decoding=\"async\" src=\"https:\/\/www.camping-hautsderosans.com\/wp-content\/uploads\/2021\/01\/village-pommerol-100x88.jpg\" data-src=\"https:\/\/www.camping-hautsderosans.com\/wp-content\/uploads\/2021\/01\/village-pommerol.jpg\" alt=\"\" class=\"\" \/><\/div><\/div><div class=\"slide \"><div class=\"slide_image\"><img decoding=\"async\" src=\"https:\/\/www.camping-hautsderosans.com\/wp-content\/uploads\/2021\/01\/cascades-meouge-100x88.jpg\" data-src=\"https:\/\/www.camping-hautsderosans.com\/wp-content\/uploads\/2021\/01\/cascades-meouge.jpg\" alt=\"\" class=\"\" \/><\/div><\/div><\/div><\/div><\/section>\n\n<section id=\"section-last\"\" class=\"section bg-white p-t-0 p-b-0\" \/><div class=\"container full\"><div class=\"colonnes-wrap valign-middle p-t-1\"><div class=\"element colonne \"><h2 class=\"element section-title justify m-t-6 color2\">De markten van de Hautes-Alpes<\/h2><div class=\"element bloc-text justify \">\n\t<p>De Dr\u00f4me Proven\u00e7ale regio en de PACA regio (Provence-Alpes-C\u00f4te d&#8217;Azur) zijn wereldberoemd om hun <strong class=\"bold color1\">Proven\u00e7aalse markten<\/strong>. In de omgeving van de camping &#8220;les hauts de Rosans&#8221; vindt u vele beroemde markten.<\/p>\n<\/div><h2 class=\"element section-title justify m-t-6 color2\">Sports en Hautes-Alpes<\/h2><div class=\"element bloc-text justify \">\n\t<p>Als veel kampeerders op de 4-sterren camping Les Hauts de Rosans komen om uit te rusten en zich te vermaken met familie of vrienden, dan mogen <strong class=\"bold color1\">sporters<\/strong> niet worden overtroffen!<\/p>\n<p>Voor degenen die houden van <strong class=\"bold color1\">sterke sensaties<\/strong>, zijn er veel activiteiten op het land, in de lucht en in het witte water. In de buurt van de camping opent een paragliding school haar deuren voor de vakantiegangers op de terreinen van M\u00e9vouillon en Sederon. De ingewijden en de kenners van het paragliden gaan naar de <strong class=\"bold color1\">site van Pelonne<\/strong>, in Dr\u00f4me Proven\u00e7ale, op slechts 10 minuten afstand van de camping.<\/p>\n<p>Op minder dan 45 minuten van de camping Les Hauts de Rosans, in de Hautes-Alpes, is de <strong class=\"bold color1\">village d&#8217;Orpierres<\/strong> een van de eerste Franse sites die zijn uitgerust om te klimmen, met bijna 500 plaatsen op 7 verschillende kliffen: een grote verscheidenheid aan beklimmingen voor alle niveaus. Orpierre is een <strong class=\"bold color1\">Middeleeuwse stad in het regionale natuurpark van de Proven\u00e7aalse Baronnies<\/strong>. Orpierre ligt aan de oude weg van de &#8220;Princes d&#8217;Orange&#8221;, ten zuiden van de Hautes-Alpes (regio PACA; Provence-Alpes-C\u00f4te-d&#8217;Azur), en is \u00e9\u00e9n van de mooiste dorpen van Frankrijk. <\/p>\n<p>De <strong class=\"bold color1\">rivieren <\/strong>(l&#8217;Eygues, le Bu\u00ebch, la M\u00e9ouge, enz.) zijn ware oorden van rust voor de visserij en een echte vreugde voor alle amateur-vissers.<\/p>\n<\/div><\/div><div class=\"element colonne p-0\"><div class=\"element images\"><div class=\"image\"><img decoding=\"async\" src=\"https:\/\/www.camping-hautsderosans.com\/wp-content\/uploads\/2021\/01\/marche-provencaux-100x45.jpg\" data-src=\"https:\/\/www.camping-hautsderosans.com\/wp-content\/uploads\/2021\/01\/marche-provencaux.jpg\" alt=\"Proven\u00e7aalse markt\" class=\"images_image p-b-1\" \/><\/div><\/div><div class=\"element images\"><div class=\"image\"><img decoding=\"async\" src=\"https:\/\/www.camping-hautsderosans.com\/wp-content\/uploads\/2021\/01\/parapente-hautes-alpes-100x45.jpg\" data-src=\"https:\/\/www.camping-hautsderosans.com\/wp-content\/uploads\/2021\/01\/parapente-hautes-alpes.jpg\" alt=\"paragliding op grote hoogte\" class=\"images_image p-b-1\" \/><\/div><\/div><\/div><\/div><\/div><\/section>\n\n<section id=\"section-first\"\" class=\"section bg-white p-t-0 p-b-0\" \/><div class=\"container full\"><div class=\"colonnes-wrap valign-middle \"><div class=\"element colonne p-0\"><div class=\"element images\"><div class=\"image\"><img decoding=\"async\" src=\"https:\/\/www.camping-hautsderosans.com\/wp-content\/uploads\/2021\/01\/escalade-hautes-alpes-100x45.jpg\" data-src=\"https:\/\/www.camping-hautsderosans.com\/wp-content\/uploads\/2021\/01\/escalade-hautes-alpes.jpg\" alt=\"hoogalpine klimmen\" class=\"images_image p-b-1\" \/><\/div><\/div><div class=\"element images\"><div class=\"image\"><img decoding=\"async\" src=\"https:\/\/www.camping-hautsderosans.com\/wp-content\/uploads\/2021\/01\/observatoire-hautes-alpes-100x45.jpg\" data-src=\"https:\/\/www.camping-hautsderosans.com\/wp-content\/uploads\/2021\/01\/observatoire-hautes-alpes.jpg\" alt=\"hoogalpiene observatorium\" class=\"images_image p-b-1\" \/><\/div><\/div><\/div><div class=\"element colonne p-x-6\"><h2 class=\"element section-title justify m-t-6 color2 undergras\">Onze partners op de camping<\/h2><h3 class=\"element section-title justify m-t-6 color2\">In de bergen (buitenactiviteit)<\/h3><div class=\"element bloc-text justify \">\n\t<p>En Montagne is \u00e9\u00e9n van de partners van de camping les Hauts de Rosans die vele activiteiten aanbiedt. U kunt \u00e9\u00e9n van deze activiteiten beoefenen tijdens uw verblijf op onze camping les Hauts de Rosans :<\/p>\n<ul>\n<li><strong class=\"bold color1\">Canyoning<\/strong>, wat een puur speelse activiteit is waarbij je in de loop van een rivier loopt op het ritme van het reli\u00ebf, of je kunt in zakken water springen, van een waterval abseilen of van een natuurlijke glijbaan naar beneden glijden.<\/li>\n<li><strong class=\"bold color1\">climbing<\/strong> waarmee je met handen en voeten langs een muur kunt klimmen.<\/li>\n<li><strong class=\"bold color1\">De Via Ferrata<\/strong> waarmee je langs een rotswand gaat terwijl je jezelf helpt met spijlen en kabels. U vindt er ook, voor sensatiezoekers, tokkelbanen en apenbruggen.<\/li>\n<li>En tot slot een <strong class=\"bold color1\">acrobatisch parcours<\/strong> hoog en een sprong in de leegte. <\/li>\n<\/ul>\n<p>Van <strong class=\"bold color1\">bellsensaties<\/strong> in perspectief met onze partner &#8220;In assemblage&#8221;.<\/p>\n<\/div><h3 class=\"element section-title justify m-t-6 color2\">Baronnies Observatorium<\/h3><div class=\"element bloc-text justify \">\n\t<p>De <strong class=\"bold color1\">Observatoire astronomique<\/strong> des Baronnies proven\u00e7ales gelegen in Moydans in de Hautes-Alpes op minder dan 15 minuten van de camping des hauts de Rosans biedt sinds januari 2013 de mogelijkheid om de wereld van de sterren te ontdekken. <\/p>\n<p>Zijn <strong class=\"bold color1\"> bijzonderheid<\/strong> is dat hij in deze vallei van de Proven\u00e7aalse baronie\u00ebn is ge\u00efmplanteerd, zonder enige lichtvervuiling, om alle soorten publiek en activiteiten te verwelkomen: van beginners tot professionele astronomen.<\/p>\n<\/div><\/div><\/div><\/div><\/section>\n\n<section id=\"section-third\"\" class=\"section bg-white p-t-0 p-b-0\" \/><div class=\"container full\"><div class=\"colonnes-wrap valign-middle p-t-1\"><div class=\"element colonne \"><h3 class=\"element section-title justify m-t-6 color2\">De Cols de  nes<\/h3><div class=\"element bloc-text justify \">\n\t<p>Onze partner <strong class=\"bold color1\">&#8220;De Cols des nes&#8221;<\/strong> stelt u voor om prachtige landschappen tussen bergen en rivieren te ontdekken tijdens <strong class=\"bold color1\">wandelen met familie<\/strong> of met vrienden met een of meerdere ezels. U heeft de keuze uit een wandeling in de <strong class=\"bold color1\">regionaal park des Baronnies Proven\u00e7ales<\/strong> voor \u00e9\u00e9n dag of als u dat wenst over meerdere dagen.<\/p>\n<\/div><h2 class=\"element section-title justify m-t-6 color2\">Fietstochten<\/h2><div class=\"element bloc-text justify \">\n\t<p>De <strong class=\"bold color1\"> fiets- en mountainbikefanaten<\/strong> hebben rond de camping een enorme speeltuin: de Baronnies en het Bu\u00ebch in de Hautes-Alpes hebben inderdaad <strong class=\"bold color1\">veel uitgestippelde routes<\/strong> en vermeld op nauwkeurige kaarten, die direct bij de receptie verkrijgbaar zijn.<\/p>\n<\/div><h2 class=\"element section-title justify m-t-6 color2\">Wandelingen te voet<\/h2><div class=\"element bloc-text justify \">\n\t<p>De <strong class=\"bold color1\">parc des Baronnies Proven\u00e7ales<\/strong> regio is een ideaal gebied voor prachtige wandelingen. Van alle niveaus en alle looptijden vindt u wat u zoekt.<\/p>\n<p>Of u nu met uw gezin, alleen of met vrienden bent, wandelen is een manier om <strong class=\"bold color1\">de fauna en flora<\/strong> van de Baronnies Proven\u00e7ales (in de Dr\u00f4me Proven\u00e7ale en de Hautes Alpes) te ontdekken en tegelijkertijd adembenemende landschappen te ontdekken.<\/p>\n<\/div><\/div><div class=\"element colonne p-0\"><div class=\"element images\"><div class=\"image\"><img decoding=\"async\" src=\"https:\/\/www.camping-hautsderosans.com\/wp-content\/uploads\/2021\/01\/vtt-hautes-alpes-100x45.jpg\" data-src=\"https:\/\/www.camping-hautsderosans.com\/wp-content\/uploads\/2021\/01\/vtt-hautes-alpes.jpg\" alt=\"alpiene biking\" class=\"images_image p-b-1\" \/><\/div><\/div><div class=\"element images\"><div class=\"image\"><img decoding=\"async\" src=\"https:\/\/www.camping-hautsderosans.com\/wp-content\/uploads\/2021\/01\/marche-a-pied-hautes-alpes-100x45.jpg\" data-src=\"https:\/\/www.camping-hautsderosans.com\/wp-content\/uploads\/2021\/01\/marche-a-pied-hautes-alpes.jpg\" alt=\"hoogalpine wandelen\" class=\"images_image p-b-1\" \/><\/div><\/div><\/div><\/div><\/div><\/section>\n\n<section id=\"section-5fbce693431df\"\" class=\"section bg-white\" \/><div class=\"container extralarge\"><div class=\"element section-title center titre-cta\">Bezoek de Dr\u00f4me proven\u00e7ale en zijn omgeving<\/div><ul class=\"liste-de-page articles\"><li class=\"element call-to-action carre call-to-action--style-1 call-to-action--normal\"><a href=\"https:\/\/www.camping-hautsderosans.com\/nl\/kamperen-baronnies\/\"  class=\"call-to-action_link\" title=\"Meer informatie over baronnies\"><div class=\"call-to-action_image\"><img decoding=\"async\" src=\"https:\/\/www.camping-hautsderosans.com\/wp-content\/uploads\/2020\/12\/olive-provence-100x90.jpg\" data-src=\"https:\/\/www.camping-hautsderosans.com\/wp-content\/uploads\/2020\/12\/olive-provence.jpg\" alt=\"\" class=\"normal\" \/><\/div><div class=\"call-to-action_contenu\"><div class=\"call-to-action_titre\">Baronnies<\/div><\/div><\/a><\/li><li class=\"element call-to-action carre call-to-action--style-1 call-to-action--normal call-to-action--style-1 call-to-action--normal\"><a href=\"https:\/\/www.camping-hautsderosans.com\/nl\/kamperen-pays-du-buech\/\"  class=\"call-to-action_link\" title=\"Meer informatie over buech-land\"><div class=\"call-to-action_image\"><img decoding=\"async\" src=\"https:\/\/www.camping-hautsderosans.com\/wp-content\/uploads\/2020\/12\/lavande-papillon-100x90.jpg\" data-src=\"https:\/\/www.camping-hautsderosans.com\/wp-content\/uploads\/2020\/12\/lavande-papillon.jpg\" alt=\"\" class=\"normal\" \/><\/div><div class=\"call-to-action_contenu\"><div class=\"call-to-action_titre\">Buech-land<\/div><\/div><\/a><\/li><li class=\"element call-to-action carre call-to-action--style-1 call-to-action--normal call-to-action--style-1 call-to-action--normal call-to-action--style-1 call-to-action--normal\"><a href=\"https:\/\/www.camping-hautsderosans.com\/nl\/dorpstakken-provence\/\"  class=\"call-to-action_link\" title=\"Meer informatie over hooggelegen dorpen\"><div class=\"call-to-action_image\"><img decoding=\"async\" src=\"https:\/\/www.camping-hautsderosans.com\/wp-content\/uploads\/2020\/12\/village-may-100x90.jpg\" data-src=\"https:\/\/www.camping-hautsderosans.com\/wp-content\/uploads\/2020\/12\/village-may.jpg\" alt=\"\" class=\"normal\" \/><\/div><div class=\"call-to-action_contenu\"><div class=\"call-to-action_titre\">Hooggelegen dorpen<\/div><\/div><\/a><\/li><\/ul><\/div><\/section>","protected":false},"excerpt":{"rendered":"","protected":false},"author":1,"featured_media":6006,"parent":0,"menu_order":0,"comment_status":"closed","ping_status":"closed","template":"","meta":{"_acf_changed":false,"footnotes":""},"acf":[],"yoast_head":"<!-- This site is optimized with the Yoast SEO plugin v23.4 - https:\/\/yoast.com\/wordpress\/plugins\/seo\/ -->\n<title>Toerisme Hautes-Alpes | Vakantie Hautes-Alpes | Ontdek de Hautes-Alpes<\/title>\n<meta name=\"robots\" content=\"index, follow, max-snippet:-1, max-image-preview:large, max-video-preview:-1\" \/>\n<link rel=\"canonical\" href=\"https:\/\/www.camping-hautsderosans.com\/nl\/toerisme-hautes-alpes\/\" \/>\n<meta property=\"og:locale\" content=\"nl_NL\" \/>\n<meta property=\"og:type\" content=\"article\" \/>\n<meta property=\"og:title\" content=\"Toerisme Hautes-Alpes | Vakantie Hautes-Alpes | Ontdek de Hautes-Alpes\" \/>\n<meta property=\"og:url\" content=\"https:\/\/www.camping-hautsderosans.com\/nl\/toerisme-hautes-alpes\/\" \/>\n<meta property=\"og:site_name\" content=\"Camping les Hauts de Rosans\" \/>\n<meta property=\"article:modified_time\" content=\"2021-02-01T08:56:31+00:00\" \/>\n<meta property=\"og:image\" content=\"https:\/\/www.camping-hautsderosans.com\/wp-content\/uploads\/2021\/01\/vacances-hautes-alpes.jpg\" \/>\n\t<meta property=\"og:image:width\" content=\"1903\" \/>\n\t<meta property=\"og:image:height\" content=\"450\" \/>\n\t<meta property=\"og:image:type\" content=\"image\/jpeg\" \/>\n<meta name=\"twitter:card\" content=\"summary_large_image\" \/>\n<script type=\"application\/ld+json\" class=\"yoast-schema-graph\">{\"@context\":\"https:\/\/schema.org\",\"@graph\":[{\"@type\":\"WebPage\",\"@id\":\"https:\/\/www.camping-hautsderosans.com\/nl\/toerisme-hautes-alpes\/\",\"url\":\"https:\/\/www.camping-hautsderosans.com\/nl\/toerisme-hautes-alpes\/\",\"name\":\"Toerisme Hautes-Alpes | Vakantie Hautes-Alpes | Ontdek de Hautes-Alpes\",\"isPartOf\":{\"@id\":\"https:\/\/www.camping-hautsderosans.com\/nl\/#website\"},\"primaryImageOfPage\":{\"@id\":\"https:\/\/www.camping-hautsderosans.com\/nl\/toerisme-hautes-alpes\/#primaryimage\"},\"image\":{\"@id\":\"https:\/\/www.camping-hautsderosans.com\/nl\/toerisme-hautes-alpes\/#primaryimage\"},\"thumbnailUrl\":\"https:\/\/www.camping-hautsderosans.com\/wp-content\/uploads\/2021\/01\/vacances-hautes-alpes.jpg\",\"datePublished\":\"2020-11-17T06:30:10+00:00\",\"dateModified\":\"2021-02-01T08:56:31+00:00\",\"breadcrumb\":{\"@id\":\"https:\/\/www.camping-hautsderosans.com\/nl\/toerisme-hautes-alpes\/#breadcrumb\"},\"inLanguage\":\"nl-NL\",\"potentialAction\":[{\"@type\":\"ReadAction\",\"target\":[\"https:\/\/www.camping-hautsderosans.com\/nl\/toerisme-hautes-alpes\/\"]}]},{\"@type\":\"ImageObject\",\"inLanguage\":\"nl-NL\",\"@id\":\"https:\/\/www.camping-hautsderosans.com\/nl\/toerisme-hautes-alpes\/#primaryimage\",\"url\":\"https:\/\/www.camping-hautsderosans.com\/wp-content\/uploads\/2021\/01\/vacances-hautes-alpes.jpg\",\"contentUrl\":\"https:\/\/www.camping-hautsderosans.com\/wp-content\/uploads\/2021\/01\/vacances-hautes-alpes.jpg\",\"width\":1903,\"height\":450,\"caption\":\"week-end hautes-alpes\"},{\"@type\":\"BreadcrumbList\",\"@id\":\"https:\/\/www.camping-hautsderosans.com\/nl\/toerisme-hautes-alpes\/#breadcrumb\",\"itemListElement\":[{\"@type\":\"ListItem\",\"position\":1,\"name\":\"Camping Hautes-Alpes\",\"item\":\"https:\/\/www.camping-hautsderosans.com\/nl\/\"},{\"@type\":\"ListItem\",\"position\":2,\"name\":\"Vakantie Hautes-Alpes\"}]},{\"@type\":\"WebSite\",\"@id\":\"https:\/\/www.camping-hautsderosans.com\/nl\/#website\",\"url\":\"https:\/\/www.camping-hautsderosans.com\/nl\/\",\"name\":\"Camping les Hauts de Rosans\",\"description\":\"\",\"potentialAction\":[{\"@type\":\"SearchAction\",\"target\":{\"@type\":\"EntryPoint\",\"urlTemplate\":\"https:\/\/www.camping-hautsderosans.com\/nl\/?s={search_term_string}\"},\"query-input\":{\"@type\":\"PropertyValueSpecification\",\"valueRequired\":true,\"valueName\":\"search_term_string\"}}],\"inLanguage\":\"nl-NL\"}]}<\/script>\n<!-- \/ Yoast SEO plugin. -->","yoast_head_json":{"title":"Toerisme Hautes-Alpes | Vakantie Hautes-Alpes | Ontdek de Hautes-Alpes","robots":{"index":"index","follow":"follow","max-snippet":"max-snippet:-1","max-image-preview":"max-image-preview:large","max-video-preview":"max-video-preview:-1"},"canonical":"https:\/\/www.camping-hautsderosans.com\/nl\/toerisme-hautes-alpes\/","og_locale":"nl_NL","og_type":"article","og_title":"Toerisme Hautes-Alpes | Vakantie Hautes-Alpes | Ontdek de Hautes-Alpes","og_url":"https:\/\/www.camping-hautsderosans.com\/nl\/toerisme-hautes-alpes\/","og_site_name":"Camping les Hauts de Rosans","article_modified_time":"2021-02-01T08:56:31+00:00","og_image":[{"width":1903,"height":450,"url":"https:\/\/www.camping-hautsderosans.com\/wp-content\/uploads\/2021\/01\/vacances-hautes-alpes.jpg","type":"image\/jpeg"}],"twitter_card":"summary_large_image","schema":{"@context":"https:\/\/schema.org","@graph":[{"@type":"WebPage","@id":"https:\/\/www.camping-hautsderosans.com\/nl\/toerisme-hautes-alpes\/","url":"https:\/\/www.camping-hautsderosans.com\/nl\/toerisme-hautes-alpes\/","name":"Toerisme Hautes-Alpes | Vakantie Hautes-Alpes | Ontdek de Hautes-Alpes","isPartOf":{"@id":"https:\/\/www.camping-hautsderosans.com\/nl\/#website"},"primaryImageOfPage":{"@id":"https:\/\/www.camping-hautsderosans.com\/nl\/toerisme-hautes-alpes\/#primaryimage"},"image":{"@id":"https:\/\/www.camping-hautsderosans.com\/nl\/toerisme-hautes-alpes\/#primaryimage"},"thumbnailUrl":"https:\/\/www.camping-hautsderosans.com\/wp-content\/uploads\/2021\/01\/vacances-hautes-alpes.jpg","datePublished":"2020-11-17T06:30:10+00:00","dateModified":"2021-02-01T08:56:31+00:00","breadcrumb":{"@id":"https:\/\/www.camping-hautsderosans.com\/nl\/toerisme-hautes-alpes\/#breadcrumb"},"inLanguage":"nl-NL","potentialAction":[{"@type":"ReadAction","target":["https:\/\/www.camping-hautsderosans.com\/nl\/toerisme-hautes-alpes\/"]}]},{"@type":"ImageObject","inLanguage":"nl-NL","@id":"https:\/\/www.camping-hautsderosans.com\/nl\/toerisme-hautes-alpes\/#primaryimage","url":"https:\/\/www.camping-hautsderosans.com\/wp-content\/uploads\/2021\/01\/vacances-hautes-alpes.jpg","contentUrl":"https:\/\/www.camping-hautsderosans.com\/wp-content\/uploads\/2021\/01\/vacances-hautes-alpes.jpg","width":1903,"height":450,"caption":"week-end hautes-alpes"},{"@type":"BreadcrumbList","@id":"https:\/\/www.camping-hautsderosans.com\/nl\/toerisme-hautes-alpes\/#breadcrumb","itemListElement":[{"@type":"ListItem","position":1,"name":"Camping Hautes-Alpes","item":"https:\/\/www.camping-hautsderosans.com\/nl\/"},{"@type":"ListItem","position":2,"name":"Vakantie Hautes-Alpes"}]},{"@type":"WebSite","@id":"https:\/\/www.camping-hautsderosans.com\/nl\/#website","url":"https:\/\/www.camping-hautsderosans.com\/nl\/","name":"Camping les Hauts de Rosans","description":"","potentialAction":[{"@type":"SearchAction","target":{"@type":"EntryPoint","urlTemplate":"https:\/\/www.camping-hautsderosans.com\/nl\/?s={search_term_string}"},"query-input":{"@type":"PropertyValueSpecification","valueRequired":true,"valueName":"search_term_string"}}],"inLanguage":"nl-NL"}]}},"_links":{"self":[{"href":"https:\/\/www.camping-hautsderosans.com\/nl\/wp-json\/wp\/v2\/pages\/6911"}],"collection":[{"href":"https:\/\/www.camping-hautsderosans.com\/nl\/wp-json\/wp\/v2\/pages"}],"about":[{"href":"https:\/\/www.camping-hautsderosans.com\/nl\/wp-json\/wp\/v2\/types\/page"}],"author":[{"embeddable":true,"href":"https:\/\/www.camping-hautsderosans.com\/nl\/wp-json\/wp\/v2\/users\/1"}],"replies":[{"embeddable":true,"href":"https:\/\/www.camping-hautsderosans.com\/nl\/wp-json\/wp\/v2\/comments?post=6911"}],"version-history":[{"count":10,"href":"https:\/\/www.camping-hautsderosans.com\/nl\/wp-json\/wp\/v2\/pages\/6911\/revisions"}],"predecessor-version":[{"id":8137,"href":"https:\/\/www.camping-hautsderosans.com\/nl\/wp-json\/wp\/v2\/pages\/6911\/revisions\/8137"}],"wp:featuredmedia":[{"embeddable":true,"href":"https:\/\/www.camping-hautsderosans.com\/nl\/wp-json\/wp\/v2\/media\/6006"}],"wp:attachment":[{"href":"https:\/\/www.camping-hautsderosans.com\/nl\/wp-json\/wp\/v2\/media?parent=6911"}],"curies":[{"name":"wp","href":"https:\/\/api.w.org\/{rel}","templated":true}]}}