{"id":6978,"date":"2020-11-17T07:31:21","date_gmt":"2020-11-17T06:31:21","guid":{"rendered":"https:\/\/www.camping-hautsderosans.com\/camping-pays-du-buech\/"},"modified":"2021-02-01T09:56:24","modified_gmt":"2021-02-01T08:56:24","slug":"kamperen-pays-du-buech","status":"publish","type":"page","link":"https:\/\/www.camping-hautsderosans.com\/nl\/kamperen-pays-du-buech\/","title":{"rendered":"Omgeving: Buechland"},"content":{"rendered":"<section id=\"section-5fbce69341afa\"\" class=\"section bg-white\" \/><div class=\"container extralarge\"><h1 class=\"element section-title center color2\">Het land van Bu\u00ebch<\/h1><\/div><\/section>\n\n<section id=\"section-5fbce6934225f\"\" class=\"section bg-white p-t-0 p-b-0\" \/><div class=\"container full\"><div class=\"colonnes-wrap valign-middle \"><div class=\"element colonne \"><div class=\"element bloc-text justify \">\n\t<p>In <strong class=\"bold color1\">medium mountain<\/strong> is de Pays du Bu\u00ebch <strong class=\"bold color1\"> gedomineerd door enkele toppen<\/strong> waaronder de C\u00e9\u00fcse berg (2016 meter) en de Chabre berg (1352 meter). Een verplichte doorgang tussen de Durance-vallei en Grenoble, via de Col de la Croix-Haute, de Bu\u00ebch regio is een <strong class=\"bold color1\">opvallende toeristische stopplaats om vele redenen<\/strong>.<\/p>\n<p>Zoom in op de schatten van het Pays du Bu\u00ebch, rond de <a href=\"\/nl\/\">camping Les Hauts de Rosans<\/a>.<\/p>\n<\/div><h2 class=\"element section-title justify m-t-6 color2\">Zachte bergen en hooggelegen dorpen van de Bu\u00ebch<\/h2><div class=\"element bloc-text justify \">\n\t<p>De bergen van het Pays du Bu\u00ebch rijzen op in het zuiden van de Hautes-Alpes, de belangrijkste bestemming voor vakantiegangers is het Parc naturel des Baronnies Proven\u00e7ales.<\/p>\n<p>Tussen appelbomen, perenbomen, lavendelvelden, is het een <strong class=\"bold color1\">uitzonderlijke natuurlijke uitgestrektheid<\/strong> die, voor wie zich daar waagt, al zijn geheimen van schoonheid biedt.<\/p>\n<p>De <strong class=\"bold color1\">perched villages<\/strong> van het Pays du Bu\u00ebch, Serres, Rosans of l&#8217;Epine, zijn ook kenmerkend voor deze regio en bieden de vakantiegangers urenlange wandelingen aan in de smalle straatjes waar de <strong class=\"bold color1\">artisanat d&#8217;art<\/strong> en de <strong class=\"bold color1\">Proven\u00e7al traditions<\/strong> naar believen kunnen worden ontdekt en geproefd.<\/p>\n<\/div><h2 class=\"element section-title justify m-t-6 color2\">Activiteiten in directe relatie met de natuur<\/h2><div class=\"element bloc-text justify \">\n\t<p>Voor liefhebbers van <strong class=\"bold color1\">nature en authenticiteit<\/strong> biedt het Pays du Bu\u00ebch alles wat men maar kan wensen. Van de <strong class=\"bold color1\"> verfrissende watervlekken<\/strong> tot de kloven van de M\u00e9ouge en de meren van de Iscles in Veynes of de Germanette in Serres, er is een breed scala aan mogelijkheden om uit te kiezen.<\/p>\n<p>De <strong class=\"bold color1\">Orpierre cliffs<\/strong>, internationaal bekend, bieden <strong class=\"bold color1\">sensations fortes<\/strong>, net als de <strong class=\"bold color1\">vol libre<\/strong> op de berg Chabre met uitzicht op Laragne-Mont\u00e9glin. Voor degenen die liever op de grond blijven, zijn mountainbiken en wandelen activiteiten bij uitstek in het Pays du Bu\u00ebch.<\/p>\n<p>De <strong class=\"bold color1\"> reli\u00ebf van het Pays du Bu\u00ebch<\/strong> schommelt tussen 500 en 2700 meter in hoogte en biedt, voor wie het geluk heeft zich daar te wagen, buitengewone <strong class=\"bold color1\">panorama&#8217;s<\/strong> op de arboreale vlaktes, kammen en kliffen. De alomtegenwoordige natuur is wild en zeer gevarieerd. Naturalistische beginners of ervaren, het Pays du Bu\u00ebch is een <sterke klasse=\"vetkleuren1\">groot territorium<\/sterke> van fascinerende ontdekkingen. <\/p>\n<\/div><\/div><div class=\"element colonne p-0\"><div class=\"element images\"><div class=\"image\"><img decoding=\"async\" src=\"https:\/\/www.camping-hautsderosans.com\/wp-content\/uploads\/2020\/12\/parapante-montagne-100x45.jpg\" data-src=\"https:\/\/www.camping-hautsderosans.com\/wp-content\/uploads\/2020\/12\/parapante-montagne.jpg\" alt=\"bergparapenteervliegen\" class=\"images_image p-b-1\" \/><\/div><\/div><div class=\"element images\"><div class=\"image\"><img decoding=\"async\" src=\"https:\/\/www.camping-hautsderosans.com\/wp-content\/uploads\/2020\/12\/vtt-nature-100x45.jpg\" data-src=\"https:\/\/www.camping-hautsderosans.com\/wp-content\/uploads\/2020\/12\/vtt-nature.jpg\" alt=\"natuurlijk mountainbiken\" class=\"images_image p-b-1\" \/><\/div><\/div><\/div><\/div><\/div><\/section>\n\n<section id=\"section-groupe\"\" class=\"section bg-white p-t-0 p-b-0\" \/><div class=\"container full\"><div class=\"accordeon\"><div class=\"slide \"><div class=\"slide_image\"><img decoding=\"async\" src=\"https:\/\/www.camping-hautsderosans.com\/wp-content\/uploads\/2020\/12\/village-serres-100x88.jpg\" data-src=\"https:\/\/www.camping-hautsderosans.com\/wp-content\/uploads\/2020\/12\/village-serres.jpg\" alt=\"\" class=\"\" \/><\/div><\/div><div class=\"slide \"><div class=\"slide_image\"><img decoding=\"async\" src=\"https:\/\/www.camping-hautsderosans.com\/wp-content\/uploads\/2020\/12\/randonnee-foret-100x88.jpg\" data-src=\"https:\/\/www.camping-hautsderosans.com\/wp-content\/uploads\/2020\/12\/randonnee-foret.jpg\" alt=\"\" class=\"\" \/><\/div><\/div><div class=\"slide \"><div class=\"slide_image\"><img decoding=\"async\" src=\"https:\/\/www.camping-hautsderosans.com\/wp-content\/uploads\/2020\/12\/eau-montagne-100x88.jpg\" data-src=\"https:\/\/www.camping-hautsderosans.com\/wp-content\/uploads\/2020\/12\/eau-montagne.jpg\" alt=\"\" class=\"\" \/><\/div><\/div><div class=\"slide \"><div class=\"slide_image\"><img decoding=\"async\" src=\"https:\/\/www.camping-hautsderosans.com\/wp-content\/uploads\/2020\/12\/montagne-ceuse-100x88.jpg\" data-src=\"https:\/\/www.camping-hautsderosans.com\/wp-content\/uploads\/2020\/12\/montagne-ceuse.jpg\" alt=\"\" class=\"\" \/><\/div><\/div><\/div><\/div><\/section>\n\n<section id=\"section-5fbce157ac762\"\" class=\"section bg-white p-t-0 p-b-0\" \/><div class=\"container full\"><div class=\"colonnes-wrap valign-middle \"><div class=\"element colonne p-0\"><div class=\"element images\"><div class=\"image\"><img decoding=\"async\" src=\"https:\/\/www.camping-hautsderosans.com\/wp-content\/uploads\/2020\/12\/fleur-lavande-100x45.jpg\" data-src=\"https:\/\/www.camping-hautsderosans.com\/wp-content\/uploads\/2020\/12\/fleur-lavande.jpg\" alt=\"lavendelbloem\" class=\"images_image p-b-1\" \/><\/div><\/div><div class=\"element images\"><div class=\"image\"><img decoding=\"async\" src=\"https:\/\/www.camping-hautsderosans.com\/wp-content\/uploads\/2020\/12\/huile-lavande-100x45.jpg\" data-src=\"https:\/\/www.camping-hautsderosans.com\/wp-content\/uploads\/2020\/12\/huile-lavande.jpg\" alt=\"lavendelolie\" class=\"images_image p-b-1\" \/><\/div><\/div><\/div><div class=\"element colonne \"><h2 class=\"element section-title justify m-t-6 color2\">Een originele plek halverwege tussen de Provence en de Alpen<\/h2><div class=\"element bloc-text justify \">\n\t<p><em>De landen hebben, net als de mannen, een adel die alleen door benadering en vriendelijk gezelschap gekend kan worden. En er is geen krachtiger instrument om te benaderen en te frequenteren dan lopen. (&#8230;) Het proces van het lopen is zichzelf te transformeren in een vergrootglas of telescoop. &#8220;<\/em>  J. Giono; Uittreksel van een column gegeven op 15 oktober 1967 aan de Dauphin\u00e9 Lib\u00e9r\u00e9, getiteld &#8220;la marche \u00e0 pied&#8221;.<\/p>\n<p>Het Pays du Bu\u00ebch, een zone die zeer gewaardeerd wordt door klimatologen en geologen, biedt een <strong class=\"bold color1\">diversiteit van fauna en flora<\/strong>, voornamelijk vanwege zijn bevoorrechte positie tussen twee bijzonder gewaardeerde gebieden: de Provence aan de ene kant en de Alpen aan de andere kant.<\/p>\n<p>Het klimaat profiteert van een <strong class=\"bold color1\">Mediterrane invloed<\/strong> met, in het bijzonder, een vochtigheidsgraad en zonneschijn die niets te benijden heeft aan die van de C\u00f4te d&#8217;Azur. Wat de kus betreft, deze reinigt de wolken zachtjes en geeft de lucht van het Pays du Bu\u00ebch zijn karakteristieke blauwe kleur. <\/p>\n<p>Het Pays du Bu\u00ebch, een land van welzijn en ontdekking, verbergt vele te ontdekken schatten&#8230;<\/p>\n<\/div><\/div><\/div><\/div><\/section>\n\n<section id=\"section-5fbce693431df\"\" class=\"section bg-white\" \/><div class=\"container extralarge\"><div class=\"element section-title center titre-cta\">Bezoek het Pays du Bu\u00ebch en zijn omgeving<\/div><ul class=\"liste-de-page articles\"><li class=\"element call-to-action carre call-to-action--style-1 call-to-action--normal\"><a href=\"https:\/\/www.camping-hautsderosans.com\/nl\/kamperen-baronnies\/\"  class=\"call-to-action_link\" title=\"Meer informatie over baronnies\"><div class=\"call-to-action_image\"><img decoding=\"async\" src=\"https:\/\/www.camping-hautsderosans.com\/wp-content\/uploads\/2020\/12\/olive-provence-100x90.jpg\" data-src=\"https:\/\/www.camping-hautsderosans.com\/wp-content\/uploads\/2020\/12\/olive-provence.jpg\" alt=\"\" class=\"normal\" \/><\/div><div class=\"call-to-action_contenu\"><div class=\"call-to-action_titre\">Baronnies<\/div><\/div><\/a><\/li><li class=\"element call-to-action carre call-to-action--style-1 call-to-action--normal call-to-action--style-1 call-to-action--normal\"><a href=\"https:\/\/www.camping-hautsderosans.com\/nl\/toerisme-hautes-alpes\/\"  class=\"call-to-action_link\" title=\"Meer informatie over de hoge alpen\"><div class=\"call-to-action_image\"><img decoding=\"async\" src=\"https:\/\/www.camping-hautsderosans.com\/wp-content\/uploads\/2021\/01\/tourisme-hautes-alpes-100x90.jpg\" data-src=\"https:\/\/www.camping-hautsderosans.com\/wp-content\/uploads\/2021\/01\/tourisme-hautes-alpes.jpg\" alt=\"\" class=\"normal\" \/><\/div><div class=\"call-to-action_contenu\"><div class=\"call-to-action_titre\">De Hoge Alpen<\/div><\/div><\/a><\/li><li class=\"element call-to-action carre call-to-action--style-1 call-to-action--normal call-to-action--style-1 call-to-action--normal call-to-action--style-1 call-to-action--normal\"><a href=\"https:\/\/www.camping-hautsderosans.com\/nl\/dorpstakken-provence\/\"  class=\"call-to-action_link\" title=\"Meer informatie over hooggelegen dorpen\"><div class=\"call-to-action_image\"><img decoding=\"async\" src=\"https:\/\/www.camping-hautsderosans.com\/wp-content\/uploads\/2020\/12\/village-may-100x90.jpg\" data-src=\"https:\/\/www.camping-hautsderosans.com\/wp-content\/uploads\/2020\/12\/village-may.jpg\" alt=\"\" class=\"normal\" \/><\/div><div class=\"call-to-action_contenu\"><div class=\"call-to-action_titre\">Hooggelegen dorpen<\/div><\/div><\/a><\/li><\/ul><\/div><\/section>","protected":false},"excerpt":{"rendered":"","protected":false},"author":1,"featured_media":3591,"parent":0,"menu_order":0,"comment_status":"closed","ping_status":"closed","template":"","meta":{"_acf_changed":false,"footnotes":""},"acf":[],"yoast_head":"<!-- This site is optimized with the Yoast SEO plugin v23.4 - https:\/\/yoast.com\/wordpress\/plugins\/seo\/ -->\n<title>Camping in de buurt van het Pays du Bu\u00ebch | Bezoek het Pays du Bu\u00ebch in Hautes-Alpes<\/title>\n<meta name=\"robots\" content=\"index, follow, max-snippet:-1, max-image-preview:large, max-video-preview:-1\" \/>\n<link rel=\"canonical\" href=\"https:\/\/www.camping-hautsderosans.com\/nl\/kamperen-pays-du-buech\/\" \/>\n<meta property=\"og:locale\" content=\"nl_NL\" \/>\n<meta property=\"og:type\" content=\"article\" \/>\n<meta property=\"og:title\" content=\"Camping in de buurt van het Pays du Bu\u00ebch | Bezoek het Pays du Bu\u00ebch in Hautes-Alpes\" \/>\n<meta property=\"og:url\" content=\"https:\/\/www.camping-hautsderosans.com\/nl\/kamperen-pays-du-buech\/\" \/>\n<meta property=\"og:site_name\" content=\"Camping les Hauts de Rosans\" \/>\n<meta property=\"article:modified_time\" content=\"2021-02-01T08:56:24+00:00\" \/>\n<meta property=\"og:image\" content=\"https:\/\/www.camping-hautsderosans.com\/wp-content\/uploads\/2020\/12\/lavand-fleure.jpg\" \/>\n\t<meta property=\"og:image:width\" content=\"1903\" \/>\n\t<meta property=\"og:image:height\" content=\"450\" \/>\n\t<meta property=\"og:image:type\" content=\"image\/jpeg\" \/>\n<meta name=\"twitter:card\" content=\"summary_large_image\" \/>\n<script type=\"application\/ld+json\" class=\"yoast-schema-graph\">{\"@context\":\"https:\/\/schema.org\",\"@graph\":[{\"@type\":\"WebPage\",\"@id\":\"https:\/\/www.camping-hautsderosans.com\/nl\/kamperen-pays-du-buech\/\",\"url\":\"https:\/\/www.camping-hautsderosans.com\/nl\/kamperen-pays-du-buech\/\",\"name\":\"Camping in de buurt van het Pays du Bu\u00ebch | Bezoek het Pays du Bu\u00ebch in Hautes-Alpes\",\"isPartOf\":{\"@id\":\"https:\/\/www.camping-hautsderosans.com\/nl\/#website\"},\"primaryImageOfPage\":{\"@id\":\"https:\/\/www.camping-hautsderosans.com\/nl\/kamperen-pays-du-buech\/#primaryimage\"},\"image\":{\"@id\":\"https:\/\/www.camping-hautsderosans.com\/nl\/kamperen-pays-du-buech\/#primaryimage\"},\"thumbnailUrl\":\"https:\/\/www.camping-hautsderosans.com\/wp-content\/uploads\/2020\/12\/lavand-fleure.jpg\",\"datePublished\":\"2020-11-17T06:31:21+00:00\",\"dateModified\":\"2021-02-01T08:56:24+00:00\",\"breadcrumb\":{\"@id\":\"https:\/\/www.camping-hautsderosans.com\/nl\/kamperen-pays-du-buech\/#breadcrumb\"},\"inLanguage\":\"nl-NL\",\"potentialAction\":[{\"@type\":\"ReadAction\",\"target\":[\"https:\/\/www.camping-hautsderosans.com\/nl\/kamperen-pays-du-buech\/\"]}]},{\"@type\":\"ImageObject\",\"inLanguage\":\"nl-NL\",\"@id\":\"https:\/\/www.camping-hautsderosans.com\/nl\/kamperen-pays-du-buech\/#primaryimage\",\"url\":\"https:\/\/www.camping-hautsderosans.com\/wp-content\/uploads\/2020\/12\/lavand-fleure.jpg\",\"contentUrl\":\"https:\/\/www.camping-hautsderosans.com\/wp-content\/uploads\/2020\/12\/lavand-fleure.jpg\",\"width\":1903,\"height\":450},{\"@type\":\"BreadcrumbList\",\"@id\":\"https:\/\/www.camping-hautsderosans.com\/nl\/kamperen-pays-du-buech\/#breadcrumb\",\"itemListElement\":[{\"@type\":\"ListItem\",\"position\":1,\"name\":\"Camping Hautes-Alpes\",\"item\":\"https:\/\/www.camping-hautsderosans.com\/nl\/\"},{\"@type\":\"ListItem\",\"position\":2,\"name\":\"Omgeving: Buechland\"}]},{\"@type\":\"WebSite\",\"@id\":\"https:\/\/www.camping-hautsderosans.com\/nl\/#website\",\"url\":\"https:\/\/www.camping-hautsderosans.com\/nl\/\",\"name\":\"Camping les Hauts de Rosans\",\"description\":\"\",\"potentialAction\":[{\"@type\":\"SearchAction\",\"target\":{\"@type\":\"EntryPoint\",\"urlTemplate\":\"https:\/\/www.camping-hautsderosans.com\/nl\/?s={search_term_string}\"},\"query-input\":{\"@type\":\"PropertyValueSpecification\",\"valueRequired\":true,\"valueName\":\"search_term_string\"}}],\"inLanguage\":\"nl-NL\"}]}<\/script>\n<!-- \/ Yoast SEO plugin. -->","yoast_head_json":{"title":"Camping in de buurt van het Pays du Bu\u00ebch | Bezoek het Pays du Bu\u00ebch in Hautes-Alpes","robots":{"index":"index","follow":"follow","max-snippet":"max-snippet:-1","max-image-preview":"max-image-preview:large","max-video-preview":"max-video-preview:-1"},"canonical":"https:\/\/www.camping-hautsderosans.com\/nl\/kamperen-pays-du-buech\/","og_locale":"nl_NL","og_type":"article","og_title":"Camping in de buurt van het Pays du Bu\u00ebch | Bezoek het Pays du Bu\u00ebch in Hautes-Alpes","og_url":"https:\/\/www.camping-hautsderosans.com\/nl\/kamperen-pays-du-buech\/","og_site_name":"Camping les Hauts de Rosans","article_modified_time":"2021-02-01T08:56:24+00:00","og_image":[{"width":1903,"height":450,"url":"https:\/\/www.camping-hautsderosans.com\/wp-content\/uploads\/2020\/12\/lavand-fleure.jpg","type":"image\/jpeg"}],"twitter_card":"summary_large_image","schema":{"@context":"https:\/\/schema.org","@graph":[{"@type":"WebPage","@id":"https:\/\/www.camping-hautsderosans.com\/nl\/kamperen-pays-du-buech\/","url":"https:\/\/www.camping-hautsderosans.com\/nl\/kamperen-pays-du-buech\/","name":"Camping in de buurt van het Pays du Bu\u00ebch | Bezoek het Pays du Bu\u00ebch in Hautes-Alpes","isPartOf":{"@id":"https:\/\/www.camping-hautsderosans.com\/nl\/#website"},"primaryImageOfPage":{"@id":"https:\/\/www.camping-hautsderosans.com\/nl\/kamperen-pays-du-buech\/#primaryimage"},"image":{"@id":"https:\/\/www.camping-hautsderosans.com\/nl\/kamperen-pays-du-buech\/#primaryimage"},"thumbnailUrl":"https:\/\/www.camping-hautsderosans.com\/wp-content\/uploads\/2020\/12\/lavand-fleure.jpg","datePublished":"2020-11-17T06:31:21+00:00","dateModified":"2021-02-01T08:56:24+00:00","breadcrumb":{"@id":"https:\/\/www.camping-hautsderosans.com\/nl\/kamperen-pays-du-buech\/#breadcrumb"},"inLanguage":"nl-NL","potentialAction":[{"@type":"ReadAction","target":["https:\/\/www.camping-hautsderosans.com\/nl\/kamperen-pays-du-buech\/"]}]},{"@type":"ImageObject","inLanguage":"nl-NL","@id":"https:\/\/www.camping-hautsderosans.com\/nl\/kamperen-pays-du-buech\/#primaryimage","url":"https:\/\/www.camping-hautsderosans.com\/wp-content\/uploads\/2020\/12\/lavand-fleure.jpg","contentUrl":"https:\/\/www.camping-hautsderosans.com\/wp-content\/uploads\/2020\/12\/lavand-fleure.jpg","width":1903,"height":450},{"@type":"BreadcrumbList","@id":"https:\/\/www.camping-hautsderosans.com\/nl\/kamperen-pays-du-buech\/#breadcrumb","itemListElement":[{"@type":"ListItem","position":1,"name":"Camping Hautes-Alpes","item":"https:\/\/www.camping-hautsderosans.com\/nl\/"},{"@type":"ListItem","position":2,"name":"Omgeving: Buechland"}]},{"@type":"WebSite","@id":"https:\/\/www.camping-hautsderosans.com\/nl\/#website","url":"https:\/\/www.camping-hautsderosans.com\/nl\/","name":"Camping les Hauts de Rosans","description":"","potentialAction":[{"@type":"SearchAction","target":{"@type":"EntryPoint","urlTemplate":"https:\/\/www.camping-hautsderosans.com\/nl\/?s={search_term_string}"},"query-input":{"@type":"PropertyValueSpecification","valueRequired":true,"valueName":"search_term_string"}}],"inLanguage":"nl-NL"}]}},"_links":{"self":[{"href":"https:\/\/www.camping-hautsderosans.com\/nl\/wp-json\/wp\/v2\/pages\/6978"}],"collection":[{"href":"https:\/\/www.camping-hautsderosans.com\/nl\/wp-json\/wp\/v2\/pages"}],"about":[{"href":"https:\/\/www.camping-hautsderosans.com\/nl\/wp-json\/wp\/v2\/types\/page"}],"author":[{"embeddable":true,"href":"https:\/\/www.camping-hautsderosans.com\/nl\/wp-json\/wp\/v2\/users\/1"}],"replies":[{"embeddable":true,"href":"https:\/\/www.camping-hautsderosans.com\/nl\/wp-json\/wp\/v2\/comments?post=6978"}],"version-history":[{"count":10,"href":"https:\/\/www.camping-hautsderosans.com\/nl\/wp-json\/wp\/v2\/pages\/6978\/revisions"}],"predecessor-version":[{"id":8135,"href":"https:\/\/www.camping-hautsderosans.com\/nl\/wp-json\/wp\/v2\/pages\/6978\/revisions\/8135"}],"wp:featuredmedia":[{"embeddable":true,"href":"https:\/\/www.camping-hautsderosans.com\/nl\/wp-json\/wp\/v2\/media\/3591"}],"wp:attachment":[{"href":"https:\/\/www.camping-hautsderosans.com\/nl\/wp-json\/wp\/v2\/media?parent=6978"}],"curies":[{"name":"wp","href":"https:\/\/api.w.org\/{rel}","templated":true}]}}