{"id":7134,"date":"2020-11-17T07:29:48","date_gmt":"2020-11-17T06:29:48","guid":{"rendered":"https:\/\/www.camping-hautsderosans.com\/services-provence\/"},"modified":"2022-11-30T15:04:15","modified_gmt":"2022-11-30T14:04:15","slug":"diensten-provence","status":"publish","type":"page","link":"https:\/\/www.camping-hautsderosans.com\/nl\/diensten-provence\/","title":{"rendered":"Camping : Aangeboden diensten"},"content":{"rendered":"<section id=\"section-5fbce69341afa\"\" class=\"section bg-white\" \/><div class=\"container extralarge\"><h1 class=\"element section-title center color2\">Diensten aangeboden in Rosans<\/h1><\/div><\/section>\n\n<section id=\"section-5fbce6934225f\"\" class=\"section bg-white p-t-0 p-b-0\" \/><div class=\"container full\"><div class=\"colonnes-wrap valign-middle \"><div class=\"element colonne \"><h2 class=\"element section-title justify m-t-6 color2 undergras\">Bar en restaurant<\/h2><h3 class=\"element section-title justify m-t-6 color2\">Restaurant<\/h3><div class=\"element bloc-text justify \">\n\t<p>De <a href=\"\/nl\/\">camping les Hauts de Rosans<\/a>, gelegen in het noorden van de PACA regio in het regionale park Baronnies Proven\u00e7ales, heeft een <strong class=\"bold color1\">restaurantgedeelte<\/strong> op een terras met een adembenemend uitzicht. Het restaurant <strong class=\"bold color1\"> zal uw smaakpapillen wakker maken<\/strong> met uitgewerkte gerechten samengesteld uit een groot aantal <strong class=\"bold color1\">lokale en regionale producten<\/strong>.<\/p>\n<p>Een <strong class=\"bold color1\">nieuw<\/strong> sinds het seizoen 2020 biedt de chef u <strong class=\"bold color1\">verse pizza&#8217;s<\/strong>, ter plekke bereid en gekookt.<\/p>\n<\/div><h3 class=\"element section-title justify m-t-6 color2\">Bar<\/h3><div class=\"element bloc-text justify \">\n\t<p><strong class=\"bold color1\">De bar<\/strong> en het terras zijn een rustige en ontspannende plek om te genieten van koude en warme dranken, maar ook van aperitieven en cocktails.<\/p>\n<\/div><h3 class=\"element section-title justify m-t-6 color2\">Ontbijtformule<\/h3><div class=\"element bloc-text justify \">\n\t<p>Nieuw sinds het seizoen 2020, met het Melay team, biedt de camping u een <strong class=\"bold color1\">&#8220;breakfast&#8221;<\/strong> formule aan met inbegrip van : <\/p>\n<ul>\n<li>A <strong class=\"bold color1\">sinaasappelsap ter plaatse geperst<\/strong>.<\/li>\n<li>A <strong class=\"bold color1\">warme drank<\/strong><\/li>\n<li>A <strong class=\"bold color1\">&#8220;zuiver boterdeeg&#8221; gebakken ter plaatse<\/strong> .<\/li>\n<li>Twee <strong class=\"bold color1\">toast op<\/strong>, van <strong class=\"bold color1\">boter<\/strong> en een <strong class=\"bold color1\">zelfgemaakte jam<\/strong>.<\/li>\n<\/ul>\n<\/div><\/div><div class=\"element colonne p-0\"><div class=\"element images\"><div class=\"image\"><img decoding=\"async\" src=\"https:\/\/www.camping-hautsderosans.com\/wp-content\/uploads\/2020\/12\/plat-pizza-100x45.jpg\" data-src=\"https:\/\/www.camping-hautsderosans.com\/wp-content\/uploads\/2020\/12\/plat-pizza.jpg\" alt=\"pizzaschotel\" class=\"images_image p-b-1\" \/><\/div><\/div><div class=\"element images\"><div class=\"image\"><img decoding=\"async\" src=\"https:\/\/www.camping-hautsderosans.com\/wp-content\/uploads\/2020\/12\/croissants-dejeuner-100x45.jpg\" data-src=\"https:\/\/www.camping-hautsderosans.com\/wp-content\/uploads\/2020\/12\/croissants-dejeuner.jpg\" alt=\"ontbijt\" class=\"images_image p-b-1\" \/><\/div><\/div><\/div><\/div><\/div><\/section>\n\n<section id=\"section-groupe\"\" class=\"section bg-white p-t-0 p-b-0\" \/><div class=\"container full\"><div class=\"accordeon\"><div class=\"slide \"><div class=\"slide_image\"><img decoding=\"async\" src=\"https:\/\/www.camping-hautsderosans.com\/wp-content\/uploads\/2020\/12\/viennoisseries-cuisson-100x88.jpg\" data-src=\"https:\/\/www.camping-hautsderosans.com\/wp-content\/uploads\/2020\/12\/viennoisseries-cuisson.jpg\" alt=\"\" class=\"\" \/><\/div><\/div><div class=\"slide \"><div class=\"slide_image\"><img decoding=\"async\" src=\"https:\/\/www.camping-hautsderosans.com\/wp-content\/uploads\/2020\/12\/pain-mie-100x88.jpg\" data-src=\"https:\/\/www.camping-hautsderosans.com\/wp-content\/uploads\/2020\/12\/pain-mie.jpg\" alt=\"\" class=\"\" \/><\/div><\/div><div class=\"slide \"><div class=\"slide_image\"><img decoding=\"async\" src=\"https:\/\/www.camping-hautsderosans.com\/wp-content\/uploads\/2020\/12\/jus-orange-100x88.jpg\" data-src=\"https:\/\/www.camping-hautsderosans.com\/wp-content\/uploads\/2020\/12\/jus-orange.jpg\" alt=\"\" class=\"\" \/><\/div><\/div><div class=\"slide \"><div class=\"slide_image\"><img decoding=\"async\" src=\"https:\/\/www.camping-hautsderosans.com\/wp-content\/uploads\/2020\/12\/crepes-chocolat-100x88.jpg\" data-src=\"https:\/\/www.camping-hautsderosans.com\/wp-content\/uploads\/2020\/12\/crepes-chocolat.jpg\" alt=\"\" class=\"\" \/><\/div><\/div><\/div><\/div><\/section>\n\n<section id=\"section-5fbce157ac762\"\" class=\"section bg-white p-t-0 p-b-0\" \/><div class=\"container full\"><div class=\"colonnes-wrap valign-middle \"><div class=\"element colonne p-0\"><div class=\"element images\"><div class=\"image\"><img decoding=\"async\" src=\"https:\/\/www.camping-hautsderosans.com\/wp-content\/uploads\/2020\/12\/crrepes-dejeuner-100x45.jpg\" data-src=\"https:\/\/www.camping-hautsderosans.com\/wp-content\/uploads\/2020\/12\/crrepes-dejeuner.jpg\" alt=\"ontbijtcrepes\" class=\"images_image p-b-1\" \/><\/div><\/div><div class=\"element images\"><div class=\"image\"><img decoding=\"async\" src=\"https:\/\/www.camping-hautsderosans.com\/wp-content\/uploads\/2020\/12\/sandwich-pique-nique-100x45.jpg\" data-src=\"https:\/\/www.camping-hautsderosans.com\/wp-content\/uploads\/2020\/12\/sandwich-pique-nique.jpg\" alt=\"sandwich\" class=\"images_image p-b-1\" \/><\/div><\/div><\/div><div class=\"element colonne \"><h2 class=\"element section-title justify m-t-6 color2 undergras\">Afhalen van de verkoop<\/h2><h3 class=\"element section-title justify m-t-6 color2\">Kiosk: &#8220;IJs en pannenkoeken&#8221;<\/h3><div class=\"element bloc-text justify \">\n\t<p>Nieuw in 2020, de <strong class=\"bold color1\">kiosque gourmand<\/strong> is een plek waar jong en oud <strong class=\"bold color1\">glace<\/strong> kunnen vinden, of het nu gaat om Italiaanse stijl, stok of ambachtelijk in een kegel, en niet te vergeten <strong class=\"bold color1\">homemade pannenkoeken<\/strong>, fruitcoulis en gezouten butterscotch, ook zelfgemaakt door chef-kok Philou. Nieuw in 2021, zal de camping les hauts de Rosans bieden <strong class=\"bold color1\">heerlijke wafels<\/strong>.<\/p>\n<\/div><h3 class=\"element section-title justify m-t-6 color2\">Kruidenierswinkel en lokale producten<\/h3><div class=\"element bloc-text justify \">\n\t<p>Nieuw op onze 2020 seizoen, is een <strong class=\"bold color1\">kleine kruidenierswinkel<\/strong> gecre\u00eberd op de camping les Hauts de Rosans, in een ruimte van 20m\u00b2 dicht bij de receptie. De <strong class=\"bold color1\">kleine kruidenierswinkel<\/strong> voor de eerste levensbehoeften staat tot uw beschikking. <\/p>\n<p>Nieuw in 2021, zullen we het bereik van <strong class=\"bold color1\">&#8220;eigen producten&#8221;<\/strong> vergroten om te voldoen aan een vraag van onze klanten.  <\/p>\n<\/div><h3 class=\"element section-title justify m-t-6 color2\">Brood en gebak<\/h3><div class=\"element bloc-text justify \">\n\t<p>De <strong class=\"bold color1\"> heerlijk &#8220;pure boter&#8221;<\/strong> Weens gebak dat ter plaatse wordt gebakken wordt elke ochtend in juli en augustus te koop aangeboden (op aanvraag voor de andere openingsmaanden). Vergeet niet om ze de dag ervoor te boeken<\/p>\n<\/div><h3 class=\"element section-title justify m-t-6 color2\">Picknick en broodjesbereiding<\/h3><div class=\"element bloc-text justify \">\n\t<p>Camping Les Hauts de Rosans is een camping gelegen in het prachtige regionale park van de Baronnies Proven\u00e7ales. Om u te begeleiden in uw <strong class=\"bold color1\">walks<\/strong> en <strong class=\"bold color1\">walks<\/strong>, biedt de camping u dit jaar 2021 en op reservering, <strong class=\"bold color1\">delicious &#8220;picknick&#8221;<\/strong> manden.   <\/p>\n<\/div><\/div><\/div><\/div><\/section>\n\n<section id=\"section-groupe6\"\" class=\"section bg-white p-t-0 p-b-0\" \/><div class=\"container full\"><div class=\"colonnes-wrap valign-middle \"><div class=\"element colonne \"><h2 class=\"element section-title justify m-t-6 color2 undergras\">Verhuur<\/h2><h3 class=\"element section-title justify m-t-6 color2\">Lakens en handdoeken<\/h3><div class=\"element bloc-text justify \">\n\t<p>U vindt hier te huur, <strong class=\"bold color1\">sheet kits<\/strong> die overeenkomen met alle maten van de bedden die beschikbaar zijn op de camping.<\/p>\n<\/div><h3 class=\"element section-title justify m-t-6 color2\">Babyset<\/h3><div class=\"element bloc-text justify \">\n\t<p>Voor de <strong class=\"bold color1\">behoeften van peuters<\/strong> biedt de camping Hauts de Rosans een babypakket te huur aan inclusief :<\/p>\n<ul>\n<li>A <strong class=\"bold color1\">paraplubed<\/strong><\/li>\n<li>A <strong class=\"bold color1\">hoge stoel<\/strong><\/li>\n<li>A <strong class=\"bold color1\">toiletbrilverkleiner<\/strong><\/li>\n<\/ul>\n<\/div><h3 class=\"element section-title justify m-t-6 color2\">Premium Pakket<\/h3><div class=\"element bloc-text justify \">\n\t<p>Als u onze camping wilt huren voor <strong class=\"bold color1\">meer comfort<\/strong>, kunt u dat doen op onze camping in de volgende categorie\u00ebn: <\/p>\n<ul>\n<li><strong class=\"bold color1\">Nespresso koffiezetapparaat<\/strong><\/li>\n<li><strong class=\"bold color1\">Stofzuiger<\/strong><\/li>\n<\/ul>\n<\/div><\/div><div class=\"element colonne p-0\"><div class=\"element images\"><div class=\"image\"><img decoding=\"async\" src=\"https:\/\/www.camping-hautsderosans.com\/wp-content\/uploads\/2020\/12\/linge-toilette-100x45.jpg\" data-src=\"https:\/\/www.camping-hautsderosans.com\/wp-content\/uploads\/2020\/12\/linge-toilette.jpg\" alt=\"badlinnen\" class=\"images_image p-b-1\" \/><\/div><\/div><div class=\"element images\"><div class=\"image\"><img decoding=\"async\" src=\"https:\/\/www.camping-hautsderosans.com\/wp-content\/uploads\/2020\/12\/bebe-chaise-100x45.jpg\" data-src=\"https:\/\/www.camping-hautsderosans.com\/wp-content\/uploads\/2020\/12\/bebe-chaise.jpg\" alt=\"kinderstoel\" class=\"images_image p-b-1\" \/><\/div><\/div><\/div><\/div><\/div><\/section>\n\n<section id=\"section-groupe7\"\" class=\"section bg-white p-t-0 p-b-0\" \/><div class=\"container full\"><div class=\"colonnes-wrap valign-middle \"><div class=\"element colonne p-0\"><div class=\"element images\"><div class=\"image\"><img decoding=\"async\" src=\"https:\/\/www.camping-hautsderosans.com\/wp-content\/uploads\/2020\/12\/vtt-sport-100x45.jpg\" data-src=\"https:\/\/www.camping-hautsderosans.com\/wp-content\/uploads\/2020\/12\/vtt-sport.jpg\" alt=\"mountainbike sport\" class=\"images_image p-b-1\" \/><\/div><\/div><div class=\"element images\"><div class=\"image\"><img decoding=\"async\" src=\"https:\/\/www.camping-hautsderosans.com\/wp-content\/uploads\/2020\/12\/lave-linge-100x45.jpg\" data-src=\"https:\/\/www.camping-hautsderosans.com\/wp-content\/uploads\/2020\/12\/lave-linge.jpg\" alt=\"wasmachine\" class=\"images_image p-b-1\" \/><\/div><\/div><\/div><div class=\"element colonne \"><div class=\"element bloc-text justify \">\n\t<ul>\n<li><strong class=\"bold color1\">Twee theedoeken<\/strong><\/li>\n<li><strong class=\"bold color1\">Handdoeken<\/strong> (een grote, een kleine, en een &#8220;douche-uitloop&#8221; mat).<\/li>\n<\/ul>\n<p><strong class=\"bold color1\">Noot<\/strong> : Mogelijkheid tot huren door de eenheid.<\/p>\n<\/div><h3 class=\"element section-title justify m-t-6 color2\">Huur van mountainbikes<\/h3><div class=\"element bloc-text justify \">\n\t<p>Op onze camping Les Hauts de Rosans vindt u <strong class=\"bold color1\">fietsen te huur om u de vele &#8220;Fietsen&#8221;<\/strong> routes in het land van Bu\u00ebch (ten westen van de Hautes-Alpes) en de Dr\u00f4me proven\u00e7ale te laten ontdekken.<\/p>\n<\/div><h3 class=\"element section-title justify m-t-6 color2 undergras\">Sanitaire en andere diensten<\/h3><div class=\"element bloc-text justify \">\n\t<p>Er zijn tal van voorzieningen beschikbaar voor uw dagelijkse behoeften:<\/p>\n<ul>\n<li><strong class=\"bold color1\">2 Wasmachines<\/strong> (een daarvan zal u in staat stellen om in uw eigen wasserij te zetten)<\/li>\n<li><strong class=\"bold color1\">Droger<\/strong><\/li>\n<li><strong class=\"bold color1\">Strijkijzer<\/strong> (om opgehaald te worden bij de receptie)<\/li>\n<li><strong class=\"bold color1\">Strijkplank<\/strong><\/li>\n<li><strong class=\"bold color1\">Haardroger<\/strong><\/li>\n<\/ul>\n<\/div><\/div><\/div><\/div><\/section>\n\n<section id=\"section-groupe5\"\" class=\"section bg-white p-t-0 p-b-0\" \/><div class=\"container full\"><div class=\"colonnes-wrap valign-middle \"><div class=\"element colonne \"><h3 class=\"element section-title justify m-t-6 color2\">Babyruimte<\/h3><div class=\"element bloc-text justify \">\n\t<p>Onze nieuwe sanitaire ruimte is uitgerust met een <strong class=\"bold color1\">baby area<\/strong> inclusief een badkuip geschikt voor peuters, en een verlaagde wastafel met een automatische handzenkkraan. U vindt er ook een specifieke &#8220;wc&#8221; voor jonge kinderen.<\/p>\n<\/div><h3 class=\"element section-title justify m-t-6 color2\">PMR<\/h3><div class=\"element bloc-text justify \">\n\t<p>Voldoet aan de eisen van de normen voor <strong class=\"bold color1\">mensen met beperkte mobiliteit<\/strong>, een van onze sanitaire voorzieningen is uitgerust met een <strong class=\"bold color1\">speciaal daarvoor bestemde ruimte<\/strong>.  <\/p>\n<\/div><h3 class=\"element section-title justify m-t-6 color2\">Zelfbedieningsbarbecues<\/h3><div class=\"element bloc-text justify \">\n\t<p>Om veiligheidsredenen zijn in onze regio van het Baronnies Proven\u00e7ales Park in het noorden van de PACA-regio (Provence Alpes C\u00f4te d&#8217;Azur), onder het warme zomerweer, branden en barbecues ten strengste verboden. Om u te laten genieten van dezelfde <strong class=\"bold color1\">grills<\/strong>, stellen wij u gratis <strong class=\"bold color1\">2 grote gasbarbecues<\/strong> ter beschikking. <\/p>\n<\/div><h3 class=\"element section-title justify m-t-6 color2\">Nieuw: Camperdumpingsgebied<\/h3><div class=\"element bloc-text justify \">\n\t<p>Nieuw in 2021 op onze camping les Hauts de Rosans, vrienden kampeerwagenchauffeur, kunt u uw vuilwatertank en uw sanitaire voorzieningen leegmaken en vullen met water, op onze gloednieuwe ledigingsruimte.<\/p>\n<\/div><\/div><div class=\"element colonne p-0\"><div class=\"element images\"><div class=\"image\"><img decoding=\"async\" src=\"https:\/\/www.camping-hautsderosans.com\/wp-content\/uploads\/2020\/12\/bebe-pied-100x45.jpg\" data-src=\"https:\/\/www.camping-hautsderosans.com\/wp-content\/uploads\/2020\/12\/bebe-pied.jpg\" alt=\"babyvoet\" class=\"images_image p-b-1\" \/><\/div><\/div><div class=\"element images\"><div class=\"image\"><img decoding=\"async\" src=\"https:\/\/www.camping-hautsderosans.com\/wp-content\/uploads\/2020\/12\/brochette-barbecue-100x45.jpg\" data-src=\"https:\/\/www.camping-hautsderosans.com\/wp-content\/uploads\/2020\/12\/brochette-barbecue.jpg\" alt=\"barbecuespies\" class=\"images_image p-b-1\" \/><\/div><\/div><\/div><\/div><\/div><\/section>\n\n<section id=\"section-6387617ba8654\"\" class=\"section bg-white p-t-0 p-b-0\" \/><div class=\"container full\"><div class=\"colonnes-wrap valign-middle \"><div class=\"element colonne p-0\"><div class=\"element images\"><div class=\"image\"><img decoding=\"async\" src=\"https:\/\/www.camping-hautsderosans.com\/wp-content\/uploads\/2022\/11\/haut-de-rosans-reunion-salle-100x45.jpg\" data-src=\"https:\/\/www.camping-hautsderosans.com\/wp-content\/uploads\/2022\/11\/haut-de-rosans-reunion-salle.jpg\" alt=\"haut-de-rosans-reunion-salle\" class=\"images_image p-b-1\" \/><\/div><\/div><\/div><div class=\"element colonne \"><h3 class=\"element section-title justify m-t-6 color2\">Vergaderzaal<\/h3><div class=\"element bloc-text justify \">\n\t<p>Camping Les Hauts de Rosans kan een vergaderzaal ter beschikking stellen.<\/p>\n<\/div><\/div><\/div><\/div><\/section>\n\n<section id=\"section-5fbce693431df\"\" class=\"section bg-white\" \/><div class=\"container extralarge\"><div class=\"element section-title center titre-cta\">Ontdek onze verhuur en activiteiten<\/div><ul class=\"liste-de-page articles\"><li class=\"element call-to-action carre call-to-action--style-1 call-to-action--normal\"><a href=\"https:\/\/www.camping-hautsderosans.com\/nl\/familiecamping-provence\/\"  class=\"call-to-action_link\" title=\"Meer informatie over onze activiteiten &#038; animaties\"><div class=\"call-to-action_image\"><img decoding=\"async\" src=\"https:\/\/www.camping-hautsderosans.com\/wp-content\/uploads\/2020\/11\/camping-animations-hautes-alpes-100x90.jpg\" data-src=\"https:\/\/www.camping-hautsderosans.com\/wp-content\/uploads\/2020\/11\/camping-animations-hautes-alpes.jpg\" alt=\"\" class=\"normal\" \/><\/div><div class=\"call-to-action_contenu\"><div class=\"call-to-action_titre\">Onze activiteiten &#038; animaties<\/div><\/div><\/a><\/li><li class=\"element call-to-action carre call-to-action--style-1 call-to-action--normal call-to-action--style-1 call-to-action--normal\"><a href=\"https:\/\/www.camping-hautsderosans.com\/nl\/huur-plaatsen-hautes-alpes\/\"  class=\"call-to-action_link\" title=\"Meer informatie over onze locaties\"><div class=\"call-to-action_image\"><img decoding=\"async\" src=\"https:\/\/www.camping-hautsderosans.com\/wp-content\/uploads\/2021\/01\/emplacement-caravning-provence-100x90.jpg\" data-src=\"https:\/\/www.camping-hautsderosans.com\/wp-content\/uploads\/2021\/01\/emplacement-caravning-provence.jpg\" alt=\"\" class=\"normal\" \/><\/div><div class=\"call-to-action_contenu\"><div class=\"call-to-action_titre\">Onze locaties<\/div><\/div><\/a><\/li><li class=\"element call-to-action carre call-to-action--style-1 call-to-action--normal call-to-action--style-1 call-to-action--normal call-to-action--style-1 call-to-action--normal\"><a href=\"https:\/\/www.camping-hautsderosans.com\/nl\/stacaravanverhuur-hautes-alpes\/\"  class=\"call-to-action_link\" title=\"Meer informatie over onze stacaravans\"><div class=\"call-to-action_image\"><img decoding=\"async\" src=\"https:\/\/www.camping-hautsderosans.com\/wp-content\/uploads\/2021\/01\/mobil-home-hautes-alpes-100x90.jpg\" data-src=\"https:\/\/www.camping-hautsderosans.com\/wp-content\/uploads\/2021\/01\/mobil-home-hautes-alpes.jpg\" alt=\"\" class=\"normal\" \/><\/div><div class=\"call-to-action_contenu\"><div class=\"call-to-action_titre\">Onze stacaravans<\/div><\/div><\/a><\/li><\/ul><\/div><\/section>","protected":false},"excerpt":{"rendered":"","protected":false},"author":1,"featured_media":3291,"parent":0,"menu_order":0,"comment_status":"closed","ping_status":"closed","template":"","meta":{"_acf_changed":false,"footnotes":""},"acf":[],"yoast_head":"<!-- This site is optimized with the Yoast SEO plugin v23.4 - https:\/\/yoast.com\/wordpress\/plugins\/seo\/ -->\n<title>Restaurants en verhuur hoogalpen | Sanitaire en babyhoek in Rosans<\/title>\n<meta name=\"robots\" content=\"index, follow, max-snippet:-1, max-image-preview:large, max-video-preview:-1\" \/>\n<link rel=\"canonical\" href=\"https:\/\/www.camping-hautsderosans.com\/nl\/diensten-provence\/\" \/>\n<meta property=\"og:locale\" content=\"nl_NL\" \/>\n<meta property=\"og:type\" content=\"article\" \/>\n<meta property=\"og:title\" content=\"Restaurants en verhuur hoogalpen | Sanitaire en babyhoek in Rosans\" \/>\n<meta property=\"og:url\" content=\"https:\/\/www.camping-hautsderosans.com\/nl\/diensten-provence\/\" \/>\n<meta property=\"og:site_name\" content=\"Camping les Hauts de Rosans\" \/>\n<meta property=\"article:modified_time\" content=\"2022-11-30T14:04:15+00:00\" \/>\n<meta property=\"og:image\" content=\"https:\/\/www.camping-hautsderosans.com\/wp-content\/uploads\/2020\/11\/camping-service-hautes-alpes.jpg\" \/>\n\t<meta property=\"og:image:width\" content=\"1903\" \/>\n\t<meta property=\"og:image:height\" content=\"450\" \/>\n\t<meta property=\"og:image:type\" content=\"image\/jpeg\" \/>\n<meta name=\"twitter:card\" content=\"summary_large_image\" \/>\n<script type=\"application\/ld+json\" class=\"yoast-schema-graph\">{\"@context\":\"https:\/\/schema.org\",\"@graph\":[{\"@type\":\"WebPage\",\"@id\":\"https:\/\/www.camping-hautsderosans.com\/nl\/diensten-provence\/\",\"url\":\"https:\/\/www.camping-hautsderosans.com\/nl\/diensten-provence\/\",\"name\":\"Restaurants en verhuur hoogalpen | Sanitaire en babyhoek in Rosans\",\"isPartOf\":{\"@id\":\"https:\/\/www.camping-hautsderosans.com\/nl\/#website\"},\"primaryImageOfPage\":{\"@id\":\"https:\/\/www.camping-hautsderosans.com\/nl\/diensten-provence\/#primaryimage\"},\"image\":{\"@id\":\"https:\/\/www.camping-hautsderosans.com\/nl\/diensten-provence\/#primaryimage\"},\"thumbnailUrl\":\"https:\/\/www.camping-hautsderosans.com\/wp-content\/uploads\/2020\/11\/camping-service-hautes-alpes.jpg\",\"datePublished\":\"2020-11-17T06:29:48+00:00\",\"dateModified\":\"2022-11-30T14:04:15+00:00\",\"breadcrumb\":{\"@id\":\"https:\/\/www.camping-hautsderosans.com\/nl\/diensten-provence\/#breadcrumb\"},\"inLanguage\":\"nl-NL\",\"potentialAction\":[{\"@type\":\"ReadAction\",\"target\":[\"https:\/\/www.camping-hautsderosans.com\/nl\/diensten-provence\/\"]}]},{\"@type\":\"ImageObject\",\"inLanguage\":\"nl-NL\",\"@id\":\"https:\/\/www.camping-hautsderosans.com\/nl\/diensten-provence\/#primaryimage\",\"url\":\"https:\/\/www.camping-hautsderosans.com\/wp-content\/uploads\/2020\/11\/camping-service-hautes-alpes.jpg\",\"contentUrl\":\"https:\/\/www.camping-hautsderosans.com\/wp-content\/uploads\/2020\/11\/camping-service-hautes-alpes.jpg\",\"width\":1903,\"height\":450},{\"@type\":\"BreadcrumbList\",\"@id\":\"https:\/\/www.camping-hautsderosans.com\/nl\/diensten-provence\/#breadcrumb\",\"itemListElement\":[{\"@type\":\"ListItem\",\"position\":1,\"name\":\"Camping Hautes-Alpes\",\"item\":\"https:\/\/www.camping-hautsderosans.com\/nl\/\"},{\"@type\":\"ListItem\",\"position\":2,\"name\":\"Catering en diensten\"}]},{\"@type\":\"WebSite\",\"@id\":\"https:\/\/www.camping-hautsderosans.com\/nl\/#website\",\"url\":\"https:\/\/www.camping-hautsderosans.com\/nl\/\",\"name\":\"Camping les Hauts de Rosans\",\"description\":\"\",\"potentialAction\":[{\"@type\":\"SearchAction\",\"target\":{\"@type\":\"EntryPoint\",\"urlTemplate\":\"https:\/\/www.camping-hautsderosans.com\/nl\/?s={search_term_string}\"},\"query-input\":{\"@type\":\"PropertyValueSpecification\",\"valueRequired\":true,\"valueName\":\"search_term_string\"}}],\"inLanguage\":\"nl-NL\"}]}<\/script>\n<!-- \/ Yoast SEO plugin. -->","yoast_head_json":{"title":"Restaurants en verhuur hoogalpen | Sanitaire en babyhoek in Rosans","robots":{"index":"index","follow":"follow","max-snippet":"max-snippet:-1","max-image-preview":"max-image-preview:large","max-video-preview":"max-video-preview:-1"},"canonical":"https:\/\/www.camping-hautsderosans.com\/nl\/diensten-provence\/","og_locale":"nl_NL","og_type":"article","og_title":"Restaurants en verhuur hoogalpen | Sanitaire en babyhoek in Rosans","og_url":"https:\/\/www.camping-hautsderosans.com\/nl\/diensten-provence\/","og_site_name":"Camping les Hauts de Rosans","article_modified_time":"2022-11-30T14:04:15+00:00","og_image":[{"width":1903,"height":450,"url":"https:\/\/www.camping-hautsderosans.com\/wp-content\/uploads\/2020\/11\/camping-service-hautes-alpes.jpg","type":"image\/jpeg"}],"twitter_card":"summary_large_image","schema":{"@context":"https:\/\/schema.org","@graph":[{"@type":"WebPage","@id":"https:\/\/www.camping-hautsderosans.com\/nl\/diensten-provence\/","url":"https:\/\/www.camping-hautsderosans.com\/nl\/diensten-provence\/","name":"Restaurants en verhuur hoogalpen | Sanitaire en babyhoek in Rosans","isPartOf":{"@id":"https:\/\/www.camping-hautsderosans.com\/nl\/#website"},"primaryImageOfPage":{"@id":"https:\/\/www.camping-hautsderosans.com\/nl\/diensten-provence\/#primaryimage"},"image":{"@id":"https:\/\/www.camping-hautsderosans.com\/nl\/diensten-provence\/#primaryimage"},"thumbnailUrl":"https:\/\/www.camping-hautsderosans.com\/wp-content\/uploads\/2020\/11\/camping-service-hautes-alpes.jpg","datePublished":"2020-11-17T06:29:48+00:00","dateModified":"2022-11-30T14:04:15+00:00","breadcrumb":{"@id":"https:\/\/www.camping-hautsderosans.com\/nl\/diensten-provence\/#breadcrumb"},"inLanguage":"nl-NL","potentialAction":[{"@type":"ReadAction","target":["https:\/\/www.camping-hautsderosans.com\/nl\/diensten-provence\/"]}]},{"@type":"ImageObject","inLanguage":"nl-NL","@id":"https:\/\/www.camping-hautsderosans.com\/nl\/diensten-provence\/#primaryimage","url":"https:\/\/www.camping-hautsderosans.com\/wp-content\/uploads\/2020\/11\/camping-service-hautes-alpes.jpg","contentUrl":"https:\/\/www.camping-hautsderosans.com\/wp-content\/uploads\/2020\/11\/camping-service-hautes-alpes.jpg","width":1903,"height":450},{"@type":"BreadcrumbList","@id":"https:\/\/www.camping-hautsderosans.com\/nl\/diensten-provence\/#breadcrumb","itemListElement":[{"@type":"ListItem","position":1,"name":"Camping Hautes-Alpes","item":"https:\/\/www.camping-hautsderosans.com\/nl\/"},{"@type":"ListItem","position":2,"name":"Catering en diensten"}]},{"@type":"WebSite","@id":"https:\/\/www.camping-hautsderosans.com\/nl\/#website","url":"https:\/\/www.camping-hautsderosans.com\/nl\/","name":"Camping les Hauts de Rosans","description":"","potentialAction":[{"@type":"SearchAction","target":{"@type":"EntryPoint","urlTemplate":"https:\/\/www.camping-hautsderosans.com\/nl\/?s={search_term_string}"},"query-input":{"@type":"PropertyValueSpecification","valueRequired":true,"valueName":"search_term_string"}}],"inLanguage":"nl-NL"}]}},"_links":{"self":[{"href":"https:\/\/www.camping-hautsderosans.com\/nl\/wp-json\/wp\/v2\/pages\/7134"}],"collection":[{"href":"https:\/\/www.camping-hautsderosans.com\/nl\/wp-json\/wp\/v2\/pages"}],"about":[{"href":"https:\/\/www.camping-hautsderosans.com\/nl\/wp-json\/wp\/v2\/types\/page"}],"author":[{"embeddable":true,"href":"https:\/\/www.camping-hautsderosans.com\/nl\/wp-json\/wp\/v2\/users\/1"}],"replies":[{"embeddable":true,"href":"https:\/\/www.camping-hautsderosans.com\/nl\/wp-json\/wp\/v2\/comments?post=7134"}],"version-history":[{"count":14,"href":"https:\/\/www.camping-hautsderosans.com\/nl\/wp-json\/wp\/v2\/pages\/7134\/revisions"}],"predecessor-version":[{"id":10186,"href":"https:\/\/www.camping-hautsderosans.com\/nl\/wp-json\/wp\/v2\/pages\/7134\/revisions\/10186"}],"wp:featuredmedia":[{"embeddable":true,"href":"https:\/\/www.camping-hautsderosans.com\/nl\/wp-json\/wp\/v2\/media\/3291"}],"wp:attachment":[{"href":"https:\/\/www.camping-hautsderosans.com\/nl\/wp-json\/wp\/v2\/media?parent=7134"}],"curies":[{"name":"wp","href":"https:\/\/api.w.org\/{rel}","templated":true}]}}